{"id":10133,"date":"2025-12-29T14:49:14","date_gmt":"2025-12-29T07:49:14","guid":{"rendered":"https:\/\/bsartstudio.vn\/products\/thiet-ma-hanh-kim-tranh-in-nghe-thuat-sang-tao-12-con-giap-cung-tranh-dong-ho\/"},"modified":"2025-12-29T14:49:14","modified_gmt":"2025-12-29T07:49:14","slug":"thiet-ma-hanh-kim-tranh-in-nghe-thuat-sang-tao-12-con-giap-cung-tranh-dong-ho","status":"publish","type":"product","link":"https:\/\/bsartstudio.vn\/vi\/products\/thiet-ma-hanh-kim-tranh-in-nghe-thuat-sang-tao-12-con-giap-cung-tranh-dong-ho\/","title":{"rendered":"Thi\u1ebft M\u00e3 &#8211; H\u00e0nh Kim | Tranh in ngh\u1ec7 thu\u1eadt \u2013 S\u00e1ng t\u1ea1o 12 Con Gi\u00e1p c\u00f9ng Tranh \u0110\u00f4ng H\u1ed3"},"content":{"rendered":"<div class=\"et_pb_tab clearfix et_pb_active_content et-pb-active-slide\">\n<div class=\"et_pb_tab_content\">\n<h1><span style=\"font-size: 18pt; color: #0000ff;\"><strong>Thi\u1ebft M\u00e3 &#8211; H\u00e0nh Kim | Tranh in ngh\u1ec7 thu\u1eadt \u2013 S\u00e1ng t\u1ea1o 12 Con Gi\u00e1p c\u00f9ng Tranh \u0110\u00f4ng H\u1ed3<\/strong><\/span><\/h1>\n<p><strong><span style=\"font-size: 12pt; color: #000000;\">B\u1ed9 s\u01b0u t\u1eadp Tranh &#8220;S\u1eed Nam Ki\u1ec7t M\u00e3&#8221; &#8211; Con Gi\u00e1p n\u0103m B\u00ednh Ng\u1ecd 2026.<\/span><br \/>\n<\/strong><\/p>\n<p><span style=\"color: #0000ff; font-size: 12pt;\"><em>Ng\u1ef1a Ng\u0169 H\u00e0nh \u2013 Qu\u00e0 T\u1ebft ngh\u1ec7 thu\u1eadt mang \u0111\u1eadm v\u0103n h\u00f3a v\u00e0 h\u1ed3n s\u1eed Vi\u1ec7t<\/em><\/span><\/p>\n<h2><span style=\"font-size: 14pt;\">C\u1ea3m h\u1ee9ng s\u00e1ng t\u1ea1o v\u00e0 b\u1ed1i c\u1ea3nh ra \u0111\u1eddi<\/span><\/h2>\n<p><span style=\"color: #000000;\">Su\u1ed1t h\u01a1n <strong>4.000 n\u0103m l\u1ecbch s\u1eed d\u1ef1ng n\u01b0\u1edbc v\u00e0 gi\u1eef n\u01b0\u1edbc<\/strong>, d\u00e2n t\u1ed9c Vi\u1ec7t Nam \u0111\u00e3 l\u01b0u danh nh\u1eefng v\u1ecb vua, v\u1ecb t\u01b0\u1edbng anh d\u0169ng, m\u01b0u tr\u00ed \u2013 nh\u1eefng con ng\u01b0\u1eddi g\u00f3p ph\u1ea7n l\u00e0m n\u00ean b\u1ea3n s\u1eafc v\u0103n h\u00f3a v\u00e0 tinh th\u1ea7n Vi\u1ec7t. \u0110\u1ed3ng h\u00e0nh c\u00f9ng h\u1ecd trong c\u00e1c tr\u1eadn chi\u1ebfn l\u1ecbch s\u1eed ch\u00ednh l\u00e0 <strong>nh\u1eefng chi\u1ebfn m\u00e3 trung th\u00e0nh, d\u0169ng m\u00e3nh<\/strong>, bi\u1ec3u t\u01b0\u1ee3ng cho s\u1ee9c m\u1ea1nh, l\u00f2ng trung ngh\u0129a v\u00e0 \u00fd ch\u00ed qu\u1eadt c\u01b0\u1eddng.<\/span><\/p>\n<p><span style=\"color: #000000;\">B\u01b0\u1edbc sang <strong>n\u0103m m\u1edbi B\u00ednh Ng\u1ecd 2026<\/strong>, l\u1ea5y c\u1ea3m h\u1ee9ng t\u1eeb <strong>th\u1ea7n tho\u1ea1i, truy\u1ec1n thuy\u1ebft v\u00e0 l\u1ecbch s\u1eed Vi\u1ec7t Nam<\/strong>, k\u1ebft h\u1ee3p \u0111\u1eb7c tr\u01b0ng c\u1ee7a <strong>ngh\u1ec7 thu\u1eadt d\u00e2n gian \u0110\u00f4ng H\u1ed3<\/strong>, B\/S Art Studio gi\u1edbi thi\u1ec7u b\u1ed9 tranh T\u1ebft <strong>\u201cS\u1eed Nam Ki\u1ec7t M\u00e3\u201d<\/strong>. B\u1ed9 tranh g\u1ed3m <strong>5 t\u00e1c ph\u1ea9m Ng\u1ef1a Ng\u0169 H\u00e0nh: Kim \u2013 M\u1ed9c \u2013 Th\u1ee7y \u2013 H\u1ecfa \u2013 Th\u1ed5<\/strong>, kh\u00f4ng ch\u1ec9 mang \u00fd ngh\u0129a phong th\u1ee7y may m\u1eafn m\u00e0 c\u00f2n kh\u1eafc h\u1ecda <strong>nh\u1eefng gi\u00e1 tr\u1ecb \u0111\u1ea1o \u0111\u1ee9c v\u00e0 ph\u1ea9m ch\u1ea5t t\u1ed1t \u0111\u1eb9p c\u1ee7a ng\u01b0\u1eddi Vi\u1ec7t<\/strong>.<\/span><\/p>\n<h3><strong>Thi\u1ebft M\u00e3 &#8211; H\u00e0nh Kim<\/strong><\/h3>\n<p><span style=\"color: #000000;\">C\u1ea3m h\u1ee9ng t\u1eeb <strong>Ng\u1ef1a S\u1eaft trong truy\u1ec1n thuy\u1ebft Th\u00e1nh Gi\u00f3ng<\/strong>, Thi\u1ebft M\u00e3 l\u00e0 bi\u1ec3u t\u01b0\u1ee3ng c\u1ee7a tinh th\u1ea7n \u0111o\u00e0n k\u1ebft, \u00fd ch\u00ed ki\u00ean c\u01b0\u1eddng v\u00e0 s\u1ee9c m\u1ea1nh d\u00e2n t\u1ed9c. Thi\u1ebft M\u00e3 t\u01b0\u1ee3ng tr\u01b0ng cho nh\u1eefng con ng\u01b0\u1eddi s\u1ed1ng c\u00f3 \u00fd ch\u00ed m\u1ea1nh m\u1ebd,\u00a0 ki\u00ean c\u01b0\u1eddng, kh\u00f4ng khu\u1ea5t ph\u1ee5c tr\u01b0\u1edbc kh\u00f3 kh\u0103n v\u00e0 s\u1ed1ng ch\u00ednh tr\u1ef1c.<\/span><\/p>\n<p><span style=\"color: #000000;\">Kh\u00e1m ph\u00e1 th\u00eam\u00a0<a style=\"color: #000000;\" href=\"https:\/\/bsartstudio.vn\/vi\/sang-tao-12-con-giap-lay-cam-hung-tu-tranh-dong-ho\/\" target=\"_blank\" rel=\"noopener\">here<\/a> b\u1ed9 s\u01b0u t\u1eadp Tranh<strong> &#8220;S\u1eed Nam Ki\u1ec7t M\u00e3&#8221; &#8211; Con Gi\u00e1p n\u0103m B\u00ednh Ng\u1ecd 2026.<\/strong><\/span><\/p>\n<p><a href=\"https:\/\/bsartstudio.vn\/vi\/sang-tao-12-con-giap-lay-cam-hung-tu-tranh-dong-ho\/\" target=\"_blank\" rel=\"noopener\"><strong>T\u00ecm hi\u1ec3u th\u00eam v\u1ec1 b\u1ed9 s\u01b0u t\u1eadp \u201cS\u00e1ng T\u1ea1o 12 con Gi\u00e1p C\u00f9ng Ngh\u1ec7 Thu\u1eadt \u0110\u00f4ng H\u1ed3\u201d.<\/strong><\/a><\/p>\n<p><strong><a href=\"https:\/\/www.airbnb.com\/experiences\/383364?guests=1&amp;adults=1&amp;s=67&amp;unique_share_id=f8bbc6e6-5dfe-414c-b482-5910e750d092\" target=\"_blank\" rel=\"noreferrer noopener\">Kh\u00e1m ph\u00e1 tr\u1ea3i nghi\u1ec7m \u201cV\u1ebd v\u00e0 S\u00e1ng T\u1ea1o c\u00fang ngh\u1ec7 thu\u1eadt \u0110\u00f4ng H\u1ed3 tr\u00ean N\u00f3n L\u00e1\u201d qua Airbnb<\/a><\/strong><\/p>\n<p><span style=\"color: #000000;\">Li\u00ean h\u1ec7 ch\u00fang t\u00f4i: <span style=\"color: #0000ff;\"><strong><span class=\"gI\"><span class=\"qu yKyxu\" tabindex=\"-1\" role=\"gridcell\" translate=\"no\"><span class=\"go\">artproduct@bsartstudio.vn<\/span><\/span><\/span><\/strong><\/span> \u0111\u1ec3 \u0111\u1eb7t mua v\u00e0 ch\u1ecdn k\u00edch th\u01b0\u1edbc<\/span><\/p>\n<p><span style=\"color: #000000;\">Tranh Ng\u1ef1a Vi\u1ec7t Nam, B\u1ed9 S\u01b0u T\u1eadp T\u1ebft, Tranh T\u1ebft,<\/span><br \/>\n<span style=\"color: #000000;\">Tranh Ng\u1ef1a Ng\u0169 H\u00e0nh, V\u0103n H\u00f3a Vi\u1ec7t Nam, Qu\u00e0 T\u1eb7ng Phong Th\u1ee7y, Qu\u00e0 T\u1ebft, Qu\u00e0 T\u1ebft cho Doanh Nghi\u1ec7p,<\/span><br \/>\n<span style=\"color: #000000;\">L\u1ecbch s\u1eed v\u00e0 Truy\u1ec1n thuy\u1ebft Vi\u1ec7t Nam, Tranh \u0110\u00f4ng H\u1ed3<\/span><\/p>\n<\/div>\n<\/div>\n","protected":false},"excerpt":{"rendered":"<div class=\"et_pb_module et_pb_wc_description et_pb_wc_description_0_tb_body et_pb_bg_layout_light  et_pb_text_align_left\">\n<div class=\"et_pb_module_inner\">\n<p><span style=\"color: #000000;\">V\u1edbi m\u00e0u s\u1eafc t\u01b0\u01a1i vui v\u00e0 thi\u1ebft k\u1ebf nh\u00e2n v\u1eadt \u0111\u1ed9c \u0111\u00e1o, \u0111\u00e2y s\u1ebd l\u00e0 m\u00f3n qu\u00e0 \u00fd ngh\u0129a v\u00e0 \u0111\u1ed9c \u0111\u00e1o \u0111\u1ec3 b\u1ea1n l\u1ef1a ch\u1ecdn d\u00e0nh t\u1eb7ng ng\u01b0\u1eddi th\u00e2n, b\u1ea1n b\u00e8 v\u00e0 \u0111\u1ed1i t\u00e1c<\/span><br \/>\n<span style=\"color: #000000;\">T\u00e1c ph\u1ea9m ngh\u1ec7 thu\u1eadt in \u1ea5n trang tr\u00ed \u0111\u1ed9c \u0111\u00e1o. Qu\u00e0 t\u1eb7ng v\u0103n h\u00f3a Vi\u1ec7t Nam.<\/span><\/p>\n<p><span style=\"color: #000000;\">Ch\u1ea5t li\u1ec7u: Tranh in ch\u1ea5t l\u01b0\u1ee3ng cao tr\u00ean Gi\u1ea5y M\u1ef9 Thu\u1eadt<\/span><\/p>\n<p><span style=\"color: #000000;\"><strong>K\u00edch th\u01b0\u1edbc Kh\u00f4ng khung:<\/strong><\/span><\/p>\n<p><span style=\"color: #000000;\">Size: 20cm x 20cm: <strong>190.000 VND (8 $)<\/strong><\/span><\/p>\n<p><span style=\"color: #000000;\">Size: 30cm x 30cm: <strong>290.000 VND (12 $)<\/strong><\/span><\/p>\n<p><span style=\"color: #000000;\"><strong>K\u00edch th\u01b0\u1edbc C\u00f3 khung:<\/strong><\/span><\/p>\n<p><span style=\"color: #000000;\">Size: 23cm x 23cm: <strong>450.000 VND (18 $)<\/strong><\/span><\/p>\n<p><span style=\"color: #000000;\">Size: 33cm x 33cm: <strong>650.000 VND (26 $)<\/strong><\/span><\/p>\n<p><span style=\"color: #000000;\">Li\u00ean h\u1ec7 ch\u00fang t\u00f4i: <span style=\"color: #0000ff;\"><strong><span class=\"gI\"><span class=\"qu yKyxu\" tabindex=\"-1\" role=\"gridcell\" translate=\"no\"><span class=\"go\">artproduct@bsartstudio.vn<\/span><\/span><\/span><\/strong><\/span> \u0111\u1ec3 \u0111\u1eb7t mua v\u00e0 ch\u1ecdn k\u00edch th\u01b0\u1edbc<\/span><\/p>\n<\/div>\n<\/div>\n","protected":false},"featured_media":10022,"template":"","meta":{"_et_pb_use_builder":"","_et_pb_old_content":"","_et_gb_content_width":""},"product_cat":[64,59,429],"product_tag":[174,765,171,764,391,763,762,389,230,390,231],"yoast_head":"<!-- This site is optimized with the Yoast SEO plugin v24.5 - https:\/\/yoast.com\/wordpress\/plugins\/seo\/ -->\n<title>Thi\u1ebft M\u00e3 - H\u00e0nh Kim | Tranh in ngh\u1ec7 thu\u1eadt \u2013 S\u00e1ng t\u1ea1o 12 Con Gi\u00e1p c\u00f9ng Tranh \u0110\u00f4ng H\u1ed3 - Qu\u00e0 T\u1ebft Ngh\u1ec7 Thu\u1eadt - B\/S Art Studio<\/title>\n<meta name=\"description\" content=\"Thi\u1ebft M\u00e3 - H\u00e0nh Kim m\u00f3n qu\u00e0 \u00fd ngh\u0129a v\u00e0 \u0111\u1ed9c \u0111\u00e1o mang l\u1eddi ch\u00fac may m\u1eafn, b\u00ecnh an v\u00e0 th\u1ecbnh v\u01b0\u1ee3ng\" \/>\n<meta name=\"robots\" content=\"index, follow, max-snippet:-1, max-image-preview:large, max-video-preview:-1\" \/>\n<link rel=\"canonical\" href=\"https:\/\/bsartstudio.vn\/en\/products\/iron-horse-metal-element\/\" \/>\n<meta property=\"og:locale\" content=\"vi_VN\" \/>\n<meta property=\"og:type\" content=\"article\" \/>\n<meta property=\"og:title\" content=\"Thi\u1ebft M\u00e3 - H\u00e0nh Kim | Tranh in ngh\u1ec7 thu\u1eadt \u2013 S\u00e1ng t\u1ea1o 12 Con Gi\u00e1p c\u00f9ng Tranh \u0110\u00f4ng H\u1ed3 - Qu\u00e0 T\u1ebft Ngh\u1ec7 Thu\u1eadt - B\/S Art Studio\" \/>\n<meta property=\"og:description\" content=\"Thi\u1ebft M\u00e3 - H\u00e0nh Kim m\u00f3n qu\u00e0 \u00fd ngh\u0129a v\u00e0 \u0111\u1ed9c \u0111\u00e1o mang l\u1eddi ch\u00fac may m\u1eafn, b\u00ecnh an v\u00e0 th\u1ecbnh v\u01b0\u1ee3ng\" \/>\n<meta property=\"og:url\" content=\"https:\/\/bsartstudio.vn\/en\/products\/iron-horse-metal-element\/\" \/>\n<meta property=\"og:site_name\" content=\"B\/S Art Studio\" \/>\n<meta property=\"og:image\" content=\"https:\/\/bsartstudio.vn\/wp-content\/uploads\/2025\/12\/Horse-2026-7.jpg\" \/>\n\t<meta property=\"og:image:width\" content=\"1920\" \/>\n\t<meta property=\"og:image:height\" content=\"1920\" \/>\n\t<meta property=\"og:image:type\" content=\"image\/jpeg\" \/>\n<meta name=\"twitter:card\" content=\"summary_large_image\" \/>\n<meta name=\"twitter:label1\" content=\"Est. reading time\" \/>\n\t<meta name=\"twitter:data1\" content=\"3 minutes\" \/>\n<script type=\"application\/ld+json\" class=\"yoast-schema-graph\">{\"@context\":\"https:\/\/schema.org\",\"@graph\":[{\"@type\":\"WebPage\",\"@id\":\"https:\/\/bsartstudio.vn\/en\/products\/iron-horse-metal-element\/\",\"url\":\"https:\/\/bsartstudio.vn\/en\/products\/iron-horse-metal-element\/\",\"name\":\"Thi\u1ebft M\u00e3 - H\u00e0nh Kim | Tranh in ngh\u1ec7 thu\u1eadt \u2013 S\u00e1ng t\u1ea1o 12 Con Gi\u00e1p c\u00f9ng Tranh \u0110\u00f4ng H\u1ed3 - Qu\u00e0 T\u1ebft Ngh\u1ec7 Thu\u1eadt - B\/S Art Studio\",\"isPartOf\":{\"@id\":\"https:\/\/bsartstudio.vn\/ja\/#website\"},\"primaryImageOfPage\":{\"@id\":\"https:\/\/bsartstudio.vn\/en\/products\/iron-horse-metal-element\/#primaryimage\"},\"image\":{\"@id\":\"https:\/\/bsartstudio.vn\/en\/products\/iron-horse-metal-element\/#primaryimage\"},\"thumbnailUrl\":\"https:\/\/bsartstudio.vn\/wp-content\/uploads\/2025\/12\/Horse-2026-7.jpg\",\"datePublished\":\"2025-12-29T07:49:14+00:00\",\"description\":\"Thi\u1ebft M\u00e3 - H\u00e0nh Kim m\u00f3n qu\u00e0 \u00fd ngh\u0129a v\u00e0 \u0111\u1ed9c \u0111\u00e1o mang l\u1eddi ch\u00fac may m\u1eafn, b\u00ecnh an v\u00e0 th\u1ecbnh v\u01b0\u1ee3ng\",\"breadcrumb\":{\"@id\":\"https:\/\/bsartstudio.vn\/en\/products\/iron-horse-metal-element\/#breadcrumb\"},\"inLanguage\":\"vi-VN\",\"potentialAction\":[{\"@type\":\"ReadAction\",\"target\":[\"https:\/\/bsartstudio.vn\/en\/products\/iron-horse-metal-element\/\"]}]},{\"@type\":\"ImageObject\",\"inLanguage\":\"vi-VN\",\"@id\":\"https:\/\/bsartstudio.vn\/en\/products\/iron-horse-metal-element\/#primaryimage\",\"url\":\"https:\/\/bsartstudio.vn\/wp-content\/uploads\/2025\/12\/Horse-2026-7.jpg\",\"contentUrl\":\"https:\/\/bsartstudio.vn\/wp-content\/uploads\/2025\/12\/Horse-2026-7.jpg\",\"width\":1920,\"height\":1920,\"caption\":\"horse 2026\"},{\"@type\":\"BreadcrumbList\",\"@id\":\"https:\/\/bsartstudio.vn\/en\/products\/iron-horse-metal-element\/#breadcrumb\",\"itemListElement\":[{\"@type\":\"ListItem\",\"position\":1,\"name\":\"Home\",\"item\":\"https:\/\/bsartstudio.vn\/en\/\"},{\"@type\":\"ListItem\",\"position\":2,\"name\":\"Shop\",\"item\":\"https:\/\/bsartstudio.vn\/en\/shop\/\"},{\"@type\":\"ListItem\",\"position\":3,\"name\":\"Thi\u1ebft M\u00e3 &#8211; H\u00e0nh Kim | Tranh in ngh\u1ec7 thu\u1eadt \u2013 S\u00e1ng t\u1ea1o 12 Con Gi\u00e1p c\u00f9ng Tranh \u0110\u00f4ng H\u1ed3\"}]},{\"@type\":\"WebSite\",\"@id\":\"https:\/\/bsartstudio.vn\/ja\/#website\",\"url\":\"https:\/\/bsartstudio.vn\/ja\/\",\"name\":\"B\/S Art Studio\",\"description\":\"\",\"publisher\":{\"@id\":\"https:\/\/bsartstudio.vn\/ja\/#organization\"},\"potentialAction\":[{\"@type\":\"SearchAction\",\"target\":{\"@type\":\"EntryPoint\",\"urlTemplate\":\"https:\/\/bsartstudio.vn\/ja\/?s={search_term_string}\"},\"query-input\":{\"@type\":\"PropertyValueSpecification\",\"valueRequired\":true,\"valueName\":\"search_term_string\"}}],\"inLanguage\":\"vi-VN\"},{\"@type\":\"Organization\",\"@id\":\"https:\/\/bsartstudio.vn\/ja\/#organization\",\"name\":\"B\/S Art Studio\",\"url\":\"https:\/\/bsartstudio.vn\/ja\/\",\"logo\":{\"@type\":\"ImageObject\",\"inLanguage\":\"vi-VN\",\"@id\":\"https:\/\/bsartstudio.vn\/ja\/#\/schema\/logo\/image\/\",\"url\":\"https:\/\/bsartstudio.vn\/wp-content\/uploads\/2020\/03\/54526018_2272576089468053_1525084505319145472_n.jpg\",\"contentUrl\":\"https:\/\/bsartstudio.vn\/wp-content\/uploads\/2020\/03\/54526018_2272576089468053_1525084505319145472_n.jpg\",\"width\":958,\"height\":958,\"caption\":\"B\/S Art Studio\"},\"image\":{\"@id\":\"https:\/\/bsartstudio.vn\/ja\/#\/schema\/logo\/image\/\"}}]}<\/script>\n<!-- \/ Yoast SEO plugin. -->","yoast_head_json":{"title":"Thi\u1ebft M\u00e3 - H\u00e0nh Kim | Tranh in ngh\u1ec7 thu\u1eadt \u2013 S\u00e1ng t\u1ea1o 12 Con Gi\u00e1p c\u00f9ng Tranh \u0110\u00f4ng H\u1ed3 - Qu\u00e0 T\u1ebft Ngh\u1ec7 Thu\u1eadt - B\/S Art Studio","description":"Thi\u1ebft M\u00e3 - H\u00e0nh Kim m\u00f3n qu\u00e0 \u00fd ngh\u0129a v\u00e0 \u0111\u1ed9c \u0111\u00e1o mang l\u1eddi ch\u00fac may m\u1eafn, b\u00ecnh an v\u00e0 th\u1ecbnh v\u01b0\u1ee3ng","robots":{"index":"index","follow":"follow","max-snippet":"max-snippet:-1","max-image-preview":"max-image-preview:large","max-video-preview":"max-video-preview:-1"},"canonical":"https:\/\/bsartstudio.vn\/en\/products\/iron-horse-metal-element\/","og_locale":"vi_VN","og_type":"article","og_title":"Thi\u1ebft M\u00e3 - H\u00e0nh Kim | Tranh in ngh\u1ec7 thu\u1eadt \u2013 S\u00e1ng t\u1ea1o 12 Con Gi\u00e1p c\u00f9ng Tranh \u0110\u00f4ng H\u1ed3 - Qu\u00e0 T\u1ebft Ngh\u1ec7 Thu\u1eadt - B\/S Art Studio","og_description":"Thi\u1ebft M\u00e3 - H\u00e0nh Kim m\u00f3n qu\u00e0 \u00fd ngh\u0129a v\u00e0 \u0111\u1ed9c \u0111\u00e1o mang l\u1eddi ch\u00fac may m\u1eafn, b\u00ecnh an v\u00e0 th\u1ecbnh v\u01b0\u1ee3ng","og_url":"https:\/\/bsartstudio.vn\/en\/products\/iron-horse-metal-element\/","og_site_name":"B\/S Art Studio","og_image":[{"width":1920,"height":1920,"url":"https:\/\/bsartstudio.vn\/wp-content\/uploads\/2025\/12\/Horse-2026-7.jpg","type":"image\/jpeg"}],"twitter_card":"summary_large_image","twitter_misc":{"Est. reading time":"3 minutes"},"schema":{"@context":"https:\/\/schema.org","@graph":[{"@type":"WebPage","@id":"https:\/\/bsartstudio.vn\/en\/products\/iron-horse-metal-element\/","url":"https:\/\/bsartstudio.vn\/en\/products\/iron-horse-metal-element\/","name":"Thi\u1ebft M\u00e3 - H\u00e0nh Kim | Tranh in ngh\u1ec7 thu\u1eadt \u2013 S\u00e1ng t\u1ea1o 12 Con Gi\u00e1p c\u00f9ng Tranh \u0110\u00f4ng H\u1ed3 - Qu\u00e0 T\u1ebft Ngh\u1ec7 Thu\u1eadt - B\/S Art Studio","isPartOf":{"@id":"https:\/\/bsartstudio.vn\/ja\/#website"},"primaryImageOfPage":{"@id":"https:\/\/bsartstudio.vn\/en\/products\/iron-horse-metal-element\/#primaryimage"},"image":{"@id":"https:\/\/bsartstudio.vn\/en\/products\/iron-horse-metal-element\/#primaryimage"},"thumbnailUrl":"https:\/\/bsartstudio.vn\/wp-content\/uploads\/2025\/12\/Horse-2026-7.jpg","datePublished":"2025-12-29T07:49:14+00:00","description":"Thi\u1ebft M\u00e3 - H\u00e0nh Kim m\u00f3n qu\u00e0 \u00fd ngh\u0129a v\u00e0 \u0111\u1ed9c \u0111\u00e1o mang l\u1eddi ch\u00fac may m\u1eafn, b\u00ecnh an v\u00e0 th\u1ecbnh v\u01b0\u1ee3ng","breadcrumb":{"@id":"https:\/\/bsartstudio.vn\/en\/products\/iron-horse-metal-element\/#breadcrumb"},"inLanguage":"vi-VN","potentialAction":[{"@type":"ReadAction","target":["https:\/\/bsartstudio.vn\/en\/products\/iron-horse-metal-element\/"]}]},{"@type":"ImageObject","inLanguage":"vi-VN","@id":"https:\/\/bsartstudio.vn\/en\/products\/iron-horse-metal-element\/#primaryimage","url":"https:\/\/bsartstudio.vn\/wp-content\/uploads\/2025\/12\/Horse-2026-7.jpg","contentUrl":"https:\/\/bsartstudio.vn\/wp-content\/uploads\/2025\/12\/Horse-2026-7.jpg","width":1920,"height":1920,"caption":"horse 2026"},{"@type":"BreadcrumbList","@id":"https:\/\/bsartstudio.vn\/en\/products\/iron-horse-metal-element\/#breadcrumb","itemListElement":[{"@type":"ListItem","position":1,"name":"Home","item":"https:\/\/bsartstudio.vn\/en\/"},{"@type":"ListItem","position":2,"name":"Shop","item":"https:\/\/bsartstudio.vn\/en\/shop\/"},{"@type":"ListItem","position":3,"name":"Thi\u1ebft M\u00e3 &#8211; H\u00e0nh Kim | Tranh in ngh\u1ec7 thu\u1eadt \u2013 S\u00e1ng t\u1ea1o 12 Con Gi\u00e1p c\u00f9ng Tranh \u0110\u00f4ng H\u1ed3"}]},{"@type":"WebSite","@id":"https:\/\/bsartstudio.vn\/ja\/#website","url":"https:\/\/bsartstudio.vn\/ja\/","name":"B\/S Art Studio","description":"","publisher":{"@id":"https:\/\/bsartstudio.vn\/ja\/#organization"},"potentialAction":[{"@type":"SearchAction","target":{"@type":"EntryPoint","urlTemplate":"https:\/\/bsartstudio.vn\/ja\/?s={search_term_string}"},"query-input":{"@type":"PropertyValueSpecification","valueRequired":true,"valueName":"search_term_string"}}],"inLanguage":"vi-VN"},{"@type":"Organization","@id":"https:\/\/bsartstudio.vn\/ja\/#organization","name":"B\/S Art Studio","url":"https:\/\/bsartstudio.vn\/ja\/","logo":{"@type":"ImageObject","inLanguage":"vi-VN","@id":"https:\/\/bsartstudio.vn\/ja\/#\/schema\/logo\/image\/","url":"https:\/\/bsartstudio.vn\/wp-content\/uploads\/2020\/03\/54526018_2272576089468053_1525084505319145472_n.jpg","contentUrl":"https:\/\/bsartstudio.vn\/wp-content\/uploads\/2020\/03\/54526018_2272576089468053_1525084505319145472_n.jpg","width":958,"height":958,"caption":"B\/S Art Studio"},"image":{"@id":"https:\/\/bsartstudio.vn\/ja\/#\/schema\/logo\/image\/"}}]}},"_links":{"self":[{"href":"https:\/\/bsartstudio.vn\/vi\/wp-json\/wp\/v2\/product\/10133"}],"collection":[{"href":"https:\/\/bsartstudio.vn\/vi\/wp-json\/wp\/v2\/product"}],"about":[{"href":"https:\/\/bsartstudio.vn\/vi\/wp-json\/wp\/v2\/types\/product"}],"wp:featuredmedia":[{"embeddable":true,"href":"https:\/\/bsartstudio.vn\/vi\/wp-json\/wp\/v2\/media\/10022"}],"wp:attachment":[{"href":"https:\/\/bsartstudio.vn\/vi\/wp-json\/wp\/v2\/media?parent=10133"}],"wp:term":[{"taxonomy":"product_cat","embeddable":true,"href":"https:\/\/bsartstudio.vn\/vi\/wp-json\/wp\/v2\/product_cat?post=10133"},{"taxonomy":"product_tag","embeddable":true,"href":"https:\/\/bsartstudio.vn\/vi\/wp-json\/wp\/v2\/product_tag?post=10133"}],"curies":[{"name":"wp","href":"https:\/\/api.w.org\/{rel}","templated":true}]}}