{"id":10103,"date":"2026-01-01T17:44:24","date_gmt":"2026-01-01T10:44:25","guid":{"rendered":"https:\/\/bsartstudio.vn\/?post_type=product&#038;p=10103"},"modified":"2026-04-03T17:14:34","modified_gmt":"2026-04-03T10:14:34","slug":"xich-ma-tranh-ngua-ma-dao-thanh-cong","status":"publish","type":"product","link":"https:\/\/bsartstudio.vn\/vi\/products\/xich-ma-tranh-ngua-ma-dao-thanh-cong\/","title":{"rendered":"X\u00edch M\u00e3 &#8211; H\u00e0nh H\u1ecfa | Tranh in ngh\u1ec7 thu\u1eadt \u2013 S\u00e1ng t\u1ea1o 12 Con Gi\u00e1p c\u00f9ng Tranh \u0110\u00f4ng H\u1ed3"},"content":{"rendered":"<h1><span style=\"font-size: 18pt; color: #0000ff;\"><strong>X\u00edch M\u00e3 &#8211; H\u00e0nh H\u1ecfa | Tranh in ngh\u1ec7 thu\u1eadt \u2013 S\u00e1ng t\u1ea1o 12 Con Gi\u00e1p c\u00f9ng Tranh \u0110\u00f4ng H\u1ed3<\/strong><\/span><\/h1>\n<p><strong><span style=\"color: #000000;\">B\u1ed9 s\u01b0u t\u1eadp Tranh &#8220;S\u1eed Nam Ki\u1ec7t M\u00e3&#8221; &#8211; Con Gi\u00e1p n\u0103m B\u00ednh Ng\u1ecd 2026.<\/span><br \/>\n<\/strong><\/p>\n<p><span style=\"font-size: 12pt; color: #0000ff;\"><em>Ng\u1ef1a Ng\u0169 H\u00e0nh \u2013 Qu\u00e0 T\u1ebft ngh\u1ec7 thu\u1eadt mang \u0111\u1eadm v\u0103n h\u00f3a v\u00e0 h\u1ed3n s\u1eed Vi\u1ec7t<\/em><\/span><\/p>\n<h2><strong><span style=\"font-size: 14pt; color: #000000;\">C\u1ea3m h\u1ee9ng s\u00e1ng t\u1ea1o v\u00e0 b\u1ed1i c\u1ea3nh ra \u0111\u1eddi<\/span><\/strong><\/h2>\n<p><span style=\"color: #000000;\">Su\u1ed1t h\u01a1n <strong>4.000 n\u0103m l\u1ecbch s\u1eed d\u1ef1ng n\u01b0\u1edbc v\u00e0 gi\u1eef n\u01b0\u1edbc<\/strong>, d\u00e2n t\u1ed9c Vi\u1ec7t Nam \u0111\u00e3 l\u01b0u danh nh\u1eefng v\u1ecb vua, v\u1ecb t\u01b0\u1edbng anh d\u0169ng, m\u01b0u tr\u00ed \u2013 nh\u1eefng con ng\u01b0\u1eddi g\u00f3p ph\u1ea7n l\u00e0m n\u00ean b\u1ea3n s\u1eafc v\u0103n h\u00f3a v\u00e0 tinh th\u1ea7n Vi\u1ec7t. \u0110\u1ed3ng h\u00e0nh c\u00f9ng h\u1ecd trong c\u00e1c tr\u1eadn chi\u1ebfn l\u1ecbch s\u1eed ch\u00ednh l\u00e0 <strong>nh\u1eefng chi\u1ebfn m\u00e3 trung th\u00e0nh, d\u0169ng m\u00e3nh<\/strong>, bi\u1ec3u t\u01b0\u1ee3ng cho s\u1ee9c m\u1ea1nh, l\u00f2ng trung ngh\u0129a v\u00e0 \u00fd ch\u00ed qu\u1eadt c\u01b0\u1eddng.<\/span><\/p>\n<p><span style=\"color: #000000;\">B\u01b0\u1edbc sang <strong>n\u0103m m\u1edbi B\u00ednh Ng\u1ecd 2026<\/strong>, l\u1ea5y c\u1ea3m h\u1ee9ng t\u1eeb <strong>th\u1ea7n tho\u1ea1i, truy\u1ec1n thuy\u1ebft v\u00e0 l\u1ecbch s\u1eed Vi\u1ec7t Nam<\/strong>, k\u1ebft h\u1ee3p \u0111\u1eb7c tr\u01b0ng c\u1ee7a <strong>ngh\u1ec7 thu\u1eadt d\u00e2n gian \u0110\u00f4ng H\u1ed3<\/strong>, B\/S Art Studio gi\u1edbi thi\u1ec7u b\u1ed9 tranh T\u1ebft <strong>\u201cS\u1eed Nam Ki\u1ec7t M\u00e3\u201d<\/strong>. B\u1ed9 tranh g\u1ed3m <strong>5 t\u00e1c ph\u1ea9m Ng\u1ef1a Ng\u0169 H\u00e0nh: Kim \u2013 M\u1ed9c \u2013 Th\u1ee7y \u2013 H\u1ecfa \u2013 Th\u1ed5<\/strong>, kh\u00f4ng ch\u1ec9 mang \u00fd ngh\u0129a phong th\u1ee7y may m\u1eafn m\u00e0 c\u00f2n kh\u1eafc h\u1ecda <strong>nh\u1eefng gi\u00e1 tr\u1ecb \u0111\u1ea1o \u0111\u1ee9c v\u00e0 ph\u1ea9m ch\u1ea5t t\u1ed1t \u0111\u1eb9p c\u1ee7a ng\u01b0\u1eddi Vi\u1ec7t<\/strong>.<\/span><\/p>\n<h3><span style=\"color: #000000;\"><strong>X\u00edch M\u00e3 &#8211; H\u00e0nh H\u1ecfa<\/strong><\/span><\/h3>\n<p><span style=\"color: #000000;\">C\u1ea3m h\u1ee9ng t\u1eeb <strong>chi\u1ebfn m\u00e3 Song V\u0129 H\u1ed3ng c\u1ee7a danh t\u01b0\u1edbng L\u00fd Th\u01b0\u1eddng Ki\u1ec7t<\/strong>, X\u00edch M\u00e3 t\u01b0\u1ee3ng tr\u01b0ng cho ng\u1ecdn l\u1eeda c\u1ee7a l\u00f2ng trung th\u00e0nh, s\u1ef1 \u0111\u1ed3ng c\u1ea3m, th\u1ea5u hi\u1ec3u v\u00e0 tinh th\u1ea7n t\u01b0\u01a1ng tr\u1ee3, g\u1eafn k\u1ebft l\u1eabn nhau gi\u1eefa con ng\u01b0\u1eddi v\u1edbi lo\u00e0i v\u1eadt.<\/span><\/p>\n<p><span style=\"color: #000000;\">Kh\u00e1m ph\u00e1 th\u00eam\u00a0<a style=\"color: #000000;\" href=\"https:\/\/bsartstudio.vn\/vi\/sang-tao-12-con-giap-lay-cam-hung-tu-tranh-dong-ho\/\" target=\"_blank\" rel=\"noopener\">here<\/a> b\u1ed9 s\u01b0u t\u1eadp Tranh<strong> &#8220;S\u1eed Nam Ki\u1ec7t M\u00e3&#8221; &#8211; Con Gi\u00e1p n\u0103m B\u00ednh Ng\u1ecd 2026.<\/strong><\/span><\/p>\n<p><a href=\"https:\/\/bsartstudio.vn\/vi\/sang-tao-12-con-giap-lay-cam-hung-tu-tranh-dong-ho\/\" target=\"_blank\" rel=\"noopener\"><strong>T\u00ecm hi\u1ec3u th\u00eam v\u1ec1 b\u1ed9 s\u01b0u t\u1eadp \u201cS\u00e1ng T\u1ea1o 12 con Gi\u00e1p C\u00f9ng Ngh\u1ec7 Thu\u1eadt \u0110\u00f4ng H\u1ed3\u201d.<\/strong><\/a><\/p>\n<p><strong><a href=\"https:\/\/www.airbnb.com\/experiences\/383364?guests=1&amp;adults=1&amp;s=67&amp;unique_share_id=f8bbc6e6-5dfe-414c-b482-5910e750d092\" target=\"_blank\" rel=\"noreferrer noopener\">Kh\u00e1m ph\u00e1 tr\u1ea3i nghi\u1ec7m \u201cV\u1ebd v\u00e0 S\u00e1ng T\u1ea1o c\u00fang ngh\u1ec7 thu\u1eadt \u0110\u00f4ng H\u1ed3 tr\u00ean N\u00f3n L\u00e1\u201d qua Airbnb<\/a><\/strong><\/p>\n<p><span style=\"color: #000000;\">Li\u00ean h\u1ec7 ch\u00fang t\u00f4i: <span style=\"color: #0000ff;\"><strong><span class=\"gI\"><span class=\"qu yKyxu\" tabindex=\"-1\" role=\"gridcell\" translate=\"no\"><span class=\"go\">artproduct@bsartstudio.vn<\/span><\/span><\/span><\/strong><\/span> \u0111\u1ec3 \u0111\u1eb7t mua v\u00e0 ch\u1ecdn k\u00edch th\u01b0\u1edbc<\/span><\/p>\n<p>&nbsp;<\/p>\n<p><span style=\"color: #000000;\">Tranh Ng\u1ef1a Vi\u1ec7t Nam, B\u1ed9 S\u01b0u T\u1eadp T\u1ebft, Tranh T\u1ebft,<\/span><br \/>\n<span style=\"color: #000000;\">Tranh Ng\u1ef1a Ng\u0169 H\u00e0nh, V\u0103n H\u00f3a Vi\u1ec7t Nam, Qu\u00e0 T\u1eb7ng Phong Th\u1ee7y, Qu\u00e0 T\u1ebft, Qu\u00e0 T\u1ebft cho Doanh Nghi\u1ec7p,<\/span><br \/>\n<span style=\"color: #000000;\">L\u1ecbch s\u1eed v\u00e0 Truy\u1ec1n thuy\u1ebft Vi\u1ec7t Nam, Tranh \u0110\u00f4ng H\u1ed3<\/span><\/p>\n","protected":false},"excerpt":{"rendered":"<p><span style=\"color: #000000;\">V\u1edbi m\u00e0u s\u1eafc t\u01b0\u01a1i vui v\u00e0 thi\u1ebft k\u1ebf nh\u00e2n v\u1eadt \u0111\u1ed9c \u0111\u00e1o, \u0111\u00e2y s\u1ebd l\u00e0 m\u00f3n qu\u00e0 \u00fd ngh\u0129a v\u00e0 \u0111\u1ed9c \u0111\u00e1o \u0111\u1ec3 b\u1ea1n l\u1ef1a ch\u1ecdn d\u00e0nh t\u1eb7ng ng\u01b0\u1eddi th\u00e2n, b\u1ea1n b\u00e8 v\u00e0 \u0111\u1ed1i t\u00e1c<\/span><br \/>\n<span style=\"color: #000000;\">T\u00e1c ph\u1ea9m ngh\u1ec7 thu\u1eadt in \u1ea5n trang tr\u00ed \u0111\u1ed9c \u0111\u00e1o. Qu\u00e0 t\u1eb7ng v\u0103n h\u00f3a Vi\u1ec7t Nam.<\/span><\/p>\n<p><span style=\"color: #000000;\">Ch\u1ea5t li\u1ec7u: Tranh in ch\u1ea5t l\u01b0\u1ee3ng cao tr\u00ean Gi\u1ea5y M\u1ef9 Thu\u1eadt<\/span><\/p>\n<p><span style=\"color: #000000;\"><strong>K\u00edch th\u01b0\u1edbc Kh\u00f4ng khung:<\/strong><\/span><\/p>\n<p><span style=\"color: #000000;\">Size: 20cm x 20cm: <strong>190.000 VND<\/strong> (8 $)<\/span><\/p>\n<p><span style=\"color: #000000;\">Size: 30cm x 30cm: <strong>290.000 VND<\/strong> (12 $)<\/span><\/p>\n<p><span style=\"color: #000000;\"><strong>K\u00edch th\u01b0\u1edbc C\u00f3 khung:<\/strong><\/span><\/p>\n<p><span style=\"color: #000000;\">Size: 23cm x 23cm: <strong>450.000 VND<\/strong> (18 $)<\/span><\/p>\n<p><span style=\"color: #000000;\">Size: 33cm x 33cm: <strong>650.000 VND<\/strong> (26 $)<\/span><\/p>\n<p><span style=\"color: #000000;\">Li\u00ean h\u1ec7 ch\u00fang t\u00f4i: <span style=\"color: #0000ff;\"><strong><span class=\"gI\"><span class=\"qu yKyxu\" tabindex=\"-1\" role=\"gridcell\" translate=\"no\"><span class=\"go\">artproduct@bsartstudio.vn<\/span><\/span><\/span><\/strong><\/span> \u0111\u1ec3 \u0111\u1eb7t mua v\u00e0 ch\u1ecdn k\u00edch th\u01b0\u1edbc<\/span><\/p>\n<p>&nbsp;<\/p>\n","protected":false},"featured_media":10025,"template":"","meta":{"_et_pb_use_builder":"","_et_pb_old_content":"","_et_gb_content_width":""},"product_cat":[64,59,429],"product_tag":[174,765,171,764,391,763,762,389,230,390,231],"yoast_head":"<!-- This site is optimized with the Yoast SEO plugin v24.5 - https:\/\/yoast.com\/wordpress\/plugins\/seo\/ -->\n<title>X\u00edch M\u00e3 - H\u00e0nh H\u1ecfa | Tranh in ngh\u1ec7 thu\u1eadt \u2013 S\u00e1ng t\u1ea1o 12 Con Gi\u00e1p c\u00f9ng Tranh \u0110\u00f4ng H\u1ed3 -Qu\u00e0 T\u1eb7ng V\u0103n H\u00f3a Ngh\u1ec7 Thu\u1eadt Vi\u1ec7t Nam - B\/S Art Studio<\/title>\n<meta name=\"description\" content=\"&quot;Tranh Ng\u1ef1a \u2013 X\u00edch M\u00e3 - M\u00e3 \u0110\u00e1o Th\u00e0nh C\u00f4ng&quot; v\u1edbi m\u00e0u s\u1eafc t\u01b0\u01a1i vui, thi\u1ebft k\u1ebf h\u00ecnh d\u00e1ng \u0111\u1ed9c \u0111\u00e1o s\u1ebd l\u00e0 m\u00f3n qu\u00e0 t\u1eb7ng ngh\u1ec7 thu\u1eadt v\u0103n h\u00f3a Vi\u1ec7t Nam \u00fd ngh\u0129a v\u00e0 \u0111\u1ed9c \u0111\u00e1o.\" \/>\n<meta name=\"robots\" content=\"index, follow, max-snippet:-1, max-image-preview:large, max-video-preview:-1\" \/>\n<link rel=\"canonical\" href=\"https:\/\/bsartstudio.vn\/vi\/products\/xich-ma-tranh-ngua-ma-dao-thanh-cong\/\" \/>\n<meta property=\"og:locale\" content=\"vi_VN\" \/>\n<meta property=\"og:type\" content=\"article\" \/>\n<meta property=\"og:title\" content=\"X\u00edch M\u00e3 - H\u00e0nh H\u1ecfa | Tranh in ngh\u1ec7 thu\u1eadt \u2013 S\u00e1ng t\u1ea1o 12 Con Gi\u00e1p c\u00f9ng Tranh \u0110\u00f4ng H\u1ed3 -Qu\u00e0 T\u1eb7ng V\u0103n H\u00f3a Ngh\u1ec7 Thu\u1eadt Vi\u1ec7t Nam - B\/S Art Studio\" \/>\n<meta property=\"og:description\" content=\"&quot;Tranh Ng\u1ef1a \u2013 X\u00edch M\u00e3 - M\u00e3 \u0110\u00e1o Th\u00e0nh C\u00f4ng&quot; v\u1edbi m\u00e0u s\u1eafc t\u01b0\u01a1i vui, thi\u1ebft k\u1ebf h\u00ecnh d\u00e1ng \u0111\u1ed9c \u0111\u00e1o s\u1ebd l\u00e0 m\u00f3n qu\u00e0 t\u1eb7ng ngh\u1ec7 thu\u1eadt v\u0103n h\u00f3a Vi\u1ec7t Nam \u00fd ngh\u0129a v\u00e0 \u0111\u1ed9c \u0111\u00e1o.\" \/>\n<meta property=\"og:url\" content=\"https:\/\/bsartstudio.vn\/vi\/products\/xich-ma-tranh-ngua-ma-dao-thanh-cong\/\" \/>\n<meta property=\"og:site_name\" content=\"B\/S Art Studio\" \/>\n<meta property=\"article:modified_time\" content=\"2026-04-03T10:14:34+00:00\" \/>\n<meta property=\"og:image\" content=\"https:\/\/bsartstudio.vn\/wp-content\/uploads\/2025\/12\/Horse-2026-8.jpg\" \/>\n\t<meta property=\"og:image:width\" content=\"1920\" \/>\n\t<meta property=\"og:image:height\" content=\"1920\" \/>\n\t<meta property=\"og:image:type\" content=\"image\/jpeg\" \/>\n<meta name=\"twitter:card\" content=\"summary_large_image\" \/>\n<meta name=\"twitter:label1\" content=\"Est. reading time\" \/>\n\t<meta name=\"twitter:data1\" content=\"2 minutes\" \/>\n<script type=\"application\/ld+json\" class=\"yoast-schema-graph\">{\"@context\":\"https:\/\/schema.org\",\"@graph\":[{\"@type\":\"WebPage\",\"@id\":\"https:\/\/bsartstudio.vn\/vi\/products\/xich-ma-tranh-ngua-ma-dao-thanh-cong\/\",\"url\":\"https:\/\/bsartstudio.vn\/vi\/products\/xich-ma-tranh-ngua-ma-dao-thanh-cong\/\",\"name\":\"X\u00edch M\u00e3 - H\u00e0nh H\u1ecfa | Tranh in ngh\u1ec7 thu\u1eadt \u2013 S\u00e1ng t\u1ea1o 12 Con Gi\u00e1p c\u00f9ng Tranh \u0110\u00f4ng H\u1ed3 -Qu\u00e0 T\u1eb7ng V\u0103n H\u00f3a Ngh\u1ec7 Thu\u1eadt Vi\u1ec7t Nam - B\/S Art Studio\",\"isPartOf\":{\"@id\":\"https:\/\/bsartstudio.vn\/ja\/#website\"},\"primaryImageOfPage\":{\"@id\":\"https:\/\/bsartstudio.vn\/vi\/products\/xich-ma-tranh-ngua-ma-dao-thanh-cong\/#primaryimage\"},\"image\":{\"@id\":\"https:\/\/bsartstudio.vn\/vi\/products\/xich-ma-tranh-ngua-ma-dao-thanh-cong\/#primaryimage\"},\"thumbnailUrl\":\"https:\/\/bsartstudio.vn\/wp-content\/uploads\/2025\/12\/Horse-2026-8.jpg\",\"datePublished\":\"2026-01-01T10:44:25+00:00\",\"dateModified\":\"2026-04-03T10:14:34+00:00\",\"description\":\"\\\"Tranh Ng\u1ef1a \u2013 X\u00edch M\u00e3 - M\u00e3 \u0110\u00e1o Th\u00e0nh C\u00f4ng\\\" v\u1edbi m\u00e0u s\u1eafc t\u01b0\u01a1i vui, thi\u1ebft k\u1ebf h\u00ecnh d\u00e1ng \u0111\u1ed9c \u0111\u00e1o s\u1ebd l\u00e0 m\u00f3n qu\u00e0 t\u1eb7ng ngh\u1ec7 thu\u1eadt v\u0103n h\u00f3a Vi\u1ec7t Nam \u00fd ngh\u0129a v\u00e0 \u0111\u1ed9c \u0111\u00e1o.\",\"breadcrumb\":{\"@id\":\"https:\/\/bsartstudio.vn\/vi\/products\/xich-ma-tranh-ngua-ma-dao-thanh-cong\/#breadcrumb\"},\"inLanguage\":\"vi-VN\",\"potentialAction\":[{\"@type\":\"ReadAction\",\"target\":[\"https:\/\/bsartstudio.vn\/vi\/products\/xich-ma-tranh-ngua-ma-dao-thanh-cong\/\"]}]},{\"@type\":\"ImageObject\",\"inLanguage\":\"vi-VN\",\"@id\":\"https:\/\/bsartstudio.vn\/vi\/products\/xich-ma-tranh-ngua-ma-dao-thanh-cong\/#primaryimage\",\"url\":\"https:\/\/bsartstudio.vn\/wp-content\/uploads\/2025\/12\/Horse-2026-8.jpg\",\"contentUrl\":\"https:\/\/bsartstudio.vn\/wp-content\/uploads\/2025\/12\/Horse-2026-8.jpg\",\"width\":1920,\"height\":1920,\"caption\":\"horse 2026\"},{\"@type\":\"BreadcrumbList\",\"@id\":\"https:\/\/bsartstudio.vn\/vi\/products\/xich-ma-tranh-ngua-ma-dao-thanh-cong\/#breadcrumb\",\"itemListElement\":[{\"@type\":\"ListItem\",\"position\":1,\"name\":\"Home\",\"item\":\"https:\/\/bsartstudio.vn\/en\/\"},{\"@type\":\"ListItem\",\"position\":2,\"name\":\"Shop\",\"item\":\"https:\/\/bsartstudio.vn\/en\/shop\/\"},{\"@type\":\"ListItem\",\"position\":3,\"name\":\"X\u00edch M\u00e3 &#8211; H\u00e0nh H\u1ecfa | Tranh in ngh\u1ec7 thu\u1eadt \u2013 S\u00e1ng t\u1ea1o 12 Con Gi\u00e1p c\u00f9ng Tranh \u0110\u00f4ng H\u1ed3\"}]},{\"@type\":\"WebSite\",\"@id\":\"https:\/\/bsartstudio.vn\/ja\/#website\",\"url\":\"https:\/\/bsartstudio.vn\/ja\/\",\"name\":\"B\/S Art Studio\",\"description\":\"\",\"publisher\":{\"@id\":\"https:\/\/bsartstudio.vn\/ja\/#organization\"},\"potentialAction\":[{\"@type\":\"SearchAction\",\"target\":{\"@type\":\"EntryPoint\",\"urlTemplate\":\"https:\/\/bsartstudio.vn\/ja\/?s={search_term_string}\"},\"query-input\":{\"@type\":\"PropertyValueSpecification\",\"valueRequired\":true,\"valueName\":\"search_term_string\"}}],\"inLanguage\":\"vi-VN\"},{\"@type\":\"Organization\",\"@id\":\"https:\/\/bsartstudio.vn\/ja\/#organization\",\"name\":\"B\/S Art Studio\",\"url\":\"https:\/\/bsartstudio.vn\/ja\/\",\"logo\":{\"@type\":\"ImageObject\",\"inLanguage\":\"vi-VN\",\"@id\":\"https:\/\/bsartstudio.vn\/ja\/#\/schema\/logo\/image\/\",\"url\":\"https:\/\/bsartstudio.vn\/wp-content\/uploads\/2020\/03\/54526018_2272576089468053_1525084505319145472_n.jpg\",\"contentUrl\":\"https:\/\/bsartstudio.vn\/wp-content\/uploads\/2020\/03\/54526018_2272576089468053_1525084505319145472_n.jpg\",\"width\":958,\"height\":958,\"caption\":\"B\/S Art Studio\"},\"image\":{\"@id\":\"https:\/\/bsartstudio.vn\/ja\/#\/schema\/logo\/image\/\"}}]}<\/script>\n<!-- \/ Yoast SEO plugin. -->","yoast_head_json":{"title":"X\u00edch M\u00e3 - H\u00e0nh H\u1ecfa | Tranh in ngh\u1ec7 thu\u1eadt \u2013 S\u00e1ng t\u1ea1o 12 Con Gi\u00e1p c\u00f9ng Tranh \u0110\u00f4ng H\u1ed3 -Qu\u00e0 T\u1eb7ng V\u0103n H\u00f3a Ngh\u1ec7 Thu\u1eadt Vi\u1ec7t Nam - B\/S Art Studio","description":"\"Tranh Ng\u1ef1a \u2013 X\u00edch M\u00e3 - M\u00e3 \u0110\u00e1o Th\u00e0nh C\u00f4ng\" v\u1edbi m\u00e0u s\u1eafc t\u01b0\u01a1i vui, thi\u1ebft k\u1ebf h\u00ecnh d\u00e1ng \u0111\u1ed9c \u0111\u00e1o s\u1ebd l\u00e0 m\u00f3n qu\u00e0 t\u1eb7ng ngh\u1ec7 thu\u1eadt v\u0103n h\u00f3a Vi\u1ec7t Nam \u00fd ngh\u0129a v\u00e0 \u0111\u1ed9c \u0111\u00e1o.","robots":{"index":"index","follow":"follow","max-snippet":"max-snippet:-1","max-image-preview":"max-image-preview:large","max-video-preview":"max-video-preview:-1"},"canonical":"https:\/\/bsartstudio.vn\/vi\/products\/xich-ma-tranh-ngua-ma-dao-thanh-cong\/","og_locale":"vi_VN","og_type":"article","og_title":"X\u00edch M\u00e3 - H\u00e0nh H\u1ecfa | Tranh in ngh\u1ec7 thu\u1eadt \u2013 S\u00e1ng t\u1ea1o 12 Con Gi\u00e1p c\u00f9ng Tranh \u0110\u00f4ng H\u1ed3 -Qu\u00e0 T\u1eb7ng V\u0103n H\u00f3a Ngh\u1ec7 Thu\u1eadt Vi\u1ec7t Nam - B\/S Art Studio","og_description":"\"Tranh Ng\u1ef1a \u2013 X\u00edch M\u00e3 - M\u00e3 \u0110\u00e1o Th\u00e0nh C\u00f4ng\" v\u1edbi m\u00e0u s\u1eafc t\u01b0\u01a1i vui, thi\u1ebft k\u1ebf h\u00ecnh d\u00e1ng \u0111\u1ed9c \u0111\u00e1o s\u1ebd l\u00e0 m\u00f3n qu\u00e0 t\u1eb7ng ngh\u1ec7 thu\u1eadt v\u0103n h\u00f3a Vi\u1ec7t Nam \u00fd ngh\u0129a v\u00e0 \u0111\u1ed9c \u0111\u00e1o.","og_url":"https:\/\/bsartstudio.vn\/vi\/products\/xich-ma-tranh-ngua-ma-dao-thanh-cong\/","og_site_name":"B\/S Art Studio","article_modified_time":"2026-04-03T10:14:34+00:00","og_image":[{"width":1920,"height":1920,"url":"https:\/\/bsartstudio.vn\/wp-content\/uploads\/2025\/12\/Horse-2026-8.jpg","type":"image\/jpeg"}],"twitter_card":"summary_large_image","twitter_misc":{"Est. reading time":"2 minutes"},"schema":{"@context":"https:\/\/schema.org","@graph":[{"@type":"WebPage","@id":"https:\/\/bsartstudio.vn\/vi\/products\/xich-ma-tranh-ngua-ma-dao-thanh-cong\/","url":"https:\/\/bsartstudio.vn\/vi\/products\/xich-ma-tranh-ngua-ma-dao-thanh-cong\/","name":"X\u00edch M\u00e3 - H\u00e0nh H\u1ecfa | Tranh in ngh\u1ec7 thu\u1eadt \u2013 S\u00e1ng t\u1ea1o 12 Con Gi\u00e1p c\u00f9ng Tranh \u0110\u00f4ng H\u1ed3 -Qu\u00e0 T\u1eb7ng V\u0103n H\u00f3a Ngh\u1ec7 Thu\u1eadt Vi\u1ec7t Nam - B\/S Art Studio","isPartOf":{"@id":"https:\/\/bsartstudio.vn\/ja\/#website"},"primaryImageOfPage":{"@id":"https:\/\/bsartstudio.vn\/vi\/products\/xich-ma-tranh-ngua-ma-dao-thanh-cong\/#primaryimage"},"image":{"@id":"https:\/\/bsartstudio.vn\/vi\/products\/xich-ma-tranh-ngua-ma-dao-thanh-cong\/#primaryimage"},"thumbnailUrl":"https:\/\/bsartstudio.vn\/wp-content\/uploads\/2025\/12\/Horse-2026-8.jpg","datePublished":"2026-01-01T10:44:25+00:00","dateModified":"2026-04-03T10:14:34+00:00","description":"\"Tranh Ng\u1ef1a \u2013 X\u00edch M\u00e3 - M\u00e3 \u0110\u00e1o Th\u00e0nh C\u00f4ng\" v\u1edbi m\u00e0u s\u1eafc t\u01b0\u01a1i vui, thi\u1ebft k\u1ebf h\u00ecnh d\u00e1ng \u0111\u1ed9c \u0111\u00e1o s\u1ebd l\u00e0 m\u00f3n qu\u00e0 t\u1eb7ng ngh\u1ec7 thu\u1eadt v\u0103n h\u00f3a Vi\u1ec7t Nam \u00fd ngh\u0129a v\u00e0 \u0111\u1ed9c \u0111\u00e1o.","breadcrumb":{"@id":"https:\/\/bsartstudio.vn\/vi\/products\/xich-ma-tranh-ngua-ma-dao-thanh-cong\/#breadcrumb"},"inLanguage":"vi-VN","potentialAction":[{"@type":"ReadAction","target":["https:\/\/bsartstudio.vn\/vi\/products\/xich-ma-tranh-ngua-ma-dao-thanh-cong\/"]}]},{"@type":"ImageObject","inLanguage":"vi-VN","@id":"https:\/\/bsartstudio.vn\/vi\/products\/xich-ma-tranh-ngua-ma-dao-thanh-cong\/#primaryimage","url":"https:\/\/bsartstudio.vn\/wp-content\/uploads\/2025\/12\/Horse-2026-8.jpg","contentUrl":"https:\/\/bsartstudio.vn\/wp-content\/uploads\/2025\/12\/Horse-2026-8.jpg","width":1920,"height":1920,"caption":"horse 2026"},{"@type":"BreadcrumbList","@id":"https:\/\/bsartstudio.vn\/vi\/products\/xich-ma-tranh-ngua-ma-dao-thanh-cong\/#breadcrumb","itemListElement":[{"@type":"ListItem","position":1,"name":"Home","item":"https:\/\/bsartstudio.vn\/en\/"},{"@type":"ListItem","position":2,"name":"Shop","item":"https:\/\/bsartstudio.vn\/en\/shop\/"},{"@type":"ListItem","position":3,"name":"X\u00edch M\u00e3 &#8211; H\u00e0nh H\u1ecfa | Tranh in ngh\u1ec7 thu\u1eadt \u2013 S\u00e1ng t\u1ea1o 12 Con Gi\u00e1p c\u00f9ng Tranh \u0110\u00f4ng H\u1ed3"}]},{"@type":"WebSite","@id":"https:\/\/bsartstudio.vn\/ja\/#website","url":"https:\/\/bsartstudio.vn\/ja\/","name":"B\/S Art Studio","description":"","publisher":{"@id":"https:\/\/bsartstudio.vn\/ja\/#organization"},"potentialAction":[{"@type":"SearchAction","target":{"@type":"EntryPoint","urlTemplate":"https:\/\/bsartstudio.vn\/ja\/?s={search_term_string}"},"query-input":{"@type":"PropertyValueSpecification","valueRequired":true,"valueName":"search_term_string"}}],"inLanguage":"vi-VN"},{"@type":"Organization","@id":"https:\/\/bsartstudio.vn\/ja\/#organization","name":"B\/S Art Studio","url":"https:\/\/bsartstudio.vn\/ja\/","logo":{"@type":"ImageObject","inLanguage":"vi-VN","@id":"https:\/\/bsartstudio.vn\/ja\/#\/schema\/logo\/image\/","url":"https:\/\/bsartstudio.vn\/wp-content\/uploads\/2020\/03\/54526018_2272576089468053_1525084505319145472_n.jpg","contentUrl":"https:\/\/bsartstudio.vn\/wp-content\/uploads\/2020\/03\/54526018_2272576089468053_1525084505319145472_n.jpg","width":958,"height":958,"caption":"B\/S Art Studio"},"image":{"@id":"https:\/\/bsartstudio.vn\/ja\/#\/schema\/logo\/image\/"}}]}},"_links":{"self":[{"href":"https:\/\/bsartstudio.vn\/vi\/wp-json\/wp\/v2\/product\/10103"}],"collection":[{"href":"https:\/\/bsartstudio.vn\/vi\/wp-json\/wp\/v2\/product"}],"about":[{"href":"https:\/\/bsartstudio.vn\/vi\/wp-json\/wp\/v2\/types\/product"}],"wp:featuredmedia":[{"embeddable":true,"href":"https:\/\/bsartstudio.vn\/vi\/wp-json\/wp\/v2\/media\/10025"}],"wp:attachment":[{"href":"https:\/\/bsartstudio.vn\/vi\/wp-json\/wp\/v2\/media?parent=10103"}],"wp:term":[{"taxonomy":"product_cat","embeddable":true,"href":"https:\/\/bsartstudio.vn\/vi\/wp-json\/wp\/v2\/product_cat?post=10103"},{"taxonomy":"product_tag","embeddable":true,"href":"https:\/\/bsartstudio.vn\/vi\/wp-json\/wp\/v2\/product_tag?post=10103"}],"curies":[{"name":"wp","href":"https:\/\/api.w.org\/{rel}","templated":true}]}}