{"id":997,"date":"2020-04-01T17:15:02","date_gmt":"2020-04-01T10:15:02","guid":{"rendered":"https:\/\/bsartstudio.vn\/nghe-si-bam-bi\/"},"modified":"2024-02-18T13:45:20","modified_gmt":"2024-02-18T06:45:20","slug":"nghe-si-bam-bi","status":"publish","type":"page","link":"https:\/\/bsartstudio.vn\/vi\/nghe-si-bam-bi\/","title":{"rendered":"Ngh\u1ec7 S\u0129 Bam Bi"},"content":{"rendered":"<p>[et_pb_section fb_built=&#8221;1&#8243; admin_label=&#8221;Page Title Section&#8221; _builder_version=&#8221;4.17.4&#8243; use_background_color_gradient=&#8221;on&#8221; background_image=&#8221;https:\/\/bsartstudio.vn\/wp-content\/uploads\/2022\/06\/DSC_0010.jpg&#8221; height=&#8221;529px&#8221; custom_margin=&#8221;||2px|||&#8221; custom_padding=&#8221;110px||110px|&#8221; global_colors_info=&#8221;{}&#8221;][et_pb_row column_structure=&#8221;2_3,1_3&#8243; admin_label=&#8221;Page Title Area&#8221; _builder_version=&#8221;4.17.4&#8243; custom_margin=&#8221;|||20px|false|false&#8221; global_colors_info=&#8221;{}&#8221;][et_pb_column type=&#8221;2_3&#8243; _builder_version=&#8221;4.16&#8243; custom_padding=&#8221;|||&#8221; global_colors_info=&#8221;{}&#8221; custom_padding__hover=&#8221;|||&#8221;][et_pb_text admin_label=&#8221;Title&#8221; _builder_version=&#8221;4.17.4&#8243; text_font=&#8221;||||||||&#8221; header_font=&#8221;Baloo 2|600|||||||&#8221; header_font_size=&#8221;60px&#8221; header_line_height=&#8221;1.2em&#8221; header_2_font=&#8221;Hind||||||||&#8221; header_2_font_size=&#8221;60px&#8221; custom_margin=&#8221;||20px|&#8221; animation_style=&#8221;fade&#8221; header_font_size_tablet=&#8221;&#8221; header_font_size_phone=&#8221;40px&#8221; header_font_size_last_edited=&#8221;on|phone&#8221; header_text_shadow_style=&#8221;preset5&#8243; header_text_shadow_horizontal_length=&#8221;-0.03em&#8221; header_text_shadow_vertical_length=&#8221;-0.02em&#8221; global_colors_info=&#8221;{}&#8221;]<\/p>\n<h1>Ngh\u1ec7 S\u0129 Bam Bi<\/h1>\n<p>[\/et_pb_text][et_pb_text admin_label=&#8221;Page Subtitle&#8221; _builder_version=&#8221;4.17.4&#8243; text_text_color=&#8221;#FFFFFF&#8221; animation_style=&#8221;fade&#8221; locked=&#8221;off&#8221; global_colors_info=&#8221;{}&#8221;]<\/p>\n<p>V\u00f5 Ho\u00e0ng Ph\u01b0\u01a1ng Uy\u00ean (Bam Bi)<\/p>\n<p>[\/et_pb_text][\/et_pb_column][et_pb_column type=&#8221;1_3&#8243; _builder_version=&#8221;4.16&#8243; custom_padding=&#8221;|||&#8221; global_colors_info=&#8221;{}&#8221; custom_padding__hover=&#8221;|||&#8221;][\/et_pb_column][\/et_pb_row][\/et_pb_section][et_pb_section fb_built=&#8221;1&#8243; admin_label=&#8221;About Us Section&#8221; _builder_version=&#8221;4.16&#8243; background_color=&#8221;#efe9e4&#8243; custom_padding=&#8221;70px||100px|||&#8221; global_colors_info=&#8221;{}&#8221;][et_pb_row admin_label=&#8221;About Us Area&#8221; _builder_version=&#8221;4.16&#8243; global_colors_info=&#8221;{}&#8221;][et_pb_column type=&#8221;4_4&#8243; _builder_version=&#8221;4.16&#8243; custom_padding=&#8221;|||&#8221; global_colors_info=&#8221;{}&#8221; custom_padding__hover=&#8221;|||&#8221;][et_pb_text admin_label=&#8221;Title&#8221; _builder_version=&#8221;4.17.4&#8243; text_font=&#8221;||||||||&#8221; header_2_font=&#8221;Poppins|600|||||||&#8221; header_2_font_size=&#8221;36px&#8221; header_2_line_height=&#8221;1.2em&#8221; max_width=&#8221;525px&#8221; module_alignment=&#8221;center&#8221; custom_margin=&#8221;||0px|&#8221; animation_style=&#8221;fade&#8221; hover_enabled=&#8221;0&#8243; global_colors_info=&#8221;{}&#8221; sticky_enabled=&#8221;0&#8243;]<\/p>\n<h2>H\u01a1n 20 n\u0103m nghi\u00ean c\u1ee9u v\u00e0 s\u00e1ng t\u1ea1o ngh\u1ec7 thu\u1eadt<\/h2>\n<p>[\/et_pb_text][et_pb_divider color=&#8221;#B7944E&#8221; divider_position=&#8221;center&#8221; divider_weight=&#8221;3px&#8221; _builder_version=&#8221;4.16&#8243; max_width=&#8221;50px&#8221; module_alignment=&#8221;center&#8221; custom_margin=&#8221;|||&#8221; animation_style=&#8221;slide&#8221; animation_direction=&#8221;top&#8221; animation_intensity_slide=&#8221;10%&#8221; animation_starting_opacity=&#8221;100%&#8221; global_colors_info=&#8221;{}&#8221;][\/et_pb_divider][et_pb_text _builder_version=&#8221;4.17.4&#8243; module_alignment=&#8221;center&#8221; custom_margin=&#8221;|||&#8221; animation_style=&#8221;fade&#8221; hover_enabled=&#8221;0&#8243; global_colors_info=&#8221;{}&#8221; sticky_enabled=&#8221;0&#8243;]<\/p>\n<p>B\/S B\/S Art Studio do h\u1ecda s\u0129 V\u00f5 Ho\u00e0ng Ph\u01b0\u01a1ng Uy\u00ean (Bam Bi) s\u00e1ng l\u1eadp.<\/p>\n<p>C\u00f4 hy v\u1ecdng th\u00f4ng qua h\u1ed9i h\u1ecda v\u00e0 \u00e2m nh\u1ea1c c\u00f3 th\u1ec3 chia s\u1ebb nh\u1eefng hi\u1ec3u bi\u1ebft v\u00e0 k\u00fd \u1ee9c c\u1ee7a m\u00ecnh v\u1ec1 v\u1ebb \u0111\u1eb9p qu\u00ea h\u01b0\u01a1ng, v\u0103n h\u00f3a d\u00e2n t\u1ed9c c\u00f9ng nh\u1eefng gi\u00e1 tr\u1ecb truy\u1ec1n th\u1ed1ng Vi\u1ec7t Nam \u0111\u1ebfn v\u1edbi t\u1ea5t c\u1ea3 m\u1ecdi ng\u01b0\u1eddi.<\/p>\n<p>[\/et_pb_text][\/et_pb_column][\/et_pb_row][\/et_pb_section][et_pb_section fb_built=&#8221;1&#8243; admin_label=&#8221;Our Story Section&#8221; _builder_version=&#8221;4.16&#8243; background_color=&#8221;#efe9e4&#8243; background_color_gradient_direction=&#8221;0deg&#8221; custom_padding=&#8221;100px||0px|&#8221; global_colors_info=&#8221;{}&#8221;][et_pb_row column_structure=&#8221;1_2,1_2&#8243; use_custom_gutter=&#8221;on&#8221; gutter_width=&#8221;0&#8243; make_equal=&#8221;on&#8221; admin_label=&#8221;Our Story Area&#8221; module_class=&#8221; et_pb_row_fullwidth&#8221; _builder_version=&#8221;4.16&#8243; background_color=&#8221;gcid-f3401add-3491-4ecc-a90f-fff573c5a099&#8243; width=&#8221;100%&#8221; width_tablet=&#8221;100%&#8221; width_phone=&#8221;&#8221; width_last_edited=&#8221;on|desktop&#8221; max_width=&#8221;100%&#8221; max_width_tablet=&#8221;100%&#8221; max_width_phone=&#8221;&#8221; max_width_last_edited=&#8221;on|desktop&#8221; custom_padding=&#8221;0px||0px|&#8221; make_fullwidth=&#8221;on&#8221; global_colors_info=&#8221;{%22gcid-f3401add-3491-4ecc-a90f-fff573c5a099%22:%91%22background_color%22%93}&#8221;][et_pb_column type=&#8221;1_2&#8243; _builder_version=&#8221;4.16&#8243; background_color=&#8221;gcid-f3401add-3491-4ecc-a90f-fff573c5a099&#8243; custom_padding=&#8221;|||&#8221; global_colors_info=&#8221;{%22gcid-f3401add-3491-4ecc-a90f-fff573c5a099%22:%91%22background_color%22%93}&#8221; custom_padding__hover=&#8221;|||&#8221;][et_pb_image src=&#8221;https:\/\/bsartstudio.vn\/wp-content\/uploads\/2022\/07\/Hoa-si.jpg&#8221; title_text=&#8221;H\u1ecda s\u0129&#8221; force_fullwidth=&#8221;on&#8221; align_tablet=&#8221;center&#8221; align_phone=&#8221;&#8221; align_last_edited=&#8221;on|desktop&#8221; _builder_version=&#8221;4.17.4&#8243; custom_margin=&#8221;-58px||||false|false&#8221; custom_margin_tablet=&#8221;-58px||||false|false&#8221; custom_margin_phone=&#8221;&#8221; custom_margin_last_edited=&#8221;on|desktop&#8221; custom_padding=&#8221;58px||||false|false&#8221; hover_enabled=&#8221;0&#8243; global_colors_info=&#8221;{}&#8221; sticky_enabled=&#8221;0&#8243;][\/et_pb_image][\/et_pb_column][et_pb_column type=&#8221;1_2&#8243; _builder_version=&#8221;4.16&#8243; background_color=&#8221;gcid-564be426-6de5-4520-a06e-1188120f90cc&#8221; custom_padding=&#8221;5%|5%|5%|5%&#8221; global_colors_info=&#8221;{%22gcid-564be426-6de5-4520-a06e-1188120f90cc%22:%91%22background_color%22%93}&#8221; custom_padding__hover=&#8221;|||&#8221;][et_pb_text admin_label=&#8221;Title&#8221; _builder_version=&#8221;4.17.4&#8243; text_font=&#8221;||||||||&#8221; header_2_text_align=&#8221;left&#8221; header_2_font_size=&#8221;36px&#8221; header_2_line_height=&#8221;1.2em&#8221; hover_enabled=&#8221;0&#8243; global_colors_info=&#8221;{}&#8221; sticky_enabled=&#8221;0&#8243; custom_margin=&#8221;0px||||false|false&#8221;]<\/p>\n<h2>V\u1ec1 Ngh\u1ec7 S\u0129<\/h2>\n<p>[\/et_pb_text][et_pb_divider color=&#8221;#B7944E&#8221; divider_position=&#8221;center&#8221; divider_weight=&#8221;3px&#8221; _builder_version=&#8221;4.16&#8243; max_width=&#8221;50px&#8221; animation_style=&#8221;slide&#8221; animation_intensity_slide=&#8221;10%&#8221; animation_starting_opacity=&#8221;100%&#8221; global_colors_info=&#8221;{}&#8221;][\/et_pb_divider][et_pb_text _builder_version=&#8221;4.17.4&#8243; hover_enabled=&#8221;0&#8243; global_colors_info=&#8221;{}&#8221; sticky_enabled=&#8221;0&#8243;]<\/p>\n<p>N\u0103m 2015, trong chuy\u1ebfn c\u00f4ng t\u00e1c t\u1ea1i New York, M\u1ef9, t\u00f4i \u0111\u00e3 tham quan tri\u1ec3n l\u00e3m \u201cV\u0103n H\u00f3a Ngh\u1ec7 Thu\u1eadt Ph\u01b0\u01a1ng \u0110\u00f4ng\u201d. T\u1ea1i tri\u1ec3n l\u00e3m, tr\u01b0ng b\u00e0y c\u00e1c hi\u1ec7n v\u1eadt v\u00e0 c\u00e1c t\u00e1c ph\u1ea9m ngh\u1ec7 thu\u1eadt c\u1ee7a Ch\u00e2u \u00c1, n\u1ed5i b\u1eadt l\u00e0 c\u00e1c c\u0103n ph\u00f2ng d\u00e0nh cho v\u0103n h\u00f3a Trung Qu\u1ed1c, Nh\u1eadt B\u1ea3n v\u00e0 H\u00e0n Qu\u1ed1c. Tuy nhi\u00ean, khu v\u1ef1c tr\u01b0ng b\u00e0y v\u1ec1 v\u0103n h\u00f3a Vi\u1ec7t Nam ch\u1ec9 c\u00f3 m\u1ed9t chi\u1ebfc t\u1ee7 nh\u1ecf, b\u00ean trong \u0111\u1ec3 m\u1ed9t s\u1ed1 hi\u1ec7n v\u1eadt nh\u01b0 kh\u1ed1, r\u1ef1a, m\u1ed9t v\u00e0i b\u1ee9c h\u00ecnh tr\u1eafng \u0111en \u0111\u01b0\u1ee3c ch\u00fa th\u00edch l\u00e0 \u201cNg\u01b0\u1eddi d\u00e2n b\u1ea3n \u0111\u1ecba Vi\u1ec7t Nam\u201d.<\/p>\n<p>New York l\u00e0 trung t\u00e2m ngh\u1ec7 thu\u1eadt l\u1edbn c\u1ee7a th\u1ebf gi\u1edbi, r\u1ea5t nhi\u1ec1u ng\u01b0\u1eddi s\u1ebd \u0111\u1ebfn \u0111\u00e2y xem, nh\u01b0 v\u1eady h\u1ecd s\u1ebd c\u00f3 kh\u00e1i ni\u1ec7m kh\u00f4ng \u0111\u00fang v\u1ec1 \u0111\u1ea5t n\u01b0\u1edbc Vi\u1ec7t Nam.<\/p>\n<p>T\u00f4i hy v\u1ecdng r\u1eb1ng \u0111\u1ebfn m\u1ed9t ng\u00e0y \u201cV\u0103n h\u00f3a Vi\u1ec7t Nam s\u1ebd ghi d\u1ea5u tr\u00ean b\u1ea3n \u0111\u1ed3 v\u0103n h\u00f3a th\u1ebf gi\u1edbi.<\/p>\n<p>&nbsp;<\/p>\n<p>[\/et_pb_text][\/et_pb_column][\/et_pb_row][\/et_pb_section][et_pb_section fb_built=&#8221;1&#8243; admin_label=&#8221;Our Story Section&#8221; _builder_version=&#8221;4.16&#8243; background_color=&#8221;#efe9e4&#8243; background_color_gradient_direction=&#8221;0deg&#8221; custom_padding=&#8221;0px||0px|&#8221; global_colors_info=&#8221;{}&#8221;][et_pb_row column_structure=&#8221;1_2,1_2&#8243; use_custom_gutter=&#8221;on&#8221; gutter_width=&#8221;0&#8243; make_equal=&#8221;on&#8221; admin_label=&#8221;Our Story Area&#8221; module_class=&#8221; et_pb_row_fullwidth&#8221; _builder_version=&#8221;4.16&#8243; background_color=&#8221;gcid-72e5cfbe-9c17-417e-b850-aa6fc62eeec8&#8243; width=&#8221;100%&#8221; width_tablet=&#8221;100%&#8221; width_phone=&#8221;&#8221; width_last_edited=&#8221;on|desktop&#8221; max_width=&#8221;100%&#8221; max_width_tablet=&#8221;100%&#8221; max_width_phone=&#8221;&#8221; max_width_last_edited=&#8221;on|desktop&#8221; custom_padding=&#8221;0px||0px|&#8221; make_fullwidth=&#8221;on&#8221; global_colors_info=&#8221;{%22gcid-72e5cfbe-9c17-417e-b850-aa6fc62eeec8%22:%91%22background_color%22%93}&#8221;][et_pb_column type=&#8221;1_2&#8243; _builder_version=&#8221;4.16&#8243; background_color=&#8221;gcid-72e5cfbe-9c17-417e-b850-aa6fc62eeec8&#8243; custom_padding=&#8221;5%|5%|5%|5%&#8221; global_colors_info=&#8221;{%22gcid-72e5cfbe-9c17-417e-b850-aa6fc62eeec8%22:%91%22background_color%22%93}&#8221; custom_padding__hover=&#8221;|||&#8221;][et_pb_text admin_label=&#8221;Title&#8221; _builder_version=&#8221;4.17.4&#8243; text_font=&#8221;||||||||&#8221; header_2_text_align=&#8221;left&#8221; header_2_text_color=&#8221;#000000&#8243; header_2_font_size=&#8221;36px&#8221; header_2_line_height=&#8221;1.2em&#8221; global_colors_info=&#8221;{}&#8221;]<\/p>\n<h2>Ngu\u1ed3n c\u1ea3m h\u1ee9ng<\/h2>\n<p>[\/et_pb_text][et_pb_divider color=&#8221;#B7944E&#8221; divider_position=&#8221;center&#8221; divider_weight=&#8221;3px&#8221; _builder_version=&#8221;4.16&#8243; max_width=&#8221;50px&#8221; animation_style=&#8221;slide&#8221; animation_intensity_slide=&#8221;10%&#8221; animation_starting_opacity=&#8221;100%&#8221; global_colors_info=&#8221;{}&#8221;][\/et_pb_divider][et_pb_text _builder_version=&#8221;4.17.4&#8243; text_font=&#8221;Montserrat||on||||||&#8221; background_color=&#8221;RGBA(255,255,255,0)&#8221; text_orientation=&#8221;left&#8221; hover_enabled=&#8221;0&#8243; global_colors_info=&#8221;{}&#8221; sticky_enabled=&#8221;0&#8243;]<\/p>\n<p>T\u00f4i sinh tr\u01b0\u1edfng trong gia \u0111\u00ecnh c\u00f3 truy\u1ec1n th\u1ed1ng ngh\u1ec7 thu\u1eadt, ba m\u1eb9 t\u00f4i \u0111\u1ec1u l\u00e0 ngh\u1ec7 nh\u00e2n th\u00eau. T\u1eeb b\u00e9, ch\u00ednh nh\u1eefng l\u1eddi ru c\u1ee7a b\u00e0, nh\u1eefng c\u00e2u chuy\u1ec7n c\u1ed5 t\u00edch v\u00e0 nh\u1eefng l\u00e0n \u0111i\u1ec7u d\u00e2n ca t\u1eeb m\u1eb9 \u0111\u00e3 nu\u00f4i d\u01b0\u1ee1ng cho t\u00f4i m\u1ed9t t\u00e2m h\u1ed3n thi ca, ngh\u1ec7 thu\u1eadt v\u00e0 t\u00ecnh y\u00eau v\u1edbi qu\u00ea h\u01b0\u01a1ng, \u0111\u1ea5t n\u01b0\u1edbc.<\/p>\n<p>[\/et_pb_text][\/et_pb_column][et_pb_column type=&#8221;1_2&#8243; _builder_version=&#8221;4.16&#8243; background_color=&#8221;gcid-72e5cfbe-9c17-417e-b850-aa6fc62eeec8&#8243; custom_padding=&#8221;|||&#8221; global_colors_info=&#8221;{%22gcid-72e5cfbe-9c17-417e-b850-aa6fc62eeec8%22:%91%22background_color%22%93}&#8221; custom_padding__hover=&#8221;|||&#8221;][et_pb_image src=&#8221;https:\/\/bsartstudio.vn\/wp-content\/uploads\/2020\/03\/45640730_2079407265451604_4989189089417756672_o-902&#215;1024.jpg&#8221; force_fullwidth=&#8221;on&#8221; align_tablet=&#8221;center&#8221; align_phone=&#8221;&#8221; align_last_edited=&#8221;on|desktop&#8221; _builder_version=&#8221;4.16&#8243; custom_margin=&#8221;-100px|||&#8221; custom_margin_tablet=&#8221;0px|||&#8221; custom_margin_phone=&#8221;&#8221; custom_margin_last_edited=&#8221;on|tablet&#8221; global_colors_info=&#8221;{}&#8221;][\/et_pb_image][\/et_pb_column][\/et_pb_row][\/et_pb_section][et_pb_section fb_built=&#8221;1&#8243; admin_label=&#8221;Video Section&#8221; _builder_version=&#8221;4.16&#8243; custom_padding=&#8221;0px||0px|&#8221; global_colors_info=&#8221;{}&#8221;][et_pb_row use_custom_gutter=&#8221;on&#8221; gutter_width=&#8221;0&#8243; admin_label=&#8221;Video Area&#8221; module_class=&#8221; et_pb_row_fullwidth&#8221; _builder_version=&#8221;4.16&#8243; width=&#8221;100%&#8221; width_tablet=&#8221;100%&#8221; width_phone=&#8221;&#8221; width_last_edited=&#8221;on|desktop&#8221; max_width=&#8221;100%&#8221; max_width_tablet=&#8221;100%&#8221; max_width_phone=&#8221;&#8221; max_width_last_edited=&#8221;on|desktop&#8221; custom_padding=&#8221;0px||0px|&#8221; make_fullwidth=&#8221;on&#8221; global_colors_info=&#8221;{}&#8221;][et_pb_column type=&#8221;4_4&#8243; _builder_version=&#8221;4.16&#8243; custom_padding=&#8221;|||&#8221; global_colors_info=&#8221;{}&#8221; custom_padding__hover=&#8221;|||&#8221;]<\/p>\n<p>[et_pb_video src=&#8221;https:\/\/www.youtube.com\/watch?v=5L-nUubP9kQ&#8221; thumbnail_overlay_color=&#8221;rgba(0,0,0,0.6)&#8221; _builder_version=&#8221;4.4.0&#8243; custom_padding=&#8221;|||&#8221;][\/et_pb_video]<\/p>\n<p>[\/et_pb_column][\/et_pb_row][\/et_pb_section]<\/p>\n","protected":false},"excerpt":{"rendered":"<p>Ngh\u1ec7 S\u0129 Bam BiV\u00f5 Ho\u00e0ng Ph\u01b0\u01a1ng Uy\u00ean (Bam Bi)H\u01a1n 20 n\u0103m nghi\u00ean c\u1ee9u v\u00e0 s\u00e1ng t\u1ea1o ngh\u1ec7 thu\u1eadtB\/S B\/S Art Studio do h\u1ecda s\u0129 V\u00f5 Ho\u00e0ng Ph\u01b0\u01a1ng Uy\u00ean (Bam Bi) s\u00e1ng l\u1eadp. C\u00f4 hy v\u1ecdng th\u00f4ng qua h\u1ed9i h\u1ecda v\u00e0 \u00e2m nh\u1ea1c c\u00f3 th\u1ec3 chia s\u1ebb nh\u1eefng hi\u1ec3u bi\u1ebft v\u00e0 k\u00fd \u1ee9c c\u1ee7a m\u00ecnh v\u1ec1 [&hellip;]<\/p>\n","protected":false},"author":1,"featured_media":0,"parent":0,"menu_order":0,"comment_status":"closed","ping_status":"closed","template":"","meta":{"_et_pb_use_builder":"on","_et_pb_old_content":"","_et_gb_content_width":"","footnotes":""},"yoast_head":"<!-- This site is optimized with the Yoast SEO plugin v24.5 - https:\/\/yoast.com\/wordpress\/plugins\/seo\/ -->\n<title>Ngh\u1ec7 S\u0129 Bam Bi - B\/S Art Studio<\/title>\n<meta name=\"description\" content=\"V\u00f5 Ho\u00e0ng Ph\u01b0\u01a1ng Uy\u00ean (Bam Bi) \u0111\u00e3 th\u00e0nh l\u1eadp B\/S Art Studio v\u1edbi mong mu\u1ed1n chia s\u1ebb nh\u1eefng hi\u1ec3u bi\u1ebft v\u00e0 k\u00fd \u1ee9c c\u1ee7a m\u00ecnh v\u1ec1 v\u0103n h\u00f3a d\u00e2n t\u1ed9c c\u00f9ng nh\u1eefng gi\u00e1 tr\u1ecb truy\u1ec1n th\u1ed1ng Vi\u1ec7t Nam.\" \/>\n<meta name=\"robots\" content=\"index, follow, max-snippet:-1, max-image-preview:large, max-video-preview:-1\" \/>\n<link rel=\"canonical\" href=\"https:\/\/bsartstudio.vn\/en\/bam-bi-the-artist\/\" \/>\n<meta property=\"og:locale\" content=\"vi_VN\" \/>\n<meta property=\"og:type\" content=\"article\" \/>\n<meta property=\"og:title\" content=\"Ngh\u1ec7 S\u0129 Bam Bi - B\/S Art Studio\" \/>\n<meta property=\"og:description\" content=\"V\u00f5 Ho\u00e0ng Ph\u01b0\u01a1ng Uy\u00ean (Bam Bi) \u0111\u00e3 th\u00e0nh l\u1eadp B\/S Art Studio v\u1edbi mong mu\u1ed1n chia s\u1ebb nh\u1eefng hi\u1ec3u bi\u1ebft v\u00e0 k\u00fd \u1ee9c c\u1ee7a m\u00ecnh v\u1ec1 v\u0103n h\u00f3a d\u00e2n t\u1ed9c c\u00f9ng nh\u1eefng gi\u00e1 tr\u1ecb truy\u1ec1n th\u1ed1ng Vi\u1ec7t Nam.\" \/>\n<meta property=\"og:url\" content=\"https:\/\/bsartstudio.vn\/en\/bam-bi-the-artist\/\" \/>\n<meta property=\"og:site_name\" content=\"B\/S Art Studio\" \/>\n<meta property=\"article:modified_time\" content=\"2024-02-18T06:45:20+00:00\" \/>\n<meta name=\"twitter:card\" content=\"summary_large_image\" \/>\n<meta name=\"twitter:label1\" content=\"Est. reading time\" \/>\n\t<meta name=\"twitter:data1\" content=\"8 minutes\" \/>\n<script type=\"application\/ld+json\" class=\"yoast-schema-graph\">{\"@context\":\"https:\/\/schema.org\",\"@graph\":[{\"@type\":\"WebPage\",\"@id\":\"https:\/\/bsartstudio.vn\/en\/bam-bi-the-artist\/\",\"url\":\"https:\/\/bsartstudio.vn\/en\/bam-bi-the-artist\/\",\"name\":\"Ngh\u1ec7 S\u0129 Bam Bi - B\/S Art Studio\",\"isPartOf\":{\"@id\":\"https:\/\/bsartstudio.vn\/ja\/#website\"},\"datePublished\":\"2020-04-01T10:15:02+00:00\",\"dateModified\":\"2024-02-18T06:45:20+00:00\",\"description\":\"V\u00f5 Ho\u00e0ng Ph\u01b0\u01a1ng Uy\u00ean (Bam Bi) \u0111\u00e3 th\u00e0nh l\u1eadp B\/S Art Studio v\u1edbi mong mu\u1ed1n chia s\u1ebb nh\u1eefng hi\u1ec3u bi\u1ebft v\u00e0 k\u00fd \u1ee9c c\u1ee7a m\u00ecnh v\u1ec1 v\u0103n h\u00f3a d\u00e2n t\u1ed9c c\u00f9ng nh\u1eefng gi\u00e1 tr\u1ecb truy\u1ec1n th\u1ed1ng Vi\u1ec7t Nam.\",\"breadcrumb\":{\"@id\":\"https:\/\/bsartstudio.vn\/en\/bam-bi-the-artist\/#breadcrumb\"},\"inLanguage\":\"vi-VN\",\"potentialAction\":[{\"@type\":\"ReadAction\",\"target\":[\"https:\/\/bsartstudio.vn\/en\/bam-bi-the-artist\/\"]}]},{\"@type\":\"BreadcrumbList\",\"@id\":\"https:\/\/bsartstudio.vn\/en\/bam-bi-the-artist\/#breadcrumb\",\"itemListElement\":[{\"@type\":\"ListItem\",\"position\":1,\"name\":\"Home\",\"item\":\"https:\/\/bsartstudio.vn\/en\/\"},{\"@type\":\"ListItem\",\"position\":2,\"name\":\"Ngh\u1ec7 S\u0129 Bam Bi\"}]},{\"@type\":\"WebSite\",\"@id\":\"https:\/\/bsartstudio.vn\/ja\/#website\",\"url\":\"https:\/\/bsartstudio.vn\/ja\/\",\"name\":\"B\/S Art Studio\",\"description\":\"\",\"publisher\":{\"@id\":\"https:\/\/bsartstudio.vn\/ja\/#organization\"},\"potentialAction\":[{\"@type\":\"SearchAction\",\"target\":{\"@type\":\"EntryPoint\",\"urlTemplate\":\"https:\/\/bsartstudio.vn\/ja\/?s={search_term_string}\"},\"query-input\":{\"@type\":\"PropertyValueSpecification\",\"valueRequired\":true,\"valueName\":\"search_term_string\"}}],\"inLanguage\":\"vi-VN\"},{\"@type\":\"Organization\",\"@id\":\"https:\/\/bsartstudio.vn\/ja\/#organization\",\"name\":\"B\/S Art Studio\",\"url\":\"https:\/\/bsartstudio.vn\/ja\/\",\"logo\":{\"@type\":\"ImageObject\",\"inLanguage\":\"vi-VN\",\"@id\":\"https:\/\/bsartstudio.vn\/ja\/#\/schema\/logo\/image\/\",\"url\":\"https:\/\/bsartstudio.vn\/wp-content\/uploads\/2020\/03\/54526018_2272576089468053_1525084505319145472_n.jpg\",\"contentUrl\":\"https:\/\/bsartstudio.vn\/wp-content\/uploads\/2020\/03\/54526018_2272576089468053_1525084505319145472_n.jpg\",\"width\":958,\"height\":958,\"caption\":\"B\/S Art Studio\"},\"image\":{\"@id\":\"https:\/\/bsartstudio.vn\/ja\/#\/schema\/logo\/image\/\"}}]}<\/script>\n<!-- \/ Yoast SEO plugin. -->","yoast_head_json":{"title":"Ngh\u1ec7 S\u0129 Bam Bi - B\/S Art Studio","description":"V\u00f5 Ho\u00e0ng Ph\u01b0\u01a1ng Uy\u00ean (Bam Bi) \u0111\u00e3 th\u00e0nh l\u1eadp B\/S Art Studio v\u1edbi mong mu\u1ed1n chia s\u1ebb nh\u1eefng hi\u1ec3u bi\u1ebft v\u00e0 k\u00fd \u1ee9c c\u1ee7a m\u00ecnh v\u1ec1 v\u0103n h\u00f3a d\u00e2n t\u1ed9c c\u00f9ng nh\u1eefng gi\u00e1 tr\u1ecb truy\u1ec1n th\u1ed1ng Vi\u1ec7t Nam.","robots":{"index":"index","follow":"follow","max-snippet":"max-snippet:-1","max-image-preview":"max-image-preview:large","max-video-preview":"max-video-preview:-1"},"canonical":"https:\/\/bsartstudio.vn\/en\/bam-bi-the-artist\/","og_locale":"vi_VN","og_type":"article","og_title":"Ngh\u1ec7 S\u0129 Bam Bi - B\/S Art Studio","og_description":"V\u00f5 Ho\u00e0ng Ph\u01b0\u01a1ng Uy\u00ean (Bam Bi) \u0111\u00e3 th\u00e0nh l\u1eadp B\/S Art Studio v\u1edbi mong mu\u1ed1n chia s\u1ebb nh\u1eefng hi\u1ec3u bi\u1ebft v\u00e0 k\u00fd \u1ee9c c\u1ee7a m\u00ecnh v\u1ec1 v\u0103n h\u00f3a d\u00e2n t\u1ed9c c\u00f9ng nh\u1eefng gi\u00e1 tr\u1ecb truy\u1ec1n th\u1ed1ng Vi\u1ec7t Nam.","og_url":"https:\/\/bsartstudio.vn\/en\/bam-bi-the-artist\/","og_site_name":"B\/S Art Studio","article_modified_time":"2024-02-18T06:45:20+00:00","twitter_card":"summary_large_image","twitter_misc":{"Est. reading time":"8 minutes"},"schema":{"@context":"https:\/\/schema.org","@graph":[{"@type":"WebPage","@id":"https:\/\/bsartstudio.vn\/en\/bam-bi-the-artist\/","url":"https:\/\/bsartstudio.vn\/en\/bam-bi-the-artist\/","name":"Ngh\u1ec7 S\u0129 Bam Bi - B\/S Art Studio","isPartOf":{"@id":"https:\/\/bsartstudio.vn\/ja\/#website"},"datePublished":"2020-04-01T10:15:02+00:00","dateModified":"2024-02-18T06:45:20+00:00","description":"V\u00f5 Ho\u00e0ng Ph\u01b0\u01a1ng Uy\u00ean (Bam Bi) \u0111\u00e3 th\u00e0nh l\u1eadp B\/S Art Studio v\u1edbi mong mu\u1ed1n chia s\u1ebb nh\u1eefng hi\u1ec3u bi\u1ebft v\u00e0 k\u00fd \u1ee9c c\u1ee7a m\u00ecnh v\u1ec1 v\u0103n h\u00f3a d\u00e2n t\u1ed9c c\u00f9ng nh\u1eefng gi\u00e1 tr\u1ecb truy\u1ec1n th\u1ed1ng Vi\u1ec7t Nam.","breadcrumb":{"@id":"https:\/\/bsartstudio.vn\/en\/bam-bi-the-artist\/#breadcrumb"},"inLanguage":"vi-VN","potentialAction":[{"@type":"ReadAction","target":["https:\/\/bsartstudio.vn\/en\/bam-bi-the-artist\/"]}]},{"@type":"BreadcrumbList","@id":"https:\/\/bsartstudio.vn\/en\/bam-bi-the-artist\/#breadcrumb","itemListElement":[{"@type":"ListItem","position":1,"name":"Home","item":"https:\/\/bsartstudio.vn\/en\/"},{"@type":"ListItem","position":2,"name":"Ngh\u1ec7 S\u0129 Bam Bi"}]},{"@type":"WebSite","@id":"https:\/\/bsartstudio.vn\/ja\/#website","url":"https:\/\/bsartstudio.vn\/ja\/","name":"B\/S Art Studio","description":"","publisher":{"@id":"https:\/\/bsartstudio.vn\/ja\/#organization"},"potentialAction":[{"@type":"SearchAction","target":{"@type":"EntryPoint","urlTemplate":"https:\/\/bsartstudio.vn\/ja\/?s={search_term_string}"},"query-input":{"@type":"PropertyValueSpecification","valueRequired":true,"valueName":"search_term_string"}}],"inLanguage":"vi-VN"},{"@type":"Organization","@id":"https:\/\/bsartstudio.vn\/ja\/#organization","name":"B\/S Art Studio","url":"https:\/\/bsartstudio.vn\/ja\/","logo":{"@type":"ImageObject","inLanguage":"vi-VN","@id":"https:\/\/bsartstudio.vn\/ja\/#\/schema\/logo\/image\/","url":"https:\/\/bsartstudio.vn\/wp-content\/uploads\/2020\/03\/54526018_2272576089468053_1525084505319145472_n.jpg","contentUrl":"https:\/\/bsartstudio.vn\/wp-content\/uploads\/2020\/03\/54526018_2272576089468053_1525084505319145472_n.jpg","width":958,"height":958,"caption":"B\/S Art Studio"},"image":{"@id":"https:\/\/bsartstudio.vn\/ja\/#\/schema\/logo\/image\/"}}]}},"_links":{"self":[{"href":"https:\/\/bsartstudio.vn\/vi\/wp-json\/wp\/v2\/pages\/997"}],"collection":[{"href":"https:\/\/bsartstudio.vn\/vi\/wp-json\/wp\/v2\/pages"}],"about":[{"href":"https:\/\/bsartstudio.vn\/vi\/wp-json\/wp\/v2\/types\/page"}],"author":[{"embeddable":true,"href":"https:\/\/bsartstudio.vn\/vi\/wp-json\/wp\/v2\/users\/1"}],"replies":[{"embeddable":true,"href":"https:\/\/bsartstudio.vn\/vi\/wp-json\/wp\/v2\/comments?post=997"}],"version-history":[{"count":44,"href":"https:\/\/bsartstudio.vn\/vi\/wp-json\/wp\/v2\/pages\/997\/revisions"}],"predecessor-version":[{"id":8610,"href":"https:\/\/bsartstudio.vn\/vi\/wp-json\/wp\/v2\/pages\/997\/revisions\/8610"}],"wp:attachment":[{"href":"https:\/\/bsartstudio.vn\/vi\/wp-json\/wp\/v2\/media?parent=997"}],"curies":[{"name":"wp","href":"https:\/\/api.w.org\/{rel}","templated":true}]}}