{"id":9947,"date":"2025-11-17T12:32:32","date_gmt":"2025-11-17T05:32:32","guid":{"rendered":"https:\/\/bsartstudio.vn\/chinh-sach-doi-tra-hang\/"},"modified":"2025-11-18T17:50:06","modified_gmt":"2025-11-18T10:50:06","slug":"chinh-sach-doi-tra-hang","status":"publish","type":"page","link":"https:\/\/bsartstudio.vn\/vi\/chinh-sach-doi-tra-hang\/","title":{"rendered":"Ch\u00ednh S\u00e1ch \u0110\u1ed5i Tr\u1ea3 H\u00e0ng"},"content":{"rendered":"\n<p><\/p>\n\n\n\n<figure class=\"wp-block-image size-full is-style-default\"><img loading=\"lazy\" decoding=\"async\" width=\"1920\" height=\"1080\" src=\"https:\/\/bsartstudio.vn\/wp-content\/uploads\/2025\/02\/Order-Shipping-Process-BS-Art-Studio.jpg\" alt=\"Order &amp; Shipping Process BS Art Studio\" class=\"wp-image-9035\" srcset=\"https:\/\/bsartstudio.vn\/wp-content\/uploads\/2025\/02\/Order-Shipping-Process-BS-Art-Studio.jpg 1920w, https:\/\/bsartstudio.vn\/wp-content\/uploads\/2025\/02\/Order-Shipping-Process-BS-Art-Studio-1280x720.jpg 1280w, https:\/\/bsartstudio.vn\/wp-content\/uploads\/2025\/02\/Order-Shipping-Process-BS-Art-Studio-980x551.jpg 980w, https:\/\/bsartstudio.vn\/wp-content\/uploads\/2025\/02\/Order-Shipping-Process-BS-Art-Studio-480x270.jpg 480w\" sizes=\"(min-width: 0px) and (max-width: 480px) 480px, (min-width: 481px) and (max-width: 980px) 980px, (min-width: 981px) and (max-width: 1280px) 1280px, (min-width: 1281px) 1920px, 100vw\" \/><figcaption class=\"wp-element-caption\">Order &amp; Shipping Process BS Art Studio<\/figcaption><\/figure>\n\n\n\n<p class=\"has-black-color has-text-color has-link-color wp-elements-28a43c386afd5c208a4617f3ffb4e17b\"><p><span class=\"HwtZe\" lang=\"vi\"><span class=\"jCAhz ChMk0b\"><span class=\"ryNqvb\">T\u1ea1i B\/S Art Studio, ch\u00fang t\u00f4i cam k\u1ebft cung c\u1ea5p c\u00e1c s\u1ea3n ph\u1ea9m ngh\u1ec7 thu\u1eadt th\u1ee7 c\u00f4ng ch\u1ea5t l\u01b0\u1ee3ng cao v\u00e0 tr\u1ea3i nghi\u1ec7m mua s\u1eafm \u0111\u00e1ng tin c\u1eady.<\/span><\/span> <span class=\"jCAhz ChMk0b\"><span class=\"ryNqvb\">Do t\u00ednh ch\u1ea5t \u0111\u1ed9c \u0111\u00e1o v\u00e0 gi\u1edbi h\u1ea1n v\u1ec1 s\u1ed1 l\u01b0\u1ee3ng c\u1ee7a s\u1ea3n ph\u1ea9m, ch\u00fang t\u00f4i \u00e1p d\u1ee5ng <strong>ch\u00ednh s\u00e1ch \u0111\u1ed5i tr\u1ea3 sau<\/strong>:<\/span><\/span><\/span><\/p><\/p>\n\n\n\n<p><\/p>\n\n\n\n<h3 class=\"wp-block-heading\">S\u1ea3n ph\u1ea9m \u00e1p d\u1ee5ng:<\/h3>\n\n\n\n<p class=\"has-black-color has-text-color has-link-color wp-elements-0aa215dca778b2f01eec307e072727e7\">C\u00e1c s\u1ea3n ph\u1ea9m ngh\u1ec7 thu\u1eadt bao g\u1ed3m: T\u00e1c ph\u1ea9m ngh\u1ec7 thu\u1eadt v\u1ebd tay, S\u00e1ch minh h\u1ecda, N\u00f3n l\u00e1 trang tr\u00ed v\u00e0 \u0111\u1ed3 l\u01b0u ni\u1ec7m th\u1ee7 c\u00f4ng do B\/S Art Studio s\u1ea3n xu\u1ea5t.<\/p>\n\n\n\n<p class=\"has-black-color has-text-color has-link-color wp-elements-9ac00cf961d1ea846fe5a532228b76c6\"><\/p>\n\n\n\n<ul class=\"has-black-color has-text-color has-link-color wp-elements-710f61aa8ad7de02a1d0f37ff5b05228\">\n<li><p><strong>Ch\u00fang t\u00f4i ch\u1ec9 ch\u1ea5p nh\u1eadn \u0111\u1ed5i h\u00e0ng. Kh\u00f4ng ch\u1ea5p nh\u1eadn tr\u1ea3 h\u00e0ng ho\u1eb7c ho\u00e0n ti\u1ec1n.<\/strong><\/p><\/li>\n<\/ul>\n\n\n\n<ul class=\"has-black-color has-text-color has-link-color wp-elements-12b34ce0aa60f0a82c81a96f8accb5c0\">\n<li><p><span class=\"HwtZe\" lang=\"vi\"><span class=\"jCAhz ChMk0b\"><span class=\"ryNqvb\">Vi\u1ec7c \u0111\u1ed5i h\u00e0ng ch\u1ec9 \u0111\u01b0\u1ee3c ch\u1ea5p nh\u1eadn n\u1ebfu s\u1ea3n ph\u1ea9m b\u1ecb h\u01b0 h\u1ecfng (r\u00e1ch, v\u1ee1 ho\u1eb7c l\u1ed7i nghi\u00eam tr\u1ecdng) v\u00e0 \u0111\u01b0\u1ee3c <strong>quay phim l\u1ea1i r\u00f5 r\u00e0ng b\u1eb1ng video trong qu\u00e1 tr\u00ecnh m\u1edf h\u1ed9p.<\/strong><\/span><\/span><\/span><\/p><\/li>\n<\/ul>\n\n\n\n<p><\/p>\n\n\n\n<h2 class=\"wp-block-heading\">B\u1eb1ng ch\u1ee9ng qua Video m\u1edf h\u1ed9p:<\/h2>\n\n\n\n<ul class=\"has-black-color has-text-color has-link-color wp-elements-365cc297433ab423608de998da41d25a\">\n<li><p><span class=\"HwtZe\" lang=\"vi\"><span class=\"jCAhz ChMk0b\"><span class=\"ryNqvb\">Kh\u00e1ch h\u00e0ng ph\u1ea3i <strong>quay video li\u00ean t\u1ee5c, kh\u00f4ng ch\u1ec9nh s\u1eeda v\u1ec1 qu\u00e1 tr\u00ecnh m\u1edf h\u1ed9p<\/strong>, cho th\u1ea5y r\u00f5 t\u00ecnh tr\u1ea1ng c\u1ee7a bao b\u00ec b\u00ean ngo\u00e0i v\u00e0 s\u1ea3n ph\u1ea9m b\u00ean trong.<\/span><\/span><\/span><\/p><\/li>\n<\/ul>\n\n\n\n<ul class=\"has-black-color has-text-color has-link-color wp-elements-9de2c8938bf3e720ab08f127688c0129\">\n<li>Video ph\u1ea3i hi\u1ec3n th\u1ecb: th\u1eddi \u0111i\u1ec3m m\u1edf g\u00f3i h\u00e0ng, h\u01b0 h\u1ecfng c\u00f3 th\u1ec3 nh\u00ecn th\u1ea5y (n\u1ebfu c\u00f3) v\u00e0 s\u1ea3n ph\u1ea9m ch\u01b0a \u0111\u01b0\u1ee3c s\u1eed d\u1ee5ng.<\/li>\n<\/ul>\n\n\n\n<ul class=\"has-black-color has-text-color has-link-color wp-elements-8248a85ae75796bff03ff571378e2f0a\">\n<li><p><strong><span class=\"HwtZe\" lang=\"vi\"><span class=\"jCAhz ChMk0b\"><span class=\"ryNqvb\">Y\u00eau c\u1ea7u \u0111\u1ed5i h\u00e0ng s\u1ebd kh\u00f4ng \u0111\u1ee7 \u0111i\u1ec1u ki\u1ec7n n\u1ebfu kh\u00f4ng c\u00f3 video m\u1edf h\u1ed9p.<\/span><\/span><\/span><\/strong><\/p><\/li>\n<\/ul>\n\n\n\n<p><\/p>\n\n\n\n<h2 class=\"wp-block-heading\">Th\u1eddi gian th\u00f4ng b\u00e1o v\u00e0 x\u1eed l\u00fd:<\/h2>\n\n\n\n<ul class=\"has-black-color has-text-color has-link-color wp-elements-eb7d7b5d274b09e9de0441a0fb588ec9\">\n<li><p><span class=\"HwtZe\" lang=\"vi\"><span class=\"jCAhz ChMk0b\"><span class=\"ryNqvb\">Kh\u00e1ch h\u00e0ng ph\u1ea3i <strong>g\u1eedi video v\u00e0 y\u00eau c\u1ea7u \u0111\u1ed5i h\u00e0ng trong v\u00f2ng 48 gi\u1edd k\u1ec3 t\u1eeb khi nh\u1eadn h\u00e0ng.<\/strong><\/span><\/span><\/span><\/p><\/li>\n<\/ul>\n\n\n\n<ul class=\"has-black-color has-text-color has-link-color wp-elements-ee84d3785d05c5e06a126b923ace49b8\">\n<li><p><span class=\"HwtZe\" lang=\"vi\"><span class=\"jCAhz ChMk0b\"><span class=\"ryNqvb\">Sau khi x\u00e1c minh \u0111\u01b0\u1ee3c v\u1ea5n \u0111\u1ec1 li\u00ean quan \u0111\u1ebfn v\u1eadn chuy\u1ec3n, <strong>ch\u00fang t\u00f4i s\u1ebd g\u1eedi s\u1ea3n ph\u1ea9m thay th\u1ebf m\u00e0 kh\u00f4ng t\u00ednh th\u00eam b\u1ea5t k\u1ef3 chi ph\u00ed n\u00e0o, bao g\u1ed3m c\u1ea3 ph\u00ed v\u1eadn chuy\u1ec3n qu\u1ed1c t\u1ebf.<\/strong><\/span><\/span><\/span><\/p><\/li>\n<\/ul>\n\n\n\n<p><\/p>\n\n\n\n<h2 class=\"wp-block-heading\">Kh\u00f4ng ch\u1ea5p nh\u1eadn \u0111\u1ed5i h\u00e0ng n\u1ebfu:<\/h2>\n\n\n\n<ul class=\"has-black-color has-text-color has-link-color wp-elements-f906bd3fe2f10d99512d3cc4e4c1fcc0\">\n<li>S\u1ea3n ph\u1ea9m b\u1ecb h\u01b0 h\u1ecfng do s\u1eed d\u1ee5ng sai m\u1ee5c \u0111\u00edch sau khi giao h\u00e0ng.<\/li>\n<\/ul>\n\n\n\n<ul class=\"has-black-color has-text-color has-link-color wp-elements-f259c603061bfefa4d54c7330cf6313c\">\n<li>Kh\u00f4ng c\u00f3 b\u1eb1ng ch\u1ee9ng video n\u00e0o \u0111\u01b0\u1ee3c cung c\u1ea5p khi m\u1edf h\u1ed9p.<\/li>\n<\/ul>\n\n\n\n<ul class=\"has-black-color has-text-color has-link-color wp-elements-0e44439fd5d532be9830070e9816a59f\">\n<li>Y\u00eau c\u1ea7u d\u1ef1a tr\u00ean s\u1edf th\u00edch c\u00e1 nh\u00e2n, thay \u0111\u1ed5i \u00fd \u0111\u1ecbnh ho\u1eb7c y\u00eau c\u1ea7u thay \u0111\u1ed5i m\u1eabu m\u00e3\/thi\u1ebft k\u1ebf.<\/li>\n<\/ul>\n\n\n\n<p><\/p>\n\n\n\n<h2 class=\"wp-block-heading\">V\u1eadn chuy\u1ec3n &amp; Giao h\u00e0ng:<\/h2>\n\n\n\n<ul class=\"has-black-color has-text-color has-link-color wp-elements-15f0bf7325b94b736e4b25eb08cc3201\">\n<li>Ch\u00fang t\u00f4i v\u1eadn chuy\u1ec3n tr\u00ean to\u00e0n th\u1ebf gi\u1edbi b\u1eb1ng c\u00e1c h\u00e3ng chuy\u1ec3n ph\u00e1t nhanh qu\u1ed1c t\u1ebf \u0111\u00e1ng tin c\u1eady nh\u01b0 EMS, UPS v\u00e0 VN Post qua \u0111\u01b0\u1eddng h\u00e0ng kh\u00f4ng.<\/li>\n<\/ul>\n\n\n\n<ul class=\"has-black-color has-text-color has-link-color wp-elements-66429467c00f7ea715b1f275dc30a3c6\">\n<li>B\/S Art Studio \u0111\u1ea3m b\u1ea3o \u0111\u00f3ng g\u00f3i c\u1ea9n th\u1eadn \u0111\u1ec3 gi\u1ea3m thi\u1ec3u h\u01b0 h\u1ecfng trong qu\u00e1 tr\u00ecnh v\u1eadn chuy\u1ec3n.<\/li>\n<\/ul>\n\n\n\n<p><\/p>\n\n\n\n<h2 class=\"wp-block-heading\">Li\u00ean H\u1ec7 Gi\u00fap \u0110\u1ee1?<\/h2>\n\n\n\n<p class=\"has-black-color has-text-color has-link-color wp-elements-90c661577fc363a6bb74bedfc96afad9\">M\u1ecdi th\u1eafc m\u1eafc v\u1ec1 Thanh To\u00e1n, G\u1eedi H\u00e0ng, \u0110\u1ed5i H\u00e0ng xin li\u00ean h\u1ec7 ch\u00fang t\u00f4i qua email: contact@bsartstudio.vn<\/p>\n\n\n\n<p><\/p>\n\n\n\n<p><\/p>\n\n\n\n<p><\/p>\n","protected":false},"excerpt":{"rendered":"<p>T\u1ea1i B\/S Art Studio, ch\u00fang t\u00f4i cam k\u1ebft cung c\u1ea5p c\u00e1c s\u1ea3n ph\u1ea9m ngh\u1ec7 thu\u1eadt th\u1ee7 c\u00f4ng ch\u1ea5t l\u01b0\u1ee3ng cao v\u00e0 tr\u1ea3i nghi\u1ec7m mua s\u1eafm \u0111\u00e1ng tin c\u1eady. Do t\u00ednh ch\u1ea5t \u0111\u1ed9c \u0111\u00e1o v\u00e0 gi\u1edbi h\u1ea1n v\u1ec1 s\u1ed1 l\u01b0\u1ee3ng c\u1ee7a s\u1ea3n ph\u1ea9m, ch\u00fang t\u00f4i \u00e1p d\u1ee5ng ch\u00ednh s\u00e1ch \u0111\u1ed5i tr\u1ea3 sau: S\u1ea3n ph\u1ea9m \u00e1p d\u1ee5ng: [&hellip;]<\/p>\n","protected":false},"author":2,"featured_media":9037,"parent":0,"menu_order":0,"comment_status":"closed","ping_status":"closed","template":"","meta":{"_et_pb_use_builder":"off","_et_pb_old_content":"","_et_gb_content_width":"","footnotes":""},"yoast_head":"<!-- This site is optimized with the Yoast SEO plugin v24.5 - https:\/\/yoast.com\/wordpress\/plugins\/seo\/ -->\n<title>Ch\u00ednh S\u00e1ch \u0110\u1ed5i Tr\u1ea3 H\u00e0ng - B\/S Art Studio<\/title>\n<meta name=\"description\" content=\"Ch\u00fang t\u00f4i cam k\u1ebft cung c\u1ea5p c\u00e1c s\u1ea3n ph\u1ea9m ngh\u1ec7 thu\u1eadt th\u1ee7 c\u00f4ng ch\u1ea5t l\u01b0\u1ee3ng cao. Do t\u00ednh ch\u1ea5t \u0111\u1ed9c \u0111\u00e1o v\u00e0 d\u1ec5 v\u1ee1, ch\u00fang t\u00f4i \u00e1p d\u1ee5ng ch\u00ednh s\u00e1ch \u0111\u1ed5i tr\u1ea3 sau.\" \/>\n<meta name=\"robots\" content=\"index, follow, max-snippet:-1, max-image-preview:large, max-video-preview:-1\" \/>\n<link rel=\"canonical\" href=\"https:\/\/bsartstudio.vn\/vi\/chinh-sach-doi-tra-hang\/\" \/>\n<meta property=\"og:locale\" content=\"vi_VN\" \/>\n<meta property=\"og:type\" content=\"article\" \/>\n<meta property=\"og:title\" content=\"Ch\u00ednh S\u00e1ch \u0110\u1ed5i Tr\u1ea3 H\u00e0ng - B\/S Art Studio\" \/>\n<meta property=\"og:description\" content=\"Ch\u00fang t\u00f4i cam k\u1ebft cung c\u1ea5p c\u00e1c s\u1ea3n ph\u1ea9m ngh\u1ec7 thu\u1eadt th\u1ee7 c\u00f4ng ch\u1ea5t l\u01b0\u1ee3ng cao. Do t\u00ednh ch\u1ea5t \u0111\u1ed9c \u0111\u00e1o v\u00e0 d\u1ec5 v\u1ee1, ch\u00fang t\u00f4i \u00e1p d\u1ee5ng ch\u00ednh s\u00e1ch \u0111\u1ed5i tr\u1ea3 sau.\" \/>\n<meta property=\"og:url\" content=\"https:\/\/bsartstudio.vn\/vi\/chinh-sach-doi-tra-hang\/\" \/>\n<meta property=\"og:site_name\" content=\"B\/S Art Studio\" \/>\n<meta property=\"article:modified_time\" content=\"2025-11-18T10:50:06+00:00\" \/>\n<meta property=\"og:image\" content=\"https:\/\/bsartstudio.vn\/wp-content\/uploads\/2025\/02\/Order-Shipping-Process-BS-Art-Studio.jpg\" \/>\n\t<meta property=\"og:image:width\" content=\"1920\" \/>\n\t<meta property=\"og:image:height\" content=\"1080\" \/>\n\t<meta property=\"og:image:type\" content=\"image\/jpeg\" \/>\n<meta name=\"twitter:card\" content=\"summary_large_image\" \/>\n<meta name=\"twitter:label1\" content=\"Est. reading time\" \/>\n\t<meta name=\"twitter:data1\" content=\"3 minutes\" \/>\n<script type=\"application\/ld+json\" class=\"yoast-schema-graph\">{\"@context\":\"https:\/\/schema.org\",\"@graph\":[{\"@type\":\"WebPage\",\"@id\":\"https:\/\/bsartstudio.vn\/vi\/chinh-sach-doi-tra-hang\/\",\"url\":\"https:\/\/bsartstudio.vn\/vi\/chinh-sach-doi-tra-hang\/\",\"name\":\"Ch\u00ednh S\u00e1ch \u0110\u1ed5i Tr\u1ea3 H\u00e0ng - B\/S Art Studio\",\"isPartOf\":{\"@id\":\"https:\/\/bsartstudio.vn\/ja\/#website\"},\"primaryImageOfPage\":{\"@id\":\"https:\/\/bsartstudio.vn\/vi\/chinh-sach-doi-tra-hang\/#primaryimage\"},\"image\":{\"@id\":\"https:\/\/bsartstudio.vn\/vi\/chinh-sach-doi-tra-hang\/#primaryimage\"},\"thumbnailUrl\":\"https:\/\/bsartstudio.vn\/wp-content\/uploads\/2025\/02\/Order-Shipping-Process-BS-Art-Studio.jpg\",\"datePublished\":\"2025-11-17T05:32:32+00:00\",\"dateModified\":\"2025-11-18T10:50:06+00:00\",\"description\":\"Ch\u00fang t\u00f4i cam k\u1ebft cung c\u1ea5p c\u00e1c s\u1ea3n ph\u1ea9m ngh\u1ec7 thu\u1eadt th\u1ee7 c\u00f4ng ch\u1ea5t l\u01b0\u1ee3ng cao. Do t\u00ednh ch\u1ea5t \u0111\u1ed9c \u0111\u00e1o v\u00e0 d\u1ec5 v\u1ee1, ch\u00fang t\u00f4i \u00e1p d\u1ee5ng ch\u00ednh s\u00e1ch \u0111\u1ed5i tr\u1ea3 sau.\",\"breadcrumb\":{\"@id\":\"https:\/\/bsartstudio.vn\/vi\/chinh-sach-doi-tra-hang\/#breadcrumb\"},\"inLanguage\":\"vi-VN\",\"potentialAction\":[{\"@type\":\"ReadAction\",\"target\":[\"https:\/\/bsartstudio.vn\/vi\/chinh-sach-doi-tra-hang\/\"]}]},{\"@type\":\"ImageObject\",\"inLanguage\":\"vi-VN\",\"@id\":\"https:\/\/bsartstudio.vn\/vi\/chinh-sach-doi-tra-hang\/#primaryimage\",\"url\":\"https:\/\/bsartstudio.vn\/wp-content\/uploads\/2025\/02\/Order-Shipping-Process-BS-Art-Studio.jpg\",\"contentUrl\":\"https:\/\/bsartstudio.vn\/wp-content\/uploads\/2025\/02\/Order-Shipping-Process-BS-Art-Studio.jpg\",\"width\":1920,\"height\":1080,\"caption\":\"Order &amp; Shipping Process BS Art Studio\"},{\"@type\":\"BreadcrumbList\",\"@id\":\"https:\/\/bsartstudio.vn\/vi\/chinh-sach-doi-tra-hang\/#breadcrumb\",\"itemListElement\":[{\"@type\":\"ListItem\",\"position\":1,\"name\":\"Home\",\"item\":\"https:\/\/bsartstudio.vn\/en\/\"},{\"@type\":\"ListItem\",\"position\":2,\"name\":\"Ch\u00ednh S\u00e1ch \u0110\u1ed5i Tr\u1ea3 H\u00e0ng\"}]},{\"@type\":\"WebSite\",\"@id\":\"https:\/\/bsartstudio.vn\/ja\/#website\",\"url\":\"https:\/\/bsartstudio.vn\/ja\/\",\"name\":\"B\/S Art Studio\",\"description\":\"\",\"publisher\":{\"@id\":\"https:\/\/bsartstudio.vn\/ja\/#organization\"},\"potentialAction\":[{\"@type\":\"SearchAction\",\"target\":{\"@type\":\"EntryPoint\",\"urlTemplate\":\"https:\/\/bsartstudio.vn\/ja\/?s={search_term_string}\"},\"query-input\":{\"@type\":\"PropertyValueSpecification\",\"valueRequired\":true,\"valueName\":\"search_term_string\"}}],\"inLanguage\":\"vi-VN\"},{\"@type\":\"Organization\",\"@id\":\"https:\/\/bsartstudio.vn\/ja\/#organization\",\"name\":\"B\/S Art Studio\",\"url\":\"https:\/\/bsartstudio.vn\/ja\/\",\"logo\":{\"@type\":\"ImageObject\",\"inLanguage\":\"vi-VN\",\"@id\":\"https:\/\/bsartstudio.vn\/ja\/#\/schema\/logo\/image\/\",\"url\":\"https:\/\/bsartstudio.vn\/wp-content\/uploads\/2020\/03\/54526018_2272576089468053_1525084505319145472_n.jpg\",\"contentUrl\":\"https:\/\/bsartstudio.vn\/wp-content\/uploads\/2020\/03\/54526018_2272576089468053_1525084505319145472_n.jpg\",\"width\":958,\"height\":958,\"caption\":\"B\/S Art Studio\"},\"image\":{\"@id\":\"https:\/\/bsartstudio.vn\/ja\/#\/schema\/logo\/image\/\"}}]}<\/script>\n<!-- \/ Yoast SEO plugin. -->","yoast_head_json":{"title":"Ch\u00ednh S\u00e1ch \u0110\u1ed5i Tr\u1ea3 H\u00e0ng - B\/S Art Studio","description":"Ch\u00fang t\u00f4i cam k\u1ebft cung c\u1ea5p c\u00e1c s\u1ea3n ph\u1ea9m ngh\u1ec7 thu\u1eadt th\u1ee7 c\u00f4ng ch\u1ea5t l\u01b0\u1ee3ng cao. Do t\u00ednh ch\u1ea5t \u0111\u1ed9c \u0111\u00e1o v\u00e0 d\u1ec5 v\u1ee1, ch\u00fang t\u00f4i \u00e1p d\u1ee5ng ch\u00ednh s\u00e1ch \u0111\u1ed5i tr\u1ea3 sau.","robots":{"index":"index","follow":"follow","max-snippet":"max-snippet:-1","max-image-preview":"max-image-preview:large","max-video-preview":"max-video-preview:-1"},"canonical":"https:\/\/bsartstudio.vn\/vi\/chinh-sach-doi-tra-hang\/","og_locale":"vi_VN","og_type":"article","og_title":"Ch\u00ednh S\u00e1ch \u0110\u1ed5i Tr\u1ea3 H\u00e0ng - B\/S Art Studio","og_description":"Ch\u00fang t\u00f4i cam k\u1ebft cung c\u1ea5p c\u00e1c s\u1ea3n ph\u1ea9m ngh\u1ec7 thu\u1eadt th\u1ee7 c\u00f4ng ch\u1ea5t l\u01b0\u1ee3ng cao. Do t\u00ednh ch\u1ea5t \u0111\u1ed9c \u0111\u00e1o v\u00e0 d\u1ec5 v\u1ee1, ch\u00fang t\u00f4i \u00e1p d\u1ee5ng ch\u00ednh s\u00e1ch \u0111\u1ed5i tr\u1ea3 sau.","og_url":"https:\/\/bsartstudio.vn\/vi\/chinh-sach-doi-tra-hang\/","og_site_name":"B\/S Art Studio","article_modified_time":"2025-11-18T10:50:06+00:00","og_image":[{"width":1920,"height":1080,"url":"https:\/\/bsartstudio.vn\/wp-content\/uploads\/2025\/02\/Order-Shipping-Process-BS-Art-Studio.jpg","type":"image\/jpeg"}],"twitter_card":"summary_large_image","twitter_misc":{"Est. reading time":"3 minutes"},"schema":{"@context":"https:\/\/schema.org","@graph":[{"@type":"WebPage","@id":"https:\/\/bsartstudio.vn\/vi\/chinh-sach-doi-tra-hang\/","url":"https:\/\/bsartstudio.vn\/vi\/chinh-sach-doi-tra-hang\/","name":"Ch\u00ednh S\u00e1ch \u0110\u1ed5i Tr\u1ea3 H\u00e0ng - B\/S Art Studio","isPartOf":{"@id":"https:\/\/bsartstudio.vn\/ja\/#website"},"primaryImageOfPage":{"@id":"https:\/\/bsartstudio.vn\/vi\/chinh-sach-doi-tra-hang\/#primaryimage"},"image":{"@id":"https:\/\/bsartstudio.vn\/vi\/chinh-sach-doi-tra-hang\/#primaryimage"},"thumbnailUrl":"https:\/\/bsartstudio.vn\/wp-content\/uploads\/2025\/02\/Order-Shipping-Process-BS-Art-Studio.jpg","datePublished":"2025-11-17T05:32:32+00:00","dateModified":"2025-11-18T10:50:06+00:00","description":"Ch\u00fang t\u00f4i cam k\u1ebft cung c\u1ea5p c\u00e1c s\u1ea3n ph\u1ea9m ngh\u1ec7 thu\u1eadt th\u1ee7 c\u00f4ng ch\u1ea5t l\u01b0\u1ee3ng cao. Do t\u00ednh ch\u1ea5t \u0111\u1ed9c \u0111\u00e1o v\u00e0 d\u1ec5 v\u1ee1, ch\u00fang t\u00f4i \u00e1p d\u1ee5ng ch\u00ednh s\u00e1ch \u0111\u1ed5i tr\u1ea3 sau.","breadcrumb":{"@id":"https:\/\/bsartstudio.vn\/vi\/chinh-sach-doi-tra-hang\/#breadcrumb"},"inLanguage":"vi-VN","potentialAction":[{"@type":"ReadAction","target":["https:\/\/bsartstudio.vn\/vi\/chinh-sach-doi-tra-hang\/"]}]},{"@type":"ImageObject","inLanguage":"vi-VN","@id":"https:\/\/bsartstudio.vn\/vi\/chinh-sach-doi-tra-hang\/#primaryimage","url":"https:\/\/bsartstudio.vn\/wp-content\/uploads\/2025\/02\/Order-Shipping-Process-BS-Art-Studio.jpg","contentUrl":"https:\/\/bsartstudio.vn\/wp-content\/uploads\/2025\/02\/Order-Shipping-Process-BS-Art-Studio.jpg","width":1920,"height":1080,"caption":"Order &amp; Shipping Process BS Art Studio"},{"@type":"BreadcrumbList","@id":"https:\/\/bsartstudio.vn\/vi\/chinh-sach-doi-tra-hang\/#breadcrumb","itemListElement":[{"@type":"ListItem","position":1,"name":"Home","item":"https:\/\/bsartstudio.vn\/en\/"},{"@type":"ListItem","position":2,"name":"Ch\u00ednh S\u00e1ch \u0110\u1ed5i Tr\u1ea3 H\u00e0ng"}]},{"@type":"WebSite","@id":"https:\/\/bsartstudio.vn\/ja\/#website","url":"https:\/\/bsartstudio.vn\/ja\/","name":"B\/S Art Studio","description":"","publisher":{"@id":"https:\/\/bsartstudio.vn\/ja\/#organization"},"potentialAction":[{"@type":"SearchAction","target":{"@type":"EntryPoint","urlTemplate":"https:\/\/bsartstudio.vn\/ja\/?s={search_term_string}"},"query-input":{"@type":"PropertyValueSpecification","valueRequired":true,"valueName":"search_term_string"}}],"inLanguage":"vi-VN"},{"@type":"Organization","@id":"https:\/\/bsartstudio.vn\/ja\/#organization","name":"B\/S Art Studio","url":"https:\/\/bsartstudio.vn\/ja\/","logo":{"@type":"ImageObject","inLanguage":"vi-VN","@id":"https:\/\/bsartstudio.vn\/ja\/#\/schema\/logo\/image\/","url":"https:\/\/bsartstudio.vn\/wp-content\/uploads\/2020\/03\/54526018_2272576089468053_1525084505319145472_n.jpg","contentUrl":"https:\/\/bsartstudio.vn\/wp-content\/uploads\/2020\/03\/54526018_2272576089468053_1525084505319145472_n.jpg","width":958,"height":958,"caption":"B\/S Art Studio"},"image":{"@id":"https:\/\/bsartstudio.vn\/ja\/#\/schema\/logo\/image\/"}}]}},"_links":{"self":[{"href":"https:\/\/bsartstudio.vn\/vi\/wp-json\/wp\/v2\/pages\/9947"}],"collection":[{"href":"https:\/\/bsartstudio.vn\/vi\/wp-json\/wp\/v2\/pages"}],"about":[{"href":"https:\/\/bsartstudio.vn\/vi\/wp-json\/wp\/v2\/types\/page"}],"author":[{"embeddable":true,"href":"https:\/\/bsartstudio.vn\/vi\/wp-json\/wp\/v2\/users\/2"}],"replies":[{"embeddable":true,"href":"https:\/\/bsartstudio.vn\/vi\/wp-json\/wp\/v2\/comments?post=9947"}],"version-history":[{"count":8,"href":"https:\/\/bsartstudio.vn\/vi\/wp-json\/wp\/v2\/pages\/9947\/revisions"}],"predecessor-version":[{"id":9987,"href":"https:\/\/bsartstudio.vn\/vi\/wp-json\/wp\/v2\/pages\/9947\/revisions\/9987"}],"wp:featuredmedia":[{"embeddable":true,"href":"https:\/\/bsartstudio.vn\/vi\/wp-json\/wp\/v2\/media\/9037"}],"wp:attachment":[{"href":"https:\/\/bsartstudio.vn\/vi\/wp-json\/wp\/v2\/media?parent=9947"}],"curies":[{"name":"wp","href":"https:\/\/api.w.org\/{rel}","templated":true}]}}