{"id":991,"date":"2020-03-31T20:15:51","date_gmt":"2020-03-31T13:15:51","guid":{"rendered":"https:\/\/bsartstudio.vn\/products\/"},"modified":"2025-02-23T17:54:52","modified_gmt":"2025-02-23T10:54:52","slug":"san_pham_nghe_thuat","status":"publish","type":"page","link":"https:\/\/bsartstudio.vn\/vi\/san_pham_nghe_thuat\/","title":{"rendered":"S\u1ea3n Ph\u1ea9m Ngh\u1ec7 Thu\u1eadt"},"content":{"rendered":"\r\n<p>[et_pb_section fb_built=&#8221;1&#8243; admin_label=&#8221;Page Title Section&#8221; _builder_version=&#8221;4.17.4&#8243; background_enable_color=&#8221;off&#8221; use_background_color_gradient=&#8221;on&#8221; background_color_gradient_direction=&#8221;120deg&#8221; background_color_gradient_stops=&#8221;#000000 0%|rgba(0, 0, 0, 0.72) 25%|rgba(0,0,0,0) 100%&#8221; background_image=&#8221;https:\/\/bsartstudio.vn\/wp-content\/uploads\/2025\/01\/30.12.2024-hinh-khu-vuc-chi-Dau.jpg&#8221; width=&#8221;100%&#8221; max_width=&#8221;100%&#8221; min_height=&#8221;530px&#8221; height=&#8221;530px&#8221; custom_padding=&#8221;110px||110px|&#8221; hover_enabled=&#8221;0&#8243; locked=&#8221;off&#8221; global_colors_info=&#8221;{}&#8221; alt=&#8221;Art Products&#8221; title_text=&#8221;Art Products&#8221; sticky_enabled=&#8221;0&#8243; parallax=&#8221;on&#8221;][et_pb_row column_structure=&#8221;1_2,1_2&#8243; admin_label=&#8221;Page Title Area&#8221; _builder_version=&#8221;4.16&#8243; global_colors_info=&#8221;{}&#8221;][et_pb_column type=&#8221;1_2&#8243; _builder_version=&#8221;4.16&#8243; custom_padding=&#8221;|||&#8221; custom_padding__hover=&#8221;|||&#8221;][et_pb_text admin_label=&#8221;Title&#8221; _builder_version=&#8221;4.17.4&#8243; text_font=&#8221;||||||||&#8221; header_font=&#8221;Baloo 2|600|||||||&#8221; header_font_size=&#8221;60px&#8221; header_line_height=&#8221;1.2em&#8221; header_2_font=&#8221;||||||||&#8221; header_2_font_size=&#8221;60px&#8221; custom_margin=&#8221;||20px|&#8221; animation_style=&#8221;fade&#8221; header_font_size_tablet=&#8221;&#8221; header_font_size_phone=&#8221;40px&#8221; header_font_size_last_edited=&#8221;on|phone&#8221; text_text_shadow_style=&#8221;preset5&#8243; text_text_shadow_horizontal_length=&#8221;-0.2em&#8221; text_text_shadow_color=&#8221;#000000&#8243; global_colors_info=&#8221;{}&#8221;]<\/p>\r\n<h1 style=\"text-align: left;\">S\u1ea3n Ph\u1ea9m<\/h1>\r\n<p>[\/et_pb_text][et_pb_text admin_label=&#8221;Page Subtitle&#8221; _builder_version=&#8221;4.17.4&#8243; text_font=&#8221;Montserrat||||||||&#8221; header_font=&#8221;||||||||&#8221; animation_style=&#8221;fade&#8221; global_colors_info=&#8221;{}&#8221;]<\/p>\r\n<h4 style=\"text-align: left;\"><em><span style=\"color: #ffffff;\">B\/S Art Studio l\u00e0 n\u01a1i t\u1ed1t nh\u1ea5t b\u1ea1n c\u00f3 th\u1ec3 s\u1edf h\u1eefu b\u1ea3n g\u1ed1c nh\u1eefng t\u00e1c ph\u1ea9m ngh\u1ec7 thu\u1eadt Vi\u1ec7t Nam, thi\u1ebft k\u1ebf \u0111\u1ed9c \u0111\u00e1o v\u00e0 qu\u00e0 t\u1eb7ng ngh\u1ec7 thu\u1eadt th\u1ee7 c\u00f4ng \u0111\u01b0\u1ee3c s\u00e1ng t\u1ea1o ra b\u1edfi c\u00e1c ngh\u1ec7 s\u0129 Vi\u1ec7t Nam .<\/span><\/em><\/h4>\r\n<p>[\/et_pb_text][\/et_pb_column][et_pb_column type=&#8221;1_2&#8243; _builder_version=&#8221;4.16&#8243; custom_padding=&#8221;|||&#8221; custom_padding__hover=&#8221;|||&#8221;][\/et_pb_column][\/et_pb_row][\/et_pb_section][et_pb_section fb_built=&#8221;1&#8243; admin_label=&#8221;About Us Section&#8221; _builder_version=&#8221;4.17.4&#8243; background_color=&#8221;gcid-a23be859-0f3b-420e-a7a4-b19734b690b3&#8243; custom_padding=&#8221;70px||70px||false|false&#8221; hover_enabled=&#8221;0&#8243; locked=&#8221;off&#8221; global_colors_info=&#8221;{%22gcid-a23be859-0f3b-420e-a7a4-b19734b690b3%22:%91%22background_color%22%93}&#8221; sticky_enabled=&#8221;0&#8243;][et_pb_row admin_label=&#8221;About Us Area&#8221; _builder_version=&#8221;4.17.4&#8243; custom_padding=&#8221;0%|5%|0%|5%|false|false&#8221; global_colors_info=&#8221;{}&#8221;][et_pb_column type=&#8221;4_4&#8243; _builder_version=&#8221;4.16&#8243; custom_padding=&#8221;|||&#8221; global_colors_info=&#8221;{}&#8221; custom_padding__hover=&#8221;|||&#8221;][et_pb_text admin_label=&#8221;Title&#8221; _builder_version=&#8221;4.17.4&#8243; text_font=&#8221;||||||||&#8221; header_2_font=&#8221;Poppins|600|||||||&#8221; header_2_font_size=&#8221;36px&#8221; header_2_line_height=&#8221;1.2em&#8221; max_width=&#8221;525px&#8221; module_alignment=&#8221;center&#8221; custom_margin=&#8221;||0px|&#8221; animation_style=&#8221;fade&#8221; global_colors_info=&#8221;{}&#8221;]<\/p>\r\n<h2>S\u1ea3n Ph\u1ea9m Ngh\u1ec7 Thu\u1eadt<\/h2>\r\n<p>[\/et_pb_text][et_pb_divider color=&#8221;#B7944E&#8221; divider_position=&#8221;center&#8221; divider_weight=&#8221;3px&#8221; _builder_version=&#8221;4.16&#8243; max_width=&#8221;50px&#8221; module_alignment=&#8221;center&#8221; custom_margin=&#8221;|||&#8221; animation_style=&#8221;slide&#8221; animation_direction=&#8221;top&#8221; animation_intensity_slide=&#8221;10%&#8221; animation_starting_opacity=&#8221;100%&#8221; global_colors_info=&#8221;{}&#8221;][\/et_pb_divider][et_pb_text _builder_version=&#8221;4.17.4&#8243; module_alignment=&#8221;center&#8221; custom_margin=&#8221;|||&#8221; animation_style=&#8221;fade&#8221; global_colors_info=&#8221;{}&#8221;]<\/p>\r\n<p>M\u1ed7i t\u00e1c ph\u1ea9m l\u00e0 m\u1ed9t m\u00f3n qu\u00e0 ngh\u1ec7 thu\u1eadt \u00fd ngh\u0129a, \u1ea9n ch\u1ee9a th\u00f4ng \u0111i\u1ec7p v\u00e0 c\u00e2u chuy\u1ec7n ri\u00eang, truy\u1ec1n t\u1ea3i gi\u00e1 tr\u1ecb s\u1ed1ng c\u1ee7a con ng\u01b0\u1eddi.<\/p>\r\n<p>Kh\u00e1m ph\u00e1 b\u1ed9 s\u01b0u t\u1eadp c\u1ee7a ch\u00fang t\u00f4i v\u00e0 t\u00ecm nh\u1eefng m\u00f3n qu\u00e0 ngh\u1ec7 thu\u1eadt th\u1eadt \u00fd ngh\u0129a, d\u00e0nh t\u1eb7ng nh\u1eefng ng\u01b0\u1eddi th\u00e2n y\u00eau c\u1ee7a b\u1ea1n.<\/p>\r\n<p>[\/et_pb_text][\/et_pb_column][\/et_pb_row][\/et_pb_section][et_pb_section fb_built=&#8221;1&#8243; admin_label=&#8221;Products Section&#8221; _builder_version=&#8221;4.17.4&#8243; background_color=&#8221;#FFFFFF&#8221; custom_padding=&#8221;70px|0px|70px|0px|false|false&#8221; global_colors_info=&#8221;{}&#8221;][et_pb_row _builder_version=&#8221;4.17.4&#8243; custom_padding=&#8221;0%|0%|0%|5%|false|false&#8221; global_colors_info=&#8221;{}&#8221;][et_pb_column type=&#8221;4_4&#8243; _builder_version=&#8221;4.16&#8243;][et_pb_text _builder_version=&#8221;4.17.4&#8243; max_width=&#8221;920px&#8221; custom_margin=&#8221;0px||||false|false&#8221; global_colors_info=&#8221;{}&#8221;]<\/p>\r\n<div class=\"woocommerce columns-3\"><ul class=\"products columns-3\">\n<li class=\"product-category product first\">\n\t<a aria-label=\"Visit product category N\u00f3n L\u00e1 Ngh\u1ec7 Thu\u1eadt\" href=\"https:\/\/bsartstudio.vn\/vi\/products-category\/non-la-nghe-thuat\/\"><img loading=\"lazy\" decoding=\"async\" src=\"https:\/\/bsartstudio.vn\/wp-content\/uploads\/2020\/03\/BS6-scaled-600x600.jpg\" alt=\"N\u00f3n L\u00e1 Ngh\u1ec7 Thu\u1eadt\" width=\"600\" height=\"600\" \/>\t\t<h2 class=\"woocommerce-loop-category__title\">\n\t\t\tN\u00f3n L\u00e1 Ngh\u1ec7 Thu\u1eadt <mark class=\"count\">(8)<\/mark>\t\t<\/h2>\n\t\t<\/a><\/li>\n<li class=\"product-category product\">\n\t<a aria-label=\"Visit product category S\u1ea3n Ph\u1ea9m L\u01b0u Ni\u1ec7m\" href=\"https:\/\/bsartstudio.vn\/vi\/products-category\/qua-luu-niem\/\"><img loading=\"lazy\" decoding=\"async\" src=\"https:\/\/bsartstudio.vn\/wp-content\/uploads\/2023\/10\/Pig-Moon-Bong-va-Nhung-nguoi-ban-Len-600x600.jpg\" alt=\"S\u1ea3n Ph\u1ea9m L\u01b0u Ni\u1ec7m\" width=\"600\" height=\"600\" \/>\t\t<h2 class=\"woocommerce-loop-category__title\">\n\t\t\tS\u1ea3n Ph\u1ea9m L\u01b0u Ni\u1ec7m <mark class=\"count\">(27)<\/mark>\t\t<\/h2>\n\t\t<\/a><\/li>\n<li class=\"product-category product last\">\n\t<a aria-label=\"Visit product category S\u1ea3n Ph\u1ea9m Th\u1eddi Trang\" href=\"https:\/\/bsartstudio.vn\/vi\/products-category\/san-pham-thoi-trang\/\"><img loading=\"lazy\" decoding=\"async\" src=\"https:\/\/bsartstudio.vn\/wp-content\/uploads\/2020\/03\/44571562_2056069084452089_1174185131775098880_o-e1584079697788-600x600.jpg\" alt=\"S\u1ea3n Ph\u1ea9m Th\u1eddi Trang\" width=\"600\" height=\"600\" \/>\t\t<h2 class=\"woocommerce-loop-category__title\">\n\t\t\tS\u1ea3n Ph\u1ea9m Th\u1eddi Trang <mark class=\"count\">(9)<\/mark>\t\t<\/h2>\n\t\t<\/a><\/li>\n<li class=\"product-category product first\">\n\t<a aria-label=\"Visit product category T\u00e1c Ph\u1ea9m Ngh\u1ec7 Thu\u1eadt\" href=\"https:\/\/bsartstudio.vn\/vi\/products-category\/tac-pham-nghe-thuat\/\"><img loading=\"lazy\" decoding=\"async\" src=\"https:\/\/bsartstudio.vn\/wp-content\/uploads\/2024\/08\/Artwork-Original-Painting-600x600.jpg\" alt=\"T\u00e1c Ph\u1ea9m Ngh\u1ec7 Thu\u1eadt\" width=\"600\" height=\"600\" \/>\t\t<h2 class=\"woocommerce-loop-category__title\">\n\t\t\tT\u00e1c Ph\u1ea9m Ngh\u1ec7 Thu\u1eadt <mark class=\"count\">(96)<\/mark>\t\t<\/h2>\n\t\t<\/a><\/li>\n<li class=\"product-category product\">\n\t<a aria-label=\"Visit product category Th\u1ebf Gi\u1edbi Mi\u1ec1n C\u1ed5 T\u00edch Pig Moon\" href=\"https:\/\/bsartstudio.vn\/vi\/products-category\/the-gioi-trau-vang-pig-moon\/\"><img loading=\"lazy\" decoding=\"async\" src=\"https:\/\/bsartstudio.vn\/wp-content\/uploads\/2024\/11\/Pig-Moon-Fairy-Tale-World-1-600x600.jpg\" alt=\"Th\u1ebf Gi\u1edbi Mi\u1ec1n C\u1ed5 T\u00edch Pig Moon\" width=\"600\" height=\"600\" \/>\t\t<h2 class=\"woocommerce-loop-category__title\">\n\t\t\tTh\u1ebf Gi\u1edbi Mi\u1ec1n C\u1ed5 T\u00edch Pig Moon <mark class=\"count\">(42)<\/mark>\t\t<\/h2>\n\t\t<\/a><\/li>\n<\/ul>\n<\/div>\r\n<p>[\/et_pb_text][\/et_pb_column][\/et_pb_row][\/et_pb_section]<\/p>\r\n","protected":false},"excerpt":{"rendered":"<p>S\u1ea3n Ph\u1ea9m B\/S Art Studio l\u00e0 n\u01a1i t\u1ed1t nh\u1ea5t b\u1ea1n c\u00f3 th\u1ec3 s\u1edf h\u1eefu b\u1ea3n g\u1ed1c nh\u1eefng t\u00e1c ph\u1ea9m ngh\u1ec7 thu\u1eadt Vi\u1ec7t Nam, thi\u1ebft k\u1ebf \u0111\u1ed9c \u0111\u00e1o v\u00e0 qu\u00e0 t\u1eb7ng ngh\u1ec7 thu\u1eadt th\u1ee7 c\u00f4ng \u0111\u01b0\u1ee3c s\u00e1ng t\u1ea1o ra b\u1edfi c\u00e1c ngh\u1ec7 s\u0129 Vi\u1ec7t Nam . S\u1ea3n Ph\u1ea9m Ngh\u1ec7 Thu\u1eadt M\u1ed7i t\u00e1c ph\u1ea9m l\u00e0 m\u1ed9t m\u00f3n [&hellip;]<\/p>\n","protected":false},"author":1,"featured_media":8747,"parent":0,"menu_order":0,"comment_status":"closed","ping_status":"closed","template":"","meta":{"_et_pb_use_builder":"on","_et_pb_old_content":"","_et_gb_content_width":"","footnotes":""},"yoast_head":"<!-- This site is optimized with the Yoast SEO plugin v24.5 - https:\/\/yoast.com\/wordpress\/plugins\/seo\/ -->\n<title>S\u1ea3n Ph\u1ea9m Ngh\u1ec7 Thu\u1eadt Qu\u00e0 T\u1eb7ng V\u0103n H\u00f3a Vi\u1ec7t Nam - B\/S Art Studio<\/title>\n<meta name=\"description\" content=\"B\/S Art Studio l\u00e0 n\u01a1i t\u1ed1t nh\u1ea5t b\u1ea1n c\u00f3 th\u1ec3 s\u1edf h\u1eefu b\u1ea3n g\u1ed1c nh\u1eefng t\u00e1c ph\u1ea9m ngh\u1ec7 thu\u1eadt Vi\u1ec7t Nam, thi\u1ebft k\u1ebf \u0111\u1ed9c \u0111\u00e1o v\u00e0 qu\u00e0 t\u1eb7ng ngh\u1ec7 thu\u1eadt th\u1ee7 c\u00f4ng \u0111\u01b0\u1ee3c s\u00e1ng t\u1ea1o ra b\u1edfi c\u00e1c ngh\u1ec7 s\u0129 Vi\u1ec7t Nam.\" \/>\n<meta name=\"robots\" content=\"index, follow, max-snippet:-1, max-image-preview:large, max-video-preview:-1\" \/>\n<link rel=\"canonical\" href=\"https:\/\/bsartstudio.vn\/en\/art-products-with-unique-designs\/\" \/>\n<meta property=\"og:locale\" content=\"vi_VN\" \/>\n<meta property=\"og:type\" content=\"article\" \/>\n<meta property=\"og:title\" content=\"S\u1ea3n Ph\u1ea9m Ngh\u1ec7 Thu\u1eadt Qu\u00e0 T\u1eb7ng V\u0103n H\u00f3a Vi\u1ec7t Nam - B\/S Art Studio\" \/>\n<meta property=\"og:description\" content=\"B\/S Art Studio l\u00e0 n\u01a1i t\u1ed1t nh\u1ea5t b\u1ea1n c\u00f3 th\u1ec3 s\u1edf h\u1eefu b\u1ea3n g\u1ed1c nh\u1eefng t\u00e1c ph\u1ea9m ngh\u1ec7 thu\u1eadt Vi\u1ec7t Nam, thi\u1ebft k\u1ebf \u0111\u1ed9c \u0111\u00e1o v\u00e0 qu\u00e0 t\u1eb7ng ngh\u1ec7 thu\u1eadt th\u1ee7 c\u00f4ng \u0111\u01b0\u1ee3c s\u00e1ng t\u1ea1o ra b\u1edfi c\u00e1c ngh\u1ec7 s\u0129 Vi\u1ec7t Nam.\" \/>\n<meta property=\"og:url\" content=\"https:\/\/bsartstudio.vn\/en\/art-products-with-unique-designs\/\" \/>\n<meta property=\"og:site_name\" content=\"B\/S Art Studio\" \/>\n<meta property=\"article:modified_time\" content=\"2025-02-23T10:54:52+00:00\" \/>\n<meta property=\"og:image\" content=\"https:\/\/bsartstudio.vn\/wp-content\/uploads\/2025\/01\/San-pham-nghe-thuat-Viet-Nam.jpg\" \/>\n\t<meta property=\"og:image:width\" content=\"1920\" \/>\n\t<meta property=\"og:image:height\" content=\"1440\" \/>\n\t<meta property=\"og:image:type\" content=\"image\/jpeg\" \/>\n<meta name=\"twitter:card\" content=\"summary_large_image\" \/>\n<meta name=\"twitter:label1\" content=\"Est. reading time\" \/>\n\t<meta name=\"twitter:data1\" content=\"2 minutes\" \/>\n<script type=\"application\/ld+json\" class=\"yoast-schema-graph\">{\"@context\":\"https:\/\/schema.org\",\"@graph\":[{\"@type\":\"WebPage\",\"@id\":\"https:\/\/bsartstudio.vn\/en\/art-products-with-unique-designs\/\",\"url\":\"https:\/\/bsartstudio.vn\/en\/art-products-with-unique-designs\/\",\"name\":\"S\u1ea3n Ph\u1ea9m Ngh\u1ec7 Thu\u1eadt Qu\u00e0 T\u1eb7ng V\u0103n H\u00f3a Vi\u1ec7t Nam - B\/S Art Studio\",\"isPartOf\":{\"@id\":\"https:\/\/bsartstudio.vn\/ja\/#website\"},\"primaryImageOfPage\":{\"@id\":\"https:\/\/bsartstudio.vn\/en\/art-products-with-unique-designs\/#primaryimage\"},\"image\":{\"@id\":\"https:\/\/bsartstudio.vn\/en\/art-products-with-unique-designs\/#primaryimage\"},\"thumbnailUrl\":\"https:\/\/bsartstudio.vn\/wp-content\/uploads\/2025\/01\/San-pham-nghe-thuat-Viet-Nam.jpg\",\"datePublished\":\"2020-03-31T13:15:51+00:00\",\"dateModified\":\"2025-02-23T10:54:52+00:00\",\"description\":\"B\/S Art Studio l\u00e0 n\u01a1i t\u1ed1t nh\u1ea5t b\u1ea1n c\u00f3 th\u1ec3 s\u1edf h\u1eefu b\u1ea3n g\u1ed1c nh\u1eefng t\u00e1c ph\u1ea9m ngh\u1ec7 thu\u1eadt Vi\u1ec7t Nam, thi\u1ebft k\u1ebf \u0111\u1ed9c \u0111\u00e1o v\u00e0 qu\u00e0 t\u1eb7ng ngh\u1ec7 thu\u1eadt th\u1ee7 c\u00f4ng \u0111\u01b0\u1ee3c s\u00e1ng t\u1ea1o ra b\u1edfi c\u00e1c ngh\u1ec7 s\u0129 Vi\u1ec7t Nam.\",\"breadcrumb\":{\"@id\":\"https:\/\/bsartstudio.vn\/en\/art-products-with-unique-designs\/#breadcrumb\"},\"inLanguage\":\"vi-VN\",\"potentialAction\":[{\"@type\":\"ReadAction\",\"target\":[\"https:\/\/bsartstudio.vn\/en\/art-products-with-unique-designs\/\"]}]},{\"@type\":\"ImageObject\",\"inLanguage\":\"vi-VN\",\"@id\":\"https:\/\/bsartstudio.vn\/en\/art-products-with-unique-designs\/#primaryimage\",\"url\":\"https:\/\/bsartstudio.vn\/wp-content\/uploads\/2025\/01\/San-pham-nghe-thuat-Viet-Nam.jpg\",\"contentUrl\":\"https:\/\/bsartstudio.vn\/wp-content\/uploads\/2025\/01\/San-pham-nghe-thuat-Viet-Nam.jpg\",\"width\":1920,\"height\":1440,\"caption\":\"S\u1ea3n ph\u1ea9m ngh\u1ec7 thu\u1eadt Vi\u1ec7t Nam\"},{\"@type\":\"BreadcrumbList\",\"@id\":\"https:\/\/bsartstudio.vn\/en\/art-products-with-unique-designs\/#breadcrumb\",\"itemListElement\":[{\"@type\":\"ListItem\",\"position\":1,\"name\":\"Home\",\"item\":\"https:\/\/bsartstudio.vn\/en\/\"},{\"@type\":\"ListItem\",\"position\":2,\"name\":\"S\u1ea3n Ph\u1ea9m Ngh\u1ec7 Thu\u1eadt\"}]},{\"@type\":\"WebSite\",\"@id\":\"https:\/\/bsartstudio.vn\/ja\/#website\",\"url\":\"https:\/\/bsartstudio.vn\/ja\/\",\"name\":\"B\/S Art Studio\",\"description\":\"\",\"publisher\":{\"@id\":\"https:\/\/bsartstudio.vn\/ja\/#organization\"},\"potentialAction\":[{\"@type\":\"SearchAction\",\"target\":{\"@type\":\"EntryPoint\",\"urlTemplate\":\"https:\/\/bsartstudio.vn\/ja\/?s={search_term_string}\"},\"query-input\":{\"@type\":\"PropertyValueSpecification\",\"valueRequired\":true,\"valueName\":\"search_term_string\"}}],\"inLanguage\":\"vi-VN\"},{\"@type\":\"Organization\",\"@id\":\"https:\/\/bsartstudio.vn\/ja\/#organization\",\"name\":\"B\/S Art Studio\",\"url\":\"https:\/\/bsartstudio.vn\/ja\/\",\"logo\":{\"@type\":\"ImageObject\",\"inLanguage\":\"vi-VN\",\"@id\":\"https:\/\/bsartstudio.vn\/ja\/#\/schema\/logo\/image\/\",\"url\":\"https:\/\/bsartstudio.vn\/wp-content\/uploads\/2020\/03\/54526018_2272576089468053_1525084505319145472_n.jpg\",\"contentUrl\":\"https:\/\/bsartstudio.vn\/wp-content\/uploads\/2020\/03\/54526018_2272576089468053_1525084505319145472_n.jpg\",\"width\":958,\"height\":958,\"caption\":\"B\/S Art Studio\"},\"image\":{\"@id\":\"https:\/\/bsartstudio.vn\/ja\/#\/schema\/logo\/image\/\"}}]}<\/script>\n<!-- \/ Yoast SEO plugin. -->","yoast_head_json":{"title":"S\u1ea3n Ph\u1ea9m Ngh\u1ec7 Thu\u1eadt Qu\u00e0 T\u1eb7ng V\u0103n H\u00f3a Vi\u1ec7t Nam - B\/S Art Studio","description":"B\/S Art Studio l\u00e0 n\u01a1i t\u1ed1t nh\u1ea5t b\u1ea1n c\u00f3 th\u1ec3 s\u1edf h\u1eefu b\u1ea3n g\u1ed1c nh\u1eefng t\u00e1c ph\u1ea9m ngh\u1ec7 thu\u1eadt Vi\u1ec7t Nam, thi\u1ebft k\u1ebf \u0111\u1ed9c \u0111\u00e1o v\u00e0 qu\u00e0 t\u1eb7ng ngh\u1ec7 thu\u1eadt th\u1ee7 c\u00f4ng \u0111\u01b0\u1ee3c s\u00e1ng t\u1ea1o ra b\u1edfi c\u00e1c ngh\u1ec7 s\u0129 Vi\u1ec7t Nam.","robots":{"index":"index","follow":"follow","max-snippet":"max-snippet:-1","max-image-preview":"max-image-preview:large","max-video-preview":"max-video-preview:-1"},"canonical":"https:\/\/bsartstudio.vn\/en\/art-products-with-unique-designs\/","og_locale":"vi_VN","og_type":"article","og_title":"S\u1ea3n Ph\u1ea9m Ngh\u1ec7 Thu\u1eadt Qu\u00e0 T\u1eb7ng V\u0103n H\u00f3a Vi\u1ec7t Nam - B\/S Art Studio","og_description":"B\/S Art Studio l\u00e0 n\u01a1i t\u1ed1t nh\u1ea5t b\u1ea1n c\u00f3 th\u1ec3 s\u1edf h\u1eefu b\u1ea3n g\u1ed1c nh\u1eefng t\u00e1c ph\u1ea9m ngh\u1ec7 thu\u1eadt Vi\u1ec7t Nam, thi\u1ebft k\u1ebf \u0111\u1ed9c \u0111\u00e1o v\u00e0 qu\u00e0 t\u1eb7ng ngh\u1ec7 thu\u1eadt th\u1ee7 c\u00f4ng \u0111\u01b0\u1ee3c s\u00e1ng t\u1ea1o ra b\u1edfi c\u00e1c ngh\u1ec7 s\u0129 Vi\u1ec7t Nam.","og_url":"https:\/\/bsartstudio.vn\/en\/art-products-with-unique-designs\/","og_site_name":"B\/S Art Studio","article_modified_time":"2025-02-23T10:54:52+00:00","og_image":[{"width":1920,"height":1440,"url":"https:\/\/bsartstudio.vn\/wp-content\/uploads\/2025\/01\/San-pham-nghe-thuat-Viet-Nam.jpg","type":"image\/jpeg"}],"twitter_card":"summary_large_image","twitter_misc":{"Est. reading time":"2 minutes"},"schema":{"@context":"https:\/\/schema.org","@graph":[{"@type":"WebPage","@id":"https:\/\/bsartstudio.vn\/en\/art-products-with-unique-designs\/","url":"https:\/\/bsartstudio.vn\/en\/art-products-with-unique-designs\/","name":"S\u1ea3n Ph\u1ea9m Ngh\u1ec7 Thu\u1eadt Qu\u00e0 T\u1eb7ng V\u0103n H\u00f3a Vi\u1ec7t Nam - B\/S Art Studio","isPartOf":{"@id":"https:\/\/bsartstudio.vn\/ja\/#website"},"primaryImageOfPage":{"@id":"https:\/\/bsartstudio.vn\/en\/art-products-with-unique-designs\/#primaryimage"},"image":{"@id":"https:\/\/bsartstudio.vn\/en\/art-products-with-unique-designs\/#primaryimage"},"thumbnailUrl":"https:\/\/bsartstudio.vn\/wp-content\/uploads\/2025\/01\/San-pham-nghe-thuat-Viet-Nam.jpg","datePublished":"2020-03-31T13:15:51+00:00","dateModified":"2025-02-23T10:54:52+00:00","description":"B\/S Art Studio l\u00e0 n\u01a1i t\u1ed1t nh\u1ea5t b\u1ea1n c\u00f3 th\u1ec3 s\u1edf h\u1eefu b\u1ea3n g\u1ed1c nh\u1eefng t\u00e1c ph\u1ea9m ngh\u1ec7 thu\u1eadt Vi\u1ec7t Nam, thi\u1ebft k\u1ebf \u0111\u1ed9c \u0111\u00e1o v\u00e0 qu\u00e0 t\u1eb7ng ngh\u1ec7 thu\u1eadt th\u1ee7 c\u00f4ng \u0111\u01b0\u1ee3c s\u00e1ng t\u1ea1o ra b\u1edfi c\u00e1c ngh\u1ec7 s\u0129 Vi\u1ec7t Nam.","breadcrumb":{"@id":"https:\/\/bsartstudio.vn\/en\/art-products-with-unique-designs\/#breadcrumb"},"inLanguage":"vi-VN","potentialAction":[{"@type":"ReadAction","target":["https:\/\/bsartstudio.vn\/en\/art-products-with-unique-designs\/"]}]},{"@type":"ImageObject","inLanguage":"vi-VN","@id":"https:\/\/bsartstudio.vn\/en\/art-products-with-unique-designs\/#primaryimage","url":"https:\/\/bsartstudio.vn\/wp-content\/uploads\/2025\/01\/San-pham-nghe-thuat-Viet-Nam.jpg","contentUrl":"https:\/\/bsartstudio.vn\/wp-content\/uploads\/2025\/01\/San-pham-nghe-thuat-Viet-Nam.jpg","width":1920,"height":1440,"caption":"S\u1ea3n ph\u1ea9m ngh\u1ec7 thu\u1eadt Vi\u1ec7t Nam"},{"@type":"BreadcrumbList","@id":"https:\/\/bsartstudio.vn\/en\/art-products-with-unique-designs\/#breadcrumb","itemListElement":[{"@type":"ListItem","position":1,"name":"Home","item":"https:\/\/bsartstudio.vn\/en\/"},{"@type":"ListItem","position":2,"name":"S\u1ea3n Ph\u1ea9m Ngh\u1ec7 Thu\u1eadt"}]},{"@type":"WebSite","@id":"https:\/\/bsartstudio.vn\/ja\/#website","url":"https:\/\/bsartstudio.vn\/ja\/","name":"B\/S Art Studio","description":"","publisher":{"@id":"https:\/\/bsartstudio.vn\/ja\/#organization"},"potentialAction":[{"@type":"SearchAction","target":{"@type":"EntryPoint","urlTemplate":"https:\/\/bsartstudio.vn\/ja\/?s={search_term_string}"},"query-input":{"@type":"PropertyValueSpecification","valueRequired":true,"valueName":"search_term_string"}}],"inLanguage":"vi-VN"},{"@type":"Organization","@id":"https:\/\/bsartstudio.vn\/ja\/#organization","name":"B\/S Art Studio","url":"https:\/\/bsartstudio.vn\/ja\/","logo":{"@type":"ImageObject","inLanguage":"vi-VN","@id":"https:\/\/bsartstudio.vn\/ja\/#\/schema\/logo\/image\/","url":"https:\/\/bsartstudio.vn\/wp-content\/uploads\/2020\/03\/54526018_2272576089468053_1525084505319145472_n.jpg","contentUrl":"https:\/\/bsartstudio.vn\/wp-content\/uploads\/2020\/03\/54526018_2272576089468053_1525084505319145472_n.jpg","width":958,"height":958,"caption":"B\/S Art Studio"},"image":{"@id":"https:\/\/bsartstudio.vn\/ja\/#\/schema\/logo\/image\/"}}]}},"_links":{"self":[{"href":"https:\/\/bsartstudio.vn\/vi\/wp-json\/wp\/v2\/pages\/991"}],"collection":[{"href":"https:\/\/bsartstudio.vn\/vi\/wp-json\/wp\/v2\/pages"}],"about":[{"href":"https:\/\/bsartstudio.vn\/vi\/wp-json\/wp\/v2\/types\/page"}],"author":[{"embeddable":true,"href":"https:\/\/bsartstudio.vn\/vi\/wp-json\/wp\/v2\/users\/1"}],"replies":[{"embeddable":true,"href":"https:\/\/bsartstudio.vn\/vi\/wp-json\/wp\/v2\/comments?post=991"}],"version-history":[{"count":17,"href":"https:\/\/bsartstudio.vn\/vi\/wp-json\/wp\/v2\/pages\/991\/revisions"}],"predecessor-version":[{"id":8750,"href":"https:\/\/bsartstudio.vn\/vi\/wp-json\/wp\/v2\/pages\/991\/revisions\/8750"}],"wp:featuredmedia":[{"embeddable":true,"href":"https:\/\/bsartstudio.vn\/vi\/wp-json\/wp\/v2\/media\/8747"}],"wp:attachment":[{"href":"https:\/\/bsartstudio.vn\/vi\/wp-json\/wp\/v2\/media?parent=991"}],"curies":[{"name":"wp","href":"https:\/\/api.w.org\/{rel}","templated":true}]}}