{"id":2705,"date":"2020-05-21T13:49:43","date_gmt":"2020-05-21T06:49:43","guid":{"rendered":"https:\/\/bsartstudio.vn\/chu-de-nghe-thuat\/"},"modified":"2025-01-23T18:14:58","modified_gmt":"2025-01-23T11:14:58","slug":"chu-de-nghe-thuat","status":"publish","type":"page","link":"https:\/\/bsartstudio.vn\/vi\/chu-de-nghe-thuat\/","title":{"rendered":"C\u00e2u Chuy\u1ec7n Ngh\u1ec7 Thu\u1eadt"},"content":{"rendered":"<p>[et_pb_section fb_built=&#8221;1&#8243; admin_label=&#8221;Page Title Section&#8221; _builder_version=&#8221;4.17.4&#8243; use_background_color_gradient=&#8221;on&#8221; background_color_gradient_direction=&#8221;120deg&#8221; background_image=&#8221;https:\/\/bsartstudio.vn\/wp-content\/uploads\/2024\/05\/11-8-e1715423501508.jpg&#8221; background_position=&#8221;top_center&#8221; background_vertical_offset=&#8221;50%&#8221; min_height=&#8221;529.8px&#8221; height=&#8221;530px&#8221; custom_padding=&#8221;110px||110px|&#8221; hover_enabled=&#8221;0&#8243; global_colors_info=&#8221;{}&#8221; title_text=&#8221;11-8&#8243; sticky_enabled=&#8221;0&#8243;][et_pb_row column_structure=&#8221;1_2,1_2&#8243; admin_label=&#8221;Page Title Area&#8221; _builder_version=&#8221;4.16&#8243; global_colors_info=&#8221;{}&#8221;][et_pb_column type=&#8221;1_2&#8243; _builder_version=&#8221;4.16&#8243; custom_padding=&#8221;|||&#8221; global_colors_info=&#8221;{}&#8221; custom_padding__hover=&#8221;|||&#8221;][et_pb_text admin_label=&#8221;Title&#8221; _builder_version=&#8221;4.17.4&#8243; text_font=&#8221;||||||||&#8221; header_font=&#8221;Baloo 2|600|||||||&#8221; header_font_size=&#8221;60px&#8221; header_line_height=&#8221;1.2em&#8221; header_2_font=&#8221;||||||||&#8221; header_2_font_size=&#8221;60px&#8221; custom_margin=&#8221;||20px|&#8221; animation_style=&#8221;fade&#8221; header_font_size_tablet=&#8221;&#8221; header_font_size_phone=&#8221;40px&#8221; header_font_size_last_edited=&#8221;on|phone&#8221; text_text_shadow_style=&#8221;preset5&#8243; text_text_shadow_horizontal_length=&#8221;-0.03em&#8221; text_text_shadow_vertical_length=&#8221;-0.02em&#8221; header_text_shadow_style=&#8221;preset5&#8243; header_text_shadow_horizontal_length=&#8221;-0.05em&#8221; header_text_shadow_vertical_length=&#8221;-0.02em&#8221; header_text_shadow_color=&#8221;#000000&#8243; global_colors_info=&#8221;{}&#8221;]<\/p>\n<h1 style=\"text-align: left;\">Art blog<\/h1>\n<p>[\/et_pb_text][et_pb_text admin_label=&#8221;Page Subtitle&#8221; _builder_version=&#8221;4.16&#8243; animation_style=&#8221;fade&#8221; global_colors_info=&#8221;{}&#8221;][\/et_pb_text][\/et_pb_column][et_pb_column type=&#8221;1_2&#8243; _builder_version=&#8221;4.16&#8243; custom_padding=&#8221;|||&#8221; global_colors_info=&#8221;{}&#8221; custom_padding__hover=&#8221;|||&#8221;][\/et_pb_column][\/et_pb_row][\/et_pb_section][et_pb_section fb_built=&#8221;1&#8243; admin_label=&#8221;Class Details Section&#8221; _builder_version=&#8221;4.16&#8243; background_color=&#8221;#efe9e4&#8243; global_colors_info=&#8221;{}&#8221;][et_pb_row _builder_version=&#8221;4.16&#8243; global_colors_info=&#8221;{}&#8221;][et_pb_column type=&#8221;4_4&#8243; _builder_version=&#8221;4.16&#8243; custom_padding=&#8221;|||&#8221; global_colors_info=&#8221;{}&#8221; custom_padding__hover=&#8221;|||&#8221;][et_pb_blog fullwidth=&#8221;off&#8221; posts_number=&#8221;6&#8243; show_author=&#8221;off&#8221; show_categories=&#8221;off&#8221; _builder_version=&#8221;4.17.4&#8243; header_font=&#8221;Baloo 2|600|||||||&#8221; header_font_size=&#8221;20px&#8221; header_line_height=&#8221;1.4em&#8221; body_font=&#8221;Poppins||||||||&#8221; body_font_size=&#8221;16px&#8221; body_line_height=&#8221;1.8em&#8221; meta_font=&#8221;Poppins||||||||&#8221; meta_text_color=&#8221;#a0a0a0&#8243; meta_font_size=&#8221;14px&#8221; meta_line_height=&#8221;1.8em&#8221; pagination_font=&#8221;Poppins||||||||&#8221; pagination_text_color=&#8221;#000000&#8243; pagination_font_size=&#8221;16px&#8221; border_width_all=&#8221;0px&#8221; box_shadow_style=&#8221;preset2&#8243; box_shadow_horizontal=&#8221;0px&#8221; box_shadow_vertical=&#8221;15px&#8221; box_shadow_blur=&#8221;25px&#8221; box_shadow_color=&#8221;rgba(0,0,0,0.05)&#8221; global_colors_info=&#8221;{}&#8221;][\/et_pb_blog][\/et_pb_column][\/et_pb_row][\/et_pb_section]<\/p>\n","protected":false},"excerpt":{"rendered":"<p>Art blog<\/p>\n","protected":false},"author":1,"featured_media":7029,"parent":0,"menu_order":0,"comment_status":"closed","ping_status":"closed","template":"","meta":{"_et_pb_use_builder":"on","_et_pb_old_content":"","_et_gb_content_width":"","footnotes":""},"yoast_head":"<!-- This site is optimized with the Yoast SEO plugin v24.5 - https:\/\/yoast.com\/wordpress\/plugins\/seo\/ -->\n<title>C\u00e2u Chuy\u1ec7n Ngh\u1ec7 Thu\u1eadt - S\u00e1ng T\u1ea1o C\u00f9ng B\u1ea3n S\u1eafc Vi\u1ec7t - B\/S Art Studio<\/title>\n<meta name=\"description\" content=\"Chia s\u1ebb ngu\u1ed3n c\u1ea3m h\u1ee9ng v\u00e0 qu\u00e1 tr\u00ecnh S\u00e1ng t\u1ea1o c\u00e1c t\u00e1c ph\u1ea9m ngh\u1ec7 thu\u1eadt mang b\u1ea3n s\u1eafc v\u0103n h\u00f3a Vi\u1ec7t Nam\" \/>\n<meta name=\"robots\" content=\"index, follow, max-snippet:-1, max-image-preview:large, max-video-preview:-1\" \/>\n<link rel=\"canonical\" href=\"https:\/\/bsartstudio.vn\/en\/art-blog\/\" \/>\n<meta property=\"og:locale\" content=\"vi_VN\" \/>\n<meta property=\"og:type\" content=\"article\" \/>\n<meta property=\"og:title\" content=\"C\u00e2u Chuy\u1ec7n Ngh\u1ec7 Thu\u1eadt - S\u00e1ng T\u1ea1o C\u00f9ng B\u1ea3n S\u1eafc Vi\u1ec7t - B\/S Art Studio\" \/>\n<meta property=\"og:description\" content=\"Chia s\u1ebb ngu\u1ed3n c\u1ea3m h\u1ee9ng v\u00e0 qu\u00e1 tr\u00ecnh S\u00e1ng t\u1ea1o c\u00e1c t\u00e1c ph\u1ea9m ngh\u1ec7 thu\u1eadt mang b\u1ea3n s\u1eafc v\u0103n h\u00f3a Vi\u1ec7t Nam\" \/>\n<meta property=\"og:url\" content=\"https:\/\/bsartstudio.vn\/en\/art-blog\/\" \/>\n<meta property=\"og:site_name\" content=\"B\/S Art Studio\" \/>\n<meta property=\"article:modified_time\" content=\"2025-01-23T11:14:58+00:00\" \/>\n<meta property=\"og:image\" content=\"https:\/\/bsartstudio.vn\/wp-content\/uploads\/2024\/05\/11-8-e1715423501508.jpg\" \/>\n\t<meta property=\"og:image:width\" content=\"1920\" \/>\n\t<meta property=\"og:image:height\" content=\"1440\" \/>\n\t<meta property=\"og:image:type\" content=\"image\/jpeg\" \/>\n<meta name=\"twitter:card\" content=\"summary_large_image\" \/>\n<meta name=\"twitter:label1\" content=\"Est. reading time\" \/>\n\t<meta name=\"twitter:data1\" content=\"2 minutes\" \/>\n<script type=\"application\/ld+json\" class=\"yoast-schema-graph\">{\"@context\":\"https:\/\/schema.org\",\"@graph\":[{\"@type\":\"WebPage\",\"@id\":\"https:\/\/bsartstudio.vn\/en\/art-blog\/\",\"url\":\"https:\/\/bsartstudio.vn\/en\/art-blog\/\",\"name\":\"C\u00e2u Chuy\u1ec7n Ngh\u1ec7 Thu\u1eadt - S\u00e1ng T\u1ea1o C\u00f9ng B\u1ea3n S\u1eafc Vi\u1ec7t - B\/S Art Studio\",\"isPartOf\":{\"@id\":\"https:\/\/bsartstudio.vn\/ja\/#website\"},\"primaryImageOfPage\":{\"@id\":\"https:\/\/bsartstudio.vn\/en\/art-blog\/#primaryimage\"},\"image\":{\"@id\":\"https:\/\/bsartstudio.vn\/en\/art-blog\/#primaryimage\"},\"thumbnailUrl\":\"https:\/\/bsartstudio.vn\/wp-content\/uploads\/2024\/05\/11-8-e1715423501508.jpg\",\"datePublished\":\"2020-05-21T06:49:43+00:00\",\"dateModified\":\"2025-01-23T11:14:58+00:00\",\"description\":\"Chia s\u1ebb ngu\u1ed3n c\u1ea3m h\u1ee9ng v\u00e0 qu\u00e1 tr\u00ecnh S\u00e1ng t\u1ea1o c\u00e1c t\u00e1c ph\u1ea9m ngh\u1ec7 thu\u1eadt mang b\u1ea3n s\u1eafc v\u0103n h\u00f3a Vi\u1ec7t Nam\",\"breadcrumb\":{\"@id\":\"https:\/\/bsartstudio.vn\/en\/art-blog\/#breadcrumb\"},\"inLanguage\":\"vi-VN\",\"potentialAction\":[{\"@type\":\"ReadAction\",\"target\":[\"https:\/\/bsartstudio.vn\/en\/art-blog\/\"]}]},{\"@type\":\"ImageObject\",\"inLanguage\":\"vi-VN\",\"@id\":\"https:\/\/bsartstudio.vn\/en\/art-blog\/#primaryimage\",\"url\":\"https:\/\/bsartstudio.vn\/wp-content\/uploads\/2024\/05\/11-8-e1715423501508.jpg\",\"contentUrl\":\"https:\/\/bsartstudio.vn\/wp-content\/uploads\/2024\/05\/11-8-e1715423501508.jpg\",\"width\":1920,\"height\":1228},{\"@type\":\"BreadcrumbList\",\"@id\":\"https:\/\/bsartstudio.vn\/en\/art-blog\/#breadcrumb\",\"itemListElement\":[{\"@type\":\"ListItem\",\"position\":1,\"name\":\"Home\",\"item\":\"https:\/\/bsartstudio.vn\/en\/\"},{\"@type\":\"ListItem\",\"position\":2,\"name\":\"C\u00e2u Chuy\u1ec7n Ngh\u1ec7 Thu\u1eadt\"}]},{\"@type\":\"WebSite\",\"@id\":\"https:\/\/bsartstudio.vn\/ja\/#website\",\"url\":\"https:\/\/bsartstudio.vn\/ja\/\",\"name\":\"B\/S Art Studio\",\"description\":\"\",\"publisher\":{\"@id\":\"https:\/\/bsartstudio.vn\/ja\/#organization\"},\"potentialAction\":[{\"@type\":\"SearchAction\",\"target\":{\"@type\":\"EntryPoint\",\"urlTemplate\":\"https:\/\/bsartstudio.vn\/ja\/?s={search_term_string}\"},\"query-input\":{\"@type\":\"PropertyValueSpecification\",\"valueRequired\":true,\"valueName\":\"search_term_string\"}}],\"inLanguage\":\"vi-VN\"},{\"@type\":\"Organization\",\"@id\":\"https:\/\/bsartstudio.vn\/ja\/#organization\",\"name\":\"B\/S Art Studio\",\"url\":\"https:\/\/bsartstudio.vn\/ja\/\",\"logo\":{\"@type\":\"ImageObject\",\"inLanguage\":\"vi-VN\",\"@id\":\"https:\/\/bsartstudio.vn\/ja\/#\/schema\/logo\/image\/\",\"url\":\"https:\/\/bsartstudio.vn\/wp-content\/uploads\/2020\/03\/54526018_2272576089468053_1525084505319145472_n.jpg\",\"contentUrl\":\"https:\/\/bsartstudio.vn\/wp-content\/uploads\/2020\/03\/54526018_2272576089468053_1525084505319145472_n.jpg\",\"width\":958,\"height\":958,\"caption\":\"B\/S Art Studio\"},\"image\":{\"@id\":\"https:\/\/bsartstudio.vn\/ja\/#\/schema\/logo\/image\/\"}}]}<\/script>\n<!-- \/ Yoast SEO plugin. -->","yoast_head_json":{"title":"C\u00e2u Chuy\u1ec7n Ngh\u1ec7 Thu\u1eadt - S\u00e1ng T\u1ea1o C\u00f9ng B\u1ea3n S\u1eafc Vi\u1ec7t - B\/S Art Studio","description":"Chia s\u1ebb ngu\u1ed3n c\u1ea3m h\u1ee9ng v\u00e0 qu\u00e1 tr\u00ecnh S\u00e1ng t\u1ea1o c\u00e1c t\u00e1c ph\u1ea9m ngh\u1ec7 thu\u1eadt mang b\u1ea3n s\u1eafc v\u0103n h\u00f3a Vi\u1ec7t Nam","robots":{"index":"index","follow":"follow","max-snippet":"max-snippet:-1","max-image-preview":"max-image-preview:large","max-video-preview":"max-video-preview:-1"},"canonical":"https:\/\/bsartstudio.vn\/en\/art-blog\/","og_locale":"vi_VN","og_type":"article","og_title":"C\u00e2u Chuy\u1ec7n Ngh\u1ec7 Thu\u1eadt - S\u00e1ng T\u1ea1o C\u00f9ng B\u1ea3n S\u1eafc Vi\u1ec7t - B\/S Art Studio","og_description":"Chia s\u1ebb ngu\u1ed3n c\u1ea3m h\u1ee9ng v\u00e0 qu\u00e1 tr\u00ecnh S\u00e1ng t\u1ea1o c\u00e1c t\u00e1c ph\u1ea9m ngh\u1ec7 thu\u1eadt mang b\u1ea3n s\u1eafc v\u0103n h\u00f3a Vi\u1ec7t Nam","og_url":"https:\/\/bsartstudio.vn\/en\/art-blog\/","og_site_name":"B\/S Art Studio","article_modified_time":"2025-01-23T11:14:58+00:00","og_image":[{"width":1920,"height":1440,"url":"https:\/\/bsartstudio.vn\/wp-content\/uploads\/2024\/05\/11-8-e1715423501508.jpg","type":"image\/jpeg"}],"twitter_card":"summary_large_image","twitter_misc":{"Est. reading time":"2 minutes"},"schema":{"@context":"https:\/\/schema.org","@graph":[{"@type":"WebPage","@id":"https:\/\/bsartstudio.vn\/en\/art-blog\/","url":"https:\/\/bsartstudio.vn\/en\/art-blog\/","name":"C\u00e2u Chuy\u1ec7n Ngh\u1ec7 Thu\u1eadt - S\u00e1ng T\u1ea1o C\u00f9ng B\u1ea3n S\u1eafc Vi\u1ec7t - B\/S Art Studio","isPartOf":{"@id":"https:\/\/bsartstudio.vn\/ja\/#website"},"primaryImageOfPage":{"@id":"https:\/\/bsartstudio.vn\/en\/art-blog\/#primaryimage"},"image":{"@id":"https:\/\/bsartstudio.vn\/en\/art-blog\/#primaryimage"},"thumbnailUrl":"https:\/\/bsartstudio.vn\/wp-content\/uploads\/2024\/05\/11-8-e1715423501508.jpg","datePublished":"2020-05-21T06:49:43+00:00","dateModified":"2025-01-23T11:14:58+00:00","description":"Chia s\u1ebb ngu\u1ed3n c\u1ea3m h\u1ee9ng v\u00e0 qu\u00e1 tr\u00ecnh S\u00e1ng t\u1ea1o c\u00e1c t\u00e1c ph\u1ea9m ngh\u1ec7 thu\u1eadt mang b\u1ea3n s\u1eafc v\u0103n h\u00f3a Vi\u1ec7t Nam","breadcrumb":{"@id":"https:\/\/bsartstudio.vn\/en\/art-blog\/#breadcrumb"},"inLanguage":"vi-VN","potentialAction":[{"@type":"ReadAction","target":["https:\/\/bsartstudio.vn\/en\/art-blog\/"]}]},{"@type":"ImageObject","inLanguage":"vi-VN","@id":"https:\/\/bsartstudio.vn\/en\/art-blog\/#primaryimage","url":"https:\/\/bsartstudio.vn\/wp-content\/uploads\/2024\/05\/11-8-e1715423501508.jpg","contentUrl":"https:\/\/bsartstudio.vn\/wp-content\/uploads\/2024\/05\/11-8-e1715423501508.jpg","width":1920,"height":1228},{"@type":"BreadcrumbList","@id":"https:\/\/bsartstudio.vn\/en\/art-blog\/#breadcrumb","itemListElement":[{"@type":"ListItem","position":1,"name":"Home","item":"https:\/\/bsartstudio.vn\/en\/"},{"@type":"ListItem","position":2,"name":"C\u00e2u Chuy\u1ec7n Ngh\u1ec7 Thu\u1eadt"}]},{"@type":"WebSite","@id":"https:\/\/bsartstudio.vn\/ja\/#website","url":"https:\/\/bsartstudio.vn\/ja\/","name":"B\/S Art Studio","description":"","publisher":{"@id":"https:\/\/bsartstudio.vn\/ja\/#organization"},"potentialAction":[{"@type":"SearchAction","target":{"@type":"EntryPoint","urlTemplate":"https:\/\/bsartstudio.vn\/ja\/?s={search_term_string}"},"query-input":{"@type":"PropertyValueSpecification","valueRequired":true,"valueName":"search_term_string"}}],"inLanguage":"vi-VN"},{"@type":"Organization","@id":"https:\/\/bsartstudio.vn\/ja\/#organization","name":"B\/S Art Studio","url":"https:\/\/bsartstudio.vn\/ja\/","logo":{"@type":"ImageObject","inLanguage":"vi-VN","@id":"https:\/\/bsartstudio.vn\/ja\/#\/schema\/logo\/image\/","url":"https:\/\/bsartstudio.vn\/wp-content\/uploads\/2020\/03\/54526018_2272576089468053_1525084505319145472_n.jpg","contentUrl":"https:\/\/bsartstudio.vn\/wp-content\/uploads\/2020\/03\/54526018_2272576089468053_1525084505319145472_n.jpg","width":958,"height":958,"caption":"B\/S Art Studio"},"image":{"@id":"https:\/\/bsartstudio.vn\/ja\/#\/schema\/logo\/image\/"}}]}},"_links":{"self":[{"href":"https:\/\/bsartstudio.vn\/vi\/wp-json\/wp\/v2\/pages\/2705"}],"collection":[{"href":"https:\/\/bsartstudio.vn\/vi\/wp-json\/wp\/v2\/pages"}],"about":[{"href":"https:\/\/bsartstudio.vn\/vi\/wp-json\/wp\/v2\/types\/page"}],"author":[{"embeddable":true,"href":"https:\/\/bsartstudio.vn\/vi\/wp-json\/wp\/v2\/users\/1"}],"replies":[{"embeddable":true,"href":"https:\/\/bsartstudio.vn\/vi\/wp-json\/wp\/v2\/comments?post=2705"}],"version-history":[{"count":10,"href":"https:\/\/bsartstudio.vn\/vi\/wp-json\/wp\/v2\/pages\/2705\/revisions"}],"predecessor-version":[{"id":7034,"href":"https:\/\/bsartstudio.vn\/vi\/wp-json\/wp\/v2\/pages\/2705\/revisions\/7034"}],"wp:featuredmedia":[{"embeddable":true,"href":"https:\/\/bsartstudio.vn\/vi\/wp-json\/wp\/v2\/media\/7029"}],"wp:attachment":[{"href":"https:\/\/bsartstudio.vn\/vi\/wp-json\/wp\/v2\/media?parent=2705"}],"curies":[{"name":"wp","href":"https:\/\/api.w.org\/{rel}","templated":true}]}}