{"id":2626,"date":"2020-05-13T13:15:00","date_gmt":"2020-05-13T06:15:00","guid":{"rendered":"https:\/\/bsartstudio.vn\/trau-vang-va-cau-be\/"},"modified":"2024-10-07T17:36:06","modified_gmt":"2024-10-07T10:36:06","slug":"trau-vang-va-cau-be","status":"publish","type":"page","link":"https:\/\/bsartstudio.vn\/vi\/trau-vang-va-cau-be\/","title":{"rendered":"Tr\u00e2u V\u00e0ng v\u00e0 C\u1eadu B\u00e9"},"content":{"rendered":"<p>[et_pb_section fb_built=&#8221;1&#8243; admin_label=&#8221;Hero Section&#8221; _builder_version=&#8221;4.16&#8243; use_background_color_gradient=&#8221;on&#8221; background_color_gradient_direction=&#8221;120deg&#8221; background_color_gradient_stops=&#8221;rgba(0,0,0,0.7) 0%|rgba(0,0,0,0) 100%&#8221; background_color_gradient_start=&#8221;rgba(0,0,0,0.7)&#8221; background_image=&#8221;https:\/\/bsartstudio.vn\/wp-content\/uploads\/2022\/02\/Sach-moi-1.jpg&#8221; custom_padding=&#8221;10%||10%|&#8221; locked=&#8221;off&#8221; global_colors_info=&#8221;{}&#8221;][et_pb_row column_structure=&#8221;1_2,1_2&#8243; admin_label=&#8221;Hero Area&#8221; _builder_version=&#8221;4.16&#8243; global_colors_info=&#8221;{}&#8221;][et_pb_column type=&#8221;1_2&#8243; _builder_version=&#8221;4.16&#8243; custom_padding=&#8221;|||&#8221; custom_padding__hover=&#8221;|||&#8221;][et_pb_text admin_label=&#8221;Title&#8221; _builder_version=&#8221;4.17.4&#8243; text_font=&#8221;Baloo 2||||||||&#8221; header_font=&#8221;Baloo 2|600|||||||&#8221; header_font_size=&#8221;60px&#8221; header_line_height=&#8221;1.2em&#8221; header_2_font=&#8221;||||||||&#8221; custom_margin=&#8221;25px|-173px||||&#8221; animation_style=&#8221;fade&#8221; header_font_size_tablet=&#8221;&#8221; header_font_size_phone=&#8221;40px&#8221; header_font_size_last_edited=&#8221;on|phone&#8221; global_colors_info=&#8221;{}&#8221;]<\/p>\n<h1 style=\"text-align: left;\">Tr\u00e2u V\u00e0ng v\u00e0 C\u1eadu B\u00e9 &#8211; S\u1ef1 huy\u1ec1n di\u1ec7u c\u1ee7a \u00c1nh Tr\u0103ng<\/h1>\n<p>[\/et_pb_text][\/et_pb_column][et_pb_column type=&#8221;1_2&#8243; _builder_version=&#8221;4.16&#8243; custom_padding=&#8221;|||&#8221; custom_padding__hover=&#8221;|||&#8221;][\/et_pb_column][\/et_pb_row][\/et_pb_section][et_pb_section fb_built=&#8221;1&#8243; _builder_version=&#8221;4.17.4&#8243; background_color=&#8221;gcid-03e7d492-1479-4a11-9c85-e3f1246270c2&#8243; global_colors_info=&#8221;{%22gcid-03e7d492-1479-4a11-9c85-e3f1246270c2%22:%91%22background_color%22%93}&#8221;][et_pb_row column_structure=&#8221;1_2,1_2&#8243; make_equal=&#8221;on&#8221; _builder_version=&#8221;4.16&#8243; custom_margin=&#8221;||100px||false|false&#8221; global_colors_info=&#8221;{}&#8221;][et_pb_column type=&#8221;1_2&#8243; _builder_version=&#8221;4.16&#8243;][et_pb_image src=&#8221;https:\/\/bsartstudio.vn\/wp-content\/uploads\/2022\/02\/1.jpg&#8221; title_text=&#8221;1&#8243; _builder_version=&#8221;4.16&#8243; global_colors_info=&#8221;{}&#8221;][\/et_pb_image][\/et_pb_column][et_pb_column type=&#8221;1_2&#8243; _builder_version=&#8221;4.16&#8243;][et_pb_text _builder_version=&#8221;4.17.4&#8243; height=&#8221;100%&#8221; custom_padding=&#8221;||8px|||&#8221; custom_css_main_element=&#8221;display: flex;||flex-direction: column; ||justify-content: center;&#8221; global_colors_info=&#8221;{}&#8221;]<\/p>\n<p style=\"text-align: justify;\">Ng\u00e0y x\u1eeda ng\u00e0y x\u01b0a, c\u00f3 m\u1ed9t ch\u00fa Heo nh\u1ecf s\u1ed1ng \u1edf ven s\u00f4ng.<\/p>\n<p style=\"text-align: justify;\">Chi\u1ec1u chi\u1ec1u, Heo nh\u1ecf th\u01b0\u1eddng d\u1ea1o ch\u01a1i b\u00ean b\u1edd s\u00f4ng v\u1eafng.<\/p>\n<p style=\"text-align: justify;\">M\u1ed9t ng\u00e0y n\u1ecd, ch\u00fa Heo tr\u00f4ng th\u1ea5y m\u1ed9t C\u1eadu B\u00e9 b\u1ecdc trong l\u00e1 sen, \u0111\u1eb7t c\u1ea1nh b\u1edd s\u00f4ng.<\/p>\n<p>[\/et_pb_text][\/et_pb_column][\/et_pb_row][et_pb_row column_structure=&#8221;1_2,1_2&#8243; make_equal=&#8221;on&#8221; _builder_version=&#8221;4.16&#8243; custom_margin=&#8221;||100px||false|false&#8221; global_colors_info=&#8221;{}&#8221;][et_pb_column type=&#8221;1_2&#8243; _builder_version=&#8221;4.16&#8243;][et_pb_text _builder_version=&#8221;4.17.4&#8243; height=&#8221;100%&#8221; custom_padding=&#8221;||8px|||&#8221; custom_css_main_element=&#8221;display: flex;||flex-direction: column; ||justify-content: center;&#8221; global_colors_info=&#8221;{}&#8221;]<\/p>\n<p style=\"text-align: justify;\">T\u1eeb nh\u1ecf, ch\u00fa Heo ch\u1ec9 s\u1ed1ng m\u1ed9t m\u00ecnh n\u00ean ch\u00fa lu\u00f4n ao \u01b0\u1edbc c\u00f3 m\u1ed9t ng\u01b0\u1eddi b\u1ea1n. V\u00ec v\u1eady, ch\u00fa quy\u1ebft \u0111\u1ecbnh nu\u00f4i d\u01b0\u1ee1ng C\u1eadu B\u00e9.<\/p>\n<p style=\"text-align: justify;\">Ch\u00fa Heo nh\u1eb9 nh\u00e0ng g\u00f3i C\u1eadu B\u00e9 v\u00e0o l\u00e1 sen v\u00e0 tha v\u1ec1 t\u1ed5 c\u1ee7a m\u00ecnh.<\/p>\n<p>[\/et_pb_text][\/et_pb_column][et_pb_column type=&#8221;1_2&#8243; _builder_version=&#8221;4.16&#8243;][et_pb_image src=&#8221;https:\/\/bsartstudio.vn\/wp-content\/uploads\/2022\/02\/2.jpg&#8221; title_text=&#8221;2&#8243; _builder_version=&#8221;4.16&#8243; global_colors_info=&#8221;{}&#8221;][\/et_pb_image][\/et_pb_column][\/et_pb_row][et_pb_row column_structure=&#8221;1_2,1_2&#8243; make_equal=&#8221;on&#8221; _builder_version=&#8221;4.16&#8243; custom_margin=&#8221;||100px||false|false&#8221; global_colors_info=&#8221;{}&#8221;][et_pb_column type=&#8221;1_2&#8243; _builder_version=&#8221;4.16&#8243;][et_pb_image src=&#8221;https:\/\/bsartstudio.vn\/wp-content\/uploads\/2022\/02\/3.jpg&#8221; title_text=&#8221;3&#8243; _builder_version=&#8221;4.16&#8243; global_colors_info=&#8221;{}&#8221;][\/et_pb_image][et_pb_text _builder_version=&#8221;4.16&#8243; text_font_size=&#8221;20px&#8221; custom_margin=&#8221;-58px|0px|0px|15px|false|false&#8221; custom_padding=&#8221;0px|0px|0px|0px|false|false&#8221; locked=&#8221;off&#8221; global_colors_info=&#8221;{}&#8221;][\/et_pb_text][\/et_pb_column][et_pb_column type=&#8221;1_2&#8243; _builder_version=&#8221;4.16&#8243;][et_pb_text _builder_version=&#8221;4.17.4&#8243; height=&#8221;100%&#8221; custom_padding=&#8221;||8px|||&#8221; custom_css_main_element=&#8221;display: flex;||flex-direction: column; ||justify-content: center;&#8221; global_colors_info=&#8221;{}&#8221;]<\/p>\n<p style=\"text-align: justify;\">Nh\u01b0ng r\u1ed3i, ch\u00fa Heo b\u0103n kho\u0103n, kh\u00f4ng bi\u1ebft sao ch\u00fa c\u00f3 th\u1ec3 ch\u0103m s\u00f3c C\u1eadu B\u00e9. Ch\u00fa nh\u1edb l\u1ea1i h\u00ecnh \u1ea3nh nh\u1eefng c\u1eadu b\u00e9 m\u1ee5c \u0111\u1ed3ng th\u01b0\u1eddng ch\u01a1i \u0111\u00f9a v\u1edbi c\u00e1c anh Tr\u00e2u. Tr\u00e2u lu\u00f4n l\u00e0 ng\u01b0\u1eddi b\u1ea1n \u0111\u1ed3ng h\u00e0nh, ch\u1ec9 d\u1ea1y cho nh\u1eefng c\u00e1c b\u00e9 hi\u1ec3u bi\u1ebft v\u1ec1 th\u1ebf gi\u1edbi xung quanh.<\/p>\n<p style=\"text-align: justify;\">R\u1ed3i m\u1ed9t \u00fd ngh\u0129 tho\u00e1ng qua trong \u0111\u1ea7u Heo nh\u1ecf: &#8220;Hay l\u00e0 giao C\u1eadu B\u00e9 cho anh Tr\u00e2u h\u00e0ng x\u00f3m ch\u0103m s\u00f3c?&#8221; Nh\u01b0ng&#8230;Heo nh\u1ecf kh\u00f4ng \u0111\u00e0nh l\u00f2ng.<\/p>\n<p style=\"text-align: justify;\">Ch\u00fa Heo l\u1ea1i suy ngh\u0129 &#8220;L\u00e0m sao \u0111\u1ec3 tr\u00ed tu\u1ec7 nh\u01b0 anh Tr\u00e2u \u0111\u00e2y?\u201d<\/p>\n<p>[\/et_pb_text][\/et_pb_column][\/et_pb_row][et_pb_row column_structure=&#8221;1_2,1_2&#8243; make_equal=&#8221;on&#8221; _builder_version=&#8221;4.16&#8243; custom_margin=&#8221;||100px||false|false&#8221; global_colors_info=&#8221;{}&#8221;][et_pb_column type=&#8221;1_2&#8243; _builder_version=&#8221;4.16&#8243;][et_pb_text _builder_version=&#8221;4.17.4&#8243; height=&#8221;100%&#8221; custom_padding=&#8221;||8px|||&#8221; hover_enabled=&#8221;0&#8243; custom_css_main_element=&#8221;display: flex;||flex-direction: column; ||justify-content: center;&#8221; global_colors_info=&#8221;{}&#8221; sticky_enabled=&#8221;0&#8243;]<\/p>\n<p style=\"text-align: justify;\">Heo nh\u1ecf l\u1ea9n th\u1ea9n, v\u1eeba \u0111i v\u1eeba ngh\u0129. \u0110i m\u1ed9t h\u1ed3i ch\u00fa l\u1ea1i ra \u0111\u1ebfn b\u1edd s\u00f4ng.<\/p>\n<p style=\"text-align: justify;\">&#8220;N\u01b0\u1edbc s\u00f4ng h\u00f4m nay sao trong v\u00e0 s\u00e1ng qu\u00e1!&#8221; Heo nh\u1ecf ti\u1ebfn l\u1ea1i g\u1ea7n nh\u00ecn, th\u00ec ra l\u00e0 b\u00f3ng c\u1ee7a Tr\u0103ng Khuy\u1ebft in tr\u00ean m\u1eb7t n\u01b0\u1edbc.<\/p>\n<p>[\/et_pb_text][\/et_pb_column][et_pb_column type=&#8221;1_2&#8243; _builder_version=&#8221;4.16&#8243;][et_pb_image src=&#8221;https:\/\/bsartstudio.vn\/wp-content\/uploads\/2022\/02\/4.jpg&#8221; title_text=&#8221;4&#8243; _builder_version=&#8221;4.16&#8243; global_colors_info=&#8221;{}&#8221;][\/et_pb_image][\/et_pb_column][\/et_pb_row][et_pb_row column_structure=&#8221;1_2,1_2&#8243; make_equal=&#8221;on&#8221; _builder_version=&#8221;4.16&#8243; custom_margin=&#8221;||100px||false|false&#8221; global_colors_info=&#8221;{}&#8221;][et_pb_column type=&#8221;1_2&#8243; _builder_version=&#8221;4.16&#8243;][et_pb_image src=&#8221;https:\/\/bsartstudio.vn\/wp-content\/uploads\/2022\/02\/5.jpg&#8221; title_text=&#8221;5&#8243; _builder_version=&#8221;4.16&#8243; global_colors_info=&#8221;{}&#8221;][\/et_pb_image][\/et_pb_column][et_pb_column type=&#8221;1_2&#8243; _builder_version=&#8221;4.16&#8243;][et_pb_text _builder_version=&#8221;4.17.4&#8243; height=&#8221;100%&#8221; custom_padding=&#8221;||8px|||&#8221; hover_enabled=&#8221;0&#8243; custom_css_main_element=&#8221;display: flex;||flex-direction: column; ||justify-content: center;&#8221; global_colors_info=&#8221;{}&#8221; sticky_enabled=&#8221;0&#8243;]<\/p>\n<p style=\"text-align: justify;\">&#8220;A! \u0111\u00e3 c\u00f3 c\u00e1ch r\u1ed3i!&#8221;. M\u1ed9t \u00fd t\u01b0\u1edfng t\u00e1o b\u1ea1o l\u00f3e l\u00ean trong \u0111\u1ea7u ch\u00fa.<\/p>\n<p style=\"text-align: justify;\">Heo nh\u1ecf nh\u1eb9 nh\u00e0ng nh\u1eb7t b\u00f3ng c\u1ee7a \u00c1nh Tr\u0103ng Khuy\u1ebft g\u1eafn l\u00ean \u0111\u1ea7u v\u00e0 t\u1ef1 bi\u1ebfn m\u00ecnh th\u00e0nh m\u1ed9t ch\u00fa Tr\u00e2u nh\u1ecf xinh x\u1eafn.<\/p>\n<p style=\"text-align: justify;\">Ch\u00fa vui m\u1eebng \u0111i khoe v\u1edbi c\u00e1c b\u1ea1n chi\u1ebfc s\u1eebng Tr\u0103ng c\u1ee7a m\u00ecnh.<\/p>\n<p style=\"text-align: justify;\">T\u1eeb \u0111\u00f3, b\u1ea1n b\u00e8 g\u1ecdi ch\u00fa l\u00e0 Tr\u00e2u V\u00e0ng &#8211; Pig Moon.<\/p>\n<p>[\/et_pb_text][\/et_pb_column][\/et_pb_row][\/et_pb_section][et_pb_section fb_built=&#8221;1&#8243; _builder_version=&#8221;4.17.4&#8243; _module_preset=&#8221;default&#8221; background_enable_color=&#8221;off&#8221; locked=&#8221;off&#8221; global_colors_info=&#8221;{}&#8221;][et_pb_row _builder_version=&#8221;4.17.4&#8243; _module_preset=&#8221;default&#8221; global_colors_info=&#8221;{}&#8221;][et_pb_column type=&#8221;4_4&#8243; _builder_version=&#8221;4.16&#8243; _module_preset=&#8221;default&#8221;][et_pb_text _builder_version=&#8221;4.17.4&#8243; _module_preset=&#8221;default&#8221; global_colors_info=&#8221;{}&#8221;]<\/p>\n<p>L\u00e0m sao Pig Moon ch\u0103m s\u00f3c v\u00e0 nu\u00f4i d\u01b0\u1ee1ng C\u1eadu B\u00e9? Chuy\u1ec7n g\u00ec s\u1ebd x\u1ea3y \u0111\u1ebfn v\u1edbi Pig Moon v\u00e0 C\u1eadu B\u00e9? B\u1ea1n vui l\u00f2ng nh\u1ea5p link b\u00ean d\u01b0\u1edbi \u0111\u1ec3 bi\u1ebft di\u1ec5n bi\u1ebfn ti\u1ebfp theo c\u1ee7a c\u00e2u chuy\u1ec7n qua s\u00e1ch gi\u1ea5y ho\u1eb7c s\u00e1ch \u0111i\u1ec7n t\u1eed<\/p>\n<p>[\/et_pb_text][\/et_pb_column][\/et_pb_row][et_pb_row column_structure=&#8221;1_2,1_2&#8243; _builder_version=&#8221;4.16&#8243; _module_preset=&#8221;default&#8221; max_width=&#8221;900px&#8221; custom_margin=&#8221;0px||150px||false|false&#8221; custom_padding=&#8221;0px||0px||false|false&#8221; global_colors_info=&#8221;{}&#8221;][et_pb_column type=&#8221;1_2&#8243; _builder_version=&#8221;4.16&#8243; _module_preset=&#8221;default&#8221;][et_pb_button button_url=&#8221;https:\/\/bsartstudio.vn\/vi\/products\/trau-vang-va-cau-be-su-huyen-dieu-cua-anh-trang\/&#8221; button_text=&#8221;Mua S\u00e1ch Gi\u1ea5y&#8221; button_alignment=&#8221;center&#8221; _builder_version=&#8221;4.16&#8243; _module_preset=&#8221;default&#8221; custom_button=&#8221;on&#8221; button_bg_color=&#8221;#B7944E&#8221; button_border_width=&#8221;0px&#8221; button_font=&#8221;Hind||||||||&#8221; button_icon=&#8221;&#x24;||divi||400&#8243; custom_margin=&#8221;31px|40px||40px|false|false&#8221; custom_padding=&#8221;||||false|false&#8221; global_colors_info=&#8221;{}&#8221;][\/et_pb_button][\/et_pb_column][et_pb_column type=&#8221;1_2&#8243; _builder_version=&#8221;4.16&#8243; _module_preset=&#8221;default&#8221;][et_pb_button button_url=&#8221;https:\/\/play.google.com\/store\/books\/details\/Golden_Buffalo_and_The_Boy_The_magic_of_The_Moonli?id=ZEADEAAAQBAJ&#038;hl=en_US&#038;gl=VN&#8221; button_text=&#8221;Mua Ebook&#8221; button_alignment=&#8221;center&#8221; _builder_version=&#8221;4.16&#8243; _module_preset=&#8221;default&#8221; custom_button=&#8221;on&#8221; button_bg_color=&#8221;#B7944E&#8221; button_border_width=&#8221;0px&#8221; button_font=&#8221;Hind||||||||&#8221; button_icon=&#8221;&#x24;||divi||400&#8243; custom_margin=&#8221;31px|40px||40px|false|false&#8221; custom_padding=&#8221;||||false|false&#8221; global_colors_info=&#8221;{}&#8221;][\/et_pb_button][\/et_pb_column][\/et_pb_row][\/et_pb_section]<\/p>\n","protected":false},"excerpt":{"rendered":"<p>Tr\u00e2u V\u00e0ng v\u00e0 C\u1eadu B\u00e9 &#8211; S\u1ef1 huy\u1ec1n di\u1ec7u c\u1ee7a \u00c1nh Tr\u0103ngNg\u00e0y x\u1eeda ng\u00e0y x\u01b0a, c\u00f3 m\u1ed9t ch\u00fa Heo nh\u1ecf s\u1ed1ng \u1edf ven s\u00f4ng. Chi\u1ec1u chi\u1ec1u, Heo nh\u1ecf th\u01b0\u1eddng d\u1ea1o ch\u01a1i b\u00ean b\u1edd s\u00f4ng v\u1eafng. M\u1ed9t ng\u00e0y n\u1ecd, ch\u00fa Heo tr\u00f4ng th\u1ea5y m\u1ed9t C\u1eadu B\u00e9 b\u1ecdc trong l\u00e1 sen, \u0111\u1eb7t c\u1ea1nh b\u1edd s\u00f4ng.T\u1eeb nh\u1ecf, ch\u00fa [&hellip;]<\/p>\n","protected":false},"author":1,"featured_media":0,"parent":0,"menu_order":0,"comment_status":"closed","ping_status":"closed","template":"","meta":{"_et_pb_use_builder":"on","_et_pb_old_content":"","_et_gb_content_width":"","footnotes":""},"yoast_head":"<!-- This site is optimized with the Yoast SEO plugin v24.5 - https:\/\/yoast.com\/wordpress\/plugins\/seo\/ -->\n<title>Tr\u00e2u V\u00e0ng v\u00e0 C\u1eadu B\u00e9 - B\/S Art Studio<\/title>\n<meta name=\"robots\" content=\"index, follow, max-snippet:-1, max-image-preview:large, max-video-preview:-1\" \/>\n<link rel=\"canonical\" href=\"https:\/\/bsartstudio.vn\/vi\/trau-vang-va-cau-be\/\" \/>\n<meta property=\"og:locale\" content=\"vi_VN\" \/>\n<meta property=\"og:type\" content=\"article\" \/>\n<meta property=\"og:title\" content=\"Tr\u00e2u V\u00e0ng v\u00e0 C\u1eadu B\u00e9 - B\/S Art Studio\" \/>\n<meta property=\"og:description\" content=\"Tr\u00e2u V\u00e0ng v\u00e0 C\u1eadu B\u00e9 - S\u1ef1 huy\u1ec1n di\u1ec7u c\u1ee7a \u00c1nh Tr\u0103ngNg\u00e0y x\u1eeda ng\u00e0y x\u01b0a, c\u00f3 m\u1ed9t ch\u00fa Heo nh\u1ecf s\u1ed1ng \u1edf ven s\u00f4ng. Chi\u1ec1u chi\u1ec1u, Heo nh\u1ecf th\u01b0\u1eddng d\u1ea1o ch\u01a1i b\u00ean b\u1edd s\u00f4ng v\u1eafng. M\u1ed9t ng\u00e0y n\u1ecd, ch\u00fa Heo tr\u00f4ng th\u1ea5y m\u1ed9t C\u1eadu B\u00e9 b\u1ecdc trong l\u00e1 sen, \u0111\u1eb7t c\u1ea1nh b\u1edd s\u00f4ng.T\u1eeb nh\u1ecf, ch\u00fa [&hellip;]\" \/>\n<meta property=\"og:url\" content=\"https:\/\/bsartstudio.vn\/vi\/trau-vang-va-cau-be\/\" \/>\n<meta property=\"og:site_name\" content=\"B\/S Art Studio\" \/>\n<meta property=\"article:modified_time\" content=\"2024-10-07T10:36:06+00:00\" \/>\n<meta name=\"twitter:card\" content=\"summary_large_image\" \/>\n<meta name=\"twitter:label1\" content=\"Est. reading time\" \/>\n\t<meta name=\"twitter:data1\" content=\"7 minutes\" \/>\n<script type=\"application\/ld+json\" class=\"yoast-schema-graph\">{\"@context\":\"https:\/\/schema.org\",\"@graph\":[{\"@type\":\"WebPage\",\"@id\":\"https:\/\/bsartstudio.vn\/vi\/trau-vang-va-cau-be\/\",\"url\":\"https:\/\/bsartstudio.vn\/vi\/trau-vang-va-cau-be\/\",\"name\":\"Tr\u00e2u V\u00e0ng v\u00e0 C\u1eadu B\u00e9 - B\/S Art Studio\",\"isPartOf\":{\"@id\":\"https:\/\/bsartstudio.vn\/ja\/#website\"},\"datePublished\":\"2020-05-13T06:15:00+00:00\",\"dateModified\":\"2024-10-07T10:36:06+00:00\",\"breadcrumb\":{\"@id\":\"https:\/\/bsartstudio.vn\/vi\/trau-vang-va-cau-be\/#breadcrumb\"},\"inLanguage\":\"vi-VN\",\"potentialAction\":[{\"@type\":\"ReadAction\",\"target\":[\"https:\/\/bsartstudio.vn\/vi\/trau-vang-va-cau-be\/\"]}]},{\"@type\":\"BreadcrumbList\",\"@id\":\"https:\/\/bsartstudio.vn\/vi\/trau-vang-va-cau-be\/#breadcrumb\",\"itemListElement\":[{\"@type\":\"ListItem\",\"position\":1,\"name\":\"Home\",\"item\":\"https:\/\/bsartstudio.vn\/en\/\"},{\"@type\":\"ListItem\",\"position\":2,\"name\":\"Tr\u00e2u V\u00e0ng v\u00e0 C\u1eadu B\u00e9\"}]},{\"@type\":\"WebSite\",\"@id\":\"https:\/\/bsartstudio.vn\/ja\/#website\",\"url\":\"https:\/\/bsartstudio.vn\/ja\/\",\"name\":\"B\/S Art Studio\",\"description\":\"\",\"publisher\":{\"@id\":\"https:\/\/bsartstudio.vn\/ja\/#organization\"},\"potentialAction\":[{\"@type\":\"SearchAction\",\"target\":{\"@type\":\"EntryPoint\",\"urlTemplate\":\"https:\/\/bsartstudio.vn\/ja\/?s={search_term_string}\"},\"query-input\":{\"@type\":\"PropertyValueSpecification\",\"valueRequired\":true,\"valueName\":\"search_term_string\"}}],\"inLanguage\":\"vi-VN\"},{\"@type\":\"Organization\",\"@id\":\"https:\/\/bsartstudio.vn\/ja\/#organization\",\"name\":\"B\/S Art Studio\",\"url\":\"https:\/\/bsartstudio.vn\/ja\/\",\"logo\":{\"@type\":\"ImageObject\",\"inLanguage\":\"vi-VN\",\"@id\":\"https:\/\/bsartstudio.vn\/ja\/#\/schema\/logo\/image\/\",\"url\":\"https:\/\/bsartstudio.vn\/wp-content\/uploads\/2020\/03\/54526018_2272576089468053_1525084505319145472_n.jpg\",\"contentUrl\":\"https:\/\/bsartstudio.vn\/wp-content\/uploads\/2020\/03\/54526018_2272576089468053_1525084505319145472_n.jpg\",\"width\":958,\"height\":958,\"caption\":\"B\/S Art Studio\"},\"image\":{\"@id\":\"https:\/\/bsartstudio.vn\/ja\/#\/schema\/logo\/image\/\"}}]}<\/script>\n<!-- \/ Yoast SEO plugin. -->","yoast_head_json":{"title":"Tr\u00e2u V\u00e0ng v\u00e0 C\u1eadu B\u00e9 - B\/S Art Studio","robots":{"index":"index","follow":"follow","max-snippet":"max-snippet:-1","max-image-preview":"max-image-preview:large","max-video-preview":"max-video-preview:-1"},"canonical":"https:\/\/bsartstudio.vn\/vi\/trau-vang-va-cau-be\/","og_locale":"vi_VN","og_type":"article","og_title":"Tr\u00e2u V\u00e0ng v\u00e0 C\u1eadu B\u00e9 - B\/S Art Studio","og_description":"Tr\u00e2u V\u00e0ng v\u00e0 C\u1eadu B\u00e9 - S\u1ef1 huy\u1ec1n di\u1ec7u c\u1ee7a \u00c1nh Tr\u0103ngNg\u00e0y x\u1eeda ng\u00e0y x\u01b0a, c\u00f3 m\u1ed9t ch\u00fa Heo nh\u1ecf s\u1ed1ng \u1edf ven s\u00f4ng. Chi\u1ec1u chi\u1ec1u, Heo nh\u1ecf th\u01b0\u1eddng d\u1ea1o ch\u01a1i b\u00ean b\u1edd s\u00f4ng v\u1eafng. M\u1ed9t ng\u00e0y n\u1ecd, ch\u00fa Heo tr\u00f4ng th\u1ea5y m\u1ed9t C\u1eadu B\u00e9 b\u1ecdc trong l\u00e1 sen, \u0111\u1eb7t c\u1ea1nh b\u1edd s\u00f4ng.T\u1eeb nh\u1ecf, ch\u00fa [&hellip;]","og_url":"https:\/\/bsartstudio.vn\/vi\/trau-vang-va-cau-be\/","og_site_name":"B\/S Art Studio","article_modified_time":"2024-10-07T10:36:06+00:00","twitter_card":"summary_large_image","twitter_misc":{"Est. reading time":"7 minutes"},"schema":{"@context":"https:\/\/schema.org","@graph":[{"@type":"WebPage","@id":"https:\/\/bsartstudio.vn\/vi\/trau-vang-va-cau-be\/","url":"https:\/\/bsartstudio.vn\/vi\/trau-vang-va-cau-be\/","name":"Tr\u00e2u V\u00e0ng v\u00e0 C\u1eadu B\u00e9 - B\/S Art Studio","isPartOf":{"@id":"https:\/\/bsartstudio.vn\/ja\/#website"},"datePublished":"2020-05-13T06:15:00+00:00","dateModified":"2024-10-07T10:36:06+00:00","breadcrumb":{"@id":"https:\/\/bsartstudio.vn\/vi\/trau-vang-va-cau-be\/#breadcrumb"},"inLanguage":"vi-VN","potentialAction":[{"@type":"ReadAction","target":["https:\/\/bsartstudio.vn\/vi\/trau-vang-va-cau-be\/"]}]},{"@type":"BreadcrumbList","@id":"https:\/\/bsartstudio.vn\/vi\/trau-vang-va-cau-be\/#breadcrumb","itemListElement":[{"@type":"ListItem","position":1,"name":"Home","item":"https:\/\/bsartstudio.vn\/en\/"},{"@type":"ListItem","position":2,"name":"Tr\u00e2u V\u00e0ng v\u00e0 C\u1eadu B\u00e9"}]},{"@type":"WebSite","@id":"https:\/\/bsartstudio.vn\/ja\/#website","url":"https:\/\/bsartstudio.vn\/ja\/","name":"B\/S Art Studio","description":"","publisher":{"@id":"https:\/\/bsartstudio.vn\/ja\/#organization"},"potentialAction":[{"@type":"SearchAction","target":{"@type":"EntryPoint","urlTemplate":"https:\/\/bsartstudio.vn\/ja\/?s={search_term_string}"},"query-input":{"@type":"PropertyValueSpecification","valueRequired":true,"valueName":"search_term_string"}}],"inLanguage":"vi-VN"},{"@type":"Organization","@id":"https:\/\/bsartstudio.vn\/ja\/#organization","name":"B\/S Art Studio","url":"https:\/\/bsartstudio.vn\/ja\/","logo":{"@type":"ImageObject","inLanguage":"vi-VN","@id":"https:\/\/bsartstudio.vn\/ja\/#\/schema\/logo\/image\/","url":"https:\/\/bsartstudio.vn\/wp-content\/uploads\/2020\/03\/54526018_2272576089468053_1525084505319145472_n.jpg","contentUrl":"https:\/\/bsartstudio.vn\/wp-content\/uploads\/2020\/03\/54526018_2272576089468053_1525084505319145472_n.jpg","width":958,"height":958,"caption":"B\/S Art Studio"},"image":{"@id":"https:\/\/bsartstudio.vn\/ja\/#\/schema\/logo\/image\/"}}]}},"_links":{"self":[{"href":"https:\/\/bsartstudio.vn\/vi\/wp-json\/wp\/v2\/pages\/2626"}],"collection":[{"href":"https:\/\/bsartstudio.vn\/vi\/wp-json\/wp\/v2\/pages"}],"about":[{"href":"https:\/\/bsartstudio.vn\/vi\/wp-json\/wp\/v2\/types\/page"}],"author":[{"embeddable":true,"href":"https:\/\/bsartstudio.vn\/vi\/wp-json\/wp\/v2\/users\/1"}],"replies":[{"embeddable":true,"href":"https:\/\/bsartstudio.vn\/vi\/wp-json\/wp\/v2\/comments?post=2626"}],"version-history":[{"count":13,"href":"https:\/\/bsartstudio.vn\/vi\/wp-json\/wp\/v2\/pages\/2626\/revisions"}],"predecessor-version":[{"id":7977,"href":"https:\/\/bsartstudio.vn\/vi\/wp-json\/wp\/v2\/pages\/2626\/revisions\/7977"}],"wp:attachment":[{"href":"https:\/\/bsartstudio.vn\/vi\/wp-json\/wp\/v2\/media?parent=2626"}],"curies":[{"name":"wp","href":"https:\/\/api.w.org\/{rel}","templated":true}]}}