{"id":2622,"date":"2020-05-13T13:12:11","date_gmt":"2020-05-13T06:12:11","guid":{"rendered":"https:\/\/bsartstudio.vn\/nang-trang-va-ba-hat-lua-than\/"},"modified":"2024-11-20T16:02:46","modified_gmt":"2024-11-20T09:02:46","slug":"nang-trang-va-ba-hat-lua-than","status":"publish","type":"page","link":"https:\/\/bsartstudio.vn\/vi\/nang-trang-va-ba-hat-lua-than\/","title":{"rendered":"N\u00c0NG TR\u0102NG v\u00e0 BA H\u1ea0T L\u00daA TH\u1ea6N"},"content":{"rendered":"<p>[et_pb_section fb_built=&#8221;1&#8243; admin_label=&#8221;Hero Section&#8221; _builder_version=&#8221;4.16&#8243; use_background_color_gradient=&#8221;on&#8221; background_color_gradient_direction=&#8221;120deg&#8221; background_color_gradient_stops=&#8221;rgba(0,0,0,0.7) 0%|rgba(0,0,0,0) 100%&#8221; background_color_gradient_start=&#8221;rgba(0,0,0,0.7)&#8221; background_image=&#8221;https:\/\/bsartstudio.vn\/wp-content\/uploads\/2020\/05\/Trang-b\u00eca-N\u00e0ng-Tr\u0103ng.jpg&#8221; background_position=&#8221;top_center&#8221; custom_padding=&#8221;10%||10%|&#8221; locked=&#8221;off&#8221; global_colors_info=&#8221;{}&#8221;][et_pb_row column_structure=&#8221;3_4,1_4&#8243; admin_label=&#8221;Hero Area&#8221; _builder_version=&#8221;4.17.4&#8243; global_colors_info=&#8221;{}&#8221;][et_pb_column type=&#8221;3_4&#8243; _builder_version=&#8221;4.16&#8243; custom_padding=&#8221;|||&#8221; global_colors_info=&#8221;{}&#8221; custom_padding__hover=&#8221;|||&#8221;][et_pb_text admin_label=&#8221;Title&#8221; _builder_version=&#8221;4.16&#8243; text_font=&#8221;||||||||&#8221; header_font=&#8221;Hind|600|||||||&#8221; header_font_size=&#8221;60px&#8221; header_line_height=&#8221;1.2em&#8221; header_2_font=&#8221;||||||||&#8221; animation_style=&#8221;fade&#8221; header_font_size_tablet=&#8221;&#8221; header_font_size_phone=&#8221;40px&#8221; header_font_size_last_edited=&#8221;on|phone&#8221; global_colors_info=&#8221;{}&#8221;]<\/p>\n<h1><strong>N\u00c0NG TR\u0102NG v\u00e0 BA H\u1ea0T L\u00daA TH\u1ea6N<\/strong><\/h1>\n<p>[\/et_pb_text][\/et_pb_column][et_pb_column type=&#8221;1_4&#8243; _builder_version=&#8221;4.16&#8243; custom_padding=&#8221;|||&#8221; global_colors_info=&#8221;{}&#8221; custom_padding__hover=&#8221;|||&#8221;][\/et_pb_column][\/et_pb_row][\/et_pb_section][et_pb_section fb_built=&#8221;1&#8243; _builder_version=&#8221;4.17.4&#8243; background_color=&#8221;gcid-03e7d492-1479-4a11-9c85-e3f1246270c2&#8243; global_colors_info=&#8221;{%22gcid-03e7d492-1479-4a11-9c85-e3f1246270c2%22:%91%22background_color%22%93}&#8221;][et_pb_row column_structure=&#8221;1_2,1_2&#8243; make_equal=&#8221;on&#8221; _builder_version=&#8221;4.17.4&#8243; custom_margin=&#8221;||100px||false|false&#8221; global_colors_info=&#8221;{}&#8221;][et_pb_column type=&#8221;1_2&#8243; _builder_version=&#8221;4.17.4&#8243; global_colors_info=&#8221;{}&#8221;][et_pb_image src=&#8221;https:\/\/bsartstudio.vn\/wp-content\/uploads\/2023\/10\/02.jpg&#8221; title_text=&#8221;02&#8243; _builder_version=&#8221;4.17.4&#8243; global_colors_info=&#8221;{}&#8221;][\/et_pb_image][\/et_pb_column][et_pb_column type=&#8221;1_2&#8243; _builder_version=&#8221;4.17.4&#8243; global_colors_info=&#8221;{}&#8221;][et_pb_image src=&#8221;https:\/\/bsartstudio.vn\/wp-content\/uploads\/2023\/10\/03.jpg&#8221; title_text=&#8221;03&#8243; _builder_version=&#8221;4.17.4&#8243; global_colors_info=&#8221;{}&#8221;][\/et_pb_image][\/et_pb_column][\/et_pb_row][et_pb_row column_structure=&#8221;1_2,1_2&#8243; make_equal=&#8221;on&#8221; _builder_version=&#8221;4.17.4&#8243; custom_margin=&#8221;||100px||false|false&#8221; global_colors_info=&#8221;{}&#8221;][et_pb_column type=&#8221;1_2&#8243; _builder_version=&#8221;4.17.4&#8243; global_colors_info=&#8221;{}&#8221;][et_pb_image src=&#8221;https:\/\/bsartstudio.vn\/wp-content\/uploads\/2023\/10\/04.jpg&#8221; title_text=&#8221;04&#8243; _builder_version=&#8221;4.17.4&#8243; global_colors_info=&#8221;{}&#8221;][\/et_pb_image][\/et_pb_column][et_pb_column type=&#8221;1_2&#8243; _builder_version=&#8221;4.17.4&#8243; global_colors_info=&#8221;{}&#8221;][et_pb_image src=&#8221;https:\/\/bsartstudio.vn\/wp-content\/uploads\/2023\/10\/05.jpg&#8221; title_text=&#8221;05&#8243; _builder_version=&#8221;4.17.4&#8243; global_colors_info=&#8221;{}&#8221;][\/et_pb_image][\/et_pb_column][\/et_pb_row][et_pb_row column_structure=&#8221;1_2,1_2&#8243; make_equal=&#8221;on&#8221; _builder_version=&#8221;4.17.4&#8243; custom_margin=&#8221;||100px||false|false&#8221; global_colors_info=&#8221;{}&#8221;][et_pb_column type=&#8221;1_2&#8243; _builder_version=&#8221;4.17.4&#8243; global_colors_info=&#8221;{}&#8221;][et_pb_image src=&#8221;https:\/\/bsartstudio.vn\/wp-content\/uploads\/2023\/10\/06.jpg&#8221; title_text=&#8221;06&#8243; _builder_version=&#8221;4.17.4&#8243; global_colors_info=&#8221;{}&#8221;][\/et_pb_image][\/et_pb_column][et_pb_column type=&#8221;1_2&#8243; _builder_version=&#8221;4.17.4&#8243; global_colors_info=&#8221;{}&#8221;][et_pb_image src=&#8221;https:\/\/bsartstudio.vn\/wp-content\/uploads\/2023\/10\/07.jpg&#8221; title_text=&#8221;07&#8243; _builder_version=&#8221;4.17.4&#8243; global_colors_info=&#8221;{}&#8221;][\/et_pb_image][\/et_pb_column][\/et_pb_row][et_pb_row column_structure=&#8221;1_2,1_2&#8243; make_equal=&#8221;on&#8221; _builder_version=&#8221;4.17.4&#8243; custom_margin=&#8221;||100px||false|false&#8221; global_colors_info=&#8221;{}&#8221;][et_pb_column type=&#8221;1_2&#8243; _builder_version=&#8221;4.17.4&#8243; global_colors_info=&#8221;{}&#8221;][et_pb_image src=&#8221;https:\/\/bsartstudio.vn\/wp-content\/uploads\/2023\/10\/08.jpg&#8221; title_text=&#8221;08&#8243; _builder_version=&#8221;4.17.4&#8243; global_colors_info=&#8221;{}&#8221;][\/et_pb_image][\/et_pb_column][et_pb_column type=&#8221;1_2&#8243; _builder_version=&#8221;4.17.4&#8243; global_colors_info=&#8221;{}&#8221;][et_pb_image src=&#8221;https:\/\/bsartstudio.vn\/wp-content\/uploads\/2023\/10\/09.jpg&#8221; title_text=&#8221;09&#8243; _builder_version=&#8221;4.17.4&#8243; global_colors_info=&#8221;{}&#8221;][\/et_pb_image][\/et_pb_column][\/et_pb_row][\/et_pb_section][et_pb_section fb_built=&#8221;1&#8243; _builder_version=&#8221;4.17.4&#8243; _module_preset=&#8221;default&#8221; background_enable_color=&#8221;off&#8221; locked=&#8221;off&#8221; global_colors_info=&#8221;{}&#8221;][et_pb_row _builder_version=&#8221;4.16&#8243; _module_preset=&#8221;default&#8221; global_colors_info=&#8221;{}&#8221;][et_pb_column type=&#8221;4_4&#8243; _builder_version=&#8221;4.16&#8243; _module_preset=&#8221;default&#8221; global_colors_info=&#8221;{}&#8221;][et_pb_text _builder_version=&#8221;4.17.4&#8243; _module_preset=&#8221;default&#8221; custom_margin=&#8221;25px|-54px||||&#8221; global_colors_info=&#8221;{}&#8221;]<\/p>\n<p style=\"text-align: center;\">\u0110\u1ec3 ti\u1ebfp t\u1ee5c theo d\u00f5i ph\u1ea7n c\u00f2n l\u1ea1i c\u1ee7a c\u00e2u chuy\u1ec7n, vui l\u00f2ng nh\u1ea5n v\u00e0o n\u00fat b\u00ean d\u01b0\u1edbi \u0111\u1ec3 mua s\u00e1ch gi\u1ea5y ho\u1eb7c s\u00e1ch \u0111i\u1ec7n t\u1eed.<\/p>\n<p>[\/et_pb_text][\/et_pb_column][\/et_pb_row][et_pb_row column_structure=&#8221;1_2,1_2&#8243; _builder_version=&#8221;4.17.4&#8243; _module_preset=&#8221;default&#8221; max_width=&#8221;900px&#8221; custom_margin=&#8221;0px||150px||false|false&#8221; custom_padding=&#8221;0px||0px||false|false&#8221; global_colors_info=&#8221;{}&#8221;][et_pb_column type=&#8221;1_2&#8243; _builder_version=&#8221;4.17.4&#8243; _module_preset=&#8221;default&#8221; global_colors_info=&#8221;{}&#8221;][et_pb_button button_url=&#8221;https:\/\/bsartstudio.vn\/en\/products\/book-the-moon-lady-and-three-magical-paddy-grains\/&#8221; button_text=&#8221;Mua S\u00e1ch Gi\u1ea5y&#8221; button_alignment=&#8221;center&#8221; _builder_version=&#8221;4.17.4&#8243; _module_preset=&#8221;default&#8221; custom_button=&#8221;on&#8221; button_bg_color=&#8221;#B7944E&#8221; button_border_width=&#8221;0px&#8221; button_font=&#8221;Hind||||||||&#8221; button_icon=&#8221;$||divi||400&#8243; custom_margin=&#8221;0px|40px||40px|false|false&#8221; custom_padding=&#8221;||||false|false&#8221; hover_enabled=&#8221;0&#8243; global_colors_info=&#8221;{}&#8221; sticky_enabled=&#8221;0&#8243;][\/et_pb_button][\/et_pb_column][et_pb_column type=&#8221;1_2&#8243; _builder_version=&#8221;4.17.4&#8243; _module_preset=&#8221;default&#8221; global_colors_info=&#8221;{}&#8221;][et_pb_button button_url=&#8221;https:\/\/www.amazon.com\/dp\/B0CPSVRDT2&#8243; button_text=&#8221;Mua s\u00e1ch \u0111i\u1ec7n t\u1eed tr\u00ean Amazon&#8221; _builder_version=&#8221;4.17.4&#8243; _module_preset=&#8221;default&#8221; custom_button=&#8221;on&#8221; button_bg_color=&#8221;#b7944e&#8221; global_colors_info=&#8221;{}&#8221;][\/et_pb_button][\/et_pb_column][\/et_pb_row][\/et_pb_section]<\/p>\n","protected":false},"excerpt":{"rendered":"<p>N\u00c0NG TR\u0102NG v\u00e0 BA H\u1ea0T L\u00daA TH\u1ea6N \u0110\u1ec3 ti\u1ebfp t\u1ee5c theo d\u00f5i ph\u1ea7n c\u00f2n l\u1ea1i c\u1ee7a c\u00e2u chuy\u1ec7n, vui l\u00f2ng nh\u1ea5n v\u00e0o n\u00fat b\u00ean d\u01b0\u1edbi \u0111\u1ec3 mua s\u00e1ch gi\u1ea5y ho\u1eb7c s\u00e1ch \u0111i\u1ec7n t\u1eed.<\/p>\n","protected":false},"author":1,"featured_media":0,"parent":0,"menu_order":0,"comment_status":"closed","ping_status":"closed","template":"","meta":{"_et_pb_use_builder":"on","_et_pb_old_content":"","_et_gb_content_width":"","footnotes":""},"yoast_head":"<!-- This site is optimized with the Yoast SEO plugin v24.5 - https:\/\/yoast.com\/wordpress\/plugins\/seo\/ -->\n<title>N\u00c0NG TR\u0102NG v\u00e0 BA H\u1ea0T L\u00daA TH\u1ea6N - B\/S Art Studio<\/title>\n<meta name=\"robots\" content=\"index, follow, max-snippet:-1, max-image-preview:large, max-video-preview:-1\" \/>\n<link rel=\"canonical\" href=\"https:\/\/bsartstudio.vn\/vi\/nang-trang-va-ba-hat-lua-than\/\" \/>\n<meta property=\"og:locale\" content=\"vi_VN\" \/>\n<meta property=\"og:type\" content=\"article\" \/>\n<meta property=\"og:title\" content=\"N\u00c0NG TR\u0102NG v\u00e0 BA H\u1ea0T L\u00daA TH\u1ea6N - B\/S Art Studio\" \/>\n<meta property=\"og:description\" content=\"N\u00c0NG TR\u0102NG v\u00e0 BA H\u1ea0T L\u00daA TH\u1ea6N \u0110\u1ec3 ti\u1ebfp t\u1ee5c theo d\u00f5i ph\u1ea7n c\u00f2n l\u1ea1i c\u1ee7a c\u00e2u chuy\u1ec7n, vui l\u00f2ng nh\u1ea5n v\u00e0o n\u00fat b\u00ean d\u01b0\u1edbi \u0111\u1ec3 mua s\u00e1ch gi\u1ea5y ho\u1eb7c s\u00e1ch \u0111i\u1ec7n t\u1eed.\" \/>\n<meta property=\"og:url\" content=\"https:\/\/bsartstudio.vn\/vi\/nang-trang-va-ba-hat-lua-than\/\" \/>\n<meta property=\"og:site_name\" content=\"B\/S Art Studio\" \/>\n<meta property=\"article:modified_time\" content=\"2024-11-20T09:02:46+00:00\" \/>\n<meta name=\"twitter:card\" content=\"summary_large_image\" \/>\n<meta name=\"twitter:label1\" content=\"Est. reading time\" \/>\n\t<meta name=\"twitter:data1\" content=\"4 minutes\" \/>\n<script type=\"application\/ld+json\" class=\"yoast-schema-graph\">{\"@context\":\"https:\/\/schema.org\",\"@graph\":[{\"@type\":\"WebPage\",\"@id\":\"https:\/\/bsartstudio.vn\/vi\/nang-trang-va-ba-hat-lua-than\/\",\"url\":\"https:\/\/bsartstudio.vn\/vi\/nang-trang-va-ba-hat-lua-than\/\",\"name\":\"N\u00c0NG TR\u0102NG v\u00e0 BA H\u1ea0T L\u00daA TH\u1ea6N - B\/S Art Studio\",\"isPartOf\":{\"@id\":\"https:\/\/bsartstudio.vn\/ja\/#website\"},\"datePublished\":\"2020-05-13T06:12:11+00:00\",\"dateModified\":\"2024-11-20T09:02:46+00:00\",\"breadcrumb\":{\"@id\":\"https:\/\/bsartstudio.vn\/vi\/nang-trang-va-ba-hat-lua-than\/#breadcrumb\"},\"inLanguage\":\"vi-VN\",\"potentialAction\":[{\"@type\":\"ReadAction\",\"target\":[\"https:\/\/bsartstudio.vn\/vi\/nang-trang-va-ba-hat-lua-than\/\"]}]},{\"@type\":\"BreadcrumbList\",\"@id\":\"https:\/\/bsartstudio.vn\/vi\/nang-trang-va-ba-hat-lua-than\/#breadcrumb\",\"itemListElement\":[{\"@type\":\"ListItem\",\"position\":1,\"name\":\"Home\",\"item\":\"https:\/\/bsartstudio.vn\/en\/\"},{\"@type\":\"ListItem\",\"position\":2,\"name\":\"N\u00c0NG TR\u0102NG v\u00e0 BA H\u1ea0T L\u00daA TH\u1ea6N\"}]},{\"@type\":\"WebSite\",\"@id\":\"https:\/\/bsartstudio.vn\/ja\/#website\",\"url\":\"https:\/\/bsartstudio.vn\/ja\/\",\"name\":\"B\/S Art Studio\",\"description\":\"\",\"publisher\":{\"@id\":\"https:\/\/bsartstudio.vn\/ja\/#organization\"},\"potentialAction\":[{\"@type\":\"SearchAction\",\"target\":{\"@type\":\"EntryPoint\",\"urlTemplate\":\"https:\/\/bsartstudio.vn\/ja\/?s={search_term_string}\"},\"query-input\":{\"@type\":\"PropertyValueSpecification\",\"valueRequired\":true,\"valueName\":\"search_term_string\"}}],\"inLanguage\":\"vi-VN\"},{\"@type\":\"Organization\",\"@id\":\"https:\/\/bsartstudio.vn\/ja\/#organization\",\"name\":\"B\/S Art Studio\",\"url\":\"https:\/\/bsartstudio.vn\/ja\/\",\"logo\":{\"@type\":\"ImageObject\",\"inLanguage\":\"vi-VN\",\"@id\":\"https:\/\/bsartstudio.vn\/ja\/#\/schema\/logo\/image\/\",\"url\":\"https:\/\/bsartstudio.vn\/wp-content\/uploads\/2020\/03\/54526018_2272576089468053_1525084505319145472_n.jpg\",\"contentUrl\":\"https:\/\/bsartstudio.vn\/wp-content\/uploads\/2020\/03\/54526018_2272576089468053_1525084505319145472_n.jpg\",\"width\":958,\"height\":958,\"caption\":\"B\/S Art Studio\"},\"image\":{\"@id\":\"https:\/\/bsartstudio.vn\/ja\/#\/schema\/logo\/image\/\"}}]}<\/script>\n<!-- \/ Yoast SEO plugin. -->","yoast_head_json":{"title":"N\u00c0NG TR\u0102NG v\u00e0 BA H\u1ea0T L\u00daA TH\u1ea6N - B\/S Art Studio","robots":{"index":"index","follow":"follow","max-snippet":"max-snippet:-1","max-image-preview":"max-image-preview:large","max-video-preview":"max-video-preview:-1"},"canonical":"https:\/\/bsartstudio.vn\/vi\/nang-trang-va-ba-hat-lua-than\/","og_locale":"vi_VN","og_type":"article","og_title":"N\u00c0NG TR\u0102NG v\u00e0 BA H\u1ea0T L\u00daA TH\u1ea6N - B\/S Art Studio","og_description":"N\u00c0NG TR\u0102NG v\u00e0 BA H\u1ea0T L\u00daA TH\u1ea6N \u0110\u1ec3 ti\u1ebfp t\u1ee5c theo d\u00f5i ph\u1ea7n c\u00f2n l\u1ea1i c\u1ee7a c\u00e2u chuy\u1ec7n, vui l\u00f2ng nh\u1ea5n v\u00e0o n\u00fat b\u00ean d\u01b0\u1edbi \u0111\u1ec3 mua s\u00e1ch gi\u1ea5y ho\u1eb7c s\u00e1ch \u0111i\u1ec7n t\u1eed.","og_url":"https:\/\/bsartstudio.vn\/vi\/nang-trang-va-ba-hat-lua-than\/","og_site_name":"B\/S Art Studio","article_modified_time":"2024-11-20T09:02:46+00:00","twitter_card":"summary_large_image","twitter_misc":{"Est. reading time":"4 minutes"},"schema":{"@context":"https:\/\/schema.org","@graph":[{"@type":"WebPage","@id":"https:\/\/bsartstudio.vn\/vi\/nang-trang-va-ba-hat-lua-than\/","url":"https:\/\/bsartstudio.vn\/vi\/nang-trang-va-ba-hat-lua-than\/","name":"N\u00c0NG TR\u0102NG v\u00e0 BA H\u1ea0T L\u00daA TH\u1ea6N - B\/S Art Studio","isPartOf":{"@id":"https:\/\/bsartstudio.vn\/ja\/#website"},"datePublished":"2020-05-13T06:12:11+00:00","dateModified":"2024-11-20T09:02:46+00:00","breadcrumb":{"@id":"https:\/\/bsartstudio.vn\/vi\/nang-trang-va-ba-hat-lua-than\/#breadcrumb"},"inLanguage":"vi-VN","potentialAction":[{"@type":"ReadAction","target":["https:\/\/bsartstudio.vn\/vi\/nang-trang-va-ba-hat-lua-than\/"]}]},{"@type":"BreadcrumbList","@id":"https:\/\/bsartstudio.vn\/vi\/nang-trang-va-ba-hat-lua-than\/#breadcrumb","itemListElement":[{"@type":"ListItem","position":1,"name":"Home","item":"https:\/\/bsartstudio.vn\/en\/"},{"@type":"ListItem","position":2,"name":"N\u00c0NG TR\u0102NG v\u00e0 BA H\u1ea0T L\u00daA TH\u1ea6N"}]},{"@type":"WebSite","@id":"https:\/\/bsartstudio.vn\/ja\/#website","url":"https:\/\/bsartstudio.vn\/ja\/","name":"B\/S Art Studio","description":"","publisher":{"@id":"https:\/\/bsartstudio.vn\/ja\/#organization"},"potentialAction":[{"@type":"SearchAction","target":{"@type":"EntryPoint","urlTemplate":"https:\/\/bsartstudio.vn\/ja\/?s={search_term_string}"},"query-input":{"@type":"PropertyValueSpecification","valueRequired":true,"valueName":"search_term_string"}}],"inLanguage":"vi-VN"},{"@type":"Organization","@id":"https:\/\/bsartstudio.vn\/ja\/#organization","name":"B\/S Art Studio","url":"https:\/\/bsartstudio.vn\/ja\/","logo":{"@type":"ImageObject","inLanguage":"vi-VN","@id":"https:\/\/bsartstudio.vn\/ja\/#\/schema\/logo\/image\/","url":"https:\/\/bsartstudio.vn\/wp-content\/uploads\/2020\/03\/54526018_2272576089468053_1525084505319145472_n.jpg","contentUrl":"https:\/\/bsartstudio.vn\/wp-content\/uploads\/2020\/03\/54526018_2272576089468053_1525084505319145472_n.jpg","width":958,"height":958,"caption":"B\/S Art Studio"},"image":{"@id":"https:\/\/bsartstudio.vn\/ja\/#\/schema\/logo\/image\/"}}]}},"_links":{"self":[{"href":"https:\/\/bsartstudio.vn\/vi\/wp-json\/wp\/v2\/pages\/2622"}],"collection":[{"href":"https:\/\/bsartstudio.vn\/vi\/wp-json\/wp\/v2\/pages"}],"about":[{"href":"https:\/\/bsartstudio.vn\/vi\/wp-json\/wp\/v2\/types\/page"}],"author":[{"embeddable":true,"href":"https:\/\/bsartstudio.vn\/vi\/wp-json\/wp\/v2\/users\/1"}],"replies":[{"embeddable":true,"href":"https:\/\/bsartstudio.vn\/vi\/wp-json\/wp\/v2\/comments?post=2622"}],"version-history":[{"count":16,"href":"https:\/\/bsartstudio.vn\/vi\/wp-json\/wp\/v2\/pages\/2622\/revisions"}],"predecessor-version":[{"id":8191,"href":"https:\/\/bsartstudio.vn\/vi\/wp-json\/wp\/v2\/pages\/2622\/revisions\/8191"}],"wp:attachment":[{"href":"https:\/\/bsartstudio.vn\/vi\/wp-json\/wp\/v2\/media?parent=2622"}],"curies":[{"name":"wp","href":"https:\/\/api.w.org\/{rel}","templated":true}]}}