{"id":2583,"date":"2020-05-09T13:02:21","date_gmt":"2020-05-09T06:02:21","guid":{"rendered":"https:\/\/bsartstudio.vn\/truyen-tranh-loai-vat\/"},"modified":"2025-05-19T13:50:07","modified_gmt":"2025-05-19T06:50:07","slug":"truyen-tranh-loai-vat","status":"publish","type":"page","link":"https:\/\/bsartstudio.vn\/vi\/truyen-tranh-loai-vat\/","title":{"rendered":"Truy\u1ec7n K\u1ef3 Di\u1ec7u v\u1ec1 12 Con Gi\u00e1p"},"content":{"rendered":"<p>[et_pb_section fb_built=&#8221;1&#8243; admin_label=&#8221;Page Title Section&#8221; _builder_version=&#8221;4.17.4&#8243; use_background_color_gradient=&#8221;on&#8221; background_color_gradient_direction=&#8221;120deg&#8221; background_color_gradient_stops=&#8221;#000000 0%|rgba(0,0,0,0) 100%&#8221; background_image=&#8221;https:\/\/bsartstudio.vn\/wp-content\/uploads\/2022\/02\/sach-Pigmoon-moi-5.jpg&#8221; height=&#8221;530px&#8221; custom_padding=&#8221;110px||110px|&#8221; locked=&#8221;off&#8221; global_colors_info=&#8221;{}&#8221;][et_pb_row column_structure=&#8221;2_3,1_3&#8243; admin_label=&#8221;Page Title Area&#8221; _builder_version=&#8221;4.16&#8243; global_colors_info=&#8221;{}&#8221;][et_pb_column type=&#8221;2_3&#8243; _builder_version=&#8221;4.16&#8243; custom_padding=&#8221;|||&#8221; global_colors_info=&#8221;{}&#8221; custom_padding__hover=&#8221;|||&#8221;][et_pb_text admin_label=&#8221;Title&#8221; _builder_version=&#8221;4.17.4&#8243; text_font=&#8221;||||||||&#8221; header_font=&#8221;Baloo 2|600|||||||&#8221; header_font_size=&#8221;60px&#8221; header_line_height=&#8221;1.2em&#8221; header_2_font=&#8221;||||||||&#8221; header_2_font_size=&#8221;60px&#8221; custom_margin=&#8221;|68px|20px|||&#8221; animation_style=&#8221;fade&#8221; header_font_size_tablet=&#8221;&#8221; header_font_size_phone=&#8221;40px&#8221; header_font_size_last_edited=&#8221;on|phone&#8221; text_text_shadow_style=&#8221;preset5&#8243; text_text_shadow_horizontal_length=&#8221;-0.2em&#8221; text_text_shadow_vertical_length=&#8221;0.2em&#8221; text_text_shadow_color=&#8221;#000000&#8243; global_colors_info=&#8221;{}&#8221;]<\/p>\n<h1 style=\"text-align: left;\">Truy\u1ec7n Tranh Lo\u00e0i V\u1eadt<\/h1>\n<p>[\/et_pb_text][et_pb_text admin_label=&#8221;Page Subtitle&#8221; _builder_version=&#8221;4.16&#8243; header_font=&#8221;||||||||&#8221; animation_style=&#8221;fade&#8221; global_colors_info=&#8221;{}&#8221;][\/et_pb_text][\/et_pb_column][et_pb_column type=&#8221;1_3&#8243; _builder_version=&#8221;4.16&#8243; custom_padding=&#8221;|||&#8221; global_colors_info=&#8221;{}&#8221; custom_padding__hover=&#8221;|||&#8221;][\/et_pb_column][\/et_pb_row][\/et_pb_section][et_pb_section fb_built=&#8221;1&#8243; _builder_version=&#8221;4.17.4&#8243; _module_preset=&#8221;default&#8221; background_color=&#8221;gcid-a23be859-0f3b-420e-a7a4-b19734b690b3&#8243; custom_padding=&#8221;20px||40px||false|false&#8221; locked=&#8221;off&#8221; global_colors_info=&#8221;{%22gcid-a23be859-0f3b-420e-a7a4-b19734b690b3%22:%91%22background_color%22%93}&#8221;][et_pb_row _builder_version=&#8221;4.17.4&#8243; _module_preset=&#8221;default&#8221; custom_margin=&#8221;||||false|false&#8221; custom_padding=&#8221;3%|0%|3%|0%|false|false&#8221; global_colors_info=&#8221;{}&#8221;][et_pb_column type=&#8221;4_4&#8243; _builder_version=&#8221;4.17.4&#8243; _module_preset=&#8221;default&#8221; global_colors_info=&#8221;{}&#8221;][et_pb_text admin_label=&#8221;Title&#8221; _builder_version=&#8221;4.27.4&#8243; text_font=&#8221;||||||||&#8221; header_2_font_size=&#8221;36px&#8221; custom_margin=&#8221;|auto|0px|auto|false|false&#8221; animation_style=&#8221;fade&#8221; locked=&#8221;off&#8221; global_colors_info=&#8221;{}&#8221;]<\/p>\n<h2 style=\"text-align: center;\">Nh\u1eefng c\u00e2u chuy\u1ec7n k\u1ef3 di\u1ec7u v\u1ec1 12 Con Gi\u00e1p<\/h2>\n<p>[\/et_pb_text][et_pb_divider color=&#8221;#B7944E&#8221; divider_position=&#8221;center&#8221; divider_weight=&#8221;3px&#8221; _builder_version=&#8221;4.17.4&#8243; max_width=&#8221;50px&#8221; module_alignment=&#8221;center&#8221; animation_style=&#8221;slide&#8221; animation_direction=&#8221;top&#8221; animation_intensity_slide=&#8221;10%&#8221; animation_starting_opacity=&#8221;100%&#8221; locked=&#8221;off&#8221; global_colors_info=&#8221;{}&#8221;][\/et_pb_divider][et_pb_text _builder_version=&#8221;4.27.4&#8243; text_font=&#8221;Montserrat||||||||&#8221; custom_margin=&#8221;25px|auto||auto|false|false&#8221; animation_style=&#8221;fade&#8221; hover_enabled=&#8221;0&#8243; locked=&#8221;off&#8221; global_colors_info=&#8221;{}&#8221; sticky_enabled=&#8221;0&#8243;]<\/p>\n<p style=\"text-align: justify;\">V\u1edbi quan ni\u1ec7m <strong>\u201cTr\u1ebb em l\u00e0 th\u1ebf h\u1ec7 t\u01b0\u01a1ng l\u1ea1i c\u1ee7a \u0111\u1ea5t n\u01b0\u1edbc v\u00e0 l\u00e0 nh\u1eefng ng\u01b0\u1eddi ti\u1ebfp t\u1ee5c g\u00ecn gi\u1eef, duy tr\u00ec v\u00e0 ph\u00e1t huy c\u00e1c gi\u00e1 tr\u1ecb truy\u1ec1n th\u1ed1ng, b\u1ea3n s\u1eafc c\u1ee7a c\u1ea3 d\u00e2n t\u1ed9c\u201d<\/strong>. H\u00e0ng n\u0103m, B\/S Art Studio \u0111\u1ec1u thi\u1ebft k\u1ebf v\u00e0 s\u00e1ng t\u00e1c m\u1ed9t c\u00e2u chuy\u1ec7n l\u1ea5y h\u00ecnh t\u01b0\u1ee3ng con gi\u00e1p c\u1ee7a n\u0103m l\u00e0m nh\u00e2n v\u1eadt ch\u00ednh. B\u1ed1i c\u1ea3nh \u0111\u01b0\u1ee3c l\u1ea5y c\u1ea3m h\u1ee9ng t\u1eeb nh\u1eefng h\u00ecnh \u1ea3nh, bi\u1ec3u t\u01b0\u1ee3ng \u0111\u1eb7c tr\u01b0ng trong v\u0103n h\u00f3a Vi\u1ec7t, v\u1edbi nh\u1eefng ch\u1ee7 \u0111\u1ec1 mang t\u00ednh to\u00e0n c\u1ea7u nh\u1eb1m mong mu\u1ed1n truy\u1ec1n t\u1ea3i nh\u1eefng gi\u00e1 tr\u1ecb nh\u00e2n v\u0103n, gi\u00fap cu\u1ed9c s\u1ed1ng tr\u1edf n\u00ean t\u01b0\u01a1i \u0111\u1eb9p h\u01a1n.<\/p>\n<p>[\/et_pb_text][\/et_pb_column][\/et_pb_row][\/et_pb_section][et_pb_section fb_built=&#8221;1&#8243; _builder_version=&#8221;4.17.4&#8243; background_color=&#8221;gcid-03e7d492-1479-4a11-9c85-e3f1246270c2&#8243; global_colors_info=&#8221;{%22gcid-03e7d492-1479-4a11-9c85-e3f1246270c2%22:%91%22background_color%22%93}&#8221;][et_pb_row column_structure=&#8221;1_3,1_3,1_3&#8243; use_custom_gutter=&#8221;on&#8221; gutter_width=&#8221;4&#8243; _builder_version=&#8221;4.17.4&#8243; width=&#8221;100%&#8221; global_colors_info=&#8221;{}&#8221;][et_pb_column type=&#8221;1_3&#8243; _builder_version=&#8221;4.16&#8243; _dynamic_attributes=&#8221;link_option_url&#8221; link_option_url=&#8221;@ET-DC@eyJkeW5hbWljIjp0cnVlLCJjb250ZW50IjoicG9zdF9saW5rX3VybF9wYWdlIiwic2V0dGluZ3MiOnsicG9zdF9pZCI6IjIyODMifX0=@&#8221; global_colors_info=&#8221;{}&#8221;][et_pb_image src=&#8221;https:\/\/bsartstudio.vn\/wp-content\/uploads\/2024\/11\/Golden-Buffalo-and-The-Boy.jpg&#8221; alt=&#8221;Golden Buffalo and The Boy&#8221; title_text=&#8221;Golden Buffalo and The Boy&#8221; _builder_version=&#8221;4.17.4&#8243; module_alignment=&#8221;center&#8221; custom_margin=&#8221;||20px||false|false&#8221; custom_padding=&#8221;||0px||false|false&#8221; global_colors_info=&#8221;{}&#8221;][\/et_pb_image][et_pb_text _builder_version=&#8221;4.17.4&#8243; header_3_font_size=&#8221;19px&#8221; module_alignment=&#8221;left&#8221; global_colors_info=&#8221;{}&#8221;]<\/p>\n<h3 style=\"text-align: center;\"><strong>Tr\u00e2u V\u00e0ng v\u00e0 C\u1eadu B\u00e9<\/strong><\/h3>\n<h3 style=\"text-align: center;\"><strong>S\u1ef1 Huy\u1ec1n Di\u1ec7u c\u1ee7a \u00c1nh Tr\u0103ng<\/strong><\/h3>\n<p>[\/et_pb_text][\/et_pb_column][et_pb_column type=&#8221;1_3&#8243; _builder_version=&#8221;4.16&#8243; _dynamic_attributes=&#8221;link_option_url&#8221; link_option_url=&#8221;@ET-DC@eyJkeW5hbWljIjp0cnVlLCJjb250ZW50IjoicG9zdF9saW5rX3VybF9wYWdlIiwic2V0dGluZ3MiOnsicG9zdF9pZCI6IjI1MzcifX0=@&#8221; global_colors_info=&#8221;{}&#8221;][et_pb_image src=&#8221;https:\/\/bsartstudio.vn\/wp-content\/uploads\/2024\/11\/The-Moon-Lady-and-Three-Magical-Paddy-Grains.jpg&#8221; alt=&#8221;The Moon Lady and Three Magical Paddy Grains&#8221; title_text=&#8221;The Moon Lady and Three Magical Paddy Grains&#8221; _builder_version=&#8221;4.17.4&#8243; custom_margin=&#8221;||20px||false|false&#8221; custom_padding=&#8221;||0px||false|false&#8221; global_colors_info=&#8221;{}&#8221;][\/et_pb_image][et_pb_text _builder_version=&#8221;4.17.4&#8243; header_3_font_size=&#8221;19px&#8221; module_alignment=&#8221;left&#8221; global_colors_info=&#8221;{}&#8221;]<\/p>\n<h3 style=\"text-align: center;\"><strong>N\u00e0ng Tr\u0103ng v\u00e0 Ba H\u1ea1t L\u00faa Th\u1ea7n<\/strong><\/h3>\n<p>[\/et_pb_text][\/et_pb_column][et_pb_column type=&#8221;1_3&#8243; _builder_version=&#8221;4.17.4&#8243; _dynamic_attributes=&#8221;link_option_url&#8221; link_option_url=&#8221;@ET-DC@eyJkeW5hbWljIjp0cnVlLCJjb250ZW50IjoicG9zdF9saW5rX3VybF9wYWdlIiwic2V0dGluZ3MiOnsicG9zdF9pZCI6IjgxNzkifX0=@&#8221; global_colors_info=&#8221;{}&#8221;][et_pb_image src=&#8221;https:\/\/bsartstudio.vn\/wp-content\/uploads\/2024\/11\/The-Sprout-Of-Hope.jpg&#8221; alt=&#8221;The Sprout Of Hope&#8221; title_text=&#8221;The Sprout Of Hope&#8221; _builder_version=&#8221;4.17.4&#8243; _module_preset=&#8221;default&#8221; global_colors_info=&#8221;{}&#8221;][\/et_pb_image][et_pb_text _builder_version=&#8221;4.17.4&#8243; _module_preset=&#8221;default&#8221; global_colors_info=&#8221;{}&#8221;]<\/p>\n<h3><strong>M\u1ea7m Xanh Hy V\u1ecdng<\/strong><\/h3>\n<p>[\/et_pb_text][\/et_pb_column][\/et_pb_row][\/et_pb_section]<\/p>\n","protected":false},"excerpt":{"rendered":"<p>Truy\u1ec7n Tranh Lo\u00e0i V\u1eadt Nh\u1eefng c\u00e2u chuy\u1ec7n k\u1ef3 di\u1ec7u v\u1ec1 12 Con Gi\u00e1pV\u1edbi quan ni\u1ec7m \u201cTr\u1ebb em l\u00e0 th\u1ebf h\u1ec7 t\u01b0\u01a1ng l\u1ea1i c\u1ee7a \u0111\u1ea5t n\u01b0\u1edbc v\u00e0 l\u00e0 nh\u1eefng ng\u01b0\u1eddi ti\u1ebfp t\u1ee5c g\u00ecn gi\u1eef, duy tr\u00ec v\u00e0 ph\u00e1t huy c\u00e1c gi\u00e1 tr\u1ecb truy\u1ec1n th\u1ed1ng, b\u1ea3n s\u1eafc c\u1ee7a c\u1ea3 d\u00e2n t\u1ed9c\u201d. H\u00e0ng n\u0103m, B\/S Art Studio \u0111\u1ec1u [&hellip;]<\/p>\n","protected":false},"author":1,"featured_media":0,"parent":0,"menu_order":0,"comment_status":"closed","ping_status":"closed","template":"","meta":{"_et_pb_use_builder":"on","_et_pb_old_content":"","_et_gb_content_width":"","footnotes":""},"yoast_head":"<!-- This site is optimized with the Yoast SEO plugin v24.5 - https:\/\/yoast.com\/wordpress\/plugins\/seo\/ -->\n<title>Truy\u1ec7n K\u1ef3 Di\u1ec7u v\u1ec1 12 Con Gi\u00e1p - B\/S Art Studio<\/title>\n<meta name=\"description\" content=\"H\u00e0ng n\u0103m, B\/S Art Studio thi\u1ebft k\u1ebf v\u00e0 s\u00e1ng t\u1ea1o m\u1ed9t c\u00e2u chuy\u1ec7n d\u1ef1a theo con gi\u00e1p c\u1ee7a n\u0103m \u0111\u1ec3 truy\u1ec1n t\u1ea3i nh\u1eefng gi\u00e1 tr\u1ecb nh\u00e2n v\u0103n v\u00e0 nh\u1eefng \u0111i\u1ec1u t\u1ed1t \u0111\u1eb9p c\u1ee7a cu\u1ed9c s\u1ed1ng.\" \/>\n<meta name=\"robots\" content=\"index, follow, max-snippet:-1, max-image-preview:large, max-video-preview:-1\" \/>\n<link rel=\"canonical\" href=\"https:\/\/bsartstudio.vn\/vi\/truyen-tranh-loai-vat\/\" \/>\n<meta property=\"og:locale\" content=\"vi_VN\" \/>\n<meta property=\"og:type\" content=\"article\" \/>\n<meta property=\"og:title\" content=\"Truy\u1ec7n K\u1ef3 Di\u1ec7u v\u1ec1 12 Con Gi\u00e1p - B\/S Art Studio\" \/>\n<meta property=\"og:description\" content=\"H\u00e0ng n\u0103m, B\/S Art Studio thi\u1ebft k\u1ebf v\u00e0 s\u00e1ng t\u1ea1o m\u1ed9t c\u00e2u chuy\u1ec7n d\u1ef1a theo con gi\u00e1p c\u1ee7a n\u0103m \u0111\u1ec3 truy\u1ec1n t\u1ea3i nh\u1eefng gi\u00e1 tr\u1ecb nh\u00e2n v\u0103n v\u00e0 nh\u1eefng \u0111i\u1ec1u t\u1ed1t \u0111\u1eb9p c\u1ee7a cu\u1ed9c s\u1ed1ng.\" \/>\n<meta property=\"og:url\" content=\"https:\/\/bsartstudio.vn\/vi\/truyen-tranh-loai-vat\/\" \/>\n<meta property=\"og:site_name\" content=\"B\/S Art Studio\" \/>\n<meta property=\"article:modified_time\" content=\"2025-05-19T06:50:07+00:00\" \/>\n<meta name=\"twitter:card\" content=\"summary_large_image\" \/>\n<meta name=\"twitter:label1\" content=\"Est. reading time\" \/>\n\t<meta name=\"twitter:data1\" content=\"5 minutes\" \/>\n<script type=\"application\/ld+json\" class=\"yoast-schema-graph\">{\"@context\":\"https:\/\/schema.org\",\"@graph\":[{\"@type\":\"WebPage\",\"@id\":\"https:\/\/bsartstudio.vn\/vi\/truyen-tranh-loai-vat\/\",\"url\":\"https:\/\/bsartstudio.vn\/vi\/truyen-tranh-loai-vat\/\",\"name\":\"Truy\u1ec7n K\u1ef3 Di\u1ec7u v\u1ec1 12 Con Gi\u00e1p - B\/S Art Studio\",\"isPartOf\":{\"@id\":\"https:\/\/bsartstudio.vn\/ja\/#website\"},\"datePublished\":\"2020-05-09T06:02:21+00:00\",\"dateModified\":\"2025-05-19T06:50:07+00:00\",\"description\":\"H\u00e0ng n\u0103m, B\/S Art Studio thi\u1ebft k\u1ebf v\u00e0 s\u00e1ng t\u1ea1o m\u1ed9t c\u00e2u chuy\u1ec7n d\u1ef1a theo con gi\u00e1p c\u1ee7a n\u0103m \u0111\u1ec3 truy\u1ec1n t\u1ea3i nh\u1eefng gi\u00e1 tr\u1ecb nh\u00e2n v\u0103n v\u00e0 nh\u1eefng \u0111i\u1ec1u t\u1ed1t \u0111\u1eb9p c\u1ee7a cu\u1ed9c s\u1ed1ng.\",\"breadcrumb\":{\"@id\":\"https:\/\/bsartstudio.vn\/vi\/truyen-tranh-loai-vat\/#breadcrumb\"},\"inLanguage\":\"vi-VN\",\"potentialAction\":[{\"@type\":\"ReadAction\",\"target\":[\"https:\/\/bsartstudio.vn\/vi\/truyen-tranh-loai-vat\/\"]}]},{\"@type\":\"BreadcrumbList\",\"@id\":\"https:\/\/bsartstudio.vn\/vi\/truyen-tranh-loai-vat\/#breadcrumb\",\"itemListElement\":[{\"@type\":\"ListItem\",\"position\":1,\"name\":\"Home\",\"item\":\"https:\/\/bsartstudio.vn\/en\/\"},{\"@type\":\"ListItem\",\"position\":2,\"name\":\"Truy\u1ec7n K\u1ef3 Di\u1ec7u v\u1ec1 12 Con Gi\u00e1p\"}]},{\"@type\":\"WebSite\",\"@id\":\"https:\/\/bsartstudio.vn\/ja\/#website\",\"url\":\"https:\/\/bsartstudio.vn\/ja\/\",\"name\":\"B\/S Art Studio\",\"description\":\"\",\"publisher\":{\"@id\":\"https:\/\/bsartstudio.vn\/ja\/#organization\"},\"potentialAction\":[{\"@type\":\"SearchAction\",\"target\":{\"@type\":\"EntryPoint\",\"urlTemplate\":\"https:\/\/bsartstudio.vn\/ja\/?s={search_term_string}\"},\"query-input\":{\"@type\":\"PropertyValueSpecification\",\"valueRequired\":true,\"valueName\":\"search_term_string\"}}],\"inLanguage\":\"vi-VN\"},{\"@type\":\"Organization\",\"@id\":\"https:\/\/bsartstudio.vn\/ja\/#organization\",\"name\":\"B\/S Art Studio\",\"url\":\"https:\/\/bsartstudio.vn\/ja\/\",\"logo\":{\"@type\":\"ImageObject\",\"inLanguage\":\"vi-VN\",\"@id\":\"https:\/\/bsartstudio.vn\/ja\/#\/schema\/logo\/image\/\",\"url\":\"https:\/\/bsartstudio.vn\/wp-content\/uploads\/2020\/03\/54526018_2272576089468053_1525084505319145472_n.jpg\",\"contentUrl\":\"https:\/\/bsartstudio.vn\/wp-content\/uploads\/2020\/03\/54526018_2272576089468053_1525084505319145472_n.jpg\",\"width\":958,\"height\":958,\"caption\":\"B\/S Art Studio\"},\"image\":{\"@id\":\"https:\/\/bsartstudio.vn\/ja\/#\/schema\/logo\/image\/\"}}]}<\/script>\n<!-- \/ Yoast SEO plugin. -->","yoast_head_json":{"title":"Truy\u1ec7n K\u1ef3 Di\u1ec7u v\u1ec1 12 Con Gi\u00e1p - B\/S Art Studio","description":"H\u00e0ng n\u0103m, B\/S Art Studio thi\u1ebft k\u1ebf v\u00e0 s\u00e1ng t\u1ea1o m\u1ed9t c\u00e2u chuy\u1ec7n d\u1ef1a theo con gi\u00e1p c\u1ee7a n\u0103m \u0111\u1ec3 truy\u1ec1n t\u1ea3i nh\u1eefng gi\u00e1 tr\u1ecb nh\u00e2n v\u0103n v\u00e0 nh\u1eefng \u0111i\u1ec1u t\u1ed1t \u0111\u1eb9p c\u1ee7a cu\u1ed9c s\u1ed1ng.","robots":{"index":"index","follow":"follow","max-snippet":"max-snippet:-1","max-image-preview":"max-image-preview:large","max-video-preview":"max-video-preview:-1"},"canonical":"https:\/\/bsartstudio.vn\/vi\/truyen-tranh-loai-vat\/","og_locale":"vi_VN","og_type":"article","og_title":"Truy\u1ec7n K\u1ef3 Di\u1ec7u v\u1ec1 12 Con Gi\u00e1p - B\/S Art Studio","og_description":"H\u00e0ng n\u0103m, B\/S Art Studio thi\u1ebft k\u1ebf v\u00e0 s\u00e1ng t\u1ea1o m\u1ed9t c\u00e2u chuy\u1ec7n d\u1ef1a theo con gi\u00e1p c\u1ee7a n\u0103m \u0111\u1ec3 truy\u1ec1n t\u1ea3i nh\u1eefng gi\u00e1 tr\u1ecb nh\u00e2n v\u0103n v\u00e0 nh\u1eefng \u0111i\u1ec1u t\u1ed1t \u0111\u1eb9p c\u1ee7a cu\u1ed9c s\u1ed1ng.","og_url":"https:\/\/bsartstudio.vn\/vi\/truyen-tranh-loai-vat\/","og_site_name":"B\/S Art Studio","article_modified_time":"2025-05-19T06:50:07+00:00","twitter_card":"summary_large_image","twitter_misc":{"Est. reading time":"5 minutes"},"schema":{"@context":"https:\/\/schema.org","@graph":[{"@type":"WebPage","@id":"https:\/\/bsartstudio.vn\/vi\/truyen-tranh-loai-vat\/","url":"https:\/\/bsartstudio.vn\/vi\/truyen-tranh-loai-vat\/","name":"Truy\u1ec7n K\u1ef3 Di\u1ec7u v\u1ec1 12 Con Gi\u00e1p - B\/S Art Studio","isPartOf":{"@id":"https:\/\/bsartstudio.vn\/ja\/#website"},"datePublished":"2020-05-09T06:02:21+00:00","dateModified":"2025-05-19T06:50:07+00:00","description":"H\u00e0ng n\u0103m, B\/S Art Studio thi\u1ebft k\u1ebf v\u00e0 s\u00e1ng t\u1ea1o m\u1ed9t c\u00e2u chuy\u1ec7n d\u1ef1a theo con gi\u00e1p c\u1ee7a n\u0103m \u0111\u1ec3 truy\u1ec1n t\u1ea3i nh\u1eefng gi\u00e1 tr\u1ecb nh\u00e2n v\u0103n v\u00e0 nh\u1eefng \u0111i\u1ec1u t\u1ed1t \u0111\u1eb9p c\u1ee7a cu\u1ed9c s\u1ed1ng.","breadcrumb":{"@id":"https:\/\/bsartstudio.vn\/vi\/truyen-tranh-loai-vat\/#breadcrumb"},"inLanguage":"vi-VN","potentialAction":[{"@type":"ReadAction","target":["https:\/\/bsartstudio.vn\/vi\/truyen-tranh-loai-vat\/"]}]},{"@type":"BreadcrumbList","@id":"https:\/\/bsartstudio.vn\/vi\/truyen-tranh-loai-vat\/#breadcrumb","itemListElement":[{"@type":"ListItem","position":1,"name":"Home","item":"https:\/\/bsartstudio.vn\/en\/"},{"@type":"ListItem","position":2,"name":"Truy\u1ec7n K\u1ef3 Di\u1ec7u v\u1ec1 12 Con Gi\u00e1p"}]},{"@type":"WebSite","@id":"https:\/\/bsartstudio.vn\/ja\/#website","url":"https:\/\/bsartstudio.vn\/ja\/","name":"B\/S Art Studio","description":"","publisher":{"@id":"https:\/\/bsartstudio.vn\/ja\/#organization"},"potentialAction":[{"@type":"SearchAction","target":{"@type":"EntryPoint","urlTemplate":"https:\/\/bsartstudio.vn\/ja\/?s={search_term_string}"},"query-input":{"@type":"PropertyValueSpecification","valueRequired":true,"valueName":"search_term_string"}}],"inLanguage":"vi-VN"},{"@type":"Organization","@id":"https:\/\/bsartstudio.vn\/ja\/#organization","name":"B\/S Art Studio","url":"https:\/\/bsartstudio.vn\/ja\/","logo":{"@type":"ImageObject","inLanguage":"vi-VN","@id":"https:\/\/bsartstudio.vn\/ja\/#\/schema\/logo\/image\/","url":"https:\/\/bsartstudio.vn\/wp-content\/uploads\/2020\/03\/54526018_2272576089468053_1525084505319145472_n.jpg","contentUrl":"https:\/\/bsartstudio.vn\/wp-content\/uploads\/2020\/03\/54526018_2272576089468053_1525084505319145472_n.jpg","width":958,"height":958,"caption":"B\/S Art Studio"},"image":{"@id":"https:\/\/bsartstudio.vn\/ja\/#\/schema\/logo\/image\/"}}]}},"_links":{"self":[{"href":"https:\/\/bsartstudio.vn\/vi\/wp-json\/wp\/v2\/pages\/2583"}],"collection":[{"href":"https:\/\/bsartstudio.vn\/vi\/wp-json\/wp\/v2\/pages"}],"about":[{"href":"https:\/\/bsartstudio.vn\/vi\/wp-json\/wp\/v2\/types\/page"}],"author":[{"embeddable":true,"href":"https:\/\/bsartstudio.vn\/vi\/wp-json\/wp\/v2\/users\/1"}],"replies":[{"embeddable":true,"href":"https:\/\/bsartstudio.vn\/vi\/wp-json\/wp\/v2\/comments?post=2583"}],"version-history":[{"count":18,"href":"https:\/\/bsartstudio.vn\/vi\/wp-json\/wp\/v2\/pages\/2583\/revisions"}],"predecessor-version":[{"id":9619,"href":"https:\/\/bsartstudio.vn\/vi\/wp-json\/wp\/v2\/pages\/2583\/revisions\/9619"}],"wp:attachment":[{"href":"https:\/\/bsartstudio.vn\/vi\/wp-json\/wp\/v2\/media?parent=2583"}],"curies":[{"name":"wp","href":"https:\/\/api.w.org\/{rel}","templated":true}]}}