{"id":1864,"date":"2020-04-10T11:28:42","date_gmt":"2020-04-10T04:28:42","guid":{"rendered":"https:\/\/bsartstudio.vn\/am-nhac\/"},"modified":"2025-01-13T15:13:22","modified_gmt":"2025-01-13T08:13:22","slug":"am-nhac","status":"publish","type":"page","link":"https:\/\/bsartstudio.vn\/vi\/am-nhac\/","title":{"rendered":"\u00c2m Nh\u1ea1c"},"content":{"rendered":"<p>[et_pb_section fb_built=&#8221;1&#8243; admin_label=&#8221;Page Title Section&#8221; _builder_version=&#8221;4.16&#8243; use_background_color_gradient=&#8221;on&#8221; background_color_gradient_direction=&#8221;120deg&#8221; background_image=&#8221;https:\/\/bsartstudio.vn\/wp-content\/uploads\/2022\/07\/ABC_1257-Copy.jpg&#8221; min_height=&#8221;528.8px&#8221; custom_padding=&#8221;110px||110px|&#8221; global_colors_info=&#8221;{}&#8221;][et_pb_row column_structure=&#8221;1_2,1_2&#8243; admin_label=&#8221;Page Title Area&#8221; _builder_version=&#8221;4.16&#8243; global_colors_info=&#8221;{}&#8221;][et_pb_column type=&#8221;1_2&#8243; _builder_version=&#8221;4.16&#8243; custom_padding=&#8221;|||&#8221; custom_padding__hover=&#8221;|||&#8221;][et_pb_text admin_label=&#8221;Title&#8221; _builder_version=&#8221;4.17.4&#8243; text_font=&#8221;||||||||&#8221; header_font=&#8221;Baloo 2|600|||||||&#8221; header_font_size=&#8221;60px&#8221; header_line_height=&#8221;1.2em&#8221; header_2_font=&#8221;||||||||&#8221; header_2_font_size=&#8221;60px&#8221; custom_margin=&#8221;||20px|&#8221; animation_style=&#8221;fade&#8221; hover_enabled=&#8221;0&#8243; header_font_size_tablet=&#8221;&#8221; header_font_size_phone=&#8221;40px&#8221; header_font_size_last_edited=&#8221;on|phone&#8221; text_text_shadow_style=&#8221;preset5&#8243; text_text_shadow_horizontal_length=&#8221;-0.3em&#8221; text_text_shadow_vertical_length=&#8221;-0.2em&#8221; text_text_shadow_color=&#8221;#000000&#8243; global_colors_info=&#8221;{}&#8221; sticky_enabled=&#8221;0&#8243;]<\/p>\n<h1>\u00c2m Nh\u1ea1c<\/h1>\n<p>[\/et_pb_text][et_pb_text admin_label=&#8221;Page Subtitle&#8221; _builder_version=&#8221;4.16&#8243; header_font=&#8221;||||||||&#8221; animation_style=&#8221;fade&#8221; global_colors_info=&#8221;{}&#8221;][\/et_pb_text][\/et_pb_column][et_pb_column type=&#8221;1_2&#8243; _builder_version=&#8221;4.16&#8243; custom_padding=&#8221;|||&#8221; custom_padding__hover=&#8221;|||&#8221;][\/et_pb_column][\/et_pb_row][\/et_pb_section][et_pb_section fb_built=&#8221;1&#8243; admin_label=&#8221;About Us Section&#8221; _builder_version=&#8221;4.16&#8243; background_color=&#8221;#efe9e4&#8243; custom_padding=&#8221;100px||100px|&#8221; global_colors_info=&#8221;{}&#8221;][et_pb_row admin_label=&#8221;About Us Area&#8221; _builder_version=&#8221;4.16&#8243; global_colors_info=&#8221;{}&#8221;][et_pb_column type=&#8221;4_4&#8243; _builder_version=&#8221;4.16&#8243; custom_padding=&#8221;|||&#8221; custom_padding__hover=&#8221;|||&#8221;][et_pb_text _builder_version=&#8221;4.16&#8243; module_alignment=&#8221;center&#8221; custom_margin=&#8221;|||&#8221; animation_style=&#8221;fade&#8221; global_colors_info=&#8221;{}&#8221;]<\/p>\n<p>Bam Bi c\u00f3 ni\u1ec1m \u0111am m\u00ea \u00e2m nh\u1ea1c t\u1eeb nh\u1ecf, c\u00f4 y\u00eau th\u00edch nh\u1eefng giai \u0111i\u1ec7u tr\u1eef t\u00ecnh nh\u1eb9 nh\u00e0ng gi\u1ed1ng m\u1eb9 v\u00e0 c\u0169ng d\u00e0nh nhi\u1ec1u t\u00ecnh c\u1ea3m cho nh\u1eefng giai \u0111i\u1ec7u d\u00e2n ca truy\u1ec1n th\u1ed1ng t\u1eeb ba. Bam Bi b\u1eaft \u0111\u1ea7u h\u1ecdc piano v\u00e0 s\u00e1o tr\u00fac v\u1edbi mong mu\u1ed1n t\u1ef1 m\u00ecnh c\u00f3 th\u1ec3 k\u1ebft h\u1ee3p v\u00e0 s\u00e1ng t\u1ea1o th\u00eam tr\u00ean nh\u1eefng d\u00f2ng nh\u1ea1c m\u00ecnh y\u00eau th\u00edch.<\/p>\n<p>B\u1eb1ng c\u00e1ch k\u1ebft h\u1ee3p \u00e2m \u0111i\u1ec7u s\u00e1o tr\u00fac tr\u00ean n\u1ec1n nh\u1ea1c piano, c\u00f4 \u0111\u00e3 t\u1ea1o ra s\u1ef1 pha tr\u1ed9n \u0111\u1ed9c \u0111\u00e1o gi\u1eefa nh\u1eefng giai \u0111i\u1ec7u truy\u1ec1n th\u1ed1ng v\u1edbi \u00e2m h\u01b0\u1edfng hi\u1ec7n \u0111\u1ea1i v\u00e0 h\u00f2a nh\u1eadp, t\u1ea1o n\u00ean d\u00f2ng nh\u1ea1c cho ri\u00eang m\u00ecnh. C\u00e1c b\u1ea3n nh\u1ea1c x\u01b0a \u0111\u01b0\u1ee3c h\u00f2a \u00e2m l\u1ea1i v\u1edbi n\u00e9t ph\u00f3ng kho\u00e1ng vui t\u01b0\u01a1i h\u01a1n \u0111\u1ec3 d\u1ec5 ti\u1ebfp c\u1eadn ng\u01b0\u1eddi nghe v\u00e0 c\u00f3 th\u1ec3 gi\u1edbi thi\u1ec7u v\u1ec1 n\u00e9t tinh tu\u00fd, b\u1ec1 d\u00e0y c\u1ee7a l\u1ecbch s\u1eed v\u0103n ho\u00e1 trong giai \u0111i\u1ec7u v\u00e0 b\u1ea3n nh\u1ea1c Vi\u1ec7t Nam.<\/p>\n<p>[\/et_pb_text][\/et_pb_column][\/et_pb_row][\/et_pb_section][et_pb_section fb_built=&#8221;1&#8243; _builder_version=&#8221;4.16&#8243; background_color=&#8221;#1E1D1C&#8221; custom_margin=&#8221;0px|0px|0px|0px|false|false&#8221; custom_padding=&#8221;0px|0px|0px|0px|false|false&#8221; global_colors_info=&#8221;{}&#8221;][et_pb_row _builder_version=&#8221;4.16&#8243; width=&#8221;100%&#8221; max_width=&#8221;none&#8221; custom_margin=&#8221;0px|0px|0px|0px|false|false&#8221; custom_padding=&#8221;0px|0px|0px|0px|false|false&#8221; global_colors_info=&#8221;{}&#8221;][et_pb_column type=&#8221;4_4&#8243; _builder_version=&#8221;4.16&#8243;]<\/p>\n<p>[et_pb_video src=&#8221;https:\/\/www.youtube.com\/playlist?list=PLxI3rW4XfXWd0aW9Ixo09c-_2A4oih3i7&#8243; _builder_version=&#8221;4.4.2&#8243; hover_enabled=&#8221;0&#8243; width=&#8221;100%&#8221; max_width=&#8221;100%&#8221; module_alignment=&#8221;center&#8221; custom_margin=&#8221;0px|0px|0px|0px|false|false&#8221; custom_padding=&#8221;0px|0px|0px|0px|false|false&#8221;][\/et_pb_video]<\/p>\n<p>[\/et_pb_column][\/et_pb_row][\/et_pb_section]<\/p>\n","protected":false},"excerpt":{"rendered":"<p>\u00c2m Nh\u1ea1cBam Bi c\u00f3 ni\u1ec1m \u0111am m\u00ea \u00e2m nh\u1ea1c t\u1eeb nh\u1ecf, c\u00f4 y\u00eau th\u00edch nh\u1eefng giai \u0111i\u1ec7u tr\u1eef t\u00ecnh nh\u1eb9 nh\u00e0ng gi\u1ed1ng m\u1eb9 v\u00e0 c\u0169ng d\u00e0nh nhi\u1ec1u t\u00ecnh c\u1ea3m cho nh\u1eefng giai \u0111i\u1ec7u d\u00e2n ca truy\u1ec1n th\u1ed1ng t\u1eeb ba. Bam Bi b\u1eaft \u0111\u1ea7u h\u1ecdc piano v\u00e0 s\u00e1o tr\u00fac v\u1edbi mong mu\u1ed1n t\u1ef1 m\u00ecnh c\u00f3 th\u1ec3 [&hellip;]<\/p>\n","protected":false},"author":1,"featured_media":0,"parent":0,"menu_order":0,"comment_status":"closed","ping_status":"closed","template":"","meta":{"_et_pb_use_builder":"on","_et_pb_old_content":"","_et_gb_content_width":"","footnotes":""},"yoast_head":"<!-- This site is optimized with the Yoast SEO plugin v24.5 - https:\/\/yoast.com\/wordpress\/plugins\/seo\/ -->\n<title>\u00c2m Nh\u1ea1c - B\/S Art Studio<\/title>\n<meta name=\"robots\" content=\"index, follow, max-snippet:-1, max-image-preview:large, max-video-preview:-1\" \/>\n<link rel=\"canonical\" href=\"https:\/\/bsartstudio.vn\/vi\/am-nhac\/\" \/>\n<meta property=\"og:locale\" content=\"vi_VN\" \/>\n<meta property=\"og:type\" content=\"article\" \/>\n<meta property=\"og:title\" content=\"\u00c2m Nh\u1ea1c - B\/S Art Studio\" \/>\n<meta property=\"og:description\" content=\"\u00c2m Nh\u1ea1cBam Bi c\u00f3 ni\u1ec1m \u0111am m\u00ea \u00e2m nh\u1ea1c t\u1eeb nh\u1ecf, c\u00f4 y\u00eau th\u00edch nh\u1eefng giai \u0111i\u1ec7u tr\u1eef t\u00ecnh nh\u1eb9 nh\u00e0ng gi\u1ed1ng m\u1eb9 v\u00e0 c\u0169ng d\u00e0nh nhi\u1ec1u t\u00ecnh c\u1ea3m cho nh\u1eefng giai \u0111i\u1ec7u d\u00e2n ca truy\u1ec1n th\u1ed1ng t\u1eeb ba. Bam Bi b\u1eaft \u0111\u1ea7u h\u1ecdc piano v\u00e0 s\u00e1o tr\u00fac v\u1edbi mong mu\u1ed1n t\u1ef1 m\u00ecnh c\u00f3 th\u1ec3 [&hellip;]\" \/>\n<meta property=\"og:url\" content=\"https:\/\/bsartstudio.vn\/vi\/am-nhac\/\" \/>\n<meta property=\"og:site_name\" content=\"B\/S Art Studio\" \/>\n<meta property=\"article:modified_time\" content=\"2025-01-13T08:13:22+00:00\" \/>\n<meta name=\"twitter:card\" content=\"summary_large_image\" \/>\n<meta name=\"twitter:label1\" content=\"Est. reading time\" \/>\n\t<meta name=\"twitter:data1\" content=\"3 minutes\" \/>\n<script type=\"application\/ld+json\" class=\"yoast-schema-graph\">{\"@context\":\"https:\/\/schema.org\",\"@graph\":[{\"@type\":\"WebPage\",\"@id\":\"https:\/\/bsartstudio.vn\/vi\/am-nhac\/\",\"url\":\"https:\/\/bsartstudio.vn\/vi\/am-nhac\/\",\"name\":\"\u00c2m Nh\u1ea1c - B\/S Art Studio\",\"isPartOf\":{\"@id\":\"https:\/\/bsartstudio.vn\/ja\/#website\"},\"datePublished\":\"2020-04-10T04:28:42+00:00\",\"dateModified\":\"2025-01-13T08:13:22+00:00\",\"breadcrumb\":{\"@id\":\"https:\/\/bsartstudio.vn\/vi\/am-nhac\/#breadcrumb\"},\"inLanguage\":\"vi-VN\",\"potentialAction\":[{\"@type\":\"ReadAction\",\"target\":[\"https:\/\/bsartstudio.vn\/vi\/am-nhac\/\"]}]},{\"@type\":\"BreadcrumbList\",\"@id\":\"https:\/\/bsartstudio.vn\/vi\/am-nhac\/#breadcrumb\",\"itemListElement\":[{\"@type\":\"ListItem\",\"position\":1,\"name\":\"Home\",\"item\":\"https:\/\/bsartstudio.vn\/en\/\"},{\"@type\":\"ListItem\",\"position\":2,\"name\":\"\u00c2m Nh\u1ea1c\"}]},{\"@type\":\"WebSite\",\"@id\":\"https:\/\/bsartstudio.vn\/ja\/#website\",\"url\":\"https:\/\/bsartstudio.vn\/ja\/\",\"name\":\"B\/S Art Studio\",\"description\":\"\",\"publisher\":{\"@id\":\"https:\/\/bsartstudio.vn\/ja\/#organization\"},\"potentialAction\":[{\"@type\":\"SearchAction\",\"target\":{\"@type\":\"EntryPoint\",\"urlTemplate\":\"https:\/\/bsartstudio.vn\/ja\/?s={search_term_string}\"},\"query-input\":{\"@type\":\"PropertyValueSpecification\",\"valueRequired\":true,\"valueName\":\"search_term_string\"}}],\"inLanguage\":\"vi-VN\"},{\"@type\":\"Organization\",\"@id\":\"https:\/\/bsartstudio.vn\/ja\/#organization\",\"name\":\"B\/S Art Studio\",\"url\":\"https:\/\/bsartstudio.vn\/ja\/\",\"logo\":{\"@type\":\"ImageObject\",\"inLanguage\":\"vi-VN\",\"@id\":\"https:\/\/bsartstudio.vn\/ja\/#\/schema\/logo\/image\/\",\"url\":\"https:\/\/bsartstudio.vn\/wp-content\/uploads\/2020\/03\/54526018_2272576089468053_1525084505319145472_n.jpg\",\"contentUrl\":\"https:\/\/bsartstudio.vn\/wp-content\/uploads\/2020\/03\/54526018_2272576089468053_1525084505319145472_n.jpg\",\"width\":958,\"height\":958,\"caption\":\"B\/S Art Studio\"},\"image\":{\"@id\":\"https:\/\/bsartstudio.vn\/ja\/#\/schema\/logo\/image\/\"}}]}<\/script>\n<!-- \/ Yoast SEO plugin. -->","yoast_head_json":{"title":"\u00c2m Nh\u1ea1c - B\/S Art Studio","robots":{"index":"index","follow":"follow","max-snippet":"max-snippet:-1","max-image-preview":"max-image-preview:large","max-video-preview":"max-video-preview:-1"},"canonical":"https:\/\/bsartstudio.vn\/vi\/am-nhac\/","og_locale":"vi_VN","og_type":"article","og_title":"\u00c2m Nh\u1ea1c - B\/S Art Studio","og_description":"\u00c2m Nh\u1ea1cBam Bi c\u00f3 ni\u1ec1m \u0111am m\u00ea \u00e2m nh\u1ea1c t\u1eeb nh\u1ecf, c\u00f4 y\u00eau th\u00edch nh\u1eefng giai \u0111i\u1ec7u tr\u1eef t\u00ecnh nh\u1eb9 nh\u00e0ng gi\u1ed1ng m\u1eb9 v\u00e0 c\u0169ng d\u00e0nh nhi\u1ec1u t\u00ecnh c\u1ea3m cho nh\u1eefng giai \u0111i\u1ec7u d\u00e2n ca truy\u1ec1n th\u1ed1ng t\u1eeb ba. Bam Bi b\u1eaft \u0111\u1ea7u h\u1ecdc piano v\u00e0 s\u00e1o tr\u00fac v\u1edbi mong mu\u1ed1n t\u1ef1 m\u00ecnh c\u00f3 th\u1ec3 [&hellip;]","og_url":"https:\/\/bsartstudio.vn\/vi\/am-nhac\/","og_site_name":"B\/S Art Studio","article_modified_time":"2025-01-13T08:13:22+00:00","twitter_card":"summary_large_image","twitter_misc":{"Est. reading time":"3 minutes"},"schema":{"@context":"https:\/\/schema.org","@graph":[{"@type":"WebPage","@id":"https:\/\/bsartstudio.vn\/vi\/am-nhac\/","url":"https:\/\/bsartstudio.vn\/vi\/am-nhac\/","name":"\u00c2m Nh\u1ea1c - B\/S Art Studio","isPartOf":{"@id":"https:\/\/bsartstudio.vn\/ja\/#website"},"datePublished":"2020-04-10T04:28:42+00:00","dateModified":"2025-01-13T08:13:22+00:00","breadcrumb":{"@id":"https:\/\/bsartstudio.vn\/vi\/am-nhac\/#breadcrumb"},"inLanguage":"vi-VN","potentialAction":[{"@type":"ReadAction","target":["https:\/\/bsartstudio.vn\/vi\/am-nhac\/"]}]},{"@type":"BreadcrumbList","@id":"https:\/\/bsartstudio.vn\/vi\/am-nhac\/#breadcrumb","itemListElement":[{"@type":"ListItem","position":1,"name":"Home","item":"https:\/\/bsartstudio.vn\/en\/"},{"@type":"ListItem","position":2,"name":"\u00c2m Nh\u1ea1c"}]},{"@type":"WebSite","@id":"https:\/\/bsartstudio.vn\/ja\/#website","url":"https:\/\/bsartstudio.vn\/ja\/","name":"B\/S Art Studio","description":"","publisher":{"@id":"https:\/\/bsartstudio.vn\/ja\/#organization"},"potentialAction":[{"@type":"SearchAction","target":{"@type":"EntryPoint","urlTemplate":"https:\/\/bsartstudio.vn\/ja\/?s={search_term_string}"},"query-input":{"@type":"PropertyValueSpecification","valueRequired":true,"valueName":"search_term_string"}}],"inLanguage":"vi-VN"},{"@type":"Organization","@id":"https:\/\/bsartstudio.vn\/ja\/#organization","name":"B\/S Art Studio","url":"https:\/\/bsartstudio.vn\/ja\/","logo":{"@type":"ImageObject","inLanguage":"vi-VN","@id":"https:\/\/bsartstudio.vn\/ja\/#\/schema\/logo\/image\/","url":"https:\/\/bsartstudio.vn\/wp-content\/uploads\/2020\/03\/54526018_2272576089468053_1525084505319145472_n.jpg","contentUrl":"https:\/\/bsartstudio.vn\/wp-content\/uploads\/2020\/03\/54526018_2272576089468053_1525084505319145472_n.jpg","width":958,"height":958,"caption":"B\/S Art Studio"},"image":{"@id":"https:\/\/bsartstudio.vn\/ja\/#\/schema\/logo\/image\/"}}]}},"_links":{"self":[{"href":"https:\/\/bsartstudio.vn\/vi\/wp-json\/wp\/v2\/pages\/1864"}],"collection":[{"href":"https:\/\/bsartstudio.vn\/vi\/wp-json\/wp\/v2\/pages"}],"about":[{"href":"https:\/\/bsartstudio.vn\/vi\/wp-json\/wp\/v2\/types\/page"}],"author":[{"embeddable":true,"href":"https:\/\/bsartstudio.vn\/vi\/wp-json\/wp\/v2\/users\/1"}],"replies":[{"embeddable":true,"href":"https:\/\/bsartstudio.vn\/vi\/wp-json\/wp\/v2\/comments?post=1864"}],"version-history":[{"count":11,"href":"https:\/\/bsartstudio.vn\/vi\/wp-json\/wp\/v2\/pages\/1864\/revisions"}],"predecessor-version":[{"id":5067,"href":"https:\/\/bsartstudio.vn\/vi\/wp-json\/wp\/v2\/pages\/1864\/revisions\/5067"}],"wp:attachment":[{"href":"https:\/\/bsartstudio.vn\/vi\/wp-json\/wp\/v2\/media?parent=1864"}],"curies":[{"name":"wp","href":"https:\/\/api.w.org\/{rel}","templated":true}]}}