{"id":9521,"date":"2020-05-06T15:02:31","date_gmt":"2020-05-06T08:02:31","guid":{"rendered":"https:\/\/bsartstudio.vn\/products\/pig-moon-chase-your-dreams-keychain\/"},"modified":"2025-05-06T12:03:37","modified_gmt":"2025-05-06T05:03:37","slug":"pig-moon-chase-your-dreams-keychain","status":"publish","type":"product","link":"https:\/\/bsartstudio.vn\/ja\/products\/pig-moon-chase-your-dreams-keychain\/","title":{"rendered":"Pig Moon Chase your Dreams &#8211; Keychain"},"content":{"rendered":"<h1><span style=\"color: #0000ff;\"><strong><span style=\"font-size: 18pt;\">Keychain &#8220;Pig Moon &#8211; Chase your Dreams&#8221; &#8211; Vietnamese Art Souvenir<br \/>\n<\/span><\/strong><\/span><\/h1>\n<p><span style=\"color: #000000;\"><strong>&#8220;Chase your Dreams&#8221; is a slogan of Pig Moon Character. <\/strong><\/span><\/p>\n<p><span style=\"color: #000000;\"><span class=\"S1PPyQ\">Pig Moon<\/span><span class=\"S1PPyQ\"> \u2013 the main character in the story <\/span><span class=\"S1PPyQ\">&#8220;Golden Buffalo and the Boy &#8211; The Magic of the Moon Light&#8221;<\/span><span class=\"S1PPyQ\">. The story is about the miraculous changes of the Golden Buffalo and the growing journey of Golden Buffalo and the Boy. There are many familiar countryside images of Vietnam with hidden meanings in the story.<\/span><\/span><\/p>\n<p><span style=\"color: #000000;\"><span class=\"S1PPyQ\">With the mission of spreading love, sympathy, tolerance and sharing, Pig Moon has transformed into the\u00a0Pig Moon Plushie become a <\/span><span class=\"S1PPyQ\">childhood friend<\/span> <span class=\"S1PPyQ\">accompanying with <\/span><span class=\"S1PPyQ\">kids in their growing up journey to chase their dream.<\/span><\/span><\/p>\n<h2><strong><span style=\"color: #0000ff; font-size: 14pt;\">Keychain &#8220;Pig Moon &#8211; Chase your Dreams&#8221;<\/span><\/strong><\/h2>\n<p><span style=\"color: #000000;\">This cute little gift features a character&#8217;s name and a meaningful message. Specially designed by B\/S Art Studio, both the front and back sides will become your tiny companion, providing you with extra motivation every day.<\/span><\/p>\n<p><span style=\"color: #000000;\">Click<\/span> <strong><a href=\"https:\/\/bsartstudio.vn\/ja\/%e3%82%b4%e3%83%bc%e3%83%ab%e3%83%87%e3%83%b3%e3%83%bb%e3%83%90%e3%83%83%e3%83%95%e3%82%a1%e3%83%ad%e3%83%bc%e3%83%bb%e3%82%a2%e3%83%b3%e3%83%89%e3%83%bb%e3%82%b6%e3%83%bb%e3%83%9c%e3%83%bc%e3%82%a4\/\">Here<\/a><\/strong> <span style=\"color: #000000;\">to buy the book <strong>\u201cGolden Buffalo and the Boy \u2013 The Magic of the Moon Light\u201d<\/strong><\/span><\/p>\n<p><span style=\"color: #000000;\">Shopify store:<\/span> <a href=\"https:\/\/pigmoonstore.myshopify.com\/\">Pig Moon Store<\/a><\/p>\n<p data-pm-slice=\"1 1 []\"><span style=\"color: #000000;\">#bsartstudio #PigMoon #sticker_trang_tr\u00ed_T\u1ebft #nh\u00e3n_d\u00e1n_iphone #qu\u00e0_t\u1eb7ng #v\u0103n_h\u00f3a_Vi\u1ec7t #DIY<\/span><\/p>\n","protected":false},"excerpt":{"rendered":"<p><span style=\"color: #000000;\">D<span class=\"HwtZe\" lang=\"en\"><span class=\"jCAhz ChMk0b\"><span class=\"ryNqvb\">ouble sided keychain<\/span><\/span><\/span> &#8220;Pig Moon &#8211; Chase your Dreams&#8221;<\/span><\/p>\n<p><span style=\"color: #000000;\">Material: Mica<\/span><\/p>\n<p><span style=\"color: #000000;\">Size: 6 cm x 7 cm<\/span><\/p>\n<p><span style=\"color: #000000;\">Please feel free to email us at:<span style=\"color: #0000ff;\"> bsartstudioworkshop@gmail.com<\/span><\/span><\/p>\n","protected":false},"featured_media":8211,"template":"","meta":{"_et_pb_use_builder":"","_et_pb_old_content":"","_et_gb_content_width":""},"product_cat":[99,488,101],"product_tag":[556,672,535,291,497],"yoast_head":"<!-- This site is optimized with the Yoast SEO plugin v24.5 - https:\/\/yoast.com\/wordpress\/plugins\/seo\/ -->\n<title>Pig Moon Chase your Dreams - Keychain - B\/S Art Studio<\/title>\n<meta name=\"description\" content=\"Chase your Dreams with love and passion to make your Dreams come true. Success is not a result but a process of overcoming yourself.\" \/>\n<meta name=\"robots\" content=\"index, follow, max-snippet:-1, max-image-preview:large, max-video-preview:-1\" \/>\n<link rel=\"canonical\" href=\"https:\/\/bsartstudio.vn\/ja\/products\/pig-moon-chase-your-dreams-keychain\/\" \/>\n<meta property=\"og:locale\" content=\"ja_JP\" \/>\n<meta property=\"og:type\" content=\"article\" \/>\n<meta property=\"og:title\" content=\"Pig Moon Chase your Dreams - Keychain - B\/S Art Studio\" \/>\n<meta property=\"og:description\" content=\"Chase your Dreams with love and passion to make your Dreams come true. Success is not a result but a process of overcoming yourself.\" \/>\n<meta property=\"og:url\" content=\"https:\/\/bsartstudio.vn\/ja\/products\/pig-moon-chase-your-dreams-keychain\/\" \/>\n<meta property=\"og:site_name\" content=\"B\/S Art Studio\" \/>\n<meta property=\"article:modified_time\" content=\"2025-05-06T05:03:37+00:00\" \/>\n<meta property=\"og:image\" content=\"https:\/\/bsartstudio.vn\/wp-content\/uploads\/2020\/05\/Moc-khoa-Pig-Moon-8.jpg\" \/>\n\t<meta property=\"og:image:width\" content=\"1657\" \/>\n\t<meta property=\"og:image:height\" content=\"1657\" \/>\n\t<meta property=\"og:image:type\" content=\"image\/jpeg\" \/>\n<meta name=\"twitter:card\" content=\"summary_large_image\" \/>\n<meta name=\"twitter:label1\" content=\"\u63a8\u5b9a\u8aad\u307f\u53d6\u308a\u6642\u9593\" \/>\n\t<meta name=\"twitter:data1\" content=\"1\u5206\" \/>\n<script type=\"application\/ld+json\" class=\"yoast-schema-graph\">{\"@context\":\"https:\/\/schema.org\",\"@graph\":[{\"@type\":\"WebPage\",\"@id\":\"https:\/\/bsartstudio.vn\/ja\/products\/pig-moon-chase-your-dreams-keychain\/\",\"url\":\"https:\/\/bsartstudio.vn\/ja\/products\/pig-moon-chase-your-dreams-keychain\/\",\"name\":\"Pig Moon Chase your Dreams - Keychain - B\/S Art Studio\",\"isPartOf\":{\"@id\":\"https:\/\/bsartstudio.vn\/ja\/#website\"},\"primaryImageOfPage\":{\"@id\":\"https:\/\/bsartstudio.vn\/ja\/products\/pig-moon-chase-your-dreams-keychain\/#primaryimage\"},\"image\":{\"@id\":\"https:\/\/bsartstudio.vn\/ja\/products\/pig-moon-chase-your-dreams-keychain\/#primaryimage\"},\"thumbnailUrl\":\"https:\/\/bsartstudio.vn\/wp-content\/uploads\/2020\/05\/Moc-khoa-Pig-Moon-8.jpg\",\"datePublished\":\"2020-05-06T08:02:31+00:00\",\"dateModified\":\"2025-05-06T05:03:37+00:00\",\"description\":\"Chase your Dreams with love and passion to make your Dreams come true. Success is not a result but a process of overcoming yourself.\",\"breadcrumb\":{\"@id\":\"https:\/\/bsartstudio.vn\/ja\/products\/pig-moon-chase-your-dreams-keychain\/#breadcrumb\"},\"inLanguage\":\"ja\",\"potentialAction\":[{\"@type\":\"ReadAction\",\"target\":[\"https:\/\/bsartstudio.vn\/ja\/products\/pig-moon-chase-your-dreams-keychain\/\"]}]},{\"@type\":\"ImageObject\",\"inLanguage\":\"ja\",\"@id\":\"https:\/\/bsartstudio.vn\/ja\/products\/pig-moon-chase-your-dreams-keychain\/#primaryimage\",\"url\":\"https:\/\/bsartstudio.vn\/wp-content\/uploads\/2020\/05\/Moc-khoa-Pig-Moon-8.jpg\",\"contentUrl\":\"https:\/\/bsartstudio.vn\/wp-content\/uploads\/2020\/05\/Moc-khoa-Pig-Moon-8.jpg\",\"width\":1657,\"height\":1657,\"caption\":\"\\\"Pig Moon - Chase your Dreams\\\" Keychain\"},{\"@type\":\"BreadcrumbList\",\"@id\":\"https:\/\/bsartstudio.vn\/ja\/products\/pig-moon-chase-your-dreams-keychain\/#breadcrumb\",\"itemListElement\":[{\"@type\":\"ListItem\",\"position\":1,\"name\":\"Home\",\"item\":\"https:\/\/bsartstudio.vn\/en\/\"},{\"@type\":\"ListItem\",\"position\":2,\"name\":\"Shop\",\"item\":\"https:\/\/bsartstudio.vn\/en\/shop\/\"},{\"@type\":\"ListItem\",\"position\":3,\"name\":\"Pig Moon Chase your Dreams &#8211; Keychain\"}]},{\"@type\":\"WebSite\",\"@id\":\"https:\/\/bsartstudio.vn\/ja\/#website\",\"url\":\"https:\/\/bsartstudio.vn\/ja\/\",\"name\":\"B\/S Art Studio\",\"description\":\"\",\"publisher\":{\"@id\":\"https:\/\/bsartstudio.vn\/ja\/#organization\"},\"potentialAction\":[{\"@type\":\"SearchAction\",\"target\":{\"@type\":\"EntryPoint\",\"urlTemplate\":\"https:\/\/bsartstudio.vn\/ja\/?s={search_term_string}\"},\"query-input\":{\"@type\":\"PropertyValueSpecification\",\"valueRequired\":true,\"valueName\":\"search_term_string\"}}],\"inLanguage\":\"ja\"},{\"@type\":\"Organization\",\"@id\":\"https:\/\/bsartstudio.vn\/ja\/#organization\",\"name\":\"B\/S Art Studio\",\"url\":\"https:\/\/bsartstudio.vn\/ja\/\",\"logo\":{\"@type\":\"ImageObject\",\"inLanguage\":\"ja\",\"@id\":\"https:\/\/bsartstudio.vn\/ja\/#\/schema\/logo\/image\/\",\"url\":\"https:\/\/bsartstudio.vn\/wp-content\/uploads\/2020\/03\/54526018_2272576089468053_1525084505319145472_n.jpg\",\"contentUrl\":\"https:\/\/bsartstudio.vn\/wp-content\/uploads\/2020\/03\/54526018_2272576089468053_1525084505319145472_n.jpg\",\"width\":958,\"height\":958,\"caption\":\"B\/S Art Studio\"},\"image\":{\"@id\":\"https:\/\/bsartstudio.vn\/ja\/#\/schema\/logo\/image\/\"}}]}<\/script>\n<!-- \/ Yoast SEO plugin. -->","yoast_head_json":{"title":"Pig Moon Chase your Dreams - Keychain - B\/S Art Studio","description":"Chase your Dreams with love and passion to make your Dreams come true. Success is not a result but a process of overcoming yourself.","robots":{"index":"index","follow":"follow","max-snippet":"max-snippet:-1","max-image-preview":"max-image-preview:large","max-video-preview":"max-video-preview:-1"},"canonical":"https:\/\/bsartstudio.vn\/ja\/products\/pig-moon-chase-your-dreams-keychain\/","og_locale":"ja_JP","og_type":"article","og_title":"Pig Moon Chase your Dreams - Keychain - B\/S Art Studio","og_description":"Chase your Dreams with love and passion to make your Dreams come true. Success is not a result but a process of overcoming yourself.","og_url":"https:\/\/bsartstudio.vn\/ja\/products\/pig-moon-chase-your-dreams-keychain\/","og_site_name":"B\/S Art Studio","article_modified_time":"2025-05-06T05:03:37+00:00","og_image":[{"width":1657,"height":1657,"url":"https:\/\/bsartstudio.vn\/wp-content\/uploads\/2020\/05\/Moc-khoa-Pig-Moon-8.jpg","type":"image\/jpeg"}],"twitter_card":"summary_large_image","twitter_misc":{"\u63a8\u5b9a\u8aad\u307f\u53d6\u308a\u6642\u9593":"1\u5206"},"schema":{"@context":"https:\/\/schema.org","@graph":[{"@type":"WebPage","@id":"https:\/\/bsartstudio.vn\/ja\/products\/pig-moon-chase-your-dreams-keychain\/","url":"https:\/\/bsartstudio.vn\/ja\/products\/pig-moon-chase-your-dreams-keychain\/","name":"Pig Moon Chase your Dreams - Keychain - B\/S Art Studio","isPartOf":{"@id":"https:\/\/bsartstudio.vn\/ja\/#website"},"primaryImageOfPage":{"@id":"https:\/\/bsartstudio.vn\/ja\/products\/pig-moon-chase-your-dreams-keychain\/#primaryimage"},"image":{"@id":"https:\/\/bsartstudio.vn\/ja\/products\/pig-moon-chase-your-dreams-keychain\/#primaryimage"},"thumbnailUrl":"https:\/\/bsartstudio.vn\/wp-content\/uploads\/2020\/05\/Moc-khoa-Pig-Moon-8.jpg","datePublished":"2020-05-06T08:02:31+00:00","dateModified":"2025-05-06T05:03:37+00:00","description":"Chase your Dreams with love and passion to make your Dreams come true. Success is not a result but a process of overcoming yourself.","breadcrumb":{"@id":"https:\/\/bsartstudio.vn\/ja\/products\/pig-moon-chase-your-dreams-keychain\/#breadcrumb"},"inLanguage":"ja","potentialAction":[{"@type":"ReadAction","target":["https:\/\/bsartstudio.vn\/ja\/products\/pig-moon-chase-your-dreams-keychain\/"]}]},{"@type":"ImageObject","inLanguage":"ja","@id":"https:\/\/bsartstudio.vn\/ja\/products\/pig-moon-chase-your-dreams-keychain\/#primaryimage","url":"https:\/\/bsartstudio.vn\/wp-content\/uploads\/2020\/05\/Moc-khoa-Pig-Moon-8.jpg","contentUrl":"https:\/\/bsartstudio.vn\/wp-content\/uploads\/2020\/05\/Moc-khoa-Pig-Moon-8.jpg","width":1657,"height":1657,"caption":"\"Pig Moon - Chase your Dreams\" Keychain"},{"@type":"BreadcrumbList","@id":"https:\/\/bsartstudio.vn\/ja\/products\/pig-moon-chase-your-dreams-keychain\/#breadcrumb","itemListElement":[{"@type":"ListItem","position":1,"name":"Home","item":"https:\/\/bsartstudio.vn\/en\/"},{"@type":"ListItem","position":2,"name":"Shop","item":"https:\/\/bsartstudio.vn\/en\/shop\/"},{"@type":"ListItem","position":3,"name":"Pig Moon Chase your Dreams &#8211; Keychain"}]},{"@type":"WebSite","@id":"https:\/\/bsartstudio.vn\/ja\/#website","url":"https:\/\/bsartstudio.vn\/ja\/","name":"B\/S Art Studio","description":"","publisher":{"@id":"https:\/\/bsartstudio.vn\/ja\/#organization"},"potentialAction":[{"@type":"SearchAction","target":{"@type":"EntryPoint","urlTemplate":"https:\/\/bsartstudio.vn\/ja\/?s={search_term_string}"},"query-input":{"@type":"PropertyValueSpecification","valueRequired":true,"valueName":"search_term_string"}}],"inLanguage":"ja"},{"@type":"Organization","@id":"https:\/\/bsartstudio.vn\/ja\/#organization","name":"B\/S Art Studio","url":"https:\/\/bsartstudio.vn\/ja\/","logo":{"@type":"ImageObject","inLanguage":"ja","@id":"https:\/\/bsartstudio.vn\/ja\/#\/schema\/logo\/image\/","url":"https:\/\/bsartstudio.vn\/wp-content\/uploads\/2020\/03\/54526018_2272576089468053_1525084505319145472_n.jpg","contentUrl":"https:\/\/bsartstudio.vn\/wp-content\/uploads\/2020\/03\/54526018_2272576089468053_1525084505319145472_n.jpg","width":958,"height":958,"caption":"B\/S Art Studio"},"image":{"@id":"https:\/\/bsartstudio.vn\/ja\/#\/schema\/logo\/image\/"}}]}},"_links":{"self":[{"href":"https:\/\/bsartstudio.vn\/ja\/wp-json\/wp\/v2\/product\/9521"}],"collection":[{"href":"https:\/\/bsartstudio.vn\/ja\/wp-json\/wp\/v2\/product"}],"about":[{"href":"https:\/\/bsartstudio.vn\/ja\/wp-json\/wp\/v2\/types\/product"}],"wp:featuredmedia":[{"embeddable":true,"href":"https:\/\/bsartstudio.vn\/ja\/wp-json\/wp\/v2\/media\/8211"}],"wp:attachment":[{"href":"https:\/\/bsartstudio.vn\/ja\/wp-json\/wp\/v2\/media?parent=9521"}],"wp:term":[{"taxonomy":"product_cat","embeddable":true,"href":"https:\/\/bsartstudio.vn\/ja\/wp-json\/wp\/v2\/product_cat?post=9521"},{"taxonomy":"product_tag","embeddable":true,"href":"https:\/\/bsartstudio.vn\/ja\/wp-json\/wp\/v2\/product_tag?post=9521"}],"curies":[{"name":"wp","href":"https:\/\/api.w.org\/{rel}","templated":true}]}}