{"id":9454,"date":"2020-03-22T13:19:06","date_gmt":"2020-03-22T06:19:06","guid":{"rendered":"https:\/\/bsartstudio.vn\/products\/my-youngest-sisters-portrait\/"},"modified":"2025-04-23T17:40:29","modified_gmt":"2025-04-23T10:40:29","slug":"my-youngest-sisters-portrait-drawing","status":"publish","type":"product","link":"https:\/\/bsartstudio.vn\/ja\/products\/my-youngest-sisters-portrait-drawing\/","title":{"rendered":"My Youngest Sister &#8211; Portrait Drawing"},"content":{"rendered":"<p><span style=\"color: #000000;\">The Artwork: &#8220;My Youngest Sister&#8217;s Portrait&#8221;<\/span><\/p>\n<p><span style=\"color: #000000;\">Portrait art is drawn on Linen fabric which is special since it can present the appearance of that person.<\/span><\/p>\n","protected":false},"excerpt":{"rendered":"<p><span style=\"color: #000000;\">Material: Linen<\/span><br \/>\n<span style=\"color: #000000;\">Color: Pencil<\/span><br \/>\n<span style=\"color: #000000;\">Size: 20 cm x 30 cm<\/span><\/p>\n","protected":false},"featured_media":1398,"template":"","meta":{"_et_pb_use_builder":"","_et_pb_old_content":"","_et_gb_content_width":""},"product_cat":[86,84],"product_tag":[653,505,459,571,654],"yoast_head":"<!-- This site is optimized with the Yoast SEO plugin v24.5 - https:\/\/yoast.com\/wordpress\/plugins\/seo\/ -->\n<title>My Youngest Sister - Portrait Drawing - B\/S Art Studio<\/title>\n<meta name=\"robots\" content=\"index, follow, max-snippet:-1, max-image-preview:large, max-video-preview:-1\" \/>\n<link rel=\"canonical\" href=\"https:\/\/bsartstudio.vn\/ja\/products\/my-youngest-sisters-portrait-drawing\/\" \/>\n<meta property=\"og:locale\" content=\"ja_JP\" \/>\n<meta property=\"og:type\" content=\"article\" \/>\n<meta property=\"og:title\" content=\"My Youngest Sister - Portrait Drawing - B\/S Art Studio\" \/>\n<meta property=\"og:description\" content=\"Material: Linen Color: Pencil Size: 20 cm x 30 cm\" \/>\n<meta property=\"og:url\" content=\"https:\/\/bsartstudio.vn\/ja\/products\/my-youngest-sisters-portrait-drawing\/\" \/>\n<meta property=\"og:site_name\" content=\"B\/S Art Studio\" \/>\n<meta property=\"article:modified_time\" content=\"2025-04-23T10:40:29+00:00\" \/>\n<meta property=\"og:image\" content=\"https:\/\/bsartstudio.vn\/wp-content\/uploads\/2020\/03\/em-g\u00e1i-g\u00f3c-nghi\u00eang-scaled.jpg\" \/>\n\t<meta property=\"og:image:width\" content=\"1707\" \/>\n\t<meta property=\"og:image:height\" content=\"2560\" \/>\n\t<meta property=\"og:image:type\" content=\"image\/jpeg\" \/>\n<meta name=\"twitter:card\" content=\"summary_large_image\" \/>\n<script type=\"application\/ld+json\" class=\"yoast-schema-graph\">{\"@context\":\"https:\/\/schema.org\",\"@graph\":[{\"@type\":\"WebPage\",\"@id\":\"https:\/\/bsartstudio.vn\/ja\/products\/my-youngest-sisters-portrait-drawing\/\",\"url\":\"https:\/\/bsartstudio.vn\/ja\/products\/my-youngest-sisters-portrait-drawing\/\",\"name\":\"My Youngest Sister - Portrait Drawing - B\/S Art Studio\",\"isPartOf\":{\"@id\":\"https:\/\/bsartstudio.vn\/ja\/#website\"},\"primaryImageOfPage\":{\"@id\":\"https:\/\/bsartstudio.vn\/ja\/products\/my-youngest-sisters-portrait-drawing\/#primaryimage\"},\"image\":{\"@id\":\"https:\/\/bsartstudio.vn\/ja\/products\/my-youngest-sisters-portrait-drawing\/#primaryimage\"},\"thumbnailUrl\":\"https:\/\/bsartstudio.vn\/wp-content\/uploads\/2020\/03\/em-g\u00e1i-g\u00f3c-nghi\u00eang-scaled.jpg\",\"datePublished\":\"2020-03-22T06:19:06+00:00\",\"dateModified\":\"2025-04-23T10:40:29+00:00\",\"breadcrumb\":{\"@id\":\"https:\/\/bsartstudio.vn\/ja\/products\/my-youngest-sisters-portrait-drawing\/#breadcrumb\"},\"inLanguage\":\"ja\",\"potentialAction\":[{\"@type\":\"ReadAction\",\"target\":[\"https:\/\/bsartstudio.vn\/ja\/products\/my-youngest-sisters-portrait-drawing\/\"]}]},{\"@type\":\"ImageObject\",\"inLanguage\":\"ja\",\"@id\":\"https:\/\/bsartstudio.vn\/ja\/products\/my-youngest-sisters-portrait-drawing\/#primaryimage\",\"url\":\"https:\/\/bsartstudio.vn\/wp-content\/uploads\/2020\/03\/em-g\u00e1i-g\u00f3c-nghi\u00eang-scaled.jpg\",\"contentUrl\":\"https:\/\/bsartstudio.vn\/wp-content\/uploads\/2020\/03\/em-g\u00e1i-g\u00f3c-nghi\u00eang-scaled.jpg\",\"width\":1707,\"height\":2560},{\"@type\":\"BreadcrumbList\",\"@id\":\"https:\/\/bsartstudio.vn\/ja\/products\/my-youngest-sisters-portrait-drawing\/#breadcrumb\",\"itemListElement\":[{\"@type\":\"ListItem\",\"position\":1,\"name\":\"Home\",\"item\":\"https:\/\/bsartstudio.vn\/en\/\"},{\"@type\":\"ListItem\",\"position\":2,\"name\":\"Shop\",\"item\":\"https:\/\/bsartstudio.vn\/en\/shop\/\"},{\"@type\":\"ListItem\",\"position\":3,\"name\":\"My Youngest Sister &#8211; Portrait Drawing\"}]},{\"@type\":\"WebSite\",\"@id\":\"https:\/\/bsartstudio.vn\/ja\/#website\",\"url\":\"https:\/\/bsartstudio.vn\/ja\/\",\"name\":\"B\/S Art Studio\",\"description\":\"\",\"publisher\":{\"@id\":\"https:\/\/bsartstudio.vn\/ja\/#organization\"},\"potentialAction\":[{\"@type\":\"SearchAction\",\"target\":{\"@type\":\"EntryPoint\",\"urlTemplate\":\"https:\/\/bsartstudio.vn\/ja\/?s={search_term_string}\"},\"query-input\":{\"@type\":\"PropertyValueSpecification\",\"valueRequired\":true,\"valueName\":\"search_term_string\"}}],\"inLanguage\":\"ja\"},{\"@type\":\"Organization\",\"@id\":\"https:\/\/bsartstudio.vn\/ja\/#organization\",\"name\":\"B\/S Art Studio\",\"url\":\"https:\/\/bsartstudio.vn\/ja\/\",\"logo\":{\"@type\":\"ImageObject\",\"inLanguage\":\"ja\",\"@id\":\"https:\/\/bsartstudio.vn\/ja\/#\/schema\/logo\/image\/\",\"url\":\"https:\/\/bsartstudio.vn\/wp-content\/uploads\/2020\/03\/54526018_2272576089468053_1525084505319145472_n.jpg\",\"contentUrl\":\"https:\/\/bsartstudio.vn\/wp-content\/uploads\/2020\/03\/54526018_2272576089468053_1525084505319145472_n.jpg\",\"width\":958,\"height\":958,\"caption\":\"B\/S Art Studio\"},\"image\":{\"@id\":\"https:\/\/bsartstudio.vn\/ja\/#\/schema\/logo\/image\/\"}}]}<\/script>\n<!-- \/ Yoast SEO plugin. -->","yoast_head_json":{"title":"My Youngest Sister - Portrait Drawing - B\/S Art Studio","robots":{"index":"index","follow":"follow","max-snippet":"max-snippet:-1","max-image-preview":"max-image-preview:large","max-video-preview":"max-video-preview:-1"},"canonical":"https:\/\/bsartstudio.vn\/ja\/products\/my-youngest-sisters-portrait-drawing\/","og_locale":"ja_JP","og_type":"article","og_title":"My Youngest Sister - Portrait Drawing - B\/S Art Studio","og_description":"Material: Linen Color: Pencil Size: 20 cm x 30 cm","og_url":"https:\/\/bsartstudio.vn\/ja\/products\/my-youngest-sisters-portrait-drawing\/","og_site_name":"B\/S Art Studio","article_modified_time":"2025-04-23T10:40:29+00:00","og_image":[{"width":1707,"height":2560,"url":"https:\/\/bsartstudio.vn\/wp-content\/uploads\/2020\/03\/em-g\u00e1i-g\u00f3c-nghi\u00eang-scaled.jpg","type":"image\/jpeg"}],"twitter_card":"summary_large_image","schema":{"@context":"https:\/\/schema.org","@graph":[{"@type":"WebPage","@id":"https:\/\/bsartstudio.vn\/ja\/products\/my-youngest-sisters-portrait-drawing\/","url":"https:\/\/bsartstudio.vn\/ja\/products\/my-youngest-sisters-portrait-drawing\/","name":"My Youngest Sister - Portrait Drawing - B\/S Art Studio","isPartOf":{"@id":"https:\/\/bsartstudio.vn\/ja\/#website"},"primaryImageOfPage":{"@id":"https:\/\/bsartstudio.vn\/ja\/products\/my-youngest-sisters-portrait-drawing\/#primaryimage"},"image":{"@id":"https:\/\/bsartstudio.vn\/ja\/products\/my-youngest-sisters-portrait-drawing\/#primaryimage"},"thumbnailUrl":"https:\/\/bsartstudio.vn\/wp-content\/uploads\/2020\/03\/em-g\u00e1i-g\u00f3c-nghi\u00eang-scaled.jpg","datePublished":"2020-03-22T06:19:06+00:00","dateModified":"2025-04-23T10:40:29+00:00","breadcrumb":{"@id":"https:\/\/bsartstudio.vn\/ja\/products\/my-youngest-sisters-portrait-drawing\/#breadcrumb"},"inLanguage":"ja","potentialAction":[{"@type":"ReadAction","target":["https:\/\/bsartstudio.vn\/ja\/products\/my-youngest-sisters-portrait-drawing\/"]}]},{"@type":"ImageObject","inLanguage":"ja","@id":"https:\/\/bsartstudio.vn\/ja\/products\/my-youngest-sisters-portrait-drawing\/#primaryimage","url":"https:\/\/bsartstudio.vn\/wp-content\/uploads\/2020\/03\/em-g\u00e1i-g\u00f3c-nghi\u00eang-scaled.jpg","contentUrl":"https:\/\/bsartstudio.vn\/wp-content\/uploads\/2020\/03\/em-g\u00e1i-g\u00f3c-nghi\u00eang-scaled.jpg","width":1707,"height":2560},{"@type":"BreadcrumbList","@id":"https:\/\/bsartstudio.vn\/ja\/products\/my-youngest-sisters-portrait-drawing\/#breadcrumb","itemListElement":[{"@type":"ListItem","position":1,"name":"Home","item":"https:\/\/bsartstudio.vn\/en\/"},{"@type":"ListItem","position":2,"name":"Shop","item":"https:\/\/bsartstudio.vn\/en\/shop\/"},{"@type":"ListItem","position":3,"name":"My Youngest Sister &#8211; Portrait Drawing"}]},{"@type":"WebSite","@id":"https:\/\/bsartstudio.vn\/ja\/#website","url":"https:\/\/bsartstudio.vn\/ja\/","name":"B\/S Art Studio","description":"","publisher":{"@id":"https:\/\/bsartstudio.vn\/ja\/#organization"},"potentialAction":[{"@type":"SearchAction","target":{"@type":"EntryPoint","urlTemplate":"https:\/\/bsartstudio.vn\/ja\/?s={search_term_string}"},"query-input":{"@type":"PropertyValueSpecification","valueRequired":true,"valueName":"search_term_string"}}],"inLanguage":"ja"},{"@type":"Organization","@id":"https:\/\/bsartstudio.vn\/ja\/#organization","name":"B\/S Art Studio","url":"https:\/\/bsartstudio.vn\/ja\/","logo":{"@type":"ImageObject","inLanguage":"ja","@id":"https:\/\/bsartstudio.vn\/ja\/#\/schema\/logo\/image\/","url":"https:\/\/bsartstudio.vn\/wp-content\/uploads\/2020\/03\/54526018_2272576089468053_1525084505319145472_n.jpg","contentUrl":"https:\/\/bsartstudio.vn\/wp-content\/uploads\/2020\/03\/54526018_2272576089468053_1525084505319145472_n.jpg","width":958,"height":958,"caption":"B\/S Art Studio"},"image":{"@id":"https:\/\/bsartstudio.vn\/ja\/#\/schema\/logo\/image\/"}}]}},"_links":{"self":[{"href":"https:\/\/bsartstudio.vn\/ja\/wp-json\/wp\/v2\/product\/9454"}],"collection":[{"href":"https:\/\/bsartstudio.vn\/ja\/wp-json\/wp\/v2\/product"}],"about":[{"href":"https:\/\/bsartstudio.vn\/ja\/wp-json\/wp\/v2\/types\/product"}],"wp:featuredmedia":[{"embeddable":true,"href":"https:\/\/bsartstudio.vn\/ja\/wp-json\/wp\/v2\/media\/1398"}],"wp:attachment":[{"href":"https:\/\/bsartstudio.vn\/ja\/wp-json\/wp\/v2\/media?parent=9454"}],"wp:term":[{"taxonomy":"product_cat","embeddable":true,"href":"https:\/\/bsartstudio.vn\/ja\/wp-json\/wp\/v2\/product_cat?post=9454"},{"taxonomy":"product_tag","embeddable":true,"href":"https:\/\/bsartstudio.vn\/ja\/wp-json\/wp\/v2\/product_tag?post=9454"}],"curies":[{"name":"wp","href":"https:\/\/api.w.org\/{rel}","templated":true}]}}