{"id":9443,"date":"2020-03-20T15:01:20","date_gmt":"2020-03-20T08:01:20","guid":{"rendered":"https:\/\/bsartstudio.vn\/products\/dau-wants-to-go-out\/"},"modified":"2025-04-23T14:03:57","modified_gmt":"2025-04-23T07:03:57","slug":"dau-wants-to-go-out","status":"publish","type":"product","link":"https:\/\/bsartstudio.vn\/ja\/products\/dau-wants-to-go-out\/","title":{"rendered":"Ms. Dau wants to go out &#8211; Original Artwork"},"content":{"rendered":"<h1><span style=\"color: #0000ff;\"><strong><span class=\"JsGRdQ\" style=\"font-size: 14pt;\">Ms. Dau wants to go out &#8211; Original Artwork<\/span><\/strong><\/span><\/h1>\n<p><span style=\"color: #000000;\"><strong>\u201cMs. Dau Wants to Go Out\u201d<\/strong> is a heartfelt and humorous tribute to the everyday lives of Vietnamese women in rural areas. The painting draws inspiration from the character Ms. Dau\u2014a symbol of sacrifice, perseverance, and unconditional love. Through her image, the artist honors not only the resilience of Vietnamese women, but also the silent dedication of women around the world who tirelessly prioritize the happiness of their loved ones.<\/span><\/p>\n<p><span style=\"color: #000000;\">At the heart of the artwork is the adorably grumpy face of Ms. Dau, a witty depiction a life filled with responsibilities and little time for herself. The painting humorously expresses \u2014the longing for a moment of freedom in the midst of never-ending chores and caregiving.<\/span><\/p>\n<p><span style=\"color: #000000;\">Set in a vibrant countryside garden in Vietnam, the scene features lush plants, domestic animals, and a backdrop of daily rural life. These details emphasize the traditional expectation placed upon women: to tend the garden, care for livestock, manage the household, and ensure the well-being of the family\u2014all often done quietly and without rest.<\/span><\/p>\n<p><span style=\"color: #000000;\">This artwork cleverly balances playfulness and poignancy, offering both a gentle critique and a warm appreciation of the tireless spirit of women\u2014especially those whose sacrifices often go unnoticed.<\/span><\/p>\n<p><span style=\"color: #000000;\">Click <span style=\"color: #0000ff;\"><a style=\"color: #0000ff;\" href=\"https:\/\/www.instagram.com\/bs_artstudio\/\" target=\"_blank\" rel=\"noopener\">here<\/a><\/span> to see all collections.<\/span><\/p>\n<p><span style=\"color: #000000;\">Click <a style=\"color: #000000;\" href=\"\/en?product_cat=\u3048\u3089\u3044\u306a\u304a\u6bcd\u3055\u3093\u306e\u30a2\u30fc\u30c8\u30b3\u30ec\u30af\u30b7\u30e7\u30f3\" target=\"_blank\" rel=\"noopener\"><span style=\"color: #0000ff;\">here<\/span><\/a> for buy all collections.<\/span><\/p>\n<p><span style=\"color: #000000;\">Please feel free to email us at: bsartstudioworkshop@gmail.com for more details or to place an order. We\u2019re happy to assist you!<\/span><\/p>\n<p><span style=\"color: #000000;\">#gift #art #artprint #wallart #artsouvenir #painting #drawing #tranhintrangtr\u00ed #tranhinngh\u1ec7thu\u1eadt #beautywomen #Tranh_v\u1ebd #Tranh_in #tranh_trang_tr\u00ed #truy\u1ec1n_th\u1ed1ng #decor #trang_tr\u00ed_nh\u00e0 #v\u0103n_h\u00f3a_Vi\u1ec7t #qu\u00e0_t\u1eb7ng #MsDaupainting<\/span><\/p>\n","protected":false},"excerpt":{"rendered":"<h1><span style=\"font-size: 14pt; color: #000000;\"><strong><span class=\"JsGRdQ\">Ms. Dau wants to go out &#8211; Original Artwork<\/span><\/strong><\/span><\/h1>\n<p><span style=\"color: #000000;\">With cheerful colors and unique character designs, it will be a meaningful and unique gift for you to choose for your relatives and friends.<\/span><br \/>\n<span style=\"color: #000000;\">Unique decorative wall art decor. Vietnamese Cultural Gifts.<\/span><\/p>\n<p><span style=\"color: #000000;\"><strong data-start=\"365\" data-end=\"378\">Material:<\/strong> Acrylic on Canvas<\/span><\/p>\n<p><span style=\"color: #000000;\"><strong data-start=\"399\" data-end=\"408\">Size:<\/strong> 60 cm x 40 cm<\/span><\/p>\n<p><span style=\"color: #000000;\">Please feel free to email us at: <span style=\"color: #0000ff;\">bsartstudioworkshop@gmail.com<\/span> for place a order.<\/span><\/p>\n<p>&nbsp;<\/p>\n","protected":false},"featured_media":9435,"template":"","meta":{"_et_pb_use_builder":"off","_et_pb_old_content":"<p>The Artwork: \"Dau wants to go out\"<\/p>\r\n<p>Background material: Canvas<br \/>\r\nColor: Acrylic<br \/>\r\nSize: 60 cm x 40 cm<\/p>","_et_gb_content_width":""},"product_cat":[286,483,88,84],"product_tag":[612,571,631,649,498],"yoast_head":"<!-- This site is optimized with the Yoast SEO plugin v24.5 - https:\/\/yoast.com\/wordpress\/plugins\/seo\/ -->\n<title>Ms. Dau wants to go out - Original Artwork - B\/S Art Studio<\/title>\n<meta name=\"description\" content=\"Ms. Dau wants to go out is the adorably grumpy face of Ms. Dau, a witty depiction a life filled with responsibilities and little time for herself.\" \/>\n<meta name=\"robots\" content=\"index, follow, max-snippet:-1, max-image-preview:large, max-video-preview:-1\" \/>\n<link rel=\"canonical\" href=\"https:\/\/bsartstudio.vn\/ja\/products\/dau-wants-to-go-out\/\" \/>\n<meta property=\"og:locale\" content=\"ja_JP\" \/>\n<meta property=\"og:type\" content=\"article\" \/>\n<meta property=\"og:title\" content=\"Ms. Dau wants to go out - Original Artwork - B\/S Art Studio\" \/>\n<meta property=\"og:description\" content=\"Ms. Dau wants to go out is the adorably grumpy face of Ms. Dau, a witty depiction a life filled with responsibilities and little time for herself.\" \/>\n<meta property=\"og:url\" content=\"https:\/\/bsartstudio.vn\/ja\/products\/dau-wants-to-go-out\/\" \/>\n<meta property=\"og:site_name\" content=\"B\/S Art Studio\" \/>\n<meta property=\"article:modified_time\" content=\"2025-04-23T07:03:57+00:00\" \/>\n<meta property=\"og:image\" content=\"https:\/\/bsartstudio.vn\/wp-content\/uploads\/2020\/03\/Dau-wants-to-go-out-1.jpg\" \/>\n\t<meta property=\"og:image:width\" content=\"1920\" \/>\n\t<meta property=\"og:image:height\" content=\"1920\" \/>\n\t<meta property=\"og:image:type\" content=\"image\/jpeg\" \/>\n<meta name=\"twitter:card\" content=\"summary_large_image\" \/>\n<meta name=\"twitter:label1\" content=\"\u63a8\u5b9a\u8aad\u307f\u53d6\u308a\u6642\u9593\" \/>\n\t<meta name=\"twitter:data1\" content=\"1\u5206\" \/>\n<script type=\"application\/ld+json\" class=\"yoast-schema-graph\">{\"@context\":\"https:\/\/schema.org\",\"@graph\":[{\"@type\":\"WebPage\",\"@id\":\"https:\/\/bsartstudio.vn\/ja\/products\/dau-wants-to-go-out\/\",\"url\":\"https:\/\/bsartstudio.vn\/ja\/products\/dau-wants-to-go-out\/\",\"name\":\"Ms. Dau wants to go out - Original Artwork - B\/S Art Studio\",\"isPartOf\":{\"@id\":\"https:\/\/bsartstudio.vn\/ja\/#website\"},\"primaryImageOfPage\":{\"@id\":\"https:\/\/bsartstudio.vn\/ja\/products\/dau-wants-to-go-out\/#primaryimage\"},\"image\":{\"@id\":\"https:\/\/bsartstudio.vn\/ja\/products\/dau-wants-to-go-out\/#primaryimage\"},\"thumbnailUrl\":\"https:\/\/bsartstudio.vn\/wp-content\/uploads\/2020\/03\/Dau-wants-to-go-out-1.jpg\",\"datePublished\":\"2020-03-20T08:01:20+00:00\",\"dateModified\":\"2025-04-23T07:03:57+00:00\",\"description\":\"Ms. Dau wants to go out is the adorably grumpy face of Ms. Dau, a witty depiction a life filled with responsibilities and little time for herself.\",\"breadcrumb\":{\"@id\":\"https:\/\/bsartstudio.vn\/ja\/products\/dau-wants-to-go-out\/#breadcrumb\"},\"inLanguage\":\"ja\",\"potentialAction\":[{\"@type\":\"ReadAction\",\"target\":[\"https:\/\/bsartstudio.vn\/ja\/products\/dau-wants-to-go-out\/\"]}]},{\"@type\":\"ImageObject\",\"inLanguage\":\"ja\",\"@id\":\"https:\/\/bsartstudio.vn\/ja\/products\/dau-wants-to-go-out\/#primaryimage\",\"url\":\"https:\/\/bsartstudio.vn\/wp-content\/uploads\/2020\/03\/Dau-wants-to-go-out-1.jpg\",\"contentUrl\":\"https:\/\/bsartstudio.vn\/wp-content\/uploads\/2020\/03\/Dau-wants-to-go-out-1.jpg\",\"width\":1920,\"height\":1920,\"caption\":\"Dau wants to go out\"},{\"@type\":\"BreadcrumbList\",\"@id\":\"https:\/\/bsartstudio.vn\/ja\/products\/dau-wants-to-go-out\/#breadcrumb\",\"itemListElement\":[{\"@type\":\"ListItem\",\"position\":1,\"name\":\"Home\",\"item\":\"https:\/\/bsartstudio.vn\/en\/\"},{\"@type\":\"ListItem\",\"position\":2,\"name\":\"Shop\",\"item\":\"https:\/\/bsartstudio.vn\/en\/shop\/\"},{\"@type\":\"ListItem\",\"position\":3,\"name\":\"Ms. Dau wants to go out &#8211; Original Artwork\"}]},{\"@type\":\"WebSite\",\"@id\":\"https:\/\/bsartstudio.vn\/ja\/#website\",\"url\":\"https:\/\/bsartstudio.vn\/ja\/\",\"name\":\"B\/S Art Studio\",\"description\":\"\",\"publisher\":{\"@id\":\"https:\/\/bsartstudio.vn\/ja\/#organization\"},\"potentialAction\":[{\"@type\":\"SearchAction\",\"target\":{\"@type\":\"EntryPoint\",\"urlTemplate\":\"https:\/\/bsartstudio.vn\/ja\/?s={search_term_string}\"},\"query-input\":{\"@type\":\"PropertyValueSpecification\",\"valueRequired\":true,\"valueName\":\"search_term_string\"}}],\"inLanguage\":\"ja\"},{\"@type\":\"Organization\",\"@id\":\"https:\/\/bsartstudio.vn\/ja\/#organization\",\"name\":\"B\/S Art Studio\",\"url\":\"https:\/\/bsartstudio.vn\/ja\/\",\"logo\":{\"@type\":\"ImageObject\",\"inLanguage\":\"ja\",\"@id\":\"https:\/\/bsartstudio.vn\/ja\/#\/schema\/logo\/image\/\",\"url\":\"https:\/\/bsartstudio.vn\/wp-content\/uploads\/2020\/03\/54526018_2272576089468053_1525084505319145472_n.jpg\",\"contentUrl\":\"https:\/\/bsartstudio.vn\/wp-content\/uploads\/2020\/03\/54526018_2272576089468053_1525084505319145472_n.jpg\",\"width\":958,\"height\":958,\"caption\":\"B\/S Art Studio\"},\"image\":{\"@id\":\"https:\/\/bsartstudio.vn\/ja\/#\/schema\/logo\/image\/\"}}]}<\/script>\n<!-- \/ Yoast SEO plugin. -->","yoast_head_json":{"title":"Ms. Dau wants to go out - Original Artwork - B\/S Art Studio","description":"Ms. Dau wants to go out is the adorably grumpy face of Ms. Dau, a witty depiction a life filled with responsibilities and little time for herself.","robots":{"index":"index","follow":"follow","max-snippet":"max-snippet:-1","max-image-preview":"max-image-preview:large","max-video-preview":"max-video-preview:-1"},"canonical":"https:\/\/bsartstudio.vn\/ja\/products\/dau-wants-to-go-out\/","og_locale":"ja_JP","og_type":"article","og_title":"Ms. Dau wants to go out - Original Artwork - B\/S Art Studio","og_description":"Ms. Dau wants to go out is the adorably grumpy face of Ms. Dau, a witty depiction a life filled with responsibilities and little time for herself.","og_url":"https:\/\/bsartstudio.vn\/ja\/products\/dau-wants-to-go-out\/","og_site_name":"B\/S Art Studio","article_modified_time":"2025-04-23T07:03:57+00:00","og_image":[{"width":1920,"height":1920,"url":"https:\/\/bsartstudio.vn\/wp-content\/uploads\/2020\/03\/Dau-wants-to-go-out-1.jpg","type":"image\/jpeg"}],"twitter_card":"summary_large_image","twitter_misc":{"\u63a8\u5b9a\u8aad\u307f\u53d6\u308a\u6642\u9593":"1\u5206"},"schema":{"@context":"https:\/\/schema.org","@graph":[{"@type":"WebPage","@id":"https:\/\/bsartstudio.vn\/ja\/products\/dau-wants-to-go-out\/","url":"https:\/\/bsartstudio.vn\/ja\/products\/dau-wants-to-go-out\/","name":"Ms. Dau wants to go out - Original Artwork - B\/S Art Studio","isPartOf":{"@id":"https:\/\/bsartstudio.vn\/ja\/#website"},"primaryImageOfPage":{"@id":"https:\/\/bsartstudio.vn\/ja\/products\/dau-wants-to-go-out\/#primaryimage"},"image":{"@id":"https:\/\/bsartstudio.vn\/ja\/products\/dau-wants-to-go-out\/#primaryimage"},"thumbnailUrl":"https:\/\/bsartstudio.vn\/wp-content\/uploads\/2020\/03\/Dau-wants-to-go-out-1.jpg","datePublished":"2020-03-20T08:01:20+00:00","dateModified":"2025-04-23T07:03:57+00:00","description":"Ms. Dau wants to go out is the adorably grumpy face of Ms. Dau, a witty depiction a life filled with responsibilities and little time for herself.","breadcrumb":{"@id":"https:\/\/bsartstudio.vn\/ja\/products\/dau-wants-to-go-out\/#breadcrumb"},"inLanguage":"ja","potentialAction":[{"@type":"ReadAction","target":["https:\/\/bsartstudio.vn\/ja\/products\/dau-wants-to-go-out\/"]}]},{"@type":"ImageObject","inLanguage":"ja","@id":"https:\/\/bsartstudio.vn\/ja\/products\/dau-wants-to-go-out\/#primaryimage","url":"https:\/\/bsartstudio.vn\/wp-content\/uploads\/2020\/03\/Dau-wants-to-go-out-1.jpg","contentUrl":"https:\/\/bsartstudio.vn\/wp-content\/uploads\/2020\/03\/Dau-wants-to-go-out-1.jpg","width":1920,"height":1920,"caption":"Dau wants to go out"},{"@type":"BreadcrumbList","@id":"https:\/\/bsartstudio.vn\/ja\/products\/dau-wants-to-go-out\/#breadcrumb","itemListElement":[{"@type":"ListItem","position":1,"name":"Home","item":"https:\/\/bsartstudio.vn\/en\/"},{"@type":"ListItem","position":2,"name":"Shop","item":"https:\/\/bsartstudio.vn\/en\/shop\/"},{"@type":"ListItem","position":3,"name":"Ms. Dau wants to go out &#8211; Original Artwork"}]},{"@type":"WebSite","@id":"https:\/\/bsartstudio.vn\/ja\/#website","url":"https:\/\/bsartstudio.vn\/ja\/","name":"B\/S Art Studio","description":"","publisher":{"@id":"https:\/\/bsartstudio.vn\/ja\/#organization"},"potentialAction":[{"@type":"SearchAction","target":{"@type":"EntryPoint","urlTemplate":"https:\/\/bsartstudio.vn\/ja\/?s={search_term_string}"},"query-input":{"@type":"PropertyValueSpecification","valueRequired":true,"valueName":"search_term_string"}}],"inLanguage":"ja"},{"@type":"Organization","@id":"https:\/\/bsartstudio.vn\/ja\/#organization","name":"B\/S Art Studio","url":"https:\/\/bsartstudio.vn\/ja\/","logo":{"@type":"ImageObject","inLanguage":"ja","@id":"https:\/\/bsartstudio.vn\/ja\/#\/schema\/logo\/image\/","url":"https:\/\/bsartstudio.vn\/wp-content\/uploads\/2020\/03\/54526018_2272576089468053_1525084505319145472_n.jpg","contentUrl":"https:\/\/bsartstudio.vn\/wp-content\/uploads\/2020\/03\/54526018_2272576089468053_1525084505319145472_n.jpg","width":958,"height":958,"caption":"B\/S Art Studio"},"image":{"@id":"https:\/\/bsartstudio.vn\/ja\/#\/schema\/logo\/image\/"}}]}},"_links":{"self":[{"href":"https:\/\/bsartstudio.vn\/ja\/wp-json\/wp\/v2\/product\/9443"}],"collection":[{"href":"https:\/\/bsartstudio.vn\/ja\/wp-json\/wp\/v2\/product"}],"about":[{"href":"https:\/\/bsartstudio.vn\/ja\/wp-json\/wp\/v2\/types\/product"}],"wp:featuredmedia":[{"embeddable":true,"href":"https:\/\/bsartstudio.vn\/ja\/wp-json\/wp\/v2\/media\/9435"}],"wp:attachment":[{"href":"https:\/\/bsartstudio.vn\/ja\/wp-json\/wp\/v2\/media?parent=9443"}],"wp:term":[{"taxonomy":"product_cat","embeddable":true,"href":"https:\/\/bsartstudio.vn\/ja\/wp-json\/wp\/v2\/product_cat?post=9443"},{"taxonomy":"product_tag","embeddable":true,"href":"https:\/\/bsartstudio.vn\/ja\/wp-json\/wp\/v2\/product_tag?post=9443"}],"curies":[{"name":"wp","href":"https:\/\/api.w.org\/{rel}","templated":true}]}}