{"id":9385,"date":"2020-09-18T15:27:17","date_gmt":"2020-09-18T08:27:17","guid":{"rendered":"https:\/\/bsartstudio.vn\/products\/how-to-draw-zodiac-animal\/"},"modified":"2025-04-13T14:15:03","modified_gmt":"2025-04-13T07:15:03","slug":"how-to-draw-zodiac-animal","status":"publish","type":"product","link":"https:\/\/bsartstudio.vn\/ja\/products\/how-to-draw-zodiac-animal\/","title":{"rendered":"How to Draw zodiac animal &#8220;Creative with Dong Ho Art&#8221; &#8211; The Art Kit"},"content":{"rendered":"<div dir=\"auto\">\n<h1 dir=\"auto\"><strong><span style=\"font-size: 18pt; color: #0000ff;\">How to Draw zodiac animal &#8220;Creative with Dong Ho Art&#8221; &#8211; The Art Kit<\/span><\/strong><\/h1>\n<p dir=\"auto\"><span style=\"color: #000000;\"><strong>How to Draw zodiac animal of the year with Unique art style<\/strong><\/span><\/p>\n<p dir=\"auto\"><span style=\"color: #000000;\">+ Are you looking for a cute decoration to refresh your workspace?<\/span><br \/>\n<span style=\"color: #000000;\">+ Are you looking for an intelligent learning tool that evokes your kids&#8217; artistic abilities and creativity?<\/span><br \/>\n<span style=\"color: #000000;\">+ Do you love to spend a relaxing weekend with your children, play while studying, and limit time on using electronic devices?<\/span><br \/>\n<span style=\"color: #000000;\">+ You love traditional art and want to create your own work of art?<\/span><\/p>\n<p dir=\"auto\"><span style=\"color: #000000;\">The Art kit &#8220;CREATIVE WITH DONG HO ART&#8221; not only lets you learn about Vietnam&#8217;s long-standing traditional folk arts, but also gives you a great time to explore the possibilities of themselves and develop thinking and artistic abilities for children.<\/span><\/p>\n<p><span style=\"color: #000000;\"><strong>Click to Join our Painting workshop:<\/strong><\/span><\/p>\n<ul>\n<li><span style=\"color: #000000;\">Book on our website:<\/span> <a href=\"https:\/\/bsartstudio.vn\/en\/experiences-events\/\">https:\/\/bsartstudio.vn\/en\/experiences-events\/<\/a><\/li>\n<\/ul>\n<ul>\n<li><span style=\"color: #000000;\">Book on Airbnb:<\/span> <a href=\"https:\/\/www.airbnb.com\/experiences\/383364?guests=1&amp;adults=1&amp;s=67&amp;unique_share_id=f8bbc6e6-5dfe-414c-b482-5910e750d092\">https:\/\/www.airbnb.com\/experiences\/383364?guests=1&amp;adults=1&amp;s=67&amp;unique_share_id=f8bbc6e6-5dfe-414c-b482-5910e750d092<\/a><\/li>\n<\/ul>\n<p><span style=\"color: #000000;\">Opening hour: 09:00 am \u2013 21:00 pm<\/span><\/p>\n<p><span style=\"color: #000000;\">Add: 3rd floor, 106 L\u00ea L\u1ee3i District 1<\/span><\/p>\n<p><span style=\"color: #000000;\">#bsartstudio #thingtodo_hochiminhcity #drawingworkshop #paintingworkshop #artgallery #artsouvenir #v\u1ebd #tr\u1ea3inghi\u1ec7m #v\u1ebd_tranh #n\u00f3n_l\u00e1 #tranh_tr\u00ean_N\u00f3n_L\u00e1 #v\u1ebd_g\u1ed7 #tranh_\u0110\u00f4ng_H\u1ed3 #vietnameseculture #artclass<\/span><\/p>\n<div dir=\"auto\"><span style=\"color: #000000;\">\u00a0<\/span><\/div>\n<\/div>\n","protected":false},"excerpt":{"rendered":"<p><span style=\"color: #000000;\"><strong>&#8220;Creative with Dong Ho Art&#8221; Kit <\/strong>including:<\/span><\/p>\n<p><span style=\"color: #000000;\">1. A &#8220;Creative with Dong Ho Art&#8221; book about:<\/span><\/p>\n<p><span style=\"color: #000000;\">+ Drawing Tutorial simple patterns and zodiacs of the year step by step<\/span><\/p>\n<p><span style=\"color: #000000;\">+ Reference painting<\/span><\/p>\n<p><span style=\"color: #000000;\">+\u00a0Dong Ho&#8217;s new creative style paintings by B\/S Art Studio.<\/span><\/p>\n<p><span style=\"color: #000000;\">2. A color set with 7 basic colors and a brush.<\/span><\/p>\n<p><span style=\"color: #000000;\">3. A Golden acrylic pen to finish your creation.<\/span><\/p>\n<p><span style=\"color: #000000;\">4. A painting holder stand<\/span><\/p>\n","protected":false},"featured_media":7856,"template":"","meta":{"_et_pb_use_builder":"","_et_pb_old_content":"","_et_gb_content_width":""},"product_cat":[89,101],"product_tag":[505,625,618,626,627,628,291,497],"yoast_head":"<!-- This site is optimized with the Yoast SEO plugin v24.5 - https:\/\/yoast.com\/wordpress\/plugins\/seo\/ -->\n<title>How to Draw zodiac animal - Art Kit &quot;Creative with Dong Ho Art&quot; - B\/S Art Studio<\/title>\n<meta name=\"description\" content=\"How to Draw zodiac animal with Dong Ho Art not only lets you learn about Vietnamese traditional folk arts, but also gives you a great time your children.\" \/>\n<meta name=\"robots\" content=\"index, follow, max-snippet:-1, max-image-preview:large, max-video-preview:-1\" \/>\n<link rel=\"canonical\" href=\"https:\/\/bsartstudio.vn\/ja\/products\/how-to-draw-zodiac-animal\/\" \/>\n<meta property=\"og:locale\" content=\"ja_JP\" \/>\n<meta property=\"og:type\" content=\"article\" \/>\n<meta property=\"og:title\" content=\"How to Draw zodiac animal - Art Kit &quot;Creative with Dong Ho Art&quot; - B\/S Art Studio\" \/>\n<meta property=\"og:description\" content=\"How to Draw zodiac animal with Dong Ho Art not only lets you learn about Vietnamese traditional folk arts, but also gives you a great time your children.\" \/>\n<meta property=\"og:url\" content=\"https:\/\/bsartstudio.vn\/ja\/products\/how-to-draw-zodiac-animal\/\" \/>\n<meta property=\"og:site_name\" content=\"B\/S Art Studio\" \/>\n<meta property=\"article:modified_time\" content=\"2025-04-13T07:15:03+00:00\" \/>\n<meta property=\"og:image\" content=\"https:\/\/bsartstudio.vn\/wp-content\/uploads\/2020\/09\/Bo-Kit.jpg\" \/>\n\t<meta property=\"og:image:width\" content=\"1920\" \/>\n\t<meta property=\"og:image:height\" content=\"1920\" \/>\n\t<meta property=\"og:image:type\" content=\"image\/jpeg\" \/>\n<meta name=\"twitter:card\" content=\"summary_large_image\" \/>\n<meta name=\"twitter:label1\" content=\"\u63a8\u5b9a\u8aad\u307f\u53d6\u308a\u6642\u9593\" \/>\n\t<meta name=\"twitter:data1\" content=\"1\u5206\" \/>\n<script type=\"application\/ld+json\" class=\"yoast-schema-graph\">{\"@context\":\"https:\/\/schema.org\",\"@graph\":[{\"@type\":\"WebPage\",\"@id\":\"https:\/\/bsartstudio.vn\/ja\/products\/how-to-draw-zodiac-animal\/\",\"url\":\"https:\/\/bsartstudio.vn\/ja\/products\/how-to-draw-zodiac-animal\/\",\"name\":\"How to Draw zodiac animal - Art Kit \\\"Creative with Dong Ho Art\\\" - B\/S Art Studio\",\"isPartOf\":{\"@id\":\"https:\/\/bsartstudio.vn\/ja\/#website\"},\"primaryImageOfPage\":{\"@id\":\"https:\/\/bsartstudio.vn\/ja\/products\/how-to-draw-zodiac-animal\/#primaryimage\"},\"image\":{\"@id\":\"https:\/\/bsartstudio.vn\/ja\/products\/how-to-draw-zodiac-animal\/#primaryimage\"},\"thumbnailUrl\":\"https:\/\/bsartstudio.vn\/wp-content\/uploads\/2020\/09\/Bo-Kit.jpg\",\"datePublished\":\"2020-09-18T08:27:17+00:00\",\"dateModified\":\"2025-04-13T07:15:03+00:00\",\"description\":\"How to Draw zodiac animal with Dong Ho Art not only lets you learn about Vietnamese traditional folk arts, but also gives you a great time your children.\",\"breadcrumb\":{\"@id\":\"https:\/\/bsartstudio.vn\/ja\/products\/how-to-draw-zodiac-animal\/#breadcrumb\"},\"inLanguage\":\"ja\",\"potentialAction\":[{\"@type\":\"ReadAction\",\"target\":[\"https:\/\/bsartstudio.vn\/ja\/products\/how-to-draw-zodiac-animal\/\"]}]},{\"@type\":\"ImageObject\",\"inLanguage\":\"ja\",\"@id\":\"https:\/\/bsartstudio.vn\/ja\/products\/how-to-draw-zodiac-animal\/#primaryimage\",\"url\":\"https:\/\/bsartstudio.vn\/wp-content\/uploads\/2020\/09\/Bo-Kit.jpg\",\"contentUrl\":\"https:\/\/bsartstudio.vn\/wp-content\/uploads\/2020\/09\/Bo-Kit.jpg\",\"width\":1920,\"height\":1920,\"caption\":\"How to Draw zodiac animal Creative with Dong Ho Art - The Art Kit\"},{\"@type\":\"BreadcrumbList\",\"@id\":\"https:\/\/bsartstudio.vn\/ja\/products\/how-to-draw-zodiac-animal\/#breadcrumb\",\"itemListElement\":[{\"@type\":\"ListItem\",\"position\":1,\"name\":\"Home\",\"item\":\"https:\/\/bsartstudio.vn\/en\/\"},{\"@type\":\"ListItem\",\"position\":2,\"name\":\"Shop\",\"item\":\"https:\/\/bsartstudio.vn\/en\/shop\/\"},{\"@type\":\"ListItem\",\"position\":3,\"name\":\"How to Draw zodiac animal &#8220;Creative with Dong Ho Art&#8221; &#8211; The Art Kit\"}]},{\"@type\":\"WebSite\",\"@id\":\"https:\/\/bsartstudio.vn\/ja\/#website\",\"url\":\"https:\/\/bsartstudio.vn\/ja\/\",\"name\":\"B\/S Art Studio\",\"description\":\"\",\"publisher\":{\"@id\":\"https:\/\/bsartstudio.vn\/ja\/#organization\"},\"potentialAction\":[{\"@type\":\"SearchAction\",\"target\":{\"@type\":\"EntryPoint\",\"urlTemplate\":\"https:\/\/bsartstudio.vn\/ja\/?s={search_term_string}\"},\"query-input\":{\"@type\":\"PropertyValueSpecification\",\"valueRequired\":true,\"valueName\":\"search_term_string\"}}],\"inLanguage\":\"ja\"},{\"@type\":\"Organization\",\"@id\":\"https:\/\/bsartstudio.vn\/ja\/#organization\",\"name\":\"B\/S Art Studio\",\"url\":\"https:\/\/bsartstudio.vn\/ja\/\",\"logo\":{\"@type\":\"ImageObject\",\"inLanguage\":\"ja\",\"@id\":\"https:\/\/bsartstudio.vn\/ja\/#\/schema\/logo\/image\/\",\"url\":\"https:\/\/bsartstudio.vn\/wp-content\/uploads\/2020\/03\/54526018_2272576089468053_1525084505319145472_n.jpg\",\"contentUrl\":\"https:\/\/bsartstudio.vn\/wp-content\/uploads\/2020\/03\/54526018_2272576089468053_1525084505319145472_n.jpg\",\"width\":958,\"height\":958,\"caption\":\"B\/S Art Studio\"},\"image\":{\"@id\":\"https:\/\/bsartstudio.vn\/ja\/#\/schema\/logo\/image\/\"}}]}<\/script>\n<!-- \/ Yoast SEO plugin. -->","yoast_head_json":{"title":"How to Draw zodiac animal - Art Kit \"Creative with Dong Ho Art\" - B\/S Art Studio","description":"How to Draw zodiac animal with Dong Ho Art not only lets you learn about Vietnamese traditional folk arts, but also gives you a great time your children.","robots":{"index":"index","follow":"follow","max-snippet":"max-snippet:-1","max-image-preview":"max-image-preview:large","max-video-preview":"max-video-preview:-1"},"canonical":"https:\/\/bsartstudio.vn\/ja\/products\/how-to-draw-zodiac-animal\/","og_locale":"ja_JP","og_type":"article","og_title":"How to Draw zodiac animal - Art Kit \"Creative with Dong Ho Art\" - B\/S Art Studio","og_description":"How to Draw zodiac animal with Dong Ho Art not only lets you learn about Vietnamese traditional folk arts, but also gives you a great time your children.","og_url":"https:\/\/bsartstudio.vn\/ja\/products\/how-to-draw-zodiac-animal\/","og_site_name":"B\/S Art Studio","article_modified_time":"2025-04-13T07:15:03+00:00","og_image":[{"width":1920,"height":1920,"url":"https:\/\/bsartstudio.vn\/wp-content\/uploads\/2020\/09\/Bo-Kit.jpg","type":"image\/jpeg"}],"twitter_card":"summary_large_image","twitter_misc":{"\u63a8\u5b9a\u8aad\u307f\u53d6\u308a\u6642\u9593":"1\u5206"},"schema":{"@context":"https:\/\/schema.org","@graph":[{"@type":"WebPage","@id":"https:\/\/bsartstudio.vn\/ja\/products\/how-to-draw-zodiac-animal\/","url":"https:\/\/bsartstudio.vn\/ja\/products\/how-to-draw-zodiac-animal\/","name":"How to Draw zodiac animal - Art Kit \"Creative with Dong Ho Art\" - B\/S Art Studio","isPartOf":{"@id":"https:\/\/bsartstudio.vn\/ja\/#website"},"primaryImageOfPage":{"@id":"https:\/\/bsartstudio.vn\/ja\/products\/how-to-draw-zodiac-animal\/#primaryimage"},"image":{"@id":"https:\/\/bsartstudio.vn\/ja\/products\/how-to-draw-zodiac-animal\/#primaryimage"},"thumbnailUrl":"https:\/\/bsartstudio.vn\/wp-content\/uploads\/2020\/09\/Bo-Kit.jpg","datePublished":"2020-09-18T08:27:17+00:00","dateModified":"2025-04-13T07:15:03+00:00","description":"How to Draw zodiac animal with Dong Ho Art not only lets you learn about Vietnamese traditional folk arts, but also gives you a great time your children.","breadcrumb":{"@id":"https:\/\/bsartstudio.vn\/ja\/products\/how-to-draw-zodiac-animal\/#breadcrumb"},"inLanguage":"ja","potentialAction":[{"@type":"ReadAction","target":["https:\/\/bsartstudio.vn\/ja\/products\/how-to-draw-zodiac-animal\/"]}]},{"@type":"ImageObject","inLanguage":"ja","@id":"https:\/\/bsartstudio.vn\/ja\/products\/how-to-draw-zodiac-animal\/#primaryimage","url":"https:\/\/bsartstudio.vn\/wp-content\/uploads\/2020\/09\/Bo-Kit.jpg","contentUrl":"https:\/\/bsartstudio.vn\/wp-content\/uploads\/2020\/09\/Bo-Kit.jpg","width":1920,"height":1920,"caption":"How to Draw zodiac animal Creative with Dong Ho Art - The Art Kit"},{"@type":"BreadcrumbList","@id":"https:\/\/bsartstudio.vn\/ja\/products\/how-to-draw-zodiac-animal\/#breadcrumb","itemListElement":[{"@type":"ListItem","position":1,"name":"Home","item":"https:\/\/bsartstudio.vn\/en\/"},{"@type":"ListItem","position":2,"name":"Shop","item":"https:\/\/bsartstudio.vn\/en\/shop\/"},{"@type":"ListItem","position":3,"name":"How to Draw zodiac animal &#8220;Creative with Dong Ho Art&#8221; &#8211; The Art Kit"}]},{"@type":"WebSite","@id":"https:\/\/bsartstudio.vn\/ja\/#website","url":"https:\/\/bsartstudio.vn\/ja\/","name":"B\/S Art Studio","description":"","publisher":{"@id":"https:\/\/bsartstudio.vn\/ja\/#organization"},"potentialAction":[{"@type":"SearchAction","target":{"@type":"EntryPoint","urlTemplate":"https:\/\/bsartstudio.vn\/ja\/?s={search_term_string}"},"query-input":{"@type":"PropertyValueSpecification","valueRequired":true,"valueName":"search_term_string"}}],"inLanguage":"ja"},{"@type":"Organization","@id":"https:\/\/bsartstudio.vn\/ja\/#organization","name":"B\/S Art Studio","url":"https:\/\/bsartstudio.vn\/ja\/","logo":{"@type":"ImageObject","inLanguage":"ja","@id":"https:\/\/bsartstudio.vn\/ja\/#\/schema\/logo\/image\/","url":"https:\/\/bsartstudio.vn\/wp-content\/uploads\/2020\/03\/54526018_2272576089468053_1525084505319145472_n.jpg","contentUrl":"https:\/\/bsartstudio.vn\/wp-content\/uploads\/2020\/03\/54526018_2272576089468053_1525084505319145472_n.jpg","width":958,"height":958,"caption":"B\/S Art Studio"},"image":{"@id":"https:\/\/bsartstudio.vn\/ja\/#\/schema\/logo\/image\/"}}]}},"_links":{"self":[{"href":"https:\/\/bsartstudio.vn\/ja\/wp-json\/wp\/v2\/product\/9385"}],"collection":[{"href":"https:\/\/bsartstudio.vn\/ja\/wp-json\/wp\/v2\/product"}],"about":[{"href":"https:\/\/bsartstudio.vn\/ja\/wp-json\/wp\/v2\/types\/product"}],"wp:featuredmedia":[{"embeddable":true,"href":"https:\/\/bsartstudio.vn\/ja\/wp-json\/wp\/v2\/media\/7856"}],"wp:attachment":[{"href":"https:\/\/bsartstudio.vn\/ja\/wp-json\/wp\/v2\/media?parent=9385"}],"wp:term":[{"taxonomy":"product_cat","embeddable":true,"href":"https:\/\/bsartstudio.vn\/ja\/wp-json\/wp\/v2\/product_cat?post=9385"},{"taxonomy":"product_tag","embeddable":true,"href":"https:\/\/bsartstudio.vn\/ja\/wp-json\/wp\/v2\/product_tag?post=9385"}],"curies":[{"name":"wp","href":"https:\/\/api.w.org\/{rel}","templated":true}]}}