{"id":9381,"date":"2021-03-09T15:50:18","date_gmt":"2021-03-09T08:50:18","guid":{"rendered":"https:\/\/bsartstudio.vn\/products\/breakfast-with-fried-egg\/"},"modified":"2025-04-12T16:15:06","modified_gmt":"2025-04-12T09:15:06","slug":"breakfast-with-fried-egg","status":"publish","type":"product","link":"https:\/\/bsartstudio.vn\/ja\/products\/breakfast-with-fried-egg\/","title":{"rendered":"Breakfast with Fried Egg &#8211; Original Painting &#8211; Wall Art Decor"},"content":{"rendered":"<h1><span style=\"color: #000000;\">&#8220;Breakfast with Fried Egg&#8221; Artwork<\/span><\/h1>\n<p><span class=\"HwtZe\" lang=\"en\" style=\"color: #000000;\"><span class=\"jCAhz ChMk0b\"><span class=\"ryNqvb\">&#8220;Breakfast with Fried Egg&#8221; with &#8220;Ms. Dau&#8221; character\u00a0 &#8211; the image representing women who always sacrifice silently, devoting all their time and effort to take care of their family<\/span><\/span><\/span><\/p>\n<h2><span style=\"font-size: 14pt; color: #0000ff;\">&#8220;Breakfast with Fried Egg&#8221; Artwork \u00a0is one of the series, B\/S Art Studio aim to convey the following messages and meanings:<\/span><\/h2>\n<p><span style=\"color: #000000;\">The Vietnamese housewives alway wake up early in the morning to collect eggs in the chicken\u2019s nest and make a delicious breakfast for the family. This is a realistic scene in Vietnam countryside.\u00a0<\/span><\/p>\n<p><span style=\"color: #000000;\">A delicious dish made from fresh and nutrient-rich eggs collected in the early morning and often served with bread.<\/span><\/p>\n<p><span style=\"color: #000000;\">Click<\/span> <a href=\"https:\/\/www.instagram.com\/bs_artstudio\/\" target=\"_blank\" rel=\"noopener\">here<\/a> <span style=\"color: #000000;\">to see all collections.<\/span><\/p>\n<p><span style=\"color: #000000;\">Click<\/span> <a href=\"\/en?product_cat=\u3048\u3089\u3044\u306a\u304a\u6bcd\u3055\u3093\u306e\u30a2\u30fc\u30c8\u30b3\u30ec\u30af\u30b7\u30e7\u30f3\" target=\"_blank\" rel=\"noopener\">here<\/a> <span style=\"color: #000000;\">to buy all collections.<\/span><\/p>\n<p><span style=\"color: #000000;\">#Tranh_v\u1ebd #Tranh_in #tranh_trang_tr\u00ed #truy\u1ec1n_th\u1ed1ng #decor #trang_tr\u00ed_nh\u00e0 #v\u0103n_h\u00f3a_Vi\u1ec7t #qu\u00e0_t\u1eb7ng #gift #art\u00a0\u00a0#printing_artwork #painting #drawing #tranhintrangtr\u00ed #tranhinngh\u1ec7thu\u1eadt #MsDaupainting<\/span><\/p>\n<p>&nbsp;<\/p>\n","protected":false},"excerpt":{"rendered":"<p><span style=\"color: #000000;\">Material: Canvas<\/span><\/p>\n<p><span style=\"color: #000000;\">Color: Acrylic<\/span><\/p>\n<p><span style=\"color: #000000;\">Size: 70 cm x 50 cm<\/span><\/p>\n<p><span style=\"color: #000000;\">Original artwork &#8211; Unique artwork<\/span><\/p>\n<p><span style=\"color: #000000;\">Wall Art Print with cheerful colors and unique character designs, it will be a meaningful and unique gift for you to choose for your relatives and friends.<\/span><br \/>\n<span style=\"color: #000000;\">Unique decorative printing artwork. Vietnamese Cultural Gifts.<\/span><\/p>\n<p>&nbsp;<\/p>\n","protected":false},"featured_media":3468,"template":"","meta":{"_et_pb_use_builder":"","_et_pb_old_content":"","_et_gb_content_width":""},"product_cat":[286,483,88,84],"product_tag":[612,505,571,289,613,543,544,614,498],"yoast_head":"<!-- This site is optimized with the Yoast SEO plugin v24.5 - https:\/\/yoast.com\/wordpress\/plugins\/seo\/ -->\n<title>Breakfast with Fried Egg - Original Painting - Wall Art Decor - B\/S Art Studio<\/title>\n<meta name=\"description\" content=\"&quot;Breakfast with Fried Egg&quot; with &quot;Ms. Dau&quot; representing women who always sacrifice silently, devoting all their time and effort to take care of their family\" \/>\n<meta name=\"robots\" content=\"index, follow, max-snippet:-1, max-image-preview:large, max-video-preview:-1\" \/>\n<link rel=\"canonical\" href=\"https:\/\/bsartstudio.vn\/ja\/products\/breakfast-with-fried-egg\/\" \/>\n<meta property=\"og:locale\" content=\"ja_JP\" \/>\n<meta property=\"og:type\" content=\"article\" \/>\n<meta property=\"og:title\" content=\"Breakfast with Fried Egg - Original Painting - Wall Art Decor - B\/S Art Studio\" \/>\n<meta property=\"og:description\" content=\"&quot;Breakfast with Fried Egg&quot; with &quot;Ms. Dau&quot; representing women who always sacrifice silently, devoting all their time and effort to take care of their family\" \/>\n<meta property=\"og:url\" content=\"https:\/\/bsartstudio.vn\/ja\/products\/breakfast-with-fried-egg\/\" \/>\n<meta property=\"og:site_name\" content=\"B\/S Art Studio\" \/>\n<meta property=\"article:modified_time\" content=\"2025-04-12T09:15:06+00:00\" \/>\n<meta property=\"og:image\" content=\"https:\/\/bsartstudio.vn\/wp-content\/uploads\/2021\/03\/158684628_278467407180031_7230975087753314472_n-e1725186466785.jpg\" \/>\n\t<meta property=\"og:image:width\" content=\"1150\" \/>\n\t<meta property=\"og:image:height\" content=\"1150\" \/>\n\t<meta property=\"og:image:type\" content=\"image\/jpeg\" \/>\n<meta name=\"twitter:card\" content=\"summary_large_image\" \/>\n<meta name=\"twitter:label1\" content=\"\u63a8\u5b9a\u8aad\u307f\u53d6\u308a\u6642\u9593\" \/>\n\t<meta name=\"twitter:data1\" content=\"1\u5206\" \/>\n<script type=\"application\/ld+json\" class=\"yoast-schema-graph\">{\"@context\":\"https:\/\/schema.org\",\"@graph\":[{\"@type\":\"WebPage\",\"@id\":\"https:\/\/bsartstudio.vn\/ja\/products\/breakfast-with-fried-egg\/\",\"url\":\"https:\/\/bsartstudio.vn\/ja\/products\/breakfast-with-fried-egg\/\",\"name\":\"Breakfast with Fried Egg - Original Painting - Wall Art Decor - B\/S Art Studio\",\"isPartOf\":{\"@id\":\"https:\/\/bsartstudio.vn\/ja\/#website\"},\"primaryImageOfPage\":{\"@id\":\"https:\/\/bsartstudio.vn\/ja\/products\/breakfast-with-fried-egg\/#primaryimage\"},\"image\":{\"@id\":\"https:\/\/bsartstudio.vn\/ja\/products\/breakfast-with-fried-egg\/#primaryimage\"},\"thumbnailUrl\":\"https:\/\/bsartstudio.vn\/wp-content\/uploads\/2021\/03\/158684628_278467407180031_7230975087753314472_n-e1725186466785.jpg\",\"datePublished\":\"2021-03-09T08:50:18+00:00\",\"dateModified\":\"2025-04-12T09:15:06+00:00\",\"description\":\"\\\"Breakfast with Fried Egg\\\" with \\\"Ms. Dau\\\" representing women who always sacrifice silently, devoting all their time and effort to take care of their family\",\"breadcrumb\":{\"@id\":\"https:\/\/bsartstudio.vn\/ja\/products\/breakfast-with-fried-egg\/#breadcrumb\"},\"inLanguage\":\"ja\",\"potentialAction\":[{\"@type\":\"ReadAction\",\"target\":[\"https:\/\/bsartstudio.vn\/ja\/products\/breakfast-with-fried-egg\/\"]}]},{\"@type\":\"ImageObject\",\"inLanguage\":\"ja\",\"@id\":\"https:\/\/bsartstudio.vn\/ja\/products\/breakfast-with-fried-egg\/#primaryimage\",\"url\":\"https:\/\/bsartstudio.vn\/wp-content\/uploads\/2021\/03\/158684628_278467407180031_7230975087753314472_n-e1725186466785.jpg\",\"contentUrl\":\"https:\/\/bsartstudio.vn\/wp-content\/uploads\/2021\/03\/158684628_278467407180031_7230975087753314472_n-e1725186466785.jpg\",\"width\":1150,\"height\":1150,\"caption\":\"Breakfrist\"},{\"@type\":\"BreadcrumbList\",\"@id\":\"https:\/\/bsartstudio.vn\/ja\/products\/breakfast-with-fried-egg\/#breadcrumb\",\"itemListElement\":[{\"@type\":\"ListItem\",\"position\":1,\"name\":\"Home\",\"item\":\"https:\/\/bsartstudio.vn\/en\/\"},{\"@type\":\"ListItem\",\"position\":2,\"name\":\"Shop\",\"item\":\"https:\/\/bsartstudio.vn\/en\/shop\/\"},{\"@type\":\"ListItem\",\"position\":3,\"name\":\"Breakfast with Fried Egg &#8211; Original Painting &#8211; Wall Art Decor\"}]},{\"@type\":\"WebSite\",\"@id\":\"https:\/\/bsartstudio.vn\/ja\/#website\",\"url\":\"https:\/\/bsartstudio.vn\/ja\/\",\"name\":\"B\/S Art Studio\",\"description\":\"\",\"publisher\":{\"@id\":\"https:\/\/bsartstudio.vn\/ja\/#organization\"},\"potentialAction\":[{\"@type\":\"SearchAction\",\"target\":{\"@type\":\"EntryPoint\",\"urlTemplate\":\"https:\/\/bsartstudio.vn\/ja\/?s={search_term_string}\"},\"query-input\":{\"@type\":\"PropertyValueSpecification\",\"valueRequired\":true,\"valueName\":\"search_term_string\"}}],\"inLanguage\":\"ja\"},{\"@type\":\"Organization\",\"@id\":\"https:\/\/bsartstudio.vn\/ja\/#organization\",\"name\":\"B\/S Art Studio\",\"url\":\"https:\/\/bsartstudio.vn\/ja\/\",\"logo\":{\"@type\":\"ImageObject\",\"inLanguage\":\"ja\",\"@id\":\"https:\/\/bsartstudio.vn\/ja\/#\/schema\/logo\/image\/\",\"url\":\"https:\/\/bsartstudio.vn\/wp-content\/uploads\/2020\/03\/54526018_2272576089468053_1525084505319145472_n.jpg\",\"contentUrl\":\"https:\/\/bsartstudio.vn\/wp-content\/uploads\/2020\/03\/54526018_2272576089468053_1525084505319145472_n.jpg\",\"width\":958,\"height\":958,\"caption\":\"B\/S Art Studio\"},\"image\":{\"@id\":\"https:\/\/bsartstudio.vn\/ja\/#\/schema\/logo\/image\/\"}}]}<\/script>\n<!-- \/ Yoast SEO plugin. -->","yoast_head_json":{"title":"Breakfast with Fried Egg - Original Painting - Wall Art Decor - B\/S Art Studio","description":"\"Breakfast with Fried Egg\" with \"Ms. Dau\" representing women who always sacrifice silently, devoting all their time and effort to take care of their family","robots":{"index":"index","follow":"follow","max-snippet":"max-snippet:-1","max-image-preview":"max-image-preview:large","max-video-preview":"max-video-preview:-1"},"canonical":"https:\/\/bsartstudio.vn\/ja\/products\/breakfast-with-fried-egg\/","og_locale":"ja_JP","og_type":"article","og_title":"Breakfast with Fried Egg - Original Painting - Wall Art Decor - B\/S Art Studio","og_description":"\"Breakfast with Fried Egg\" with \"Ms. Dau\" representing women who always sacrifice silently, devoting all their time and effort to take care of their family","og_url":"https:\/\/bsartstudio.vn\/ja\/products\/breakfast-with-fried-egg\/","og_site_name":"B\/S Art Studio","article_modified_time":"2025-04-12T09:15:06+00:00","og_image":[{"width":1150,"height":1150,"url":"https:\/\/bsartstudio.vn\/wp-content\/uploads\/2021\/03\/158684628_278467407180031_7230975087753314472_n-e1725186466785.jpg","type":"image\/jpeg"}],"twitter_card":"summary_large_image","twitter_misc":{"\u63a8\u5b9a\u8aad\u307f\u53d6\u308a\u6642\u9593":"1\u5206"},"schema":{"@context":"https:\/\/schema.org","@graph":[{"@type":"WebPage","@id":"https:\/\/bsartstudio.vn\/ja\/products\/breakfast-with-fried-egg\/","url":"https:\/\/bsartstudio.vn\/ja\/products\/breakfast-with-fried-egg\/","name":"Breakfast with Fried Egg - Original Painting - Wall Art Decor - B\/S Art Studio","isPartOf":{"@id":"https:\/\/bsartstudio.vn\/ja\/#website"},"primaryImageOfPage":{"@id":"https:\/\/bsartstudio.vn\/ja\/products\/breakfast-with-fried-egg\/#primaryimage"},"image":{"@id":"https:\/\/bsartstudio.vn\/ja\/products\/breakfast-with-fried-egg\/#primaryimage"},"thumbnailUrl":"https:\/\/bsartstudio.vn\/wp-content\/uploads\/2021\/03\/158684628_278467407180031_7230975087753314472_n-e1725186466785.jpg","datePublished":"2021-03-09T08:50:18+00:00","dateModified":"2025-04-12T09:15:06+00:00","description":"\"Breakfast with Fried Egg\" with \"Ms. Dau\" representing women who always sacrifice silently, devoting all their time and effort to take care of their family","breadcrumb":{"@id":"https:\/\/bsartstudio.vn\/ja\/products\/breakfast-with-fried-egg\/#breadcrumb"},"inLanguage":"ja","potentialAction":[{"@type":"ReadAction","target":["https:\/\/bsartstudio.vn\/ja\/products\/breakfast-with-fried-egg\/"]}]},{"@type":"ImageObject","inLanguage":"ja","@id":"https:\/\/bsartstudio.vn\/ja\/products\/breakfast-with-fried-egg\/#primaryimage","url":"https:\/\/bsartstudio.vn\/wp-content\/uploads\/2021\/03\/158684628_278467407180031_7230975087753314472_n-e1725186466785.jpg","contentUrl":"https:\/\/bsartstudio.vn\/wp-content\/uploads\/2021\/03\/158684628_278467407180031_7230975087753314472_n-e1725186466785.jpg","width":1150,"height":1150,"caption":"Breakfrist"},{"@type":"BreadcrumbList","@id":"https:\/\/bsartstudio.vn\/ja\/products\/breakfast-with-fried-egg\/#breadcrumb","itemListElement":[{"@type":"ListItem","position":1,"name":"Home","item":"https:\/\/bsartstudio.vn\/en\/"},{"@type":"ListItem","position":2,"name":"Shop","item":"https:\/\/bsartstudio.vn\/en\/shop\/"},{"@type":"ListItem","position":3,"name":"Breakfast with Fried Egg &#8211; Original Painting &#8211; Wall Art Decor"}]},{"@type":"WebSite","@id":"https:\/\/bsartstudio.vn\/ja\/#website","url":"https:\/\/bsartstudio.vn\/ja\/","name":"B\/S Art Studio","description":"","publisher":{"@id":"https:\/\/bsartstudio.vn\/ja\/#organization"},"potentialAction":[{"@type":"SearchAction","target":{"@type":"EntryPoint","urlTemplate":"https:\/\/bsartstudio.vn\/ja\/?s={search_term_string}"},"query-input":{"@type":"PropertyValueSpecification","valueRequired":true,"valueName":"search_term_string"}}],"inLanguage":"ja"},{"@type":"Organization","@id":"https:\/\/bsartstudio.vn\/ja\/#organization","name":"B\/S Art Studio","url":"https:\/\/bsartstudio.vn\/ja\/","logo":{"@type":"ImageObject","inLanguage":"ja","@id":"https:\/\/bsartstudio.vn\/ja\/#\/schema\/logo\/image\/","url":"https:\/\/bsartstudio.vn\/wp-content\/uploads\/2020\/03\/54526018_2272576089468053_1525084505319145472_n.jpg","contentUrl":"https:\/\/bsartstudio.vn\/wp-content\/uploads\/2020\/03\/54526018_2272576089468053_1525084505319145472_n.jpg","width":958,"height":958,"caption":"B\/S Art Studio"},"image":{"@id":"https:\/\/bsartstudio.vn\/ja\/#\/schema\/logo\/image\/"}}]}},"_links":{"self":[{"href":"https:\/\/bsartstudio.vn\/ja\/wp-json\/wp\/v2\/product\/9381"}],"collection":[{"href":"https:\/\/bsartstudio.vn\/ja\/wp-json\/wp\/v2\/product"}],"about":[{"href":"https:\/\/bsartstudio.vn\/ja\/wp-json\/wp\/v2\/types\/product"}],"wp:featuredmedia":[{"embeddable":true,"href":"https:\/\/bsartstudio.vn\/ja\/wp-json\/wp\/v2\/media\/3468"}],"wp:attachment":[{"href":"https:\/\/bsartstudio.vn\/ja\/wp-json\/wp\/v2\/media?parent=9381"}],"wp:term":[{"taxonomy":"product_cat","embeddable":true,"href":"https:\/\/bsartstudio.vn\/ja\/wp-json\/wp\/v2\/product_cat?post=9381"},{"taxonomy":"product_tag","embeddable":true,"href":"https:\/\/bsartstudio.vn\/ja\/wp-json\/wp\/v2\/product_tag?post=9381"}],"curies":[{"name":"wp","href":"https:\/\/api.w.org\/{rel}","templated":true}]}}