{"id":9377,"date":"2023-03-21T15:49:19","date_gmt":"2023-03-21T08:49:19","guid":{"rendered":"https:\/\/bsartstudio.vn\/products\/flute-kite-craftwoman\/"},"modified":"2025-04-10T18:14:19","modified_gmt":"2025-04-10T11:14:19","slug":"flute-kite-craftwoman","status":"publish","type":"product","link":"https:\/\/bsartstudio.vn\/ja\/products\/flute-kite-craftwoman\/","title":{"rendered":"Art Print &#8211; Flute Kite Craftswoman &#8211; Wall Art Decor"},"content":{"rendered":"<h1 class=\"lRu31\" dir=\"ltr\"><span style=\"font-size: 18pt; color: #000000;\"><strong>Art Print &#8220;Flute Kite Craftswoman&#8221; &#8211; Detailed Patterns Art Style Collection<\/strong><\/span><\/h1>\n<p><span style=\"color: #000000;\">The artworks use the image of a skillful and delicate Vietnamese woman in traditional costume such as Ao Dai, Nhat Binh combined with Vietnamese patterns which represent traditional handicraft professions in Vietnam. Through the Craftswoman artworks, B\/S Art Studio hopes to introduce the \u201ctimeless values\u201d which is the knowledge and techniques will be preserved and developed.<\/span><\/p>\n<p><span style=\"color: #000000;\">This will be the bond between past and future making us to understand more about the past and also become a base for people to be better and head to the future.<\/span><\/p>\n<p><span style=\"color: #000000;\">This collection is drawn in a new style, combining the Vietnam traditional art style with modern style, the details in painting which shows how clever and skillful the craftswoman is.<\/span><\/p>\n<h2 class=\"lRu31\" dir=\"ltr\"><span style=\"font-size: 14pt; color: #0000ff;\"><strong>Art Print &#8220;Flute Kite Craftswoman&#8221;:<\/strong><\/span><\/h2>\n<p><span style=\"color: #000000;\">The Kites fluttering above the immense field is not only the typical image of home village but it is also a folk game that has long history and carries many Vietnamese cultural meanings.<\/span><\/p>\n<p><span style=\"color: #000000;\">Especially, Vietnam Flute Kite has become the most unique artworks with the combination of vivid images along and rustic sound of the flute.<\/span><\/p>\n<p><span style=\"color: #000000;\">With the passion, patience, diligence and meticulousness in every stage along with creativity, the Flute Kite artisans have brought Vietnam\u2019s Kites flying high with resounding melody echoing in the sky along with other cultures in the International Kite competition in many countries.<\/span><\/p>\n<p><span style=\"color: #000000;\">B\/S Art Studio\u2019s artist takes the inspiration from Bo Lao who is the third child of the Dragon, loves echo sound to describe the beauty of syllable and this is the most special feature only has in Vietnam\u2019s Flute Kite.<\/span><\/p>\n<p><span style=\"color: #000000;\">Click <a style=\"color: #000000;\" href=\"https:\/\/bsartstudio.vn\/ja\/detailed-patterns-art-style-collection-craftswoman-and-religion-gods-in-vietnamese-traditional-culture\/\" target=\"_blank\" rel=\"noopener\"><span style=\"color: #0000ff;\">here<\/span><\/a> for more information about Detailed Patterns Art Style Collection &#8220;Craftswoman and Religion Gods in Vietnamese Traditional Culture&#8221;<\/span><\/p>\n<p><span style=\"color: #000000;\">Click <a style=\"color: #000000;\" href=\"\/en?product_cat=\u30ed\u30a4\u30e4\u30eb\u30d1\u30bf\u30fc\u30f3\" target=\"_blank\" rel=\"noopener\"><span style=\"color: #0000ff;\">here<\/span><\/a> for buy all collections.<\/span><\/p>\n<p><span style=\"color: #000000;\">Please feel free to email us at: bsartstudioworkshop@gmail.com for more details or to place an order. We\u2019re happy to assist you!<\/span><\/p>\n<p><span style=\"color: #000000;\">#gift #art #artprint #wallart #artsouvenir #painting #drawing #tranhintrangtr\u00ed #tranhinngh\u1ec7thu\u1eadt #detailedartstyle #Tranh_v\u1ebd #Tranh_in #tranh_trang_tr\u00ed #truy\u1ec1n_th\u1ed1ng #decor #trang_tr\u00ed_nh\u00e0 #v\u0103n_h\u00f3a_Vi\u1ec7t #qu\u00e0_t\u1eb7ng<\/span><\/p>\n","protected":false},"excerpt":{"rendered":"<div class=\"et_pb_module et_pb_wc_description et_pb_wc_description_0_tb_body et_pb_bg_layout_light  et_pb_text_align_left\">\n<div class=\"et_pb_module_inner\">\n<p><span style=\"color: #000000;\">With cheerful colors and unique character designs, it will be a meaningful and unique gift for you to choose for your relatives and friends.<\/span><br \/>\n<span style=\"color: #000000;\">Unique decorative wall art print decor. Vietnamese Cultural Gifts.<\/span><\/p>\n<p><span style=\"color: #000000;\">Perfect for home decor, transform any reading room or living room, making it more impressive and adding a highlight.<\/span><\/p>\n<p><span style=\"color: #000000;\">Material: High quality printing on Art Paper<\/span><\/p>\n<p><span style=\"color: #000000;\">Frame: industrial wood frame + mica<\/span><\/p>\n<p><span style=\"color: #000000;\"><strong>Price WITHOUT FRAME<\/strong><\/span><\/p>\n<p><span style=\"color: #000000;\">Size: 42cm x 30cm: <strong>500.000 VND (20 $)<\/strong><\/span><\/p>\n<p><span style=\"color: #000000;\"><strong>Price<\/strong><strong> WITH FRAME<\/strong><\/span><\/p>\n<p><span style=\"color: #000000;\">Size: 45cm x 33cm: <strong>800.000 VND (32 $)<\/strong><\/span><\/p>\n<p><span style=\"color: #000000;\">Please feel free to email us at: <span style=\"color: #0000ff;\">bsartstudioworkshop@gmail.com<\/span> for choosing the sizes<\/span><\/p>\n<\/div>\n<\/div>\n","protected":false},"featured_media":7773,"template":"","meta":{"_et_pb_use_builder":"","_et_pb_old_content":"","_et_gb_content_width":""},"product_cat":[428,87,84],"product_tag":[492,459,568,596,593,597],"yoast_head":"<!-- This site is optimized with the Yoast SEO plugin v24.5 - https:\/\/yoast.com\/wordpress\/plugins\/seo\/ -->\n<title>Art Print - Flute Kite Craftswoman - Wall Art Decor - Detailed Art - B\/S Art Studio<\/title>\n<meta name=\"description\" content=\"Art Print &quot;Flute Kite Craftswoman&quot; inspiration from Bo Lao is the Dragon&#039;s child loves echo sound to describe the beauty of syllable Vietnamese Flute Kite.\" \/>\n<meta name=\"robots\" content=\"index, follow, max-snippet:-1, max-image-preview:large, max-video-preview:-1\" \/>\n<link rel=\"canonical\" href=\"https:\/\/bsartstudio.vn\/ja\/products\/flute-kite-craftwoman\/\" \/>\n<meta property=\"og:locale\" content=\"ja_JP\" \/>\n<meta property=\"og:type\" content=\"article\" \/>\n<meta property=\"og:title\" content=\"Art Print - Flute Kite Craftswoman - Wall Art Decor - Detailed Art - B\/S Art Studio\" \/>\n<meta property=\"og:description\" content=\"Art Print &quot;Flute Kite Craftswoman&quot; inspiration from Bo Lao is the Dragon&#039;s child loves echo sound to describe the beauty of syllable Vietnamese Flute Kite.\" \/>\n<meta property=\"og:url\" content=\"https:\/\/bsartstudio.vn\/ja\/products\/flute-kite-craftwoman\/\" \/>\n<meta property=\"og:site_name\" content=\"B\/S Art Studio\" \/>\n<meta property=\"article:modified_time\" content=\"2025-04-10T11:14:19+00:00\" \/>\n<meta property=\"og:image\" content=\"https:\/\/bsartstudio.vn\/wp-content\/uploads\/2023\/03\/Art-Prints-Vietnamese-Craftwoman-13.jpg\" \/>\n\t<meta property=\"og:image:width\" content=\"1920\" \/>\n\t<meta property=\"og:image:height\" content=\"1920\" \/>\n\t<meta property=\"og:image:type\" content=\"image\/jpeg\" \/>\n<meta name=\"twitter:card\" content=\"summary_large_image\" \/>\n<meta name=\"twitter:label1\" content=\"\u63a8\u5b9a\u8aad\u307f\u53d6\u308a\u6642\u9593\" \/>\n\t<meta name=\"twitter:data1\" content=\"2\u5206\" \/>\n<script type=\"application\/ld+json\" class=\"yoast-schema-graph\">{\"@context\":\"https:\/\/schema.org\",\"@graph\":[{\"@type\":\"WebPage\",\"@id\":\"https:\/\/bsartstudio.vn\/ja\/products\/flute-kite-craftwoman\/\",\"url\":\"https:\/\/bsartstudio.vn\/ja\/products\/flute-kite-craftwoman\/\",\"name\":\"Art Print - Flute Kite Craftswoman - Wall Art Decor - Detailed Art - B\/S Art Studio\",\"isPartOf\":{\"@id\":\"https:\/\/bsartstudio.vn\/ja\/#website\"},\"primaryImageOfPage\":{\"@id\":\"https:\/\/bsartstudio.vn\/ja\/products\/flute-kite-craftwoman\/#primaryimage\"},\"image\":{\"@id\":\"https:\/\/bsartstudio.vn\/ja\/products\/flute-kite-craftwoman\/#primaryimage\"},\"thumbnailUrl\":\"https:\/\/bsartstudio.vn\/wp-content\/uploads\/2023\/03\/Art-Prints-Vietnamese-Craftwoman-13.jpg\",\"datePublished\":\"2023-03-21T08:49:19+00:00\",\"dateModified\":\"2025-04-10T11:14:19+00:00\",\"description\":\"Art Print \\\"Flute Kite Craftswoman\\\" inspiration from Bo Lao is the Dragon's child loves echo sound to describe the beauty of syllable Vietnamese Flute Kite.\",\"breadcrumb\":{\"@id\":\"https:\/\/bsartstudio.vn\/ja\/products\/flute-kite-craftwoman\/#breadcrumb\"},\"inLanguage\":\"ja\",\"potentialAction\":[{\"@type\":\"ReadAction\",\"target\":[\"https:\/\/bsartstudio.vn\/ja\/products\/flute-kite-craftwoman\/\"]}]},{\"@type\":\"ImageObject\",\"inLanguage\":\"ja\",\"@id\":\"https:\/\/bsartstudio.vn\/ja\/products\/flute-kite-craftwoman\/#primaryimage\",\"url\":\"https:\/\/bsartstudio.vn\/wp-content\/uploads\/2023\/03\/Art-Prints-Vietnamese-Craftwoman-13.jpg\",\"contentUrl\":\"https:\/\/bsartstudio.vn\/wp-content\/uploads\/2023\/03\/Art-Prints-Vietnamese-Craftwoman-13.jpg\",\"width\":1920,\"height\":1920,\"caption\":\"Art Prints Vietnamese Craftwoman\"},{\"@type\":\"BreadcrumbList\",\"@id\":\"https:\/\/bsartstudio.vn\/ja\/products\/flute-kite-craftwoman\/#breadcrumb\",\"itemListElement\":[{\"@type\":\"ListItem\",\"position\":1,\"name\":\"Home\",\"item\":\"https:\/\/bsartstudio.vn\/en\/\"},{\"@type\":\"ListItem\",\"position\":2,\"name\":\"Shop\",\"item\":\"https:\/\/bsartstudio.vn\/en\/shop\/\"},{\"@type\":\"ListItem\",\"position\":3,\"name\":\"Art Print &#8211; Flute Kite Craftswoman &#8211; Wall Art Decor\"}]},{\"@type\":\"WebSite\",\"@id\":\"https:\/\/bsartstudio.vn\/ja\/#website\",\"url\":\"https:\/\/bsartstudio.vn\/ja\/\",\"name\":\"B\/S Art Studio\",\"description\":\"\",\"publisher\":{\"@id\":\"https:\/\/bsartstudio.vn\/ja\/#organization\"},\"potentialAction\":[{\"@type\":\"SearchAction\",\"target\":{\"@type\":\"EntryPoint\",\"urlTemplate\":\"https:\/\/bsartstudio.vn\/ja\/?s={search_term_string}\"},\"query-input\":{\"@type\":\"PropertyValueSpecification\",\"valueRequired\":true,\"valueName\":\"search_term_string\"}}],\"inLanguage\":\"ja\"},{\"@type\":\"Organization\",\"@id\":\"https:\/\/bsartstudio.vn\/ja\/#organization\",\"name\":\"B\/S Art Studio\",\"url\":\"https:\/\/bsartstudio.vn\/ja\/\",\"logo\":{\"@type\":\"ImageObject\",\"inLanguage\":\"ja\",\"@id\":\"https:\/\/bsartstudio.vn\/ja\/#\/schema\/logo\/image\/\",\"url\":\"https:\/\/bsartstudio.vn\/wp-content\/uploads\/2020\/03\/54526018_2272576089468053_1525084505319145472_n.jpg\",\"contentUrl\":\"https:\/\/bsartstudio.vn\/wp-content\/uploads\/2020\/03\/54526018_2272576089468053_1525084505319145472_n.jpg\",\"width\":958,\"height\":958,\"caption\":\"B\/S Art Studio\"},\"image\":{\"@id\":\"https:\/\/bsartstudio.vn\/ja\/#\/schema\/logo\/image\/\"}}]}<\/script>\n<!-- \/ Yoast SEO plugin. -->","yoast_head_json":{"title":"Art Print - Flute Kite Craftswoman - Wall Art Decor - Detailed Art - B\/S Art Studio","description":"Art Print \"Flute Kite Craftswoman\" inspiration from Bo Lao is the Dragon's child loves echo sound to describe the beauty of syllable Vietnamese Flute Kite.","robots":{"index":"index","follow":"follow","max-snippet":"max-snippet:-1","max-image-preview":"max-image-preview:large","max-video-preview":"max-video-preview:-1"},"canonical":"https:\/\/bsartstudio.vn\/ja\/products\/flute-kite-craftwoman\/","og_locale":"ja_JP","og_type":"article","og_title":"Art Print - Flute Kite Craftswoman - Wall Art Decor - Detailed Art - B\/S Art Studio","og_description":"Art Print \"Flute Kite Craftswoman\" inspiration from Bo Lao is the Dragon's child loves echo sound to describe the beauty of syllable Vietnamese Flute Kite.","og_url":"https:\/\/bsartstudio.vn\/ja\/products\/flute-kite-craftwoman\/","og_site_name":"B\/S Art Studio","article_modified_time":"2025-04-10T11:14:19+00:00","og_image":[{"width":1920,"height":1920,"url":"https:\/\/bsartstudio.vn\/wp-content\/uploads\/2023\/03\/Art-Prints-Vietnamese-Craftwoman-13.jpg","type":"image\/jpeg"}],"twitter_card":"summary_large_image","twitter_misc":{"\u63a8\u5b9a\u8aad\u307f\u53d6\u308a\u6642\u9593":"2\u5206"},"schema":{"@context":"https:\/\/schema.org","@graph":[{"@type":"WebPage","@id":"https:\/\/bsartstudio.vn\/ja\/products\/flute-kite-craftwoman\/","url":"https:\/\/bsartstudio.vn\/ja\/products\/flute-kite-craftwoman\/","name":"Art Print - Flute Kite Craftswoman - Wall Art Decor - Detailed Art - B\/S Art Studio","isPartOf":{"@id":"https:\/\/bsartstudio.vn\/ja\/#website"},"primaryImageOfPage":{"@id":"https:\/\/bsartstudio.vn\/ja\/products\/flute-kite-craftwoman\/#primaryimage"},"image":{"@id":"https:\/\/bsartstudio.vn\/ja\/products\/flute-kite-craftwoman\/#primaryimage"},"thumbnailUrl":"https:\/\/bsartstudio.vn\/wp-content\/uploads\/2023\/03\/Art-Prints-Vietnamese-Craftwoman-13.jpg","datePublished":"2023-03-21T08:49:19+00:00","dateModified":"2025-04-10T11:14:19+00:00","description":"Art Print \"Flute Kite Craftswoman\" inspiration from Bo Lao is the Dragon's child loves echo sound to describe the beauty of syllable Vietnamese Flute Kite.","breadcrumb":{"@id":"https:\/\/bsartstudio.vn\/ja\/products\/flute-kite-craftwoman\/#breadcrumb"},"inLanguage":"ja","potentialAction":[{"@type":"ReadAction","target":["https:\/\/bsartstudio.vn\/ja\/products\/flute-kite-craftwoman\/"]}]},{"@type":"ImageObject","inLanguage":"ja","@id":"https:\/\/bsartstudio.vn\/ja\/products\/flute-kite-craftwoman\/#primaryimage","url":"https:\/\/bsartstudio.vn\/wp-content\/uploads\/2023\/03\/Art-Prints-Vietnamese-Craftwoman-13.jpg","contentUrl":"https:\/\/bsartstudio.vn\/wp-content\/uploads\/2023\/03\/Art-Prints-Vietnamese-Craftwoman-13.jpg","width":1920,"height":1920,"caption":"Art Prints Vietnamese Craftwoman"},{"@type":"BreadcrumbList","@id":"https:\/\/bsartstudio.vn\/ja\/products\/flute-kite-craftwoman\/#breadcrumb","itemListElement":[{"@type":"ListItem","position":1,"name":"Home","item":"https:\/\/bsartstudio.vn\/en\/"},{"@type":"ListItem","position":2,"name":"Shop","item":"https:\/\/bsartstudio.vn\/en\/shop\/"},{"@type":"ListItem","position":3,"name":"Art Print &#8211; Flute Kite Craftswoman &#8211; Wall Art Decor"}]},{"@type":"WebSite","@id":"https:\/\/bsartstudio.vn\/ja\/#website","url":"https:\/\/bsartstudio.vn\/ja\/","name":"B\/S Art Studio","description":"","publisher":{"@id":"https:\/\/bsartstudio.vn\/ja\/#organization"},"potentialAction":[{"@type":"SearchAction","target":{"@type":"EntryPoint","urlTemplate":"https:\/\/bsartstudio.vn\/ja\/?s={search_term_string}"},"query-input":{"@type":"PropertyValueSpecification","valueRequired":true,"valueName":"search_term_string"}}],"inLanguage":"ja"},{"@type":"Organization","@id":"https:\/\/bsartstudio.vn\/ja\/#organization","name":"B\/S Art Studio","url":"https:\/\/bsartstudio.vn\/ja\/","logo":{"@type":"ImageObject","inLanguage":"ja","@id":"https:\/\/bsartstudio.vn\/ja\/#\/schema\/logo\/image\/","url":"https:\/\/bsartstudio.vn\/wp-content\/uploads\/2020\/03\/54526018_2272576089468053_1525084505319145472_n.jpg","contentUrl":"https:\/\/bsartstudio.vn\/wp-content\/uploads\/2020\/03\/54526018_2272576089468053_1525084505319145472_n.jpg","width":958,"height":958,"caption":"B\/S Art Studio"},"image":{"@id":"https:\/\/bsartstudio.vn\/ja\/#\/schema\/logo\/image\/"}}]}},"_links":{"self":[{"href":"https:\/\/bsartstudio.vn\/ja\/wp-json\/wp\/v2\/product\/9377"}],"collection":[{"href":"https:\/\/bsartstudio.vn\/ja\/wp-json\/wp\/v2\/product"}],"about":[{"href":"https:\/\/bsartstudio.vn\/ja\/wp-json\/wp\/v2\/types\/product"}],"wp:featuredmedia":[{"embeddable":true,"href":"https:\/\/bsartstudio.vn\/ja\/wp-json\/wp\/v2\/media\/7773"}],"wp:attachment":[{"href":"https:\/\/bsartstudio.vn\/ja\/wp-json\/wp\/v2\/media?parent=9377"}],"wp:term":[{"taxonomy":"product_cat","embeddable":true,"href":"https:\/\/bsartstudio.vn\/ja\/wp-json\/wp\/v2\/product_cat?post=9377"},{"taxonomy":"product_tag","embeddable":true,"href":"https:\/\/bsartstudio.vn\/ja\/wp-json\/wp\/v2\/product_tag?post=9377"}],"curies":[{"name":"wp","href":"https:\/\/api.w.org\/{rel}","templated":true}]}}