{"id":9374,"date":"2023-05-21T14:32:54","date_gmt":"2023-05-21T07:32:54","guid":{"rendered":"https:\/\/bsartstudio.vn\/products\/pig-moon-celebrates-tet-holiday\/"},"modified":"2025-04-10T17:52:31","modified_gmt":"2025-04-10T10:52:31","slug":"pig-moon-celebrates-tet-holiday","status":"publish","type":"product","link":"https:\/\/bsartstudio.vn\/ja\/products\/pig-moon-celebrates-tet-holiday\/","title":{"rendered":"Pig Moon celebrates Tet Holiday &#8211; Sticker New Year"},"content":{"rendered":"<h1><span style=\"font-size: 18pt; color: #0000ff;\"><strong>&#8220;Pig Moon celebrates Tet Holiday&#8221; Sticker New Year<\/strong><\/span><\/h1>\n<p><span style=\"font-size: 12pt; color: #000000;\"><strong>Pig Moon celebrates Tet Holiday with <\/strong><strong><span class=\"S1PPyQ\">Pig Moon<\/span><span class=\"S1PPyQ\"> \u2013 the main character in the story <\/span><span class=\"S1PPyQ\">&#8220;Golden Buffalo and the Boy &#8211; The Magic of the Moon Light&#8221;<\/span><span class=\"S1PPyQ\">.<\/span><\/strong><\/span><\/p>\n<p><span style=\"color: #000000;\"><strong>CREATIVE <\/strong>with <\/span><span style=\"color: #000000;\">Sticker &#8220;Pig Moon celebrates Tet&#8221; include 6 little cute Pig Moon in the traditional dress &#8211; Ao Dai along with little decorative stickers that bring a joyful atmosphere of Vietnamese festivals containing many good wishes. <\/span><\/p>\n<p><span style=\"color: #000000;\">With the sticker, you can create beautiful cards, notebooks or can make familiar objects like laptops or phone cases more beautiful. In addition, through cute stickers, B\/S Art Studio hopes to help people understand more about Tet holiday in Vietnam and bring a little festive atmosphere, a little spring color to you.<\/span><\/p>\n<p><span style=\"color: #000000;\">Click<\/span> <strong><a href=\"https:\/\/bsartstudio.vn\/ja\/%e3%82%b4%e3%83%bc%e3%83%ab%e3%83%87%e3%83%b3%e3%83%bb%e3%83%90%e3%83%83%e3%83%95%e3%82%a1%e3%83%ad%e3%83%bc%e3%83%bb%e3%82%a2%e3%83%b3%e3%83%89%e3%83%bb%e3%82%b6%e3%83%bb%e3%83%9c%e3%83%bc%e3%82%a4\/\">Here<\/a><\/strong> <span style=\"color: #000000;\">to buy the book <strong>\u201cGolden Buffalo and the Boy \u2013 The Magic of the Moon Light\u201d<\/strong><\/span><\/p>\n<p><span style=\"color: #000000;\">Shopify store:<\/span> <a href=\"https:\/\/pigmoonstore.myshopify.com\/\">Pig Moon Store<\/a><\/p>\n<p data-pm-slice=\"1 1 []\"><span style=\"color: #000000;\">#bsartstudio #PigMoon #sticker_trang_tr\u00ed_T\u1ebft #nh\u00e3n_d\u00e1n_iphone #qu\u00e0_t\u1eb7ng #v\u0103n_h\u00f3a_Vi\u1ec7t #DIY<\/span><\/p>\n","protected":false},"excerpt":{"rendered":"<p><span style=\"color: #000000;\">+ Package includes: 1 sticker sheet (including 3 Pig Moon babies and more than 30 cute stickers)<\/span><br \/>\n<span style=\"color: #000000;\">+ Material: Plastic decal, high quality color printing, waterproof.<\/span><br \/>\n<span style=\"color: #000000;\">+ Size: A5 (each sticker is about 4cm &#8211; 5cm)<\/span><br \/>\n<span style=\"color: #000000;\">+ Use: can be pasted on any surface with different colors for decoration such as notebooks, books, phones, refrigerators, Ipad, computers&#8230;<\/span><\/p>\n","protected":false},"featured_media":5639,"template":"","meta":{"_et_pb_use_builder":"","_et_pb_old_content":"","_et_gb_content_width":""},"product_cat":[99,488,101],"product_tag":[459,587,578,588,579,495,589,580,586,497],"yoast_head":"<!-- This site is optimized with the Yoast SEO plugin v24.5 - https:\/\/yoast.com\/wordpress\/plugins\/seo\/ -->\n<title>Pig Moon celebrates Tet Holiday - Sticker New Year - B\/S Art Studio<\/title>\n<meta name=\"description\" content=\"Pig Moon celebrates Tet Holiday with 6 little cute Pig Moon in Ao Dai &amp; than 60 stickers with symbolic images, typical of Vietnamese Tet holiday.\" \/>\n<meta name=\"robots\" content=\"index, follow, max-snippet:-1, max-image-preview:large, max-video-preview:-1\" \/>\n<link rel=\"canonical\" href=\"https:\/\/bsartstudio.vn\/ja\/products\/pig-moon-celebrates-tet-holiday\/\" \/>\n<meta property=\"og:locale\" content=\"ja_JP\" \/>\n<meta property=\"og:type\" content=\"article\" \/>\n<meta property=\"og:title\" content=\"Pig Moon celebrates Tet Holiday - Sticker New Year - B\/S Art Studio\" \/>\n<meta property=\"og:description\" content=\"Pig Moon celebrates Tet Holiday with 6 little cute Pig Moon in Ao Dai &amp; than 60 stickers with symbolic images, typical of Vietnamese Tet holiday.\" \/>\n<meta property=\"og:url\" content=\"https:\/\/bsartstudio.vn\/ja\/products\/pig-moon-celebrates-tet-holiday\/\" \/>\n<meta property=\"og:site_name\" content=\"B\/S Art Studio\" \/>\n<meta property=\"article:modified_time\" content=\"2025-04-10T10:52:31+00:00\" \/>\n<meta property=\"og:image\" content=\"https:\/\/bsartstudio.vn\/wp-content\/uploads\/2023\/05\/Sticker-dan-2.jpg\" \/>\n\t<meta property=\"og:image:width\" content=\"2048\" \/>\n\t<meta property=\"og:image:height\" content=\"2048\" \/>\n\t<meta property=\"og:image:type\" content=\"image\/jpeg\" \/>\n<meta name=\"twitter:card\" content=\"summary_large_image\" \/>\n<meta name=\"twitter:label1\" content=\"\u63a8\u5b9a\u8aad\u307f\u53d6\u308a\u6642\u9593\" \/>\n\t<meta name=\"twitter:data1\" content=\"1\u5206\" \/>\n<script type=\"application\/ld+json\" class=\"yoast-schema-graph\">{\"@context\":\"https:\/\/schema.org\",\"@graph\":[{\"@type\":\"WebPage\",\"@id\":\"https:\/\/bsartstudio.vn\/ja\/products\/pig-moon-celebrates-tet-holiday\/\",\"url\":\"https:\/\/bsartstudio.vn\/ja\/products\/pig-moon-celebrates-tet-holiday\/\",\"name\":\"Pig Moon celebrates Tet Holiday - Sticker New Year - B\/S Art Studio\",\"isPartOf\":{\"@id\":\"https:\/\/bsartstudio.vn\/ja\/#website\"},\"primaryImageOfPage\":{\"@id\":\"https:\/\/bsartstudio.vn\/ja\/products\/pig-moon-celebrates-tet-holiday\/#primaryimage\"},\"image\":{\"@id\":\"https:\/\/bsartstudio.vn\/ja\/products\/pig-moon-celebrates-tet-holiday\/#primaryimage\"},\"thumbnailUrl\":\"https:\/\/bsartstudio.vn\/wp-content\/uploads\/2023\/05\/Sticker-dan-2.jpg\",\"datePublished\":\"2023-05-21T07:32:54+00:00\",\"dateModified\":\"2025-04-10T10:52:31+00:00\",\"description\":\"Pig Moon celebrates Tet Holiday with 6 little cute Pig Moon in Ao Dai & than 60 stickers with symbolic images, typical of Vietnamese Tet holiday.\",\"breadcrumb\":{\"@id\":\"https:\/\/bsartstudio.vn\/ja\/products\/pig-moon-celebrates-tet-holiday\/#breadcrumb\"},\"inLanguage\":\"ja\",\"potentialAction\":[{\"@type\":\"ReadAction\",\"target\":[\"https:\/\/bsartstudio.vn\/ja\/products\/pig-moon-celebrates-tet-holiday\/\"]}]},{\"@type\":\"ImageObject\",\"inLanguage\":\"ja\",\"@id\":\"https:\/\/bsartstudio.vn\/ja\/products\/pig-moon-celebrates-tet-holiday\/#primaryimage\",\"url\":\"https:\/\/bsartstudio.vn\/wp-content\/uploads\/2023\/05\/Sticker-dan-2.jpg\",\"contentUrl\":\"https:\/\/bsartstudio.vn\/wp-content\/uploads\/2023\/05\/Sticker-dan-2.jpg\",\"width\":2048,\"height\":2048,\"caption\":\"Pig Moon celebrates Tet Holiday\"},{\"@type\":\"BreadcrumbList\",\"@id\":\"https:\/\/bsartstudio.vn\/ja\/products\/pig-moon-celebrates-tet-holiday\/#breadcrumb\",\"itemListElement\":[{\"@type\":\"ListItem\",\"position\":1,\"name\":\"Home\",\"item\":\"https:\/\/bsartstudio.vn\/en\/\"},{\"@type\":\"ListItem\",\"position\":2,\"name\":\"Shop\",\"item\":\"https:\/\/bsartstudio.vn\/en\/shop\/\"},{\"@type\":\"ListItem\",\"position\":3,\"name\":\"Pig Moon celebrates Tet Holiday &#8211; Sticker New Year\"}]},{\"@type\":\"WebSite\",\"@id\":\"https:\/\/bsartstudio.vn\/ja\/#website\",\"url\":\"https:\/\/bsartstudio.vn\/ja\/\",\"name\":\"B\/S Art Studio\",\"description\":\"\",\"publisher\":{\"@id\":\"https:\/\/bsartstudio.vn\/ja\/#organization\"},\"potentialAction\":[{\"@type\":\"SearchAction\",\"target\":{\"@type\":\"EntryPoint\",\"urlTemplate\":\"https:\/\/bsartstudio.vn\/ja\/?s={search_term_string}\"},\"query-input\":{\"@type\":\"PropertyValueSpecification\",\"valueRequired\":true,\"valueName\":\"search_term_string\"}}],\"inLanguage\":\"ja\"},{\"@type\":\"Organization\",\"@id\":\"https:\/\/bsartstudio.vn\/ja\/#organization\",\"name\":\"B\/S Art Studio\",\"url\":\"https:\/\/bsartstudio.vn\/ja\/\",\"logo\":{\"@type\":\"ImageObject\",\"inLanguage\":\"ja\",\"@id\":\"https:\/\/bsartstudio.vn\/ja\/#\/schema\/logo\/image\/\",\"url\":\"https:\/\/bsartstudio.vn\/wp-content\/uploads\/2020\/03\/54526018_2272576089468053_1525084505319145472_n.jpg\",\"contentUrl\":\"https:\/\/bsartstudio.vn\/wp-content\/uploads\/2020\/03\/54526018_2272576089468053_1525084505319145472_n.jpg\",\"width\":958,\"height\":958,\"caption\":\"B\/S Art Studio\"},\"image\":{\"@id\":\"https:\/\/bsartstudio.vn\/ja\/#\/schema\/logo\/image\/\"}}]}<\/script>\n<!-- \/ Yoast SEO plugin. -->","yoast_head_json":{"title":"Pig Moon celebrates Tet Holiday - Sticker New Year - B\/S Art Studio","description":"Pig Moon celebrates Tet Holiday with 6 little cute Pig Moon in Ao Dai & than 60 stickers with symbolic images, typical of Vietnamese Tet holiday.","robots":{"index":"index","follow":"follow","max-snippet":"max-snippet:-1","max-image-preview":"max-image-preview:large","max-video-preview":"max-video-preview:-1"},"canonical":"https:\/\/bsartstudio.vn\/ja\/products\/pig-moon-celebrates-tet-holiday\/","og_locale":"ja_JP","og_type":"article","og_title":"Pig Moon celebrates Tet Holiday - Sticker New Year - B\/S Art Studio","og_description":"Pig Moon celebrates Tet Holiday with 6 little cute Pig Moon in Ao Dai & than 60 stickers with symbolic images, typical of Vietnamese Tet holiday.","og_url":"https:\/\/bsartstudio.vn\/ja\/products\/pig-moon-celebrates-tet-holiday\/","og_site_name":"B\/S Art Studio","article_modified_time":"2025-04-10T10:52:31+00:00","og_image":[{"width":2048,"height":2048,"url":"https:\/\/bsartstudio.vn\/wp-content\/uploads\/2023\/05\/Sticker-dan-2.jpg","type":"image\/jpeg"}],"twitter_card":"summary_large_image","twitter_misc":{"\u63a8\u5b9a\u8aad\u307f\u53d6\u308a\u6642\u9593":"1\u5206"},"schema":{"@context":"https:\/\/schema.org","@graph":[{"@type":"WebPage","@id":"https:\/\/bsartstudio.vn\/ja\/products\/pig-moon-celebrates-tet-holiday\/","url":"https:\/\/bsartstudio.vn\/ja\/products\/pig-moon-celebrates-tet-holiday\/","name":"Pig Moon celebrates Tet Holiday - Sticker New Year - B\/S Art Studio","isPartOf":{"@id":"https:\/\/bsartstudio.vn\/ja\/#website"},"primaryImageOfPage":{"@id":"https:\/\/bsartstudio.vn\/ja\/products\/pig-moon-celebrates-tet-holiday\/#primaryimage"},"image":{"@id":"https:\/\/bsartstudio.vn\/ja\/products\/pig-moon-celebrates-tet-holiday\/#primaryimage"},"thumbnailUrl":"https:\/\/bsartstudio.vn\/wp-content\/uploads\/2023\/05\/Sticker-dan-2.jpg","datePublished":"2023-05-21T07:32:54+00:00","dateModified":"2025-04-10T10:52:31+00:00","description":"Pig Moon celebrates Tet Holiday with 6 little cute Pig Moon in Ao Dai & than 60 stickers with symbolic images, typical of Vietnamese Tet holiday.","breadcrumb":{"@id":"https:\/\/bsartstudio.vn\/ja\/products\/pig-moon-celebrates-tet-holiday\/#breadcrumb"},"inLanguage":"ja","potentialAction":[{"@type":"ReadAction","target":["https:\/\/bsartstudio.vn\/ja\/products\/pig-moon-celebrates-tet-holiday\/"]}]},{"@type":"ImageObject","inLanguage":"ja","@id":"https:\/\/bsartstudio.vn\/ja\/products\/pig-moon-celebrates-tet-holiday\/#primaryimage","url":"https:\/\/bsartstudio.vn\/wp-content\/uploads\/2023\/05\/Sticker-dan-2.jpg","contentUrl":"https:\/\/bsartstudio.vn\/wp-content\/uploads\/2023\/05\/Sticker-dan-2.jpg","width":2048,"height":2048,"caption":"Pig Moon celebrates Tet Holiday"},{"@type":"BreadcrumbList","@id":"https:\/\/bsartstudio.vn\/ja\/products\/pig-moon-celebrates-tet-holiday\/#breadcrumb","itemListElement":[{"@type":"ListItem","position":1,"name":"Home","item":"https:\/\/bsartstudio.vn\/en\/"},{"@type":"ListItem","position":2,"name":"Shop","item":"https:\/\/bsartstudio.vn\/en\/shop\/"},{"@type":"ListItem","position":3,"name":"Pig Moon celebrates Tet Holiday &#8211; Sticker New Year"}]},{"@type":"WebSite","@id":"https:\/\/bsartstudio.vn\/ja\/#website","url":"https:\/\/bsartstudio.vn\/ja\/","name":"B\/S Art Studio","description":"","publisher":{"@id":"https:\/\/bsartstudio.vn\/ja\/#organization"},"potentialAction":[{"@type":"SearchAction","target":{"@type":"EntryPoint","urlTemplate":"https:\/\/bsartstudio.vn\/ja\/?s={search_term_string}"},"query-input":{"@type":"PropertyValueSpecification","valueRequired":true,"valueName":"search_term_string"}}],"inLanguage":"ja"},{"@type":"Organization","@id":"https:\/\/bsartstudio.vn\/ja\/#organization","name":"B\/S Art Studio","url":"https:\/\/bsartstudio.vn\/ja\/","logo":{"@type":"ImageObject","inLanguage":"ja","@id":"https:\/\/bsartstudio.vn\/ja\/#\/schema\/logo\/image\/","url":"https:\/\/bsartstudio.vn\/wp-content\/uploads\/2020\/03\/54526018_2272576089468053_1525084505319145472_n.jpg","contentUrl":"https:\/\/bsartstudio.vn\/wp-content\/uploads\/2020\/03\/54526018_2272576089468053_1525084505319145472_n.jpg","width":958,"height":958,"caption":"B\/S Art Studio"},"image":{"@id":"https:\/\/bsartstudio.vn\/ja\/#\/schema\/logo\/image\/"}}]}},"_links":{"self":[{"href":"https:\/\/bsartstudio.vn\/ja\/wp-json\/wp\/v2\/product\/9374"}],"collection":[{"href":"https:\/\/bsartstudio.vn\/ja\/wp-json\/wp\/v2\/product"}],"about":[{"href":"https:\/\/bsartstudio.vn\/ja\/wp-json\/wp\/v2\/types\/product"}],"wp:featuredmedia":[{"embeddable":true,"href":"https:\/\/bsartstudio.vn\/ja\/wp-json\/wp\/v2\/media\/5639"}],"wp:attachment":[{"href":"https:\/\/bsartstudio.vn\/ja\/wp-json\/wp\/v2\/media?parent=9374"}],"wp:term":[{"taxonomy":"product_cat","embeddable":true,"href":"https:\/\/bsartstudio.vn\/ja\/wp-json\/wp\/v2\/product_cat?post=9374"},{"taxonomy":"product_tag","embeddable":true,"href":"https:\/\/bsartstudio.vn\/ja\/wp-json\/wp\/v2\/product_tag?post=9374"}],"curies":[{"name":"wp","href":"https:\/\/api.w.org\/{rel}","templated":true}]}}