{"id":9303,"date":"2025-03-03T15:24:23","date_gmt":"2025-03-03T08:24:23","guid":{"rendered":"https:\/\/bsartstudio.vn\/products\/art-print-craftswoman-making-vietnamese-conical-hat-non-la-detailed-patterns-art-style\/"},"modified":"2025-12-29T16:19:40","modified_gmt":"2025-12-29T09:19:40","slug":"art-print-craftswoman-making-vietnamese-conical-hat-non-la-detailed-patterns-art-style","status":"publish","type":"product","link":"https:\/\/bsartstudio.vn\/ja\/products\/art-print-craftswoman-making-vietnamese-conical-hat-non-la-detailed-patterns-art-style\/","title":{"rendered":"Craftswoman making Vietnamese Conical Hat (Non La) &#8211; Art Print &#8211; Detailed Patterns Art Style"},"content":{"rendered":"<h1><span style=\"color: #000000; font-size: 18pt;\"><strong>Art Print &#8220;Craftswoman making Vietnamese Conical Hat (Non La)&#8221; &#8211; Detailed Patterns Art Style Collection<\/strong><\/span><\/h1>\n<p><span style=\"color: #000000;\">The artworks use the image of a skillful and delicate Vietnamese woman in traditional costume such as Ao Dai, Nhat Binh combined with Vietnamese patterns which represent traditional handicraft professions in Vietnam. <\/span><span style=\"color: #000000;\">Through the Craftswoman artworks, B\/S Art Studio hopes to introduce the \u201ctimeless values\u201d which is the knowledge and techniques will be preserved and developed.<\/span><\/p>\n<p><span style=\"color: #000000;\">This will be the bond between past and future making us to understand more about the past and also become a base for people to be better and head to the future.<\/span><\/p>\n<p><span style=\"color: #000000;\">This collection is drawn in a new style, combining the Vietnam traditional art style with modern style, the details in painting which shows how clever and skillful the craftswoman is.<\/span><\/p>\n<h2><span style=\"font-size: 14pt;\"><strong>Art Print &#8220;Craftswoman making Vietnamese Conical Hat (Non La)&#8221;<\/strong><\/span><\/h2>\n<p><span style=\"color: #000000;\">The Vietnamese Conical Hat (Non La) has a history of around 5,000 years.<\/span><\/p>\n<p><span style=\"color: #000000;\">According to legend, a goddess once descended from the sky during a great flood, wearing a giant hat made of large leaves stitched together with bamboo. Her hat shielded people from the rain and flood. Then, she taught them how to cultivate crops.<\/span><\/p>\n<p><span style=\"color: #000000;\">To honor her, a temple was built, and people began crafting similar hats using forest leaves and bamboo frames. To this day, Non La is still meticulously handcrafted by skilled artisans. More than just an essential item for farmers, it symbolizes the grace and soul of Vietnamese women and has become the Vietnamese cultural symbol.<\/span><\/p>\n<p><span style=\"color: #000000;\">Click <span style=\"color: #0000ff;\"><a style=\"color: #0000ff;\" href=\"https:\/\/bsartstudio.vn\/ja\/detailed-patterns-art-style-collection-craftswoman-and-religion-gods-in-vietnamese-traditional-culture\/\" target=\"_blank\" rel=\"noopener\">here<\/a> <\/span>for more information about Detailed Patterns Art Style Collection &#8220;Craftswoman and Religion Gods in Vietnamese Traditional Culture&#8221;<\/span><\/p>\n<p><span style=\"color: #000000;\">Click <span style=\"color: #0000ff;\"><a style=\"color: #0000ff;\" href=\"\/en?product_cat=\u30ed\u30a4\u30e4\u30eb\u30d1\u30bf\u30fc\u30f3\" target=\"_blank\" rel=\"noopener\">here<\/a><\/span> for buy all collections.<\/span><\/p>\n<p><span style=\"color: #000000;\">Please feel free to email us at: <span style=\"color: #0000ff;\">bsartstudioworkshop@gmail.com<\/span> for more details or to place an order. We\u2019re happy to assist you!<\/span><\/p>\n<p><span style=\"color: #000000;\">#gift #art #artprint #wallart #artsouvenir #painting #drawing #tranhintrangtr\u00ed #tranhinngh\u1ec7thu\u1eadt #detailedartstyle #Tranh_v\u1ebd #Tranh_in #tranh_trang_tr\u00ed #truy\u1ec1n_th\u1ed1ng #decor #trang_tr\u00ed_nh\u00e0 #v\u0103n_h\u00f3a_Vi\u1ec7t #qu\u00e0_t\u1eb7ng<\/span><\/p>\n","protected":false},"excerpt":{"rendered":"<p><span style=\"color: #000000;\">With cheerful colors and unique character designs, it will be a meaningful and unique gift for you to choose for your relatives and friends.<\/span><br \/>\n<span style=\"color: #000000;\">Unique decorative wall art print decor. Vietnamese Cultural Gifts.<\/span><\/p>\n<p><span style=\"color: #000000;\">Material: High quality printing on Art Paper<\/span><\/p>\n<p><span style=\"color: #000000;\">Frame: industrial wood frame + mica<\/span><\/p>\n<p><span style=\"color: #000000;\"><strong>Price WITHOUT FRAME<\/strong><\/span><\/p>\n<p><span style=\"color: #000000;\">Size: 42cm x 30cm: <strong>500.000 VND (20 $)<\/strong><\/span><\/p>\n<p><span style=\"color: #000000;\"><strong>Price<\/strong><strong> WITH FRAME<\/strong><\/span><\/p>\n<p><span style=\"color: #000000;\">Size: 45cm x 33cm: <strong>800.000 VND (32 $)<\/strong><\/span><\/p>\n<p><span style=\"color: #000000;\">Please feel free to email us at: <span style=\"color: #0000ff;\">bsartstudioworkshop@gmail.com<\/span> for choosing the sizes<\/span><\/p>\n","protected":false},"featured_media":9274,"template":"","meta":{"_et_pb_use_builder":"","_et_pb_old_content":"","_et_gb_content_width":""},"product_cat":[428,87,84],"product_tag":[492,460,493,494,291,496,294,497,498],"yoast_head":"<!-- This site is optimized with the Yoast SEO plugin v24.5 - https:\/\/yoast.com\/wordpress\/plugins\/seo\/ -->\n<title>Art Print Craftswoman making Vietnamese Conical Hat - B\/S Art Studio<\/title>\n<meta name=\"description\" content=\"The Art Print is a harmonious blend of intricate patterns, motifs, and symbols that represent traditional Vietnamese handcrafts.\" \/>\n<meta name=\"robots\" content=\"index, follow, max-snippet:-1, max-image-preview:large, max-video-preview:-1\" \/>\n<link rel=\"canonical\" href=\"https:\/\/bsartstudio.vn\/ja\/products\/art-print-craftswoman-making-vietnamese-conical-hat-non-la-detailed-patterns-art-style\/\" \/>\n<meta property=\"og:locale\" content=\"ja_JP\" \/>\n<meta property=\"og:type\" content=\"article\" \/>\n<meta property=\"og:title\" content=\"Art Print Craftswoman making Vietnamese Conical Hat - B\/S Art Studio\" \/>\n<meta property=\"og:description\" content=\"The Art Print is a harmonious blend of intricate patterns, motifs, and symbols that represent traditional Vietnamese handcrafts.\" \/>\n<meta property=\"og:url\" content=\"https:\/\/bsartstudio.vn\/ja\/products\/art-print-craftswoman-making-vietnamese-conical-hat-non-la-detailed-patterns-art-style\/\" \/>\n<meta property=\"og:site_name\" content=\"B\/S Art Studio\" \/>\n<meta property=\"article:modified_time\" content=\"2025-12-29T09:19:40+00:00\" \/>\n<meta property=\"og:image\" content=\"https:\/\/bsartstudio.vn\/wp-content\/uploads\/2025\/03\/Craftswoman-making-Vietnamese-Conical-Hat-2.jpg\" \/>\n\t<meta property=\"og:image:width\" content=\"1920\" \/>\n\t<meta property=\"og:image:height\" content=\"1920\" \/>\n\t<meta property=\"og:image:type\" content=\"image\/jpeg\" \/>\n<meta name=\"twitter:card\" content=\"summary_large_image\" \/>\n<meta name=\"twitter:label1\" content=\"\u63a8\u5b9a\u8aad\u307f\u53d6\u308a\u6642\u9593\" \/>\n\t<meta name=\"twitter:data1\" content=\"2\u5206\" \/>\n<script type=\"application\/ld+json\" class=\"yoast-schema-graph\">{\"@context\":\"https:\/\/schema.org\",\"@graph\":[{\"@type\":\"WebPage\",\"@id\":\"https:\/\/bsartstudio.vn\/ja\/products\/art-print-craftswoman-making-vietnamese-conical-hat-non-la-detailed-patterns-art-style\/\",\"url\":\"https:\/\/bsartstudio.vn\/ja\/products\/art-print-craftswoman-making-vietnamese-conical-hat-non-la-detailed-patterns-art-style\/\",\"name\":\"Art Print Craftswoman making Vietnamese Conical Hat - B\/S Art Studio\",\"isPartOf\":{\"@id\":\"https:\/\/bsartstudio.vn\/ja\/#website\"},\"primaryImageOfPage\":{\"@id\":\"https:\/\/bsartstudio.vn\/ja\/products\/art-print-craftswoman-making-vietnamese-conical-hat-non-la-detailed-patterns-art-style\/#primaryimage\"},\"image\":{\"@id\":\"https:\/\/bsartstudio.vn\/ja\/products\/art-print-craftswoman-making-vietnamese-conical-hat-non-la-detailed-patterns-art-style\/#primaryimage\"},\"thumbnailUrl\":\"https:\/\/bsartstudio.vn\/wp-content\/uploads\/2025\/03\/Craftswoman-making-Vietnamese-Conical-Hat-2.jpg\",\"datePublished\":\"2025-03-03T08:24:23+00:00\",\"dateModified\":\"2025-12-29T09:19:40+00:00\",\"description\":\"The Art Print is a harmonious blend of intricate patterns, motifs, and symbols that represent traditional Vietnamese handcrafts.\",\"breadcrumb\":{\"@id\":\"https:\/\/bsartstudio.vn\/ja\/products\/art-print-craftswoman-making-vietnamese-conical-hat-non-la-detailed-patterns-art-style\/#breadcrumb\"},\"inLanguage\":\"ja\",\"potentialAction\":[{\"@type\":\"ReadAction\",\"target\":[\"https:\/\/bsartstudio.vn\/ja\/products\/art-print-craftswoman-making-vietnamese-conical-hat-non-la-detailed-patterns-art-style\/\"]}]},{\"@type\":\"ImageObject\",\"inLanguage\":\"ja\",\"@id\":\"https:\/\/bsartstudio.vn\/ja\/products\/art-print-craftswoman-making-vietnamese-conical-hat-non-la-detailed-patterns-art-style\/#primaryimage\",\"url\":\"https:\/\/bsartstudio.vn\/wp-content\/uploads\/2025\/03\/Craftswoman-making-Vietnamese-Conical-Hat-2.jpg\",\"contentUrl\":\"https:\/\/bsartstudio.vn\/wp-content\/uploads\/2025\/03\/Craftswoman-making-Vietnamese-Conical-Hat-2.jpg\",\"width\":1920,\"height\":1920,\"caption\":\"Craftswoman making Vietnamese Conical Hat\"},{\"@type\":\"BreadcrumbList\",\"@id\":\"https:\/\/bsartstudio.vn\/ja\/products\/art-print-craftswoman-making-vietnamese-conical-hat-non-la-detailed-patterns-art-style\/#breadcrumb\",\"itemListElement\":[{\"@type\":\"ListItem\",\"position\":1,\"name\":\"Home\",\"item\":\"https:\/\/bsartstudio.vn\/en\/\"},{\"@type\":\"ListItem\",\"position\":2,\"name\":\"Shop\",\"item\":\"https:\/\/bsartstudio.vn\/en\/shop\/\"},{\"@type\":\"ListItem\",\"position\":3,\"name\":\"Craftswoman making Vietnamese Conical Hat (Non La) &#8211; Art Print &#8211; Detailed Patterns Art Style\"}]},{\"@type\":\"WebSite\",\"@id\":\"https:\/\/bsartstudio.vn\/ja\/#website\",\"url\":\"https:\/\/bsartstudio.vn\/ja\/\",\"name\":\"B\/S Art Studio\",\"description\":\"\",\"publisher\":{\"@id\":\"https:\/\/bsartstudio.vn\/ja\/#organization\"},\"potentialAction\":[{\"@type\":\"SearchAction\",\"target\":{\"@type\":\"EntryPoint\",\"urlTemplate\":\"https:\/\/bsartstudio.vn\/ja\/?s={search_term_string}\"},\"query-input\":{\"@type\":\"PropertyValueSpecification\",\"valueRequired\":true,\"valueName\":\"search_term_string\"}}],\"inLanguage\":\"ja\"},{\"@type\":\"Organization\",\"@id\":\"https:\/\/bsartstudio.vn\/ja\/#organization\",\"name\":\"B\/S Art Studio\",\"url\":\"https:\/\/bsartstudio.vn\/ja\/\",\"logo\":{\"@type\":\"ImageObject\",\"inLanguage\":\"ja\",\"@id\":\"https:\/\/bsartstudio.vn\/ja\/#\/schema\/logo\/image\/\",\"url\":\"https:\/\/bsartstudio.vn\/wp-content\/uploads\/2020\/03\/54526018_2272576089468053_1525084505319145472_n.jpg\",\"contentUrl\":\"https:\/\/bsartstudio.vn\/wp-content\/uploads\/2020\/03\/54526018_2272576089468053_1525084505319145472_n.jpg\",\"width\":958,\"height\":958,\"caption\":\"B\/S Art Studio\"},\"image\":{\"@id\":\"https:\/\/bsartstudio.vn\/ja\/#\/schema\/logo\/image\/\"}}]}<\/script>\n<!-- \/ Yoast SEO plugin. -->","yoast_head_json":{"title":"Art Print Craftswoman making Vietnamese Conical Hat - B\/S Art Studio","description":"The Art Print is a harmonious blend of intricate patterns, motifs, and symbols that represent traditional Vietnamese handcrafts.","robots":{"index":"index","follow":"follow","max-snippet":"max-snippet:-1","max-image-preview":"max-image-preview:large","max-video-preview":"max-video-preview:-1"},"canonical":"https:\/\/bsartstudio.vn\/ja\/products\/art-print-craftswoman-making-vietnamese-conical-hat-non-la-detailed-patterns-art-style\/","og_locale":"ja_JP","og_type":"article","og_title":"Art Print Craftswoman making Vietnamese Conical Hat - B\/S Art Studio","og_description":"The Art Print is a harmonious blend of intricate patterns, motifs, and symbols that represent traditional Vietnamese handcrafts.","og_url":"https:\/\/bsartstudio.vn\/ja\/products\/art-print-craftswoman-making-vietnamese-conical-hat-non-la-detailed-patterns-art-style\/","og_site_name":"B\/S Art Studio","article_modified_time":"2025-12-29T09:19:40+00:00","og_image":[{"width":1920,"height":1920,"url":"https:\/\/bsartstudio.vn\/wp-content\/uploads\/2025\/03\/Craftswoman-making-Vietnamese-Conical-Hat-2.jpg","type":"image\/jpeg"}],"twitter_card":"summary_large_image","twitter_misc":{"\u63a8\u5b9a\u8aad\u307f\u53d6\u308a\u6642\u9593":"2\u5206"},"schema":{"@context":"https:\/\/schema.org","@graph":[{"@type":"WebPage","@id":"https:\/\/bsartstudio.vn\/ja\/products\/art-print-craftswoman-making-vietnamese-conical-hat-non-la-detailed-patterns-art-style\/","url":"https:\/\/bsartstudio.vn\/ja\/products\/art-print-craftswoman-making-vietnamese-conical-hat-non-la-detailed-patterns-art-style\/","name":"Art Print Craftswoman making Vietnamese Conical Hat - B\/S Art Studio","isPartOf":{"@id":"https:\/\/bsartstudio.vn\/ja\/#website"},"primaryImageOfPage":{"@id":"https:\/\/bsartstudio.vn\/ja\/products\/art-print-craftswoman-making-vietnamese-conical-hat-non-la-detailed-patterns-art-style\/#primaryimage"},"image":{"@id":"https:\/\/bsartstudio.vn\/ja\/products\/art-print-craftswoman-making-vietnamese-conical-hat-non-la-detailed-patterns-art-style\/#primaryimage"},"thumbnailUrl":"https:\/\/bsartstudio.vn\/wp-content\/uploads\/2025\/03\/Craftswoman-making-Vietnamese-Conical-Hat-2.jpg","datePublished":"2025-03-03T08:24:23+00:00","dateModified":"2025-12-29T09:19:40+00:00","description":"The Art Print is a harmonious blend of intricate patterns, motifs, and symbols that represent traditional Vietnamese handcrafts.","breadcrumb":{"@id":"https:\/\/bsartstudio.vn\/ja\/products\/art-print-craftswoman-making-vietnamese-conical-hat-non-la-detailed-patterns-art-style\/#breadcrumb"},"inLanguage":"ja","potentialAction":[{"@type":"ReadAction","target":["https:\/\/bsartstudio.vn\/ja\/products\/art-print-craftswoman-making-vietnamese-conical-hat-non-la-detailed-patterns-art-style\/"]}]},{"@type":"ImageObject","inLanguage":"ja","@id":"https:\/\/bsartstudio.vn\/ja\/products\/art-print-craftswoman-making-vietnamese-conical-hat-non-la-detailed-patterns-art-style\/#primaryimage","url":"https:\/\/bsartstudio.vn\/wp-content\/uploads\/2025\/03\/Craftswoman-making-Vietnamese-Conical-Hat-2.jpg","contentUrl":"https:\/\/bsartstudio.vn\/wp-content\/uploads\/2025\/03\/Craftswoman-making-Vietnamese-Conical-Hat-2.jpg","width":1920,"height":1920,"caption":"Craftswoman making Vietnamese Conical Hat"},{"@type":"BreadcrumbList","@id":"https:\/\/bsartstudio.vn\/ja\/products\/art-print-craftswoman-making-vietnamese-conical-hat-non-la-detailed-patterns-art-style\/#breadcrumb","itemListElement":[{"@type":"ListItem","position":1,"name":"Home","item":"https:\/\/bsartstudio.vn\/en\/"},{"@type":"ListItem","position":2,"name":"Shop","item":"https:\/\/bsartstudio.vn\/en\/shop\/"},{"@type":"ListItem","position":3,"name":"Craftswoman making Vietnamese Conical Hat (Non La) &#8211; Art Print &#8211; Detailed Patterns Art Style"}]},{"@type":"WebSite","@id":"https:\/\/bsartstudio.vn\/ja\/#website","url":"https:\/\/bsartstudio.vn\/ja\/","name":"B\/S Art Studio","description":"","publisher":{"@id":"https:\/\/bsartstudio.vn\/ja\/#organization"},"potentialAction":[{"@type":"SearchAction","target":{"@type":"EntryPoint","urlTemplate":"https:\/\/bsartstudio.vn\/ja\/?s={search_term_string}"},"query-input":{"@type":"PropertyValueSpecification","valueRequired":true,"valueName":"search_term_string"}}],"inLanguage":"ja"},{"@type":"Organization","@id":"https:\/\/bsartstudio.vn\/ja\/#organization","name":"B\/S Art Studio","url":"https:\/\/bsartstudio.vn\/ja\/","logo":{"@type":"ImageObject","inLanguage":"ja","@id":"https:\/\/bsartstudio.vn\/ja\/#\/schema\/logo\/image\/","url":"https:\/\/bsartstudio.vn\/wp-content\/uploads\/2020\/03\/54526018_2272576089468053_1525084505319145472_n.jpg","contentUrl":"https:\/\/bsartstudio.vn\/wp-content\/uploads\/2020\/03\/54526018_2272576089468053_1525084505319145472_n.jpg","width":958,"height":958,"caption":"B\/S Art Studio"},"image":{"@id":"https:\/\/bsartstudio.vn\/ja\/#\/schema\/logo\/image\/"}}]}},"_links":{"self":[{"href":"https:\/\/bsartstudio.vn\/ja\/wp-json\/wp\/v2\/product\/9303"}],"collection":[{"href":"https:\/\/bsartstudio.vn\/ja\/wp-json\/wp\/v2\/product"}],"about":[{"href":"https:\/\/bsartstudio.vn\/ja\/wp-json\/wp\/v2\/types\/product"}],"wp:featuredmedia":[{"embeddable":true,"href":"https:\/\/bsartstudio.vn\/ja\/wp-json\/wp\/v2\/media\/9274"}],"wp:attachment":[{"href":"https:\/\/bsartstudio.vn\/ja\/wp-json\/wp\/v2\/media?parent=9303"}],"wp:term":[{"taxonomy":"product_cat","embeddable":true,"href":"https:\/\/bsartstudio.vn\/ja\/wp-json\/wp\/v2\/product_cat?post=9303"},{"taxonomy":"product_tag","embeddable":true,"href":"https:\/\/bsartstudio.vn\/ja\/wp-json\/wp\/v2\/product_tag?post=9303"}],"curies":[{"name":"wp","href":"https:\/\/api.w.org\/{rel}","templated":true}]}}