{"id":6199,"date":"2023-10-03T18:27:16","date_gmt":"2023-10-03T11:27:16","guid":{"rendered":"https:\/\/bsartstudio.vn\/the-moon-lady-and-three-magical-paddy-grains\/"},"modified":"2024-11-20T16:04:13","modified_gmt":"2024-11-20T09:04:13","slug":"the-moon-lady-and-three-magical-paddy-grains","status":"publish","type":"page","link":"https:\/\/bsartstudio.vn\/ja\/the-moon-lady-and-three-magical-paddy-grains\/","title":{"rendered":"\u30cd\u30ba\u30df\u5a18\u3068\u4e09\u7c92\u306e\u9b54\u6cd5\u306e\u7a2e\u7c7e"},"content":{"rendered":"<p>[et_pb_section fb_built=&#8221;1&#8243; admin_label=&#8221;Hero Section&#8221; _builder_version=&#8221;4.16&#8243; use_background_color_gradient=&#8221;on&#8221; background_color_gradient_direction=&#8221;120deg&#8221; background_color_gradient_stops=&#8221;rgba(0,0,0,0.7) 0%|rgba(0,0,0,0) 100%&#8221; background_color_gradient_start=&#8221;rgba(0,0,0,0.7)&#8221; background_image=&#8221;https:\/\/bsartstudio.vn\/wp-content\/uploads\/2020\/05\/Trang-b\u00eca-N\u00e0ng-Tr\u0103ng.jpg&#8221; background_position=&#8221;top_center&#8221; custom_padding=&#8221;10%||10%|&#8221; locked=&#8221;off&#8221; global_colors_info=&#8221;{}&#8221;][et_pb_row column_structure=&#8221;3_4,1_4&#8243; admin_label=&#8221;Hero Area&#8221; _builder_version=&#8221;4.17.4&#8243; global_colors_info=&#8221;{}&#8221;][et_pb_column type=&#8221;3_4&#8243; _builder_version=&#8221;4.16&#8243; custom_padding=&#8221;|||&#8221; global_colors_info=&#8221;{}&#8221; custom_padding__hover=&#8221;|||&#8221;][et_pb_text admin_label=&#8221;Title&#8221; _builder_version=&#8221;4.16&#8243; text_font=&#8221;||||||||&#8221; header_font=&#8221;Hind|600|||||||&#8221; header_font_size=&#8221;60px&#8221; header_line_height=&#8221;1.2em&#8221; header_2_font=&#8221;||||||||&#8221; animation_style=&#8221;fade&#8221; header_font_size_tablet=&#8221;&#8221; header_font_size_phone=&#8221;40px&#8221; header_font_size_last_edited=&#8221;on|phone&#8221; global_colors_info=&#8221;{}&#8221;]<\/p>\n<h1><strong>THE MOON LADY and THREE MAGICAL PADDY GRAINS<\/strong><\/h1>\n<p>[\/et_pb_text][\/et_pb_column][et_pb_column type=&#8221;1_4&#8243; _builder_version=&#8221;4.16&#8243; custom_padding=&#8221;|||&#8221; global_colors_info=&#8221;{}&#8221; custom_padding__hover=&#8221;|||&#8221;][\/et_pb_column][\/et_pb_row][\/et_pb_section][et_pb_section fb_built=&#8221;1&#8243; _builder_version=&#8221;4.17.4&#8243; background_color=&#8221;gcid-03e7d492-1479-4a11-9c85-e3f1246270c2&#8243; global_colors_info=&#8221;{%22gcid-03e7d492-1479-4a11-9c85-e3f1246270c2%22:%91%22background_color%22%93}&#8221;][et_pb_row column_structure=&#8221;1_2,1_2&#8243; make_equal=&#8221;on&#8221; _builder_version=&#8221;4.17.4&#8243; custom_margin=&#8221;||100px||false|false&#8221; global_colors_info=&#8221;{}&#8221;][et_pb_column type=&#8221;1_2&#8243; _builder_version=&#8221;4.17.4&#8243; global_colors_info=&#8221;{}&#8221;][et_pb_image src=&#8221;https:\/\/bsartstudio.vn\/wp-content\/uploads\/2023\/10\/02.jpg&#8221; title_text=&#8221;02&#8243; _builder_version=&#8221;4.17.4&#8243; global_colors_info=&#8221;{}&#8221;][\/et_pb_image][\/et_pb_column][et_pb_column type=&#8221;1_2&#8243; _builder_version=&#8221;4.17.4&#8243; global_colors_info=&#8221;{}&#8221;][et_pb_image src=&#8221;https:\/\/bsartstudio.vn\/wp-content\/uploads\/2023\/10\/03.jpg&#8221; title_text=&#8221;03&#8243; _builder_version=&#8221;4.17.4&#8243; global_colors_info=&#8221;{}&#8221;][\/et_pb_image][\/et_pb_column][\/et_pb_row][et_pb_row column_structure=&#8221;1_2,1_2&#8243; make_equal=&#8221;on&#8221; _builder_version=&#8221;4.17.4&#8243; custom_margin=&#8221;||100px||false|false&#8221; global_colors_info=&#8221;{}&#8221;][et_pb_column type=&#8221;1_2&#8243; _builder_version=&#8221;4.17.4&#8243; global_colors_info=&#8221;{}&#8221;][et_pb_image src=&#8221;https:\/\/bsartstudio.vn\/wp-content\/uploads\/2023\/10\/04.jpg&#8221; title_text=&#8221;04&#8243; _builder_version=&#8221;4.17.4&#8243; global_colors_info=&#8221;{}&#8221;][\/et_pb_image][\/et_pb_column][et_pb_column type=&#8221;1_2&#8243; _builder_version=&#8221;4.17.4&#8243; global_colors_info=&#8221;{}&#8221;][et_pb_image src=&#8221;https:\/\/bsartstudio.vn\/wp-content\/uploads\/2023\/10\/05.jpg&#8221; title_text=&#8221;05&#8243; _builder_version=&#8221;4.17.4&#8243; global_colors_info=&#8221;{}&#8221;][\/et_pb_image][\/et_pb_column][\/et_pb_row][et_pb_row column_structure=&#8221;1_2,1_2&#8243; make_equal=&#8221;on&#8221; _builder_version=&#8221;4.17.4&#8243; custom_margin=&#8221;||100px||false|false&#8221; global_colors_info=&#8221;{}&#8221;][et_pb_column type=&#8221;1_2&#8243; _builder_version=&#8221;4.17.4&#8243; global_colors_info=&#8221;{}&#8221;][et_pb_image src=&#8221;https:\/\/bsartstudio.vn\/wp-content\/uploads\/2023\/10\/06.jpg&#8221; title_text=&#8221;06&#8243; _builder_version=&#8221;4.17.4&#8243; global_colors_info=&#8221;{}&#8221;][\/et_pb_image][\/et_pb_column][et_pb_column type=&#8221;1_2&#8243; _builder_version=&#8221;4.17.4&#8243; global_colors_info=&#8221;{}&#8221;][et_pb_image src=&#8221;https:\/\/bsartstudio.vn\/wp-content\/uploads\/2023\/10\/07.jpg&#8221; title_text=&#8221;07&#8243; _builder_version=&#8221;4.17.4&#8243; global_colors_info=&#8221;{}&#8221;][\/et_pb_image][\/et_pb_column][\/et_pb_row][et_pb_row column_structure=&#8221;1_2,1_2&#8243; make_equal=&#8221;on&#8221; _builder_version=&#8221;4.17.4&#8243; custom_margin=&#8221;||100px||false|false&#8221; global_colors_info=&#8221;{}&#8221;][et_pb_column type=&#8221;1_2&#8243; _builder_version=&#8221;4.17.4&#8243; global_colors_info=&#8221;{}&#8221;][et_pb_image src=&#8221;https:\/\/bsartstudio.vn\/wp-content\/uploads\/2023\/10\/08.jpg&#8221; title_text=&#8221;08&#8243; _builder_version=&#8221;4.17.4&#8243; global_colors_info=&#8221;{}&#8221;][\/et_pb_image][\/et_pb_column][et_pb_column type=&#8221;1_2&#8243; _builder_version=&#8221;4.17.4&#8243; global_colors_info=&#8221;{}&#8221;][et_pb_image src=&#8221;https:\/\/bsartstudio.vn\/wp-content\/uploads\/2023\/10\/09.jpg&#8221; title_text=&#8221;09&#8243; _builder_version=&#8221;4.17.4&#8243; global_colors_info=&#8221;{}&#8221;][\/et_pb_image][\/et_pb_column][\/et_pb_row][\/et_pb_section][et_pb_section fb_built=&#8221;1&#8243; _builder_version=&#8221;4.17.4&#8243; _module_preset=&#8221;default&#8221; background_enable_color=&#8221;off&#8221; locked=&#8221;off&#8221; global_colors_info=&#8221;{}&#8221;][et_pb_row _builder_version=&#8221;4.16&#8243; _module_preset=&#8221;default&#8221; global_colors_info=&#8221;{}&#8221;][et_pb_column type=&#8221;4_4&#8243; _builder_version=&#8221;4.16&#8243; _module_preset=&#8221;default&#8221; global_colors_info=&#8221;{}&#8221;][et_pb_text _builder_version=&#8221;4.17.4&#8243; _module_preset=&#8221;default&#8221; custom_margin=&#8221;25px|-54px||||&#8221; global_colors_info=&#8221;{}&#8221;]<\/p>\n<p style=\"text-align: center;\">To enjoy the rest of the story, please buy the physical book.<\/p>\n<p>[\/et_pb_text][\/et_pb_column][\/et_pb_row][et_pb_row column_structure=&#8221;1_2,1_2&#8243; _builder_version=&#8221;4.17.4&#8243; _module_preset=&#8221;default&#8221; max_width=&#8221;900px&#8221; custom_margin=&#8221;0px||150px||false|false&#8221; custom_padding=&#8221;0px||0px||false|false&#8221; global_colors_info=&#8221;{}&#8221;][et_pb_column type=&#8221;1_2&#8243; _builder_version=&#8221;4.17.4&#8243; _module_preset=&#8221;default&#8221; global_colors_info=&#8221;{}&#8221;][et_pb_button button_url=&#8221;https:\/\/bsartstudio.vn\/en\/products\/book-the-moon-lady-and-three-magical-paddy-grains\/&#8221; button_text=&#8221;Buy the physical book&#8221; button_alignment=&#8221;center&#8221; _builder_version=&#8221;4.17.4&#8243; _module_preset=&#8221;default&#8221; custom_button=&#8221;on&#8221; button_bg_color=&#8221;#B7944E&#8221; button_border_width=&#8221;0px&#8221; button_font=&#8221;Hind||||||||&#8221; button_icon=&#8221;$||divi||400&#8243; custom_margin=&#8221;0px|40px||40px|false|false&#8221; custom_padding=&#8221;||||false|false&#8221; hover_enabled=&#8221;0&#8243; global_colors_info=&#8221;{}&#8221; sticky_enabled=&#8221;0&#8243;][\/et_pb_button][\/et_pb_column][et_pb_column type=&#8221;1_2&#8243; _builder_version=&#8221;4.17.4&#8243; _module_preset=&#8221;default&#8221; global_colors_info=&#8221;{}&#8221;][et_pb_button button_url=&#8221;https:\/\/www.amazon.com\/dp\/B0CPSVRDT2&#8243; button_text=&#8221;Buy the e-book on Amazon&#8221; _builder_version=&#8221;4.17.4&#8243; _module_preset=&#8221;default&#8221; custom_button=&#8221;on&#8221; button_bg_color=&#8221;#b7944e&#8221; global_colors_info=&#8221;{}&#8221;][\/et_pb_button][\/et_pb_column][\/et_pb_row][\/et_pb_section]<\/p>\n","protected":false},"excerpt":{"rendered":"<p>THE MOON LADY and THREE MAGICAL PADDY GRAINS To enjoy t [&hellip;]<\/p>\n","protected":false},"author":1,"featured_media":0,"parent":0,"menu_order":0,"comment_status":"closed","ping_status":"closed","template":"","meta":{"_et_pb_use_builder":"on","_et_pb_old_content":"","_et_gb_content_width":"","footnotes":""},"yoast_head":"<!-- This site is optimized with the Yoast SEO plugin v24.5 - https:\/\/yoast.com\/wordpress\/plugins\/seo\/ -->\n<title>\u30cd\u30ba\u30df\u5a18\u3068\u4e09\u7c92\u306e\u9b54\u6cd5\u306e\u7a2e\u7c7e - B\/S Art Studio<\/title>\n<meta name=\"robots\" content=\"index, follow, max-snippet:-1, max-image-preview:large, max-video-preview:-1\" \/>\n<link rel=\"canonical\" href=\"https:\/\/bsartstudio.vn\/ja\/the-moon-lady-and-three-magical-paddy-grains\/\" \/>\n<meta property=\"og:locale\" content=\"ja_JP\" \/>\n<meta property=\"og:type\" content=\"article\" \/>\n<meta property=\"og:title\" content=\"\u30cd\u30ba\u30df\u5a18\u3068\u4e09\u7c92\u306e\u9b54\u6cd5\u306e\u7a2e\u7c7e - B\/S Art Studio\" \/>\n<meta property=\"og:description\" content=\"THE MOON LADY and THREE MAGICAL PADDY GRAINS To enjoy t [&hellip;]\" \/>\n<meta property=\"og:url\" content=\"https:\/\/bsartstudio.vn\/ja\/the-moon-lady-and-three-magical-paddy-grains\/\" \/>\n<meta property=\"og:site_name\" content=\"B\/S Art Studio\" \/>\n<meta property=\"article:modified_time\" content=\"2024-11-20T09:04:13+00:00\" \/>\n<meta name=\"twitter:card\" content=\"summary_large_image\" \/>\n<meta name=\"twitter:label1\" content=\"\u63a8\u5b9a\u8aad\u307f\u53d6\u308a\u6642\u9593\" \/>\n\t<meta name=\"twitter:data1\" content=\"4\u5206\" \/>\n<script type=\"application\/ld+json\" class=\"yoast-schema-graph\">{\"@context\":\"https:\/\/schema.org\",\"@graph\":[{\"@type\":\"WebPage\",\"@id\":\"https:\/\/bsartstudio.vn\/ja\/the-moon-lady-and-three-magical-paddy-grains\/\",\"url\":\"https:\/\/bsartstudio.vn\/ja\/the-moon-lady-and-three-magical-paddy-grains\/\",\"name\":\"\u30cd\u30ba\u30df\u5a18\u3068\u4e09\u7c92\u306e\u9b54\u6cd5\u306e\u7a2e\u7c7e - B\/S Art Studio\",\"isPartOf\":{\"@id\":\"https:\/\/bsartstudio.vn\/ja\/#website\"},\"datePublished\":\"2023-10-03T11:27:16+00:00\",\"dateModified\":\"2024-11-20T09:04:13+00:00\",\"breadcrumb\":{\"@id\":\"https:\/\/bsartstudio.vn\/ja\/the-moon-lady-and-three-magical-paddy-grains\/#breadcrumb\"},\"inLanguage\":\"ja\",\"potentialAction\":[{\"@type\":\"ReadAction\",\"target\":[\"https:\/\/bsartstudio.vn\/ja\/the-moon-lady-and-three-magical-paddy-grains\/\"]}]},{\"@type\":\"BreadcrumbList\",\"@id\":\"https:\/\/bsartstudio.vn\/ja\/the-moon-lady-and-three-magical-paddy-grains\/#breadcrumb\",\"itemListElement\":[{\"@type\":\"ListItem\",\"position\":1,\"name\":\"Home\",\"item\":\"https:\/\/bsartstudio.vn\/en\/\"},{\"@type\":\"ListItem\",\"position\":2,\"name\":\"\u30cd\u30ba\u30df\u5a18\u3068\u4e09\u7c92\u306e\u9b54\u6cd5\u306e\u7a2e\u7c7e\"}]},{\"@type\":\"WebSite\",\"@id\":\"https:\/\/bsartstudio.vn\/ja\/#website\",\"url\":\"https:\/\/bsartstudio.vn\/ja\/\",\"name\":\"B\/S Art Studio\",\"description\":\"\",\"publisher\":{\"@id\":\"https:\/\/bsartstudio.vn\/ja\/#organization\"},\"potentialAction\":[{\"@type\":\"SearchAction\",\"target\":{\"@type\":\"EntryPoint\",\"urlTemplate\":\"https:\/\/bsartstudio.vn\/ja\/?s={search_term_string}\"},\"query-input\":{\"@type\":\"PropertyValueSpecification\",\"valueRequired\":true,\"valueName\":\"search_term_string\"}}],\"inLanguage\":\"ja\"},{\"@type\":\"Organization\",\"@id\":\"https:\/\/bsartstudio.vn\/ja\/#organization\",\"name\":\"B\/S Art Studio\",\"url\":\"https:\/\/bsartstudio.vn\/ja\/\",\"logo\":{\"@type\":\"ImageObject\",\"inLanguage\":\"ja\",\"@id\":\"https:\/\/bsartstudio.vn\/ja\/#\/schema\/logo\/image\/\",\"url\":\"https:\/\/bsartstudio.vn\/wp-content\/uploads\/2020\/03\/54526018_2272576089468053_1525084505319145472_n.jpg\",\"contentUrl\":\"https:\/\/bsartstudio.vn\/wp-content\/uploads\/2020\/03\/54526018_2272576089468053_1525084505319145472_n.jpg\",\"width\":958,\"height\":958,\"caption\":\"B\/S Art Studio\"},\"image\":{\"@id\":\"https:\/\/bsartstudio.vn\/ja\/#\/schema\/logo\/image\/\"}}]}<\/script>\n<!-- \/ Yoast SEO plugin. -->","yoast_head_json":{"title":"\u30cd\u30ba\u30df\u5a18\u3068\u4e09\u7c92\u306e\u9b54\u6cd5\u306e\u7a2e\u7c7e - B\/S Art Studio","robots":{"index":"index","follow":"follow","max-snippet":"max-snippet:-1","max-image-preview":"max-image-preview:large","max-video-preview":"max-video-preview:-1"},"canonical":"https:\/\/bsartstudio.vn\/ja\/the-moon-lady-and-three-magical-paddy-grains\/","og_locale":"ja_JP","og_type":"article","og_title":"\u30cd\u30ba\u30df\u5a18\u3068\u4e09\u7c92\u306e\u9b54\u6cd5\u306e\u7a2e\u7c7e - B\/S Art Studio","og_description":"THE MOON LADY and THREE MAGICAL PADDY GRAINS To enjoy t [&hellip;]","og_url":"https:\/\/bsartstudio.vn\/ja\/the-moon-lady-and-three-magical-paddy-grains\/","og_site_name":"B\/S Art Studio","article_modified_time":"2024-11-20T09:04:13+00:00","twitter_card":"summary_large_image","twitter_misc":{"\u63a8\u5b9a\u8aad\u307f\u53d6\u308a\u6642\u9593":"4\u5206"},"schema":{"@context":"https:\/\/schema.org","@graph":[{"@type":"WebPage","@id":"https:\/\/bsartstudio.vn\/ja\/the-moon-lady-and-three-magical-paddy-grains\/","url":"https:\/\/bsartstudio.vn\/ja\/the-moon-lady-and-three-magical-paddy-grains\/","name":"\u30cd\u30ba\u30df\u5a18\u3068\u4e09\u7c92\u306e\u9b54\u6cd5\u306e\u7a2e\u7c7e - B\/S Art Studio","isPartOf":{"@id":"https:\/\/bsartstudio.vn\/ja\/#website"},"datePublished":"2023-10-03T11:27:16+00:00","dateModified":"2024-11-20T09:04:13+00:00","breadcrumb":{"@id":"https:\/\/bsartstudio.vn\/ja\/the-moon-lady-and-three-magical-paddy-grains\/#breadcrumb"},"inLanguage":"ja","potentialAction":[{"@type":"ReadAction","target":["https:\/\/bsartstudio.vn\/ja\/the-moon-lady-and-three-magical-paddy-grains\/"]}]},{"@type":"BreadcrumbList","@id":"https:\/\/bsartstudio.vn\/ja\/the-moon-lady-and-three-magical-paddy-grains\/#breadcrumb","itemListElement":[{"@type":"ListItem","position":1,"name":"Home","item":"https:\/\/bsartstudio.vn\/en\/"},{"@type":"ListItem","position":2,"name":"\u30cd\u30ba\u30df\u5a18\u3068\u4e09\u7c92\u306e\u9b54\u6cd5\u306e\u7a2e\u7c7e"}]},{"@type":"WebSite","@id":"https:\/\/bsartstudio.vn\/ja\/#website","url":"https:\/\/bsartstudio.vn\/ja\/","name":"B\/S Art Studio","description":"","publisher":{"@id":"https:\/\/bsartstudio.vn\/ja\/#organization"},"potentialAction":[{"@type":"SearchAction","target":{"@type":"EntryPoint","urlTemplate":"https:\/\/bsartstudio.vn\/ja\/?s={search_term_string}"},"query-input":{"@type":"PropertyValueSpecification","valueRequired":true,"valueName":"search_term_string"}}],"inLanguage":"ja"},{"@type":"Organization","@id":"https:\/\/bsartstudio.vn\/ja\/#organization","name":"B\/S Art Studio","url":"https:\/\/bsartstudio.vn\/ja\/","logo":{"@type":"ImageObject","inLanguage":"ja","@id":"https:\/\/bsartstudio.vn\/ja\/#\/schema\/logo\/image\/","url":"https:\/\/bsartstudio.vn\/wp-content\/uploads\/2020\/03\/54526018_2272576089468053_1525084505319145472_n.jpg","contentUrl":"https:\/\/bsartstudio.vn\/wp-content\/uploads\/2020\/03\/54526018_2272576089468053_1525084505319145472_n.jpg","width":958,"height":958,"caption":"B\/S Art Studio"},"image":{"@id":"https:\/\/bsartstudio.vn\/ja\/#\/schema\/logo\/image\/"}}]}},"_links":{"self":[{"href":"https:\/\/bsartstudio.vn\/ja\/wp-json\/wp\/v2\/pages\/6199"}],"collection":[{"href":"https:\/\/bsartstudio.vn\/ja\/wp-json\/wp\/v2\/pages"}],"about":[{"href":"https:\/\/bsartstudio.vn\/ja\/wp-json\/wp\/v2\/types\/page"}],"author":[{"embeddable":true,"href":"https:\/\/bsartstudio.vn\/ja\/wp-json\/wp\/v2\/users\/1"}],"replies":[{"embeddable":true,"href":"https:\/\/bsartstudio.vn\/ja\/wp-json\/wp\/v2\/comments?post=6199"}],"version-history":[{"count":6,"href":"https:\/\/bsartstudio.vn\/ja\/wp-json\/wp\/v2\/pages\/6199\/revisions"}],"predecessor-version":[{"id":8192,"href":"https:\/\/bsartstudio.vn\/ja\/wp-json\/wp\/v2\/pages\/6199\/revisions\/8192"}],"wp:attachment":[{"href":"https:\/\/bsartstudio.vn\/ja\/wp-json\/wp\/v2\/media?parent=6199"}],"curies":[{"name":"wp","href":"https:\/\/api.w.org\/{rel}","templated":true}]}}