{"id":9232,"date":"2025-02-23T15:21:23","date_gmt":"2025-02-23T08:21:23","guid":{"rendered":"https:\/\/bsartstudio.vn\/?post_type=product&#038;p=9232"},"modified":"2025-04-10T13:51:56","modified_gmt":"2025-04-10T06:51:56","slug":"the-mother-moonlight-art-print-wall-art-decor","status":"publish","type":"product","link":"https:\/\/bsartstudio.vn\/en\/products\/the-mother-moonlight-art-print-wall-art-decor\/","title":{"rendered":"The Mother&#8217;s Moonlight &#8211; Art Print &#8211; Wall Art Decor"},"content":{"rendered":"<div class=\"et_pb_tab clearfix et_pb_active_content et-pb-active-slide\">\n<div class=\"et_pb_tab_content\">\n<h1><span style=\"font-size: 18pt;\"><strong>Wall Art Print <\/strong><\/span><span style=\"color: #000000;\"><strong><span style=\"font-size: 18pt;\">\u201cThe Mother&#8217;s Moonlight\u201d<\/span><br \/>\n<\/strong><\/span><\/h1>\n<p><span style=\"color: #000000;\"><b>\u201c<strong>The Mother&#8217;s Moonlight<\/strong>\u201d &#8211; <strong>The Silent Beauty &amp; Grace of \u00a0Women <\/strong> Around the World.<\/b><\/span><\/p>\n<p><span class=\"HwtZe\" lang=\"en\" style=\"color: #000000;\"><span class=\"jCAhz ChMk0b\"><span class=\"ryNqvb\"><b><strong>The Silent Beauty &amp; Grace of Women <\/strong> Around the World <\/b>collection features five deeply emotional artworks portraying <strong data-start=\"143\" data-end=\"154\">Ms. D\u1eadu<\/strong> \u2013 a symbol of sacrifice, resilience, and kindness. This collection not only honors the hardworking Vietnamese women who devote themselves to their families but also reflects the universal beauty of women worldwide\u2014those who quietly endure hardships while always putting their loved ones first.<\/span><\/span><\/span><\/p>\n<h2><span style=\"color: #0000ff; font-size: 14pt;\">Wall Art Print <strong>\u201cMs. D\u1eadu In The Midnight\u201d<\/strong> is one of this series, B\/S Art Studio aim to convey the following messages and meanings:<\/span><\/h2>\n<p><span style=\"color: #000000;\">The stork shields her baby storks from sun and rain,<\/span><\/p>\n<p><span style=\"color: #000000;\">My mother endures the hardships of all four seasons\u2014heat, cold, wind, and dew\u2014to care for her family.<\/span><\/p>\n<p><span style=\"color: #000000;\">In the stillness of the night, as her children sleep peacefully, Chi D\u1eadu sits sewing under the crescent moon. A fleeting moment for herself, where she allows her mind to wander toward unspoken dreams\u2014dreams that must be set aside as dawn brings another day of toil and sacrifice..<\/span><\/p>\n<p><span style=\"color: #000000;\"><strong>The message behind this collection:<\/strong><\/span><br \/>\n<span style=\"color: #000000;\">Cherish and appreciate the women in your life\u2014their sacrifices often go unnoticed, but they are the silent pillars of love and strength. <strong>Behind every strong woman, no matter how unwavering she appears, there are quiet moments filled with unfulfilled dreams and silent hopes.<\/strong><\/span><\/p>\n<p><span style=\"color: #000000;\">Click <span style=\"color: #0000ff;\"><a style=\"color: #0000ff;\" href=\"https:\/\/www.instagram.com\/bs_artstudio\/\" target=\"_blank\" rel=\"noopener\">here<\/a><\/span> to see all collections.<\/span><\/p>\n<p><span style=\"color: #000000;\">Click <span style=\"color: #0000ff;\"><a style=\"color: #0000ff;\" href=\"https:\/\/bsartstudio.vn\/en\/products-category\/artwork\/the-silent-grace-of-women-artwork\/\" target=\"_blank\" rel=\"noopener\">here<\/a><\/span> for buy all collections.<\/span><\/p>\n<p><span style=\"color: #000000;\">Please feel free to email us at: <span style=\"color: #0000ff;\">bsartstudioworkshop@gmail.com<\/span> for more details or to place an order. We\u2019re happy to assist you!<\/span><\/p>\n<p><span style=\"color: #000000;\">#gift #art #artprint #wallart #artsouvenir #painting #drawing #tranhintrangtr\u00ed #tranhinngh\u1ec7thu\u1eadt #beautywomen #Tranh_v\u1ebd #Tranh_in #tranh_trang_tr\u00ed #truy\u1ec1n_th\u1ed1ng #decor #trang_tr\u00ed_nh\u00e0 #v\u0103n_h\u00f3a_Vi\u1ec7t #qu\u00e0_t\u1eb7ng #MsDaupainting<\/span><\/p>\n<\/div>\n<\/div>\n","protected":false},"excerpt":{"rendered":"<p><span style=\"color: #000000;\">With cheerful colors and unique character designs, it will be a meaningful and unique gift for you to choose for your relatives and friends.<\/span><br \/>\n<span style=\"color: #000000;\">Unique decorative wall art print decor. Vietnamese Cultural Gifts.<\/span><\/p>\n<p><span style=\"color: #000000;\">Material: High quality printing on Art Paper<\/span><\/p>\n<p><span style=\"color: #000000;\">Frame: industrial wood frame + mica<\/span><\/p>\n<p><span style=\"color: #000000;\"><strong>Price WITHOUT FRAME<\/strong><\/span><\/p>\n<p><span style=\"color: #000000;\">Size: 42cm x 30cm: <strong>450.000 VND (20 $)<\/strong><\/span><\/p>\n<p><span style=\"color: #000000;\"><strong>Price<\/strong><strong> WITH FRAME<\/strong><\/span><\/p>\n<p><span style=\"color: #000000;\">Size: 45cm x 33cm: <strong>750.000 VND (32 $)<\/strong><\/span><\/p>\n<p><span style=\"color: #000000;\">Please feel free to email us at: <span style=\"color: #0000ff;\">bsartstudioworkshop@gmail.com<\/span> for choosing the sizes<\/span><\/p>\n<p>&nbsp;<\/p>\n","protected":false},"featured_media":9217,"template":"","meta":{"_et_pb_use_builder":"","_et_pb_old_content":"","_et_gb_content_width":""},"product_cat":[17,284,427],"product_tag":[447,167,449,448,164,217,201,234,216,149],"yoast_head":"<!-- This site is optimized with the Yoast SEO plugin v24.5 - https:\/\/yoast.com\/wordpress\/plugins\/seo\/ -->\n<title>Wall Art Print &quot;The Mother&#039;s Moonlight&quot; - Wall Decor - Wall Art | B\/S Art Studio<\/title>\n<meta name=\"description\" content=\"Wall Art Print with cheerful colors and unique character designs, it will be a meaningful and unique gift for you to choose for your relatives and friends.\" \/>\n<meta name=\"robots\" content=\"index, follow, max-snippet:-1, max-image-preview:large, max-video-preview:-1\" \/>\n<link rel=\"canonical\" href=\"https:\/\/bsartstudio.vn\/en\/products\/the-mother-moonlight-art-print-wall-art-decor\/\" \/>\n<meta property=\"og:locale\" content=\"en_US\" \/>\n<meta property=\"og:type\" content=\"article\" \/>\n<meta property=\"og:title\" content=\"Wall Art Print &quot;The Mother&#039;s Moonlight&quot; - Wall Decor - Wall Art | B\/S Art Studio\" \/>\n<meta property=\"og:description\" content=\"Wall Art Print with cheerful colors and unique character designs, it will be a meaningful and unique gift for you to choose for your relatives and friends.\" \/>\n<meta property=\"og:url\" content=\"https:\/\/bsartstudio.vn\/en\/products\/the-mother-moonlight-art-print-wall-art-decor\/\" \/>\n<meta property=\"og:site_name\" content=\"B\/S Art Studio\" \/>\n<meta property=\"article:modified_time\" content=\"2025-04-10T06:51:56+00:00\" \/>\n<meta property=\"og:image\" content=\"https:\/\/bsartstudio.vn\/wp-content\/uploads\/2025\/02\/The-Mothers-Moonlight-S-1.jpg\" \/>\n\t<meta property=\"og:image:width\" content=\"1920\" \/>\n\t<meta property=\"og:image:height\" content=\"1920\" \/>\n\t<meta property=\"og:image:type\" content=\"image\/jpeg\" \/>\n<meta name=\"twitter:card\" content=\"summary_large_image\" \/>\n<meta name=\"twitter:label1\" content=\"Est. reading time\" \/>\n\t<meta name=\"twitter:data1\" content=\"2 minutes\" \/>\n<script type=\"application\/ld+json\" class=\"yoast-schema-graph\">{\"@context\":\"https:\/\/schema.org\",\"@graph\":[{\"@type\":\"WebPage\",\"@id\":\"https:\/\/bsartstudio.vn\/en\/products\/the-mother-moonlight-art-print-wall-art-decor\/\",\"url\":\"https:\/\/bsartstudio.vn\/en\/products\/the-mother-moonlight-art-print-wall-art-decor\/\",\"name\":\"Wall Art Print \\\"The Mother's Moonlight\\\" - Wall Decor - Wall Art | B\/S Art Studio\",\"isPartOf\":{\"@id\":\"https:\/\/bsartstudio.vn\/ja\/#website\"},\"primaryImageOfPage\":{\"@id\":\"https:\/\/bsartstudio.vn\/en\/products\/the-mother-moonlight-art-print-wall-art-decor\/#primaryimage\"},\"image\":{\"@id\":\"https:\/\/bsartstudio.vn\/en\/products\/the-mother-moonlight-art-print-wall-art-decor\/#primaryimage\"},\"thumbnailUrl\":\"https:\/\/bsartstudio.vn\/wp-content\/uploads\/2025\/02\/The-Mothers-Moonlight-S-1.jpg\",\"datePublished\":\"2025-02-23T08:21:23+00:00\",\"dateModified\":\"2025-04-10T06:51:56+00:00\",\"description\":\"Wall Art Print with cheerful colors and unique character designs, it will be a meaningful and unique gift for you to choose for your relatives and friends.\",\"breadcrumb\":{\"@id\":\"https:\/\/bsartstudio.vn\/en\/products\/the-mother-moonlight-art-print-wall-art-decor\/#breadcrumb\"},\"inLanguage\":\"en-US\",\"potentialAction\":[{\"@type\":\"ReadAction\",\"target\":[\"https:\/\/bsartstudio.vn\/en\/products\/the-mother-moonlight-art-print-wall-art-decor\/\"]}]},{\"@type\":\"ImageObject\",\"inLanguage\":\"en-US\",\"@id\":\"https:\/\/bsartstudio.vn\/en\/products\/the-mother-moonlight-art-print-wall-art-decor\/#primaryimage\",\"url\":\"https:\/\/bsartstudio.vn\/wp-content\/uploads\/2025\/02\/The-Mothers-Moonlight-S-1.jpg\",\"contentUrl\":\"https:\/\/bsartstudio.vn\/wp-content\/uploads\/2025\/02\/The-Mothers-Moonlight-S-1.jpg\",\"width\":1920,\"height\":1920,\"caption\":\"The Mother's Moonlight - Silent Beauty & Grace of Women\"},{\"@type\":\"BreadcrumbList\",\"@id\":\"https:\/\/bsartstudio.vn\/en\/products\/the-mother-moonlight-art-print-wall-art-decor\/#breadcrumb\",\"itemListElement\":[{\"@type\":\"ListItem\",\"position\":1,\"name\":\"Home\",\"item\":\"https:\/\/bsartstudio.vn\/en\/\"},{\"@type\":\"ListItem\",\"position\":2,\"name\":\"Shop\",\"item\":\"https:\/\/bsartstudio.vn\/en\/shop\/\"},{\"@type\":\"ListItem\",\"position\":3,\"name\":\"The Mother&#8217;s Moonlight &#8211; Art Print &#8211; Wall Art Decor\"}]},{\"@type\":\"WebSite\",\"@id\":\"https:\/\/bsartstudio.vn\/ja\/#website\",\"url\":\"https:\/\/bsartstudio.vn\/ja\/\",\"name\":\"B\/S Art Studio\",\"description\":\"\",\"publisher\":{\"@id\":\"https:\/\/bsartstudio.vn\/ja\/#organization\"},\"potentialAction\":[{\"@type\":\"SearchAction\",\"target\":{\"@type\":\"EntryPoint\",\"urlTemplate\":\"https:\/\/bsartstudio.vn\/ja\/?s={search_term_string}\"},\"query-input\":{\"@type\":\"PropertyValueSpecification\",\"valueRequired\":true,\"valueName\":\"search_term_string\"}}],\"inLanguage\":\"en-US\"},{\"@type\":\"Organization\",\"@id\":\"https:\/\/bsartstudio.vn\/ja\/#organization\",\"name\":\"B\/S Art Studio\",\"url\":\"https:\/\/bsartstudio.vn\/ja\/\",\"logo\":{\"@type\":\"ImageObject\",\"inLanguage\":\"en-US\",\"@id\":\"https:\/\/bsartstudio.vn\/ja\/#\/schema\/logo\/image\/\",\"url\":\"https:\/\/bsartstudio.vn\/wp-content\/uploads\/2020\/03\/54526018_2272576089468053_1525084505319145472_n.jpg\",\"contentUrl\":\"https:\/\/bsartstudio.vn\/wp-content\/uploads\/2020\/03\/54526018_2272576089468053_1525084505319145472_n.jpg\",\"width\":958,\"height\":958,\"caption\":\"B\/S Art Studio\"},\"image\":{\"@id\":\"https:\/\/bsartstudio.vn\/ja\/#\/schema\/logo\/image\/\"}}]}<\/script>\n<!-- \/ Yoast SEO plugin. -->","yoast_head_json":{"title":"Wall Art Print \"The Mother's Moonlight\" - Wall Decor - Wall Art | B\/S Art Studio","description":"Wall Art Print with cheerful colors and unique character designs, it will be a meaningful and unique gift for you to choose for your relatives and friends.","robots":{"index":"index","follow":"follow","max-snippet":"max-snippet:-1","max-image-preview":"max-image-preview:large","max-video-preview":"max-video-preview:-1"},"canonical":"https:\/\/bsartstudio.vn\/en\/products\/the-mother-moonlight-art-print-wall-art-decor\/","og_locale":"en_US","og_type":"article","og_title":"Wall Art Print \"The Mother's Moonlight\" - Wall Decor - Wall Art | B\/S Art Studio","og_description":"Wall Art Print with cheerful colors and unique character designs, it will be a meaningful and unique gift for you to choose for your relatives and friends.","og_url":"https:\/\/bsartstudio.vn\/en\/products\/the-mother-moonlight-art-print-wall-art-decor\/","og_site_name":"B\/S Art Studio","article_modified_time":"2025-04-10T06:51:56+00:00","og_image":[{"width":1920,"height":1920,"url":"https:\/\/bsartstudio.vn\/wp-content\/uploads\/2025\/02\/The-Mothers-Moonlight-S-1.jpg","type":"image\/jpeg"}],"twitter_card":"summary_large_image","twitter_misc":{"Est. reading time":"2 minutes"},"schema":{"@context":"https:\/\/schema.org","@graph":[{"@type":"WebPage","@id":"https:\/\/bsartstudio.vn\/en\/products\/the-mother-moonlight-art-print-wall-art-decor\/","url":"https:\/\/bsartstudio.vn\/en\/products\/the-mother-moonlight-art-print-wall-art-decor\/","name":"Wall Art Print \"The Mother's Moonlight\" - Wall Decor - Wall Art | B\/S Art Studio","isPartOf":{"@id":"https:\/\/bsartstudio.vn\/ja\/#website"},"primaryImageOfPage":{"@id":"https:\/\/bsartstudio.vn\/en\/products\/the-mother-moonlight-art-print-wall-art-decor\/#primaryimage"},"image":{"@id":"https:\/\/bsartstudio.vn\/en\/products\/the-mother-moonlight-art-print-wall-art-decor\/#primaryimage"},"thumbnailUrl":"https:\/\/bsartstudio.vn\/wp-content\/uploads\/2025\/02\/The-Mothers-Moonlight-S-1.jpg","datePublished":"2025-02-23T08:21:23+00:00","dateModified":"2025-04-10T06:51:56+00:00","description":"Wall Art Print with cheerful colors and unique character designs, it will be a meaningful and unique gift for you to choose for your relatives and friends.","breadcrumb":{"@id":"https:\/\/bsartstudio.vn\/en\/products\/the-mother-moonlight-art-print-wall-art-decor\/#breadcrumb"},"inLanguage":"en-US","potentialAction":[{"@type":"ReadAction","target":["https:\/\/bsartstudio.vn\/en\/products\/the-mother-moonlight-art-print-wall-art-decor\/"]}]},{"@type":"ImageObject","inLanguage":"en-US","@id":"https:\/\/bsartstudio.vn\/en\/products\/the-mother-moonlight-art-print-wall-art-decor\/#primaryimage","url":"https:\/\/bsartstudio.vn\/wp-content\/uploads\/2025\/02\/The-Mothers-Moonlight-S-1.jpg","contentUrl":"https:\/\/bsartstudio.vn\/wp-content\/uploads\/2025\/02\/The-Mothers-Moonlight-S-1.jpg","width":1920,"height":1920,"caption":"The Mother's Moonlight - Silent Beauty & Grace of Women"},{"@type":"BreadcrumbList","@id":"https:\/\/bsartstudio.vn\/en\/products\/the-mother-moonlight-art-print-wall-art-decor\/#breadcrumb","itemListElement":[{"@type":"ListItem","position":1,"name":"Home","item":"https:\/\/bsartstudio.vn\/en\/"},{"@type":"ListItem","position":2,"name":"Shop","item":"https:\/\/bsartstudio.vn\/en\/shop\/"},{"@type":"ListItem","position":3,"name":"The Mother&#8217;s Moonlight &#8211; Art Print &#8211; Wall Art Decor"}]},{"@type":"WebSite","@id":"https:\/\/bsartstudio.vn\/ja\/#website","url":"https:\/\/bsartstudio.vn\/ja\/","name":"B\/S Art Studio","description":"","publisher":{"@id":"https:\/\/bsartstudio.vn\/ja\/#organization"},"potentialAction":[{"@type":"SearchAction","target":{"@type":"EntryPoint","urlTemplate":"https:\/\/bsartstudio.vn\/ja\/?s={search_term_string}"},"query-input":{"@type":"PropertyValueSpecification","valueRequired":true,"valueName":"search_term_string"}}],"inLanguage":"en-US"},{"@type":"Organization","@id":"https:\/\/bsartstudio.vn\/ja\/#organization","name":"B\/S Art Studio","url":"https:\/\/bsartstudio.vn\/ja\/","logo":{"@type":"ImageObject","inLanguage":"en-US","@id":"https:\/\/bsartstudio.vn\/ja\/#\/schema\/logo\/image\/","url":"https:\/\/bsartstudio.vn\/wp-content\/uploads\/2020\/03\/54526018_2272576089468053_1525084505319145472_n.jpg","contentUrl":"https:\/\/bsartstudio.vn\/wp-content\/uploads\/2020\/03\/54526018_2272576089468053_1525084505319145472_n.jpg","width":958,"height":958,"caption":"B\/S Art Studio"},"image":{"@id":"https:\/\/bsartstudio.vn\/ja\/#\/schema\/logo\/image\/"}}]}},"_links":{"self":[{"href":"https:\/\/bsartstudio.vn\/en\/wp-json\/wp\/v2\/product\/9232"}],"collection":[{"href":"https:\/\/bsartstudio.vn\/en\/wp-json\/wp\/v2\/product"}],"about":[{"href":"https:\/\/bsartstudio.vn\/en\/wp-json\/wp\/v2\/types\/product"}],"wp:featuredmedia":[{"embeddable":true,"href":"https:\/\/bsartstudio.vn\/en\/wp-json\/wp\/v2\/media\/9217"}],"wp:attachment":[{"href":"https:\/\/bsartstudio.vn\/en\/wp-json\/wp\/v2\/media?parent=9232"}],"wp:term":[{"taxonomy":"product_cat","embeddable":true,"href":"https:\/\/bsartstudio.vn\/en\/wp-json\/wp\/v2\/product_cat?post=9232"},{"taxonomy":"product_tag","embeddable":true,"href":"https:\/\/bsartstudio.vn\/en\/wp-json\/wp\/v2\/product_tag?post=9232"}],"curies":[{"name":"wp","href":"https:\/\/api.w.org\/{rel}","templated":true}]}}