{"id":8619,"date":"2025-01-14T19:22:04","date_gmt":"2025-01-14T12:22:04","guid":{"rendered":"https:\/\/bsartstudio.vn\/?post_type=product&#038;p=8619"},"modified":"2025-04-10T14:14:22","modified_gmt":"2025-04-10T07:14:22","slug":"snake-peaceful-art-print-zodiac-animal-copy","status":"publish","type":"product","link":"https:\/\/bsartstudio.vn\/en\/products\/snake-peaceful-art-print-zodiac-animal-copy\/","title":{"rendered":"SNAKE Peaceful &#8211; Art Print &#8211; Zodiac Animal"},"content":{"rendered":"<h1><strong><span style=\"font-size: 18pt; color: #0000ff;\">&#8220;Snake &#8211; Peaceful&#8221; Art Print &#8211; Zodiac Animal<\/span><\/strong><\/h1>\n<p><span style=\"color: #000000;\"><strong>&#8220;Snake &#8211; Peaceful&#8221; &#8211; Zodiac Animal is the main character for the year of the Snake 2025.<br \/>\n<\/strong><\/span><\/p>\n<p><span style=\"color: #000000;\">Dong ho is a traditional Vietnam folk art.This art style has existed for 1000 years.<\/span><br \/>\n<span style=\"color: #000000;\">Dong Ho art have had a long historical value and affect on the spiritual life of Vietnamese so it has been listed in the \u201cNational Intangible Cultural Heritage\u201d.<\/span><br \/>\n<span style=\"color: #000000;\">With the love for Vietnamese culture, art, and desire to preserve its traditional value, B\/S Art Studio has combined their own characteristics of Dong Ho art with a modern art style known as Doodle Art, creating a new style of \u0110\u00f4ng H\u1ed3 Art.<\/span><br \/>\n<span style=\"color: #000000;\">Every year, B\/S Art Studio creates new works based on the year&#8217;s zodiac animal in the new Dong Ho style and applies them to many art products.<\/span><\/p>\n<h2><span style=\"font-size: 14pt;\"><strong>&#8220;Snake &#8211; Peaceful&#8221; &#8211; Zodiac Animal<\/strong><\/span><\/h2>\n<p><span style=\"color: #000000;\">Once upon a time, there was a celestial maiden learning to embroider.<\/span><br \/>\n<span style=\"color: #000000;\">Being young and playful, she skipped her lessons and ran to the land of shooting stars to play with the stars.<\/span><br \/>\n<span style=\"color: #000000;\">Suddenly, a shooting star fell and cut her embroidery thread.<\/span><br \/>\n<span style=\"color: #000000;\">The thread dropped to the human world, and from that moment, it turned into a cute little Snake.<\/span><\/p>\n<p><span style=\"color: #000000;\">The Snake&#8217;s name is Net Na, inspired by the story of the &#8216;thread,&#8217; symbolizing connection and unity, and conveying wishes for a happy and peaceful New Year.<\/span><\/p>\n<p><span style=\"color: #000000;\">Please Click<\/span> <a href=\"https:\/\/bsartstudio.vn\/en\/creative-12-zodiac-animals-inspired-by-dong-ho-painting\/\" target=\"_blank\" rel=\"noopener\">here<\/a> <span style=\"color: #000000;\">for more information about Dong Ho Art &amp; 12 Zodiac animal collection<\/span><\/p>\n<p><span style=\"color: #000000;\"><strong>Book our Painting workshop:<\/strong><\/span><\/p>\n<ul>\n<li><span style=\"color: #000000;\"><a href=\"https:\/\/bsartstudio.vn\/en\/experiences-events\/\" target=\"_blank\" rel=\"noopener\">Book workshop<\/a> on our website.<\/span><\/li>\n<\/ul>\n<ul>\n<li><span style=\"color: #000000;\"><a href=\"https:\/\/www.airbnb.com\/experiences\/383364?guests=1&amp;adults=1&amp;s=67&amp;unique_share_id=f8bbc6e6-5dfe-414c-b482-5910e750d092\" target=\"_blank\" rel=\"noopener\">Book workshop<\/a> on Airbnb.<\/span><\/li>\n<\/ul>\n<p><span style=\"color: #000000;\">Please feel free to email us at: <span style=\"color: #0000ff;\">bsartstudioworkshop@gmail.com<\/span> for more details or to place an order. We\u2019re happy to assist you!<\/span><\/p>\n<p><span style=\"color: #000000;\">#bsartstudio #thingtodo_hochiminhcity #drawingworkshop #paintingworkshop #artgallery #artsouvenir #v\u1ebd #tr\u1ea3inghi\u1ec7m #v\u1ebd_tranh #n\u00f3n_l\u00e1 #tranh_tr\u00ean_N\u00f3n_L\u00e1 #v\u1ebd_g\u1ed7 #tranh_\u0110\u00f4ng_H\u1ed3 #vietnameseculture #artclass #artsouvenir<\/span><\/p>\n","protected":false},"excerpt":{"rendered":"<p><span style=\"color: #000000;\">With cheerful colors and unique character designs, it will be a meaningful and unique gift for you to choose for your relatives and friends.<br \/>\nUnique decorative printing artwork. Vietnamese Cultural Gifts.<\/span><\/p>\n<p><span style=\"color: #000000;\">Material: High quality printing on Art Paper<\/span><\/p>\n<p><span style=\"color: #000000;\">Frame: industrial wood frame + mica<\/span><\/p>\n<p><span style=\"color: #000000;\"><strong>Price WITHOUT FRAME<\/strong><\/span><\/p>\n<p><span style=\"color: #000000;\">Size: 20cm x 20cm: 190.000 VND (8 $)<\/span><\/p>\n<p><span style=\"color: #000000;\">Size: 30cm x 30cm: 290.000 VND (12 $)<\/span><\/p>\n<p><span style=\"color: #000000;\"><strong>Price WITH FRAME<\/strong><\/span><\/p>\n<p><span style=\"color: #000000;\">Size: 23cm x 23cm: 450.000 VND (18 $)<\/span><\/p>\n<p><span style=\"color: #000000;\">Size: 33cm x 33cm 650.000 VND (26 $)<\/span><\/p>\n<p><span style=\"color: #000000;\">Please feel free to email us at:<\/span> <span style=\"color: #0000ff;\">bsartstudioworkshop@gmail.com<\/span><span style=\"color: #000000;\"> for choosing the sizes<\/span><\/p>\n","protected":false},"featured_media":8644,"template":"","meta":{"_et_pb_use_builder":"","_et_pb_old_content":"","_et_gb_content_width":""},"product_cat":[17,37,427],"product_tag":[332,260,167,164,215,150,217,216,149,328],"yoast_head":"<!-- This site is optimized with the Yoast SEO plugin v24.5 - https:\/\/yoast.com\/wordpress\/plugins\/seo\/ -->\n<title>SNAKE Peaceful - Art Print - Zodiac Animal -Cultural art gift - B\/S Art Studio<\/title>\n<meta name=\"description\" content=\"&quot;Snake - Peaceful&quot; Zodiac Animal with cheerful colors and unique character designs, it will be a meaningful and unique Vietnamese Cultural Art Gifts.\" \/>\n<meta name=\"robots\" content=\"index, follow, max-snippet:-1, max-image-preview:large, max-video-preview:-1\" \/>\n<link rel=\"canonical\" href=\"https:\/\/bsartstudio.vn\/en\/products\/snake-peaceful-art-print-zodiac-animal-copy\/\" \/>\n<meta property=\"og:locale\" content=\"en_US\" \/>\n<meta property=\"og:type\" content=\"article\" \/>\n<meta property=\"og:title\" content=\"SNAKE Peaceful - Art Print - Zodiac Animal -Cultural art gift - B\/S Art Studio\" \/>\n<meta property=\"og:description\" content=\"&quot;Snake - Peaceful&quot; Zodiac Animal with cheerful colors and unique character designs, it will be a meaningful and unique Vietnamese Cultural Art Gifts.\" \/>\n<meta property=\"og:url\" content=\"https:\/\/bsartstudio.vn\/en\/products\/snake-peaceful-art-print-zodiac-animal-copy\/\" \/>\n<meta property=\"og:site_name\" content=\"B\/S Art Studio\" \/>\n<meta property=\"article:modified_time\" content=\"2025-04-10T07:14:22+00:00\" \/>\n<meta property=\"og:image\" content=\"https:\/\/bsartstudio.vn\/wp-content\/uploads\/2025\/01\/6.-TY-co-Khung.jpg\" \/>\n\t<meta property=\"og:image:width\" content=\"1920\" \/>\n\t<meta property=\"og:image:height\" content=\"1920\" \/>\n\t<meta property=\"og:image:type\" content=\"image\/jpeg\" \/>\n<meta name=\"twitter:card\" content=\"summary_large_image\" \/>\n<meta name=\"twitter:label1\" content=\"Est. reading time\" \/>\n\t<meta name=\"twitter:data1\" content=\"2 minutes\" \/>\n<script type=\"application\/ld+json\" class=\"yoast-schema-graph\">{\"@context\":\"https:\/\/schema.org\",\"@graph\":[{\"@type\":\"WebPage\",\"@id\":\"https:\/\/bsartstudio.vn\/en\/products\/snake-peaceful-art-print-zodiac-animal-copy\/\",\"url\":\"https:\/\/bsartstudio.vn\/en\/products\/snake-peaceful-art-print-zodiac-animal-copy\/\",\"name\":\"SNAKE Peaceful - Art Print - Zodiac Animal -Cultural art gift - B\/S Art Studio\",\"isPartOf\":{\"@id\":\"https:\/\/bsartstudio.vn\/ja\/#website\"},\"primaryImageOfPage\":{\"@id\":\"https:\/\/bsartstudio.vn\/en\/products\/snake-peaceful-art-print-zodiac-animal-copy\/#primaryimage\"},\"image\":{\"@id\":\"https:\/\/bsartstudio.vn\/en\/products\/snake-peaceful-art-print-zodiac-animal-copy\/#primaryimage\"},\"thumbnailUrl\":\"https:\/\/bsartstudio.vn\/wp-content\/uploads\/2025\/01\/6.-TY-co-Khung.jpg\",\"datePublished\":\"2025-01-14T12:22:04+00:00\",\"dateModified\":\"2025-04-10T07:14:22+00:00\",\"description\":\"\\\"Snake - Peaceful\\\" Zodiac Animal with cheerful colors and unique character designs, it will be a meaningful and unique Vietnamese Cultural Art Gifts.\",\"breadcrumb\":{\"@id\":\"https:\/\/bsartstudio.vn\/en\/products\/snake-peaceful-art-print-zodiac-animal-copy\/#breadcrumb\"},\"inLanguage\":\"en-US\",\"potentialAction\":[{\"@type\":\"ReadAction\",\"target\":[\"https:\/\/bsartstudio.vn\/en\/products\/snake-peaceful-art-print-zodiac-animal-copy\/\"]}]},{\"@type\":\"ImageObject\",\"inLanguage\":\"en-US\",\"@id\":\"https:\/\/bsartstudio.vn\/en\/products\/snake-peaceful-art-print-zodiac-animal-copy\/#primaryimage\",\"url\":\"https:\/\/bsartstudio.vn\/wp-content\/uploads\/2025\/01\/6.-TY-co-Khung.jpg\",\"contentUrl\":\"https:\/\/bsartstudio.vn\/wp-content\/uploads\/2025\/01\/6.-TY-co-Khung.jpg\",\"width\":1920,\"height\":1920,\"caption\":\"\u1ea4t T\u1ef5 - Snake Peaceful\"},{\"@type\":\"BreadcrumbList\",\"@id\":\"https:\/\/bsartstudio.vn\/en\/products\/snake-peaceful-art-print-zodiac-animal-copy\/#breadcrumb\",\"itemListElement\":[{\"@type\":\"ListItem\",\"position\":1,\"name\":\"Home\",\"item\":\"https:\/\/bsartstudio.vn\/en\/\"},{\"@type\":\"ListItem\",\"position\":2,\"name\":\"Shop\",\"item\":\"https:\/\/bsartstudio.vn\/en\/shop\/\"},{\"@type\":\"ListItem\",\"position\":3,\"name\":\"SNAKE Peaceful &#8211; Art Print &#8211; Zodiac Animal\"}]},{\"@type\":\"WebSite\",\"@id\":\"https:\/\/bsartstudio.vn\/ja\/#website\",\"url\":\"https:\/\/bsartstudio.vn\/ja\/\",\"name\":\"B\/S Art Studio\",\"description\":\"\",\"publisher\":{\"@id\":\"https:\/\/bsartstudio.vn\/ja\/#organization\"},\"potentialAction\":[{\"@type\":\"SearchAction\",\"target\":{\"@type\":\"EntryPoint\",\"urlTemplate\":\"https:\/\/bsartstudio.vn\/ja\/?s={search_term_string}\"},\"query-input\":{\"@type\":\"PropertyValueSpecification\",\"valueRequired\":true,\"valueName\":\"search_term_string\"}}],\"inLanguage\":\"en-US\"},{\"@type\":\"Organization\",\"@id\":\"https:\/\/bsartstudio.vn\/ja\/#organization\",\"name\":\"B\/S Art Studio\",\"url\":\"https:\/\/bsartstudio.vn\/ja\/\",\"logo\":{\"@type\":\"ImageObject\",\"inLanguage\":\"en-US\",\"@id\":\"https:\/\/bsartstudio.vn\/ja\/#\/schema\/logo\/image\/\",\"url\":\"https:\/\/bsartstudio.vn\/wp-content\/uploads\/2020\/03\/54526018_2272576089468053_1525084505319145472_n.jpg\",\"contentUrl\":\"https:\/\/bsartstudio.vn\/wp-content\/uploads\/2020\/03\/54526018_2272576089468053_1525084505319145472_n.jpg\",\"width\":958,\"height\":958,\"caption\":\"B\/S Art Studio\"},\"image\":{\"@id\":\"https:\/\/bsartstudio.vn\/ja\/#\/schema\/logo\/image\/\"}}]}<\/script>\n<!-- \/ Yoast SEO plugin. -->","yoast_head_json":{"title":"SNAKE Peaceful - Art Print - Zodiac Animal -Cultural art gift - B\/S Art Studio","description":"\"Snake - Peaceful\" Zodiac Animal with cheerful colors and unique character designs, it will be a meaningful and unique Vietnamese Cultural Art Gifts.","robots":{"index":"index","follow":"follow","max-snippet":"max-snippet:-1","max-image-preview":"max-image-preview:large","max-video-preview":"max-video-preview:-1"},"canonical":"https:\/\/bsartstudio.vn\/en\/products\/snake-peaceful-art-print-zodiac-animal-copy\/","og_locale":"en_US","og_type":"article","og_title":"SNAKE Peaceful - Art Print - Zodiac Animal -Cultural art gift - B\/S Art Studio","og_description":"\"Snake - Peaceful\" Zodiac Animal with cheerful colors and unique character designs, it will be a meaningful and unique Vietnamese Cultural Art Gifts.","og_url":"https:\/\/bsartstudio.vn\/en\/products\/snake-peaceful-art-print-zodiac-animal-copy\/","og_site_name":"B\/S Art Studio","article_modified_time":"2025-04-10T07:14:22+00:00","og_image":[{"width":1920,"height":1920,"url":"https:\/\/bsartstudio.vn\/wp-content\/uploads\/2025\/01\/6.-TY-co-Khung.jpg","type":"image\/jpeg"}],"twitter_card":"summary_large_image","twitter_misc":{"Est. reading time":"2 minutes"},"schema":{"@context":"https:\/\/schema.org","@graph":[{"@type":"WebPage","@id":"https:\/\/bsartstudio.vn\/en\/products\/snake-peaceful-art-print-zodiac-animal-copy\/","url":"https:\/\/bsartstudio.vn\/en\/products\/snake-peaceful-art-print-zodiac-animal-copy\/","name":"SNAKE Peaceful - Art Print - Zodiac Animal -Cultural art gift - B\/S Art Studio","isPartOf":{"@id":"https:\/\/bsartstudio.vn\/ja\/#website"},"primaryImageOfPage":{"@id":"https:\/\/bsartstudio.vn\/en\/products\/snake-peaceful-art-print-zodiac-animal-copy\/#primaryimage"},"image":{"@id":"https:\/\/bsartstudio.vn\/en\/products\/snake-peaceful-art-print-zodiac-animal-copy\/#primaryimage"},"thumbnailUrl":"https:\/\/bsartstudio.vn\/wp-content\/uploads\/2025\/01\/6.-TY-co-Khung.jpg","datePublished":"2025-01-14T12:22:04+00:00","dateModified":"2025-04-10T07:14:22+00:00","description":"\"Snake - Peaceful\" Zodiac Animal with cheerful colors and unique character designs, it will be a meaningful and unique Vietnamese Cultural Art Gifts.","breadcrumb":{"@id":"https:\/\/bsartstudio.vn\/en\/products\/snake-peaceful-art-print-zodiac-animal-copy\/#breadcrumb"},"inLanguage":"en-US","potentialAction":[{"@type":"ReadAction","target":["https:\/\/bsartstudio.vn\/en\/products\/snake-peaceful-art-print-zodiac-animal-copy\/"]}]},{"@type":"ImageObject","inLanguage":"en-US","@id":"https:\/\/bsartstudio.vn\/en\/products\/snake-peaceful-art-print-zodiac-animal-copy\/#primaryimage","url":"https:\/\/bsartstudio.vn\/wp-content\/uploads\/2025\/01\/6.-TY-co-Khung.jpg","contentUrl":"https:\/\/bsartstudio.vn\/wp-content\/uploads\/2025\/01\/6.-TY-co-Khung.jpg","width":1920,"height":1920,"caption":"\u1ea4t T\u1ef5 - Snake Peaceful"},{"@type":"BreadcrumbList","@id":"https:\/\/bsartstudio.vn\/en\/products\/snake-peaceful-art-print-zodiac-animal-copy\/#breadcrumb","itemListElement":[{"@type":"ListItem","position":1,"name":"Home","item":"https:\/\/bsartstudio.vn\/en\/"},{"@type":"ListItem","position":2,"name":"Shop","item":"https:\/\/bsartstudio.vn\/en\/shop\/"},{"@type":"ListItem","position":3,"name":"SNAKE Peaceful &#8211; Art Print &#8211; Zodiac Animal"}]},{"@type":"WebSite","@id":"https:\/\/bsartstudio.vn\/ja\/#website","url":"https:\/\/bsartstudio.vn\/ja\/","name":"B\/S Art Studio","description":"","publisher":{"@id":"https:\/\/bsartstudio.vn\/ja\/#organization"},"potentialAction":[{"@type":"SearchAction","target":{"@type":"EntryPoint","urlTemplate":"https:\/\/bsartstudio.vn\/ja\/?s={search_term_string}"},"query-input":{"@type":"PropertyValueSpecification","valueRequired":true,"valueName":"search_term_string"}}],"inLanguage":"en-US"},{"@type":"Organization","@id":"https:\/\/bsartstudio.vn\/ja\/#organization","name":"B\/S Art Studio","url":"https:\/\/bsartstudio.vn\/ja\/","logo":{"@type":"ImageObject","inLanguage":"en-US","@id":"https:\/\/bsartstudio.vn\/ja\/#\/schema\/logo\/image\/","url":"https:\/\/bsartstudio.vn\/wp-content\/uploads\/2020\/03\/54526018_2272576089468053_1525084505319145472_n.jpg","contentUrl":"https:\/\/bsartstudio.vn\/wp-content\/uploads\/2020\/03\/54526018_2272576089468053_1525084505319145472_n.jpg","width":958,"height":958,"caption":"B\/S Art Studio"},"image":{"@id":"https:\/\/bsartstudio.vn\/ja\/#\/schema\/logo\/image\/"}}]}},"_links":{"self":[{"href":"https:\/\/bsartstudio.vn\/en\/wp-json\/wp\/v2\/product\/8619"}],"collection":[{"href":"https:\/\/bsartstudio.vn\/en\/wp-json\/wp\/v2\/product"}],"about":[{"href":"https:\/\/bsartstudio.vn\/en\/wp-json\/wp\/v2\/types\/product"}],"wp:featuredmedia":[{"embeddable":true,"href":"https:\/\/bsartstudio.vn\/en\/wp-json\/wp\/v2\/media\/8644"}],"wp:attachment":[{"href":"https:\/\/bsartstudio.vn\/en\/wp-json\/wp\/v2\/media?parent=8619"}],"wp:term":[{"taxonomy":"product_cat","embeddable":true,"href":"https:\/\/bsartstudio.vn\/en\/wp-json\/wp\/v2\/product_cat?post=8619"},{"taxonomy":"product_tag","embeddable":true,"href":"https:\/\/bsartstudio.vn\/en\/wp-json\/wp\/v2\/product_tag?post=8619"}],"curies":[{"name":"wp","href":"https:\/\/api.w.org\/{rel}","templated":true}]}}