{"id":6913,"date":"2024-04-13T12:11:05","date_gmt":"2024-04-13T05:11:05","guid":{"rendered":"https:\/\/bsartstudio.vn\/?post_type=product&#038;p=6913"},"modified":"2025-03-03T17:20:12","modified_gmt":"2025-03-03T10:20:12","slug":"the-printing-artwork-ms-dau-travels-to-the-southern-vietnam","status":"publish","type":"product","link":"https:\/\/bsartstudio.vn\/en\/products\/the-printing-artwork-ms-dau-travels-to-the-southern-vietnam\/","title":{"rendered":"Ms. D\u1eadu travels to the Southern Vietnam &#8211; Art Print &#8211; Wall Art Decor"},"content":{"rendered":"<div class=\"et_pb_tab clearfix et_pb_active_content et-pb-active-slide\">\n<div class=\"et_pb_tab_content\">\n<h1><strong>\u201cMs. D\u1eadu travels to the Southern Vietnam\u201d Artwork<br \/>\n<\/strong><\/h1>\n<p><span style=\"color: #000000;\"><strong>\u201cMs. D\u1eadu travels to the Southern Vietnam\u201dwith character<\/strong> <b>&#8220;Ms. Dau&#8221; &#8211; The Beauty of Young Women in Traditional Costumes Around the World.<\/b><\/span><\/p>\n<p><span class=\"HwtZe\" lang=\"en\" style=\"color: #000000;\"><span class=\"jCAhz ChMk0b\"><span class=\"ryNqvb\">&#8220;Ms. Dau&#8221; &#8211; the image representing women who always sacrifice silently, devoting all their time and effort to take care of their family.<\/span><\/span><\/span><\/p>\n<h2><span style=\"font-size: 14pt; color: #0000ff;\">Wall Art Print <strong>\u201cMs. D\u1eadu travels to the Southern Vietnam\u201d<\/strong> is one of this series, B\/S Art Studio aim to convey the following messages and meanings:<\/span><\/h2>\n<ol>\n<li><span style=\"color: #000000;\">To honor the beauty of women in traditional costumes.<\/span><\/li>\n<li><span style=\"color: #000000;\">To respect the cultural diversity of countries worldwide.<\/span><\/li>\n<li><span style=\"color: #000000;\">To promote common values of friendship and peace among nations.<\/span><\/li>\n<li><span style=\"color: #000000;\">To encourage the exploration and discovery of other cultures through depictions of traditional costumes<\/span><\/li>\n<\/ol>\n<p><span style=\"color: #000000;\">Please Click<\/span> <a href=\"https:\/\/www.instagram.com\/bs_artstudio\/\" target=\"_blank\" rel=\"noopener\">here<\/a> <span style=\"color: #000000;\">to see all collections.<\/span><\/p>\n<p><span style=\"color: #000000;\">Please Click<\/span> <a href=\"https:\/\/bsartstudio.vn\/en\/products-category\/artwork\/the-silent-grace-of-women-artwork\/\" target=\"_blank\" rel=\"noopener\">here<\/a> <span style=\"color: #000000;\">for buy all collections.<\/span><\/p>\n<p><span style=\"color: #000000;\">Please feel free to email us at: <span style=\"color: #0000ff;\">bsartstudioworkshop@gmail.com<\/span> for more details or to place an order. We\u2019re happy to assist you!<\/span><\/p>\n<p><span style=\"color: #000000;\">#gift #art #artprint #wallart #artsouvenir #painting #drawing #tranhintrangtr\u00ed #tranhinngh\u1ec7thu\u1eadt #MsDaupainting #Tranh_v\u1ebd #Tranh_in #tranh_trang_tr\u00ed #truy\u1ec1n_th\u1ed1ng #decor #trang_tr\u00ed_nh\u00e0 #v\u0103n_h\u00f3a_Vi\u1ec7t #qu\u00e0_t\u1eb7ng<\/span><\/p>\n<\/div>\n<\/div>\n","protected":false},"excerpt":{"rendered":"<p><span style=\"color: #000000;\">With cheerful colors and unique character designs, it will be a meaningful and unique gift for you to choose for your relatives and friends.<\/span><br \/>\n<span style=\"color: #000000;\">Unique decorative wall art print decor. Vietnamese Cultural Gifts.<\/span><\/p>\n<p><span style=\"color: #000000;\">Material: High quality printing on Art Paper<\/span><\/p>\n<p><span style=\"color: #000000;\">Frame: industrial wood frame + mica<\/span><\/p>\n<p><span style=\"color: #000000;\"><strong>Price WITHOUT FRAME<\/strong><\/span><\/p>\n<p><span style=\"color: #000000;\">Size: 42cm x 30cm: 450.000 VND (18 $)<\/span><\/p>\n<p><span style=\"color: #000000;\"><strong>Price<\/strong><strong> WITH FRAME<\/strong><\/span><\/p>\n<p><span style=\"color: #000000;\">Size: 45cm x 33cm: 750.000 VND (30 $)<\/span><\/p>\n<p><span style=\"color: #000000;\">Please feel free to email us at: <span style=\"color: #0000ff;\">bsartstudioworkshop@gmail.com<\/span> for choosing the sizes<\/span><\/p>\n","protected":false},"featured_media":6891,"template":"","meta":{"_et_pb_use_builder":"","_et_pb_old_content":"","_et_gb_content_width":""},"product_cat":[17,284,427],"product_tag":[167,164,217,201,234,233,216,149],"yoast_head":"<!-- This site is optimized with the Yoast SEO plugin v24.5 - https:\/\/yoast.com\/wordpress\/plugins\/seo\/ -->\n<title>\u201cMs. D\u1eadu travels to the Southern Vietnam\u201d Artwork - B\/S Art Studio<\/title>\n<meta name=\"description\" content=\"&quot;Ms. D\u1eadu travels to the Southern Vietnam&quot; a unique character designs, it will be a meaningful and unique gift for you to choose for your friends.\" \/>\n<meta name=\"robots\" content=\"index, follow, max-snippet:-1, max-image-preview:large, max-video-preview:-1\" \/>\n<link rel=\"canonical\" href=\"https:\/\/bsartstudio.vn\/en\/products\/the-printing-artwork-ms-dau-travels-to-the-southern-vietnam\/\" \/>\n<meta property=\"og:locale\" content=\"en_US\" \/>\n<meta property=\"og:type\" content=\"article\" \/>\n<meta property=\"og:title\" content=\"\u201cMs. D\u1eadu travels to the Southern Vietnam\u201d Artwork - B\/S Art Studio\" \/>\n<meta property=\"og:description\" content=\"&quot;Ms. D\u1eadu travels to the Southern Vietnam&quot; a unique character designs, it will be a meaningful and unique gift for you to choose for your friends.\" \/>\n<meta property=\"og:url\" content=\"https:\/\/bsartstudio.vn\/en\/products\/the-printing-artwork-ms-dau-travels-to-the-southern-vietnam\/\" \/>\n<meta property=\"og:site_name\" content=\"B\/S Art Studio\" \/>\n<meta property=\"article:modified_time\" content=\"2025-03-03T10:20:12+00:00\" \/>\n<meta property=\"og:image\" content=\"https:\/\/bsartstudio.vn\/wp-content\/uploads\/2024\/04\/Ms.-Dau-travels-around-the-world-S-3.jpg\" \/>\n\t<meta property=\"og:image:width\" content=\"1920\" \/>\n\t<meta property=\"og:image:height\" content=\"1920\" \/>\n\t<meta property=\"og:image:type\" content=\"image\/jpeg\" \/>\n<meta name=\"twitter:card\" content=\"summary_large_image\" \/>\n<meta name=\"twitter:label1\" content=\"Est. reading time\" \/>\n\t<meta name=\"twitter:data1\" content=\"1 minute\" \/>\n<script type=\"application\/ld+json\" class=\"yoast-schema-graph\">{\"@context\":\"https:\/\/schema.org\",\"@graph\":[{\"@type\":\"WebPage\",\"@id\":\"https:\/\/bsartstudio.vn\/en\/products\/the-printing-artwork-ms-dau-travels-to-the-southern-vietnam\/\",\"url\":\"https:\/\/bsartstudio.vn\/en\/products\/the-printing-artwork-ms-dau-travels-to-the-southern-vietnam\/\",\"name\":\"\u201cMs. D\u1eadu travels to the Southern Vietnam\u201d Artwork - B\/S Art Studio\",\"isPartOf\":{\"@id\":\"https:\/\/bsartstudio.vn\/ja\/#website\"},\"primaryImageOfPage\":{\"@id\":\"https:\/\/bsartstudio.vn\/en\/products\/the-printing-artwork-ms-dau-travels-to-the-southern-vietnam\/#primaryimage\"},\"image\":{\"@id\":\"https:\/\/bsartstudio.vn\/en\/products\/the-printing-artwork-ms-dau-travels-to-the-southern-vietnam\/#primaryimage\"},\"thumbnailUrl\":\"https:\/\/bsartstudio.vn\/wp-content\/uploads\/2024\/04\/Ms.-Dau-travels-around-the-world-S-3.jpg\",\"datePublished\":\"2024-04-13T05:11:05+00:00\",\"dateModified\":\"2025-03-03T10:20:12+00:00\",\"description\":\"\\\"Ms. D\u1eadu travels to the Southern Vietnam\\\" a unique character designs, it will be a meaningful and unique gift for you to choose for your friends.\",\"breadcrumb\":{\"@id\":\"https:\/\/bsartstudio.vn\/en\/products\/the-printing-artwork-ms-dau-travels-to-the-southern-vietnam\/#breadcrumb\"},\"inLanguage\":\"en-US\",\"potentialAction\":[{\"@type\":\"ReadAction\",\"target\":[\"https:\/\/bsartstudio.vn\/en\/products\/the-printing-artwork-ms-dau-travels-to-the-southern-vietnam\/\"]}]},{\"@type\":\"ImageObject\",\"inLanguage\":\"en-US\",\"@id\":\"https:\/\/bsartstudio.vn\/en\/products\/the-printing-artwork-ms-dau-travels-to-the-southern-vietnam\/#primaryimage\",\"url\":\"https:\/\/bsartstudio.vn\/wp-content\/uploads\/2024\/04\/Ms.-Dau-travels-around-the-world-S-3.jpg\",\"contentUrl\":\"https:\/\/bsartstudio.vn\/wp-content\/uploads\/2024\/04\/Ms.-Dau-travels-around-the-world-S-3.jpg\",\"width\":1920,\"height\":1920,\"caption\":\"Ms. D\u1eadu travels to the Southern Vietnam\"},{\"@type\":\"BreadcrumbList\",\"@id\":\"https:\/\/bsartstudio.vn\/en\/products\/the-printing-artwork-ms-dau-travels-to-the-southern-vietnam\/#breadcrumb\",\"itemListElement\":[{\"@type\":\"ListItem\",\"position\":1,\"name\":\"Home\",\"item\":\"https:\/\/bsartstudio.vn\/en\/\"},{\"@type\":\"ListItem\",\"position\":2,\"name\":\"Shop\",\"item\":\"https:\/\/bsartstudio.vn\/en\/shop\/\"},{\"@type\":\"ListItem\",\"position\":3,\"name\":\"Ms. D\u1eadu travels to the Southern Vietnam &#8211; Art Print &#8211; Wall Art Decor\"}]},{\"@type\":\"WebSite\",\"@id\":\"https:\/\/bsartstudio.vn\/ja\/#website\",\"url\":\"https:\/\/bsartstudio.vn\/ja\/\",\"name\":\"B\/S Art Studio\",\"description\":\"\",\"publisher\":{\"@id\":\"https:\/\/bsartstudio.vn\/ja\/#organization\"},\"potentialAction\":[{\"@type\":\"SearchAction\",\"target\":{\"@type\":\"EntryPoint\",\"urlTemplate\":\"https:\/\/bsartstudio.vn\/ja\/?s={search_term_string}\"},\"query-input\":{\"@type\":\"PropertyValueSpecification\",\"valueRequired\":true,\"valueName\":\"search_term_string\"}}],\"inLanguage\":\"en-US\"},{\"@type\":\"Organization\",\"@id\":\"https:\/\/bsartstudio.vn\/ja\/#organization\",\"name\":\"B\/S Art Studio\",\"url\":\"https:\/\/bsartstudio.vn\/ja\/\",\"logo\":{\"@type\":\"ImageObject\",\"inLanguage\":\"en-US\",\"@id\":\"https:\/\/bsartstudio.vn\/ja\/#\/schema\/logo\/image\/\",\"url\":\"https:\/\/bsartstudio.vn\/wp-content\/uploads\/2020\/03\/54526018_2272576089468053_1525084505319145472_n.jpg\",\"contentUrl\":\"https:\/\/bsartstudio.vn\/wp-content\/uploads\/2020\/03\/54526018_2272576089468053_1525084505319145472_n.jpg\",\"width\":958,\"height\":958,\"caption\":\"B\/S Art Studio\"},\"image\":{\"@id\":\"https:\/\/bsartstudio.vn\/ja\/#\/schema\/logo\/image\/\"}}]}<\/script>\n<!-- \/ Yoast SEO plugin. -->","yoast_head_json":{"title":"\u201cMs. D\u1eadu travels to the Southern Vietnam\u201d Artwork - B\/S Art Studio","description":"\"Ms. D\u1eadu travels to the Southern Vietnam\" a unique character designs, it will be a meaningful and unique gift for you to choose for your friends.","robots":{"index":"index","follow":"follow","max-snippet":"max-snippet:-1","max-image-preview":"max-image-preview:large","max-video-preview":"max-video-preview:-1"},"canonical":"https:\/\/bsartstudio.vn\/en\/products\/the-printing-artwork-ms-dau-travels-to-the-southern-vietnam\/","og_locale":"en_US","og_type":"article","og_title":"\u201cMs. D\u1eadu travels to the Southern Vietnam\u201d Artwork - B\/S Art Studio","og_description":"\"Ms. D\u1eadu travels to the Southern Vietnam\" a unique character designs, it will be a meaningful and unique gift for you to choose for your friends.","og_url":"https:\/\/bsartstudio.vn\/en\/products\/the-printing-artwork-ms-dau-travels-to-the-southern-vietnam\/","og_site_name":"B\/S Art Studio","article_modified_time":"2025-03-03T10:20:12+00:00","og_image":[{"width":1920,"height":1920,"url":"https:\/\/bsartstudio.vn\/wp-content\/uploads\/2024\/04\/Ms.-Dau-travels-around-the-world-S-3.jpg","type":"image\/jpeg"}],"twitter_card":"summary_large_image","twitter_misc":{"Est. reading time":"1 minute"},"schema":{"@context":"https:\/\/schema.org","@graph":[{"@type":"WebPage","@id":"https:\/\/bsartstudio.vn\/en\/products\/the-printing-artwork-ms-dau-travels-to-the-southern-vietnam\/","url":"https:\/\/bsartstudio.vn\/en\/products\/the-printing-artwork-ms-dau-travels-to-the-southern-vietnam\/","name":"\u201cMs. D\u1eadu travels to the Southern Vietnam\u201d Artwork - B\/S Art Studio","isPartOf":{"@id":"https:\/\/bsartstudio.vn\/ja\/#website"},"primaryImageOfPage":{"@id":"https:\/\/bsartstudio.vn\/en\/products\/the-printing-artwork-ms-dau-travels-to-the-southern-vietnam\/#primaryimage"},"image":{"@id":"https:\/\/bsartstudio.vn\/en\/products\/the-printing-artwork-ms-dau-travels-to-the-southern-vietnam\/#primaryimage"},"thumbnailUrl":"https:\/\/bsartstudio.vn\/wp-content\/uploads\/2024\/04\/Ms.-Dau-travels-around-the-world-S-3.jpg","datePublished":"2024-04-13T05:11:05+00:00","dateModified":"2025-03-03T10:20:12+00:00","description":"\"Ms. D\u1eadu travels to the Southern Vietnam\" a unique character designs, it will be a meaningful and unique gift for you to choose for your friends.","breadcrumb":{"@id":"https:\/\/bsartstudio.vn\/en\/products\/the-printing-artwork-ms-dau-travels-to-the-southern-vietnam\/#breadcrumb"},"inLanguage":"en-US","potentialAction":[{"@type":"ReadAction","target":["https:\/\/bsartstudio.vn\/en\/products\/the-printing-artwork-ms-dau-travels-to-the-southern-vietnam\/"]}]},{"@type":"ImageObject","inLanguage":"en-US","@id":"https:\/\/bsartstudio.vn\/en\/products\/the-printing-artwork-ms-dau-travels-to-the-southern-vietnam\/#primaryimage","url":"https:\/\/bsartstudio.vn\/wp-content\/uploads\/2024\/04\/Ms.-Dau-travels-around-the-world-S-3.jpg","contentUrl":"https:\/\/bsartstudio.vn\/wp-content\/uploads\/2024\/04\/Ms.-Dau-travels-around-the-world-S-3.jpg","width":1920,"height":1920,"caption":"Ms. D\u1eadu travels to the Southern Vietnam"},{"@type":"BreadcrumbList","@id":"https:\/\/bsartstudio.vn\/en\/products\/the-printing-artwork-ms-dau-travels-to-the-southern-vietnam\/#breadcrumb","itemListElement":[{"@type":"ListItem","position":1,"name":"Home","item":"https:\/\/bsartstudio.vn\/en\/"},{"@type":"ListItem","position":2,"name":"Shop","item":"https:\/\/bsartstudio.vn\/en\/shop\/"},{"@type":"ListItem","position":3,"name":"Ms. D\u1eadu travels to the Southern Vietnam &#8211; Art Print &#8211; Wall Art Decor"}]},{"@type":"WebSite","@id":"https:\/\/bsartstudio.vn\/ja\/#website","url":"https:\/\/bsartstudio.vn\/ja\/","name":"B\/S Art Studio","description":"","publisher":{"@id":"https:\/\/bsartstudio.vn\/ja\/#organization"},"potentialAction":[{"@type":"SearchAction","target":{"@type":"EntryPoint","urlTemplate":"https:\/\/bsartstudio.vn\/ja\/?s={search_term_string}"},"query-input":{"@type":"PropertyValueSpecification","valueRequired":true,"valueName":"search_term_string"}}],"inLanguage":"en-US"},{"@type":"Organization","@id":"https:\/\/bsartstudio.vn\/ja\/#organization","name":"B\/S Art Studio","url":"https:\/\/bsartstudio.vn\/ja\/","logo":{"@type":"ImageObject","inLanguage":"en-US","@id":"https:\/\/bsartstudio.vn\/ja\/#\/schema\/logo\/image\/","url":"https:\/\/bsartstudio.vn\/wp-content\/uploads\/2020\/03\/54526018_2272576089468053_1525084505319145472_n.jpg","contentUrl":"https:\/\/bsartstudio.vn\/wp-content\/uploads\/2020\/03\/54526018_2272576089468053_1525084505319145472_n.jpg","width":958,"height":958,"caption":"B\/S Art Studio"},"image":{"@id":"https:\/\/bsartstudio.vn\/ja\/#\/schema\/logo\/image\/"}}]}},"_links":{"self":[{"href":"https:\/\/bsartstudio.vn\/en\/wp-json\/wp\/v2\/product\/6913"}],"collection":[{"href":"https:\/\/bsartstudio.vn\/en\/wp-json\/wp\/v2\/product"}],"about":[{"href":"https:\/\/bsartstudio.vn\/en\/wp-json\/wp\/v2\/types\/product"}],"wp:featuredmedia":[{"embeddable":true,"href":"https:\/\/bsartstudio.vn\/en\/wp-json\/wp\/v2\/media\/6891"}],"wp:attachment":[{"href":"https:\/\/bsartstudio.vn\/en\/wp-json\/wp\/v2\/media?parent=6913"}],"wp:term":[{"taxonomy":"product_cat","embeddable":true,"href":"https:\/\/bsartstudio.vn\/en\/wp-json\/wp\/v2\/product_cat?post=6913"},{"taxonomy":"product_tag","embeddable":true,"href":"https:\/\/bsartstudio.vn\/en\/wp-json\/wp\/v2\/product_tag?post=6913"}],"curies":[{"name":"wp","href":"https:\/\/api.w.org\/{rel}","templated":true}]}}