{"id":6778,"date":"2024-03-24T14:06:59","date_gmt":"2024-03-24T07:06:59","guid":{"rendered":"https:\/\/bsartstudio.vn\/?post_type=product&#038;p=6778"},"modified":"2026-02-21T23:41:20","modified_gmt":"2026-02-21T16:41:20","slug":"cat-good-fortune-zodiac-animal","status":"publish","type":"product","link":"https:\/\/bsartstudio.vn\/en\/products\/cat-good-fortune-zodiac-animal\/","title":{"rendered":"CAT Good Fortune &#8211; Art Print &#8211; Zodiac Animal"},"content":{"rendered":"<h1><strong><span style=\"color: #0000ff; font-size: 18pt;\">&#8220;CAT Good Fortune&#8221; Art Print &#8211; Zodiac Animal<\/span><\/strong><\/h1>\n<p><span style=\"color: #000000;\"><strong>&#8220;CAT &#8211; Good Fortune&#8221; &#8211; Zodiac Animal of the year 2023<br \/>\n<\/strong><\/span><\/p>\n<p><span style=\"color: #000000;\">Dong ho is a traditional Vietnam folk art.This art style has existed for 1000 years.<\/span><br \/>\n<span style=\"color: #000000;\">Dong Ho art have had a long historical value and affect on the spiritual life of Vietnamese so it has been listed in the \u201cNational Intangible Cultural Heritage\u201d.<\/span><br \/>\n<span style=\"color: #000000;\">With the love for Vietnamese culture, art, and desire to preserve its traditional value, B\/S Art Studio has combined their own characteristics of Dong Ho art with a modern art style known as Doodle Art, creating a new style of \u0110\u00f4ng H\u1ed3 Art.<\/span><br \/>\n<span style=\"color: #000000;\">Every year, B\/S Art Studio creates new works based on the year&#8217;s zodiac animal in the new Dong Ho style and applies them to many art products.<\/span><\/p>\n<h2><span style=\"color: #000000; font-size: 14pt;\"><strong>&#8220;CAT &#8211; Good Fortune&#8221; &#8211; Zodiac Animal<\/strong><\/span><\/h2>\n<p><span class=\"HwtZe\" lang=\"en\" style=\"color: #000000;\"><span class=\"jCAhz ChMk0b\"><span class=\"ryNqvb\">Cat is a special zodiac animal that only exists in Vietnam.<\/span><\/span> <span class=\"jCAhz ChMk0b\"><span class=\"ryNqvb\">Vietnamese people believe that Cat is a very intelligent animal, helping us catch field mice that destroy crops.<\/span><\/span><\/span><\/p>\n<p><span style=\"color: #000000;\">Please Click <a style=\"color: #000000;\" href=\"https:\/\/bsartstudio.vn\/en\/creative-12-zodiac-animals-inspired-by-dong-ho-painting\/\" target=\"_blank\" rel=\"noopener\"><span style=\"color: #0000ff;\">here<\/span><\/a> for more information about Dong Ho Art &amp; 12 Zodiac animal collection<\/span><\/p>\n<p><span style=\"color: #000000;\"><strong>Book our Painting workshop:<\/strong><\/span><\/p>\n<ul>\n<li><span style=\"color: #000000;\"><a style=\"color: #000000;\" href=\"https:\/\/bsartstudio.vn\/en\/experiences-events\/\" target=\"_blank\" rel=\"noopener\"><span style=\"color: #0000ff;\">Book workshop<\/span><\/a> on our website.<\/span><\/li>\n<\/ul>\n<ul>\n<li><span style=\"color: #000000;\"><span style=\"color: #0000ff;\"><a style=\"color: #0000ff;\" href=\"https:\/\/www.airbnb.com\/experiences\/383364?guests=1&amp;adults=1&amp;s=67&amp;unique_share_id=f8bbc6e6-5dfe-414c-b482-5910e750d092\" target=\"_blank\" rel=\"noopener\">Book workshop<\/a><\/span> on Airbnb.<\/span><\/li>\n<\/ul>\n<p><span style=\"color: #000000;\">Please feel free to email us at: bsartstudioworkshop@gmail.com for more details or to place an order. We\u2019re happy to assist you!<\/span><\/p>\n<p><span style=\"color: #000000;\">#bsartstudio #thingtodo_hochiminhcity #drawingworkshop #paintingworkshop #artgallery #artsouvenir #v\u1ebd #tr\u1ea3inghi\u1ec7m #v\u1ebd_tranh #n\u00f3n_l\u00e1 #tranh_tr\u00ean_N\u00f3n_L\u00e1 #v\u1ebd_g\u1ed7 #tranh_\u0110\u00f4ng_H\u1ed3 #vietnameseculture #artclass #artsouvenir<\/span><\/p>\n","protected":false},"excerpt":{"rendered":"<div class=\"et_pb_module et_pb_wc_description et_pb_wc_description_0_tb_body et_pb_bg_layout_light  et_pb_text_align_left\">\n<div class=\"et_pb_module_inner\">\n<p><span style=\"color: #000000;\">With cheerful colors and unique character designs, it will be a meaningful and unique gift for you to choose for your relatives and friends.<\/span><br \/>\n<span style=\"color: #000000;\">Unique decorative printing artwork. Vietnamese Cultural Gifts.<\/span><\/p>\n<p><span style=\"color: #000000;\">Material: High quality printing on Art Paper<\/span><\/p>\n<p><span style=\"color: #000000;\">Frame: industrial wood frame + mica<\/span><\/p>\n<p><span style=\"color: #000000;\"><strong>Price WITHOUT FRAME<\/strong><\/span><\/p>\n<p><span style=\"color: #000000;\">Size: 20cm x 20cm: 190.000 VND (8 $)<\/span><\/p>\n<p><span style=\"color: #000000;\">Size: 30cm x 30cm: 290.000 VND (12 $)<\/span><\/p>\n<p><span style=\"color: #000000;\"><strong>Price WITH FRAME<\/strong><\/span><\/p>\n<p><span style=\"color: #000000;\">Size: 23cm x 23cm: 450.000 VND (18 $)<\/span><\/p>\n<p><span style=\"color: #000000;\">Size: 33cm x 33cm 650.000 VND (26 $)<\/span><\/p>\n<p><span style=\"color: #000000;\">Please feel free to email us at: <span style=\"color: #0000ff;\">bsartstudioworkshop@gmail.com<\/span> for choosing the sizes<\/span><\/p>\n<\/div>\n<\/div>\n","protected":false},"featured_media":6711,"template":"","meta":{"_et_pb_use_builder":"","_et_pb_old_content":"","_et_gb_content_width":""},"product_cat":[17,37,427],"product_tag":[167,164,215,150,217,216,149],"yoast_head":"<!-- This site is optimized with the Yoast SEO plugin v24.5 - https:\/\/yoast.com\/wordpress\/plugins\/seo\/ -->\n<title>CAT Good Fortune - Art Print - Zodiac Animal - Cultural art gift - B\/S Art Studio<\/title>\n<meta name=\"description\" content=\"&quot;CAT Good Fortune&quot; Zodiac Animal with cheerful colors and unique character designs, it will be a meaningful and unique Vietnamese Cultural Art Gifts.\" \/>\n<meta name=\"robots\" content=\"index, follow, max-snippet:-1, max-image-preview:large, max-video-preview:-1\" \/>\n<link rel=\"canonical\" href=\"https:\/\/bsartstudio.vn\/en\/products\/cat-good-fortune-zodiac-animal\/\" \/>\n<meta property=\"og:locale\" content=\"en_US\" \/>\n<meta property=\"og:type\" content=\"article\" \/>\n<meta property=\"og:title\" content=\"CAT Good Fortune - Art Print - Zodiac Animal - Cultural art gift - B\/S Art Studio\" \/>\n<meta property=\"og:description\" content=\"&quot;CAT Good Fortune&quot; Zodiac Animal with cheerful colors and unique character designs, it will be a meaningful and unique Vietnamese Cultural Art Gifts.\" \/>\n<meta property=\"og:url\" content=\"https:\/\/bsartstudio.vn\/en\/products\/cat-good-fortune-zodiac-animal\/\" \/>\n<meta property=\"og:site_name\" content=\"B\/S Art Studio\" \/>\n<meta property=\"article:modified_time\" content=\"2026-02-21T16:41:20+00:00\" \/>\n<meta property=\"og:image\" content=\"https:\/\/bsartstudio.vn\/wp-content\/uploads\/2024\/02\/4.Mao-co-Khung.jpg\" \/>\n\t<meta property=\"og:image:width\" content=\"1920\" \/>\n\t<meta property=\"og:image:height\" content=\"1920\" \/>\n\t<meta property=\"og:image:type\" content=\"image\/jpeg\" \/>\n<meta name=\"twitter:card\" content=\"summary_large_image\" \/>\n<meta name=\"twitter:label1\" content=\"Est. reading time\" \/>\n\t<meta name=\"twitter:data1\" content=\"2 minutes\" \/>\n<script type=\"application\/ld+json\" class=\"yoast-schema-graph\">{\"@context\":\"https:\/\/schema.org\",\"@graph\":[{\"@type\":\"WebPage\",\"@id\":\"https:\/\/bsartstudio.vn\/en\/products\/cat-good-fortune-zodiac-animal\/\",\"url\":\"https:\/\/bsartstudio.vn\/en\/products\/cat-good-fortune-zodiac-animal\/\",\"name\":\"CAT Good Fortune - Art Print - Zodiac Animal - Cultural art gift - B\/S Art Studio\",\"isPartOf\":{\"@id\":\"https:\/\/bsartstudio.vn\/ja\/#website\"},\"primaryImageOfPage\":{\"@id\":\"https:\/\/bsartstudio.vn\/en\/products\/cat-good-fortune-zodiac-animal\/#primaryimage\"},\"image\":{\"@id\":\"https:\/\/bsartstudio.vn\/en\/products\/cat-good-fortune-zodiac-animal\/#primaryimage\"},\"thumbnailUrl\":\"https:\/\/bsartstudio.vn\/wp-content\/uploads\/2024\/02\/4.Mao-co-Khung.jpg\",\"datePublished\":\"2024-03-24T07:06:59+00:00\",\"dateModified\":\"2026-02-21T16:41:20+00:00\",\"description\":\"\\\"CAT Good Fortune\\\" Zodiac Animal with cheerful colors and unique character designs, it will be a meaningful and unique Vietnamese Cultural Art Gifts.\",\"breadcrumb\":{\"@id\":\"https:\/\/bsartstudio.vn\/en\/products\/cat-good-fortune-zodiac-animal\/#breadcrumb\"},\"inLanguage\":\"en-US\",\"potentialAction\":[{\"@type\":\"ReadAction\",\"target\":[\"https:\/\/bsartstudio.vn\/en\/products\/cat-good-fortune-zodiac-animal\/\"]}]},{\"@type\":\"ImageObject\",\"inLanguage\":\"en-US\",\"@id\":\"https:\/\/bsartstudio.vn\/en\/products\/cat-good-fortune-zodiac-animal\/#primaryimage\",\"url\":\"https:\/\/bsartstudio.vn\/wp-content\/uploads\/2024\/02\/4.Mao-co-Khung.jpg\",\"contentUrl\":\"https:\/\/bsartstudio.vn\/wp-content\/uploads\/2024\/02\/4.Mao-co-Khung.jpg\",\"width\":1920,\"height\":1920,\"caption\":\"CAT Good Fortune Zodiac Animal\"},{\"@type\":\"BreadcrumbList\",\"@id\":\"https:\/\/bsartstudio.vn\/en\/products\/cat-good-fortune-zodiac-animal\/#breadcrumb\",\"itemListElement\":[{\"@type\":\"ListItem\",\"position\":1,\"name\":\"Home\",\"item\":\"https:\/\/bsartstudio.vn\/en\/\"},{\"@type\":\"ListItem\",\"position\":2,\"name\":\"Shop\",\"item\":\"https:\/\/bsartstudio.vn\/en\/shop\/\"},{\"@type\":\"ListItem\",\"position\":3,\"name\":\"CAT Good Fortune &#8211; Art Print &#8211; Zodiac Animal\"}]},{\"@type\":\"WebSite\",\"@id\":\"https:\/\/bsartstudio.vn\/ja\/#website\",\"url\":\"https:\/\/bsartstudio.vn\/ja\/\",\"name\":\"B\/S Art Studio\",\"description\":\"\",\"publisher\":{\"@id\":\"https:\/\/bsartstudio.vn\/ja\/#organization\"},\"potentialAction\":[{\"@type\":\"SearchAction\",\"target\":{\"@type\":\"EntryPoint\",\"urlTemplate\":\"https:\/\/bsartstudio.vn\/ja\/?s={search_term_string}\"},\"query-input\":{\"@type\":\"PropertyValueSpecification\",\"valueRequired\":true,\"valueName\":\"search_term_string\"}}],\"inLanguage\":\"en-US\"},{\"@type\":\"Organization\",\"@id\":\"https:\/\/bsartstudio.vn\/ja\/#organization\",\"name\":\"B\/S Art Studio\",\"url\":\"https:\/\/bsartstudio.vn\/ja\/\",\"logo\":{\"@type\":\"ImageObject\",\"inLanguage\":\"en-US\",\"@id\":\"https:\/\/bsartstudio.vn\/ja\/#\/schema\/logo\/image\/\",\"url\":\"https:\/\/bsartstudio.vn\/wp-content\/uploads\/2020\/03\/54526018_2272576089468053_1525084505319145472_n.jpg\",\"contentUrl\":\"https:\/\/bsartstudio.vn\/wp-content\/uploads\/2020\/03\/54526018_2272576089468053_1525084505319145472_n.jpg\",\"width\":958,\"height\":958,\"caption\":\"B\/S Art Studio\"},\"image\":{\"@id\":\"https:\/\/bsartstudio.vn\/ja\/#\/schema\/logo\/image\/\"}}]}<\/script>\n<!-- \/ Yoast SEO plugin. -->","yoast_head_json":{"title":"CAT Good Fortune - Art Print - Zodiac Animal - Cultural art gift - B\/S Art Studio","description":"\"CAT Good Fortune\" Zodiac Animal with cheerful colors and unique character designs, it will be a meaningful and unique Vietnamese Cultural Art Gifts.","robots":{"index":"index","follow":"follow","max-snippet":"max-snippet:-1","max-image-preview":"max-image-preview:large","max-video-preview":"max-video-preview:-1"},"canonical":"https:\/\/bsartstudio.vn\/en\/products\/cat-good-fortune-zodiac-animal\/","og_locale":"en_US","og_type":"article","og_title":"CAT Good Fortune - Art Print - Zodiac Animal - Cultural art gift - B\/S Art Studio","og_description":"\"CAT Good Fortune\" Zodiac Animal with cheerful colors and unique character designs, it will be a meaningful and unique Vietnamese Cultural Art Gifts.","og_url":"https:\/\/bsartstudio.vn\/en\/products\/cat-good-fortune-zodiac-animal\/","og_site_name":"B\/S Art Studio","article_modified_time":"2026-02-21T16:41:20+00:00","og_image":[{"width":1920,"height":1920,"url":"https:\/\/bsartstudio.vn\/wp-content\/uploads\/2024\/02\/4.Mao-co-Khung.jpg","type":"image\/jpeg"}],"twitter_card":"summary_large_image","twitter_misc":{"Est. reading time":"2 minutes"},"schema":{"@context":"https:\/\/schema.org","@graph":[{"@type":"WebPage","@id":"https:\/\/bsartstudio.vn\/en\/products\/cat-good-fortune-zodiac-animal\/","url":"https:\/\/bsartstudio.vn\/en\/products\/cat-good-fortune-zodiac-animal\/","name":"CAT Good Fortune - Art Print - Zodiac Animal - Cultural art gift - B\/S Art Studio","isPartOf":{"@id":"https:\/\/bsartstudio.vn\/ja\/#website"},"primaryImageOfPage":{"@id":"https:\/\/bsartstudio.vn\/en\/products\/cat-good-fortune-zodiac-animal\/#primaryimage"},"image":{"@id":"https:\/\/bsartstudio.vn\/en\/products\/cat-good-fortune-zodiac-animal\/#primaryimage"},"thumbnailUrl":"https:\/\/bsartstudio.vn\/wp-content\/uploads\/2024\/02\/4.Mao-co-Khung.jpg","datePublished":"2024-03-24T07:06:59+00:00","dateModified":"2026-02-21T16:41:20+00:00","description":"\"CAT Good Fortune\" Zodiac Animal with cheerful colors and unique character designs, it will be a meaningful and unique Vietnamese Cultural Art Gifts.","breadcrumb":{"@id":"https:\/\/bsartstudio.vn\/en\/products\/cat-good-fortune-zodiac-animal\/#breadcrumb"},"inLanguage":"en-US","potentialAction":[{"@type":"ReadAction","target":["https:\/\/bsartstudio.vn\/en\/products\/cat-good-fortune-zodiac-animal\/"]}]},{"@type":"ImageObject","inLanguage":"en-US","@id":"https:\/\/bsartstudio.vn\/en\/products\/cat-good-fortune-zodiac-animal\/#primaryimage","url":"https:\/\/bsartstudio.vn\/wp-content\/uploads\/2024\/02\/4.Mao-co-Khung.jpg","contentUrl":"https:\/\/bsartstudio.vn\/wp-content\/uploads\/2024\/02\/4.Mao-co-Khung.jpg","width":1920,"height":1920,"caption":"CAT Good Fortune Zodiac Animal"},{"@type":"BreadcrumbList","@id":"https:\/\/bsartstudio.vn\/en\/products\/cat-good-fortune-zodiac-animal\/#breadcrumb","itemListElement":[{"@type":"ListItem","position":1,"name":"Home","item":"https:\/\/bsartstudio.vn\/en\/"},{"@type":"ListItem","position":2,"name":"Shop","item":"https:\/\/bsartstudio.vn\/en\/shop\/"},{"@type":"ListItem","position":3,"name":"CAT Good Fortune &#8211; Art Print &#8211; Zodiac Animal"}]},{"@type":"WebSite","@id":"https:\/\/bsartstudio.vn\/ja\/#website","url":"https:\/\/bsartstudio.vn\/ja\/","name":"B\/S Art Studio","description":"","publisher":{"@id":"https:\/\/bsartstudio.vn\/ja\/#organization"},"potentialAction":[{"@type":"SearchAction","target":{"@type":"EntryPoint","urlTemplate":"https:\/\/bsartstudio.vn\/ja\/?s={search_term_string}"},"query-input":{"@type":"PropertyValueSpecification","valueRequired":true,"valueName":"search_term_string"}}],"inLanguage":"en-US"},{"@type":"Organization","@id":"https:\/\/bsartstudio.vn\/ja\/#organization","name":"B\/S Art Studio","url":"https:\/\/bsartstudio.vn\/ja\/","logo":{"@type":"ImageObject","inLanguage":"en-US","@id":"https:\/\/bsartstudio.vn\/ja\/#\/schema\/logo\/image\/","url":"https:\/\/bsartstudio.vn\/wp-content\/uploads\/2020\/03\/54526018_2272576089468053_1525084505319145472_n.jpg","contentUrl":"https:\/\/bsartstudio.vn\/wp-content\/uploads\/2020\/03\/54526018_2272576089468053_1525084505319145472_n.jpg","width":958,"height":958,"caption":"B\/S Art Studio"},"image":{"@id":"https:\/\/bsartstudio.vn\/ja\/#\/schema\/logo\/image\/"}}]}},"_links":{"self":[{"href":"https:\/\/bsartstudio.vn\/en\/wp-json\/wp\/v2\/product\/6778"}],"collection":[{"href":"https:\/\/bsartstudio.vn\/en\/wp-json\/wp\/v2\/product"}],"about":[{"href":"https:\/\/bsartstudio.vn\/en\/wp-json\/wp\/v2\/types\/product"}],"wp:featuredmedia":[{"embeddable":true,"href":"https:\/\/bsartstudio.vn\/en\/wp-json\/wp\/v2\/media\/6711"}],"wp:attachment":[{"href":"https:\/\/bsartstudio.vn\/en\/wp-json\/wp\/v2\/media?parent=6778"}],"wp:term":[{"taxonomy":"product_cat","embeddable":true,"href":"https:\/\/bsartstudio.vn\/en\/wp-json\/wp\/v2\/product_cat?post=6778"},{"taxonomy":"product_tag","embeddable":true,"href":"https:\/\/bsartstudio.vn\/en\/wp-json\/wp\/v2\/product_tag?post=6778"}],"curies":[{"name":"wp","href":"https:\/\/api.w.org\/{rel}","templated":true}]}}