{"id":6292,"date":"2023-10-20T13:57:39","date_gmt":"2023-10-20T06:57:39","guid":{"rendered":"https:\/\/bsartstudio.vn\/?post_type=product&#038;p=6292"},"modified":"2025-04-10T15:15:22","modified_gmt":"2025-04-10T08:15:22","slug":"keychain-lady-gao","status":"publish","type":"product","link":"https:\/\/bsartstudio.vn\/en\/products\/keychain-lady-gao\/","title":{"rendered":"LADY G\u1ea0O &#8211; The Moon Lady &#8211; Keychain"},"content":{"rendered":"<h1><span style=\"font-size: 18pt;\"><strong>&#8220;LADY G\u1ea0O &#8211; Be Proud of your culture and Identity&#8221; Keychain<\/strong><\/span><\/h1>\n<p><span style=\"color: #000000;\">&#8220;Lady\u00a0G\u1ea1o&#8221;\u00a0is\u00a0the\u00a0main\u00a0character\u00a0in\u00a0the\u00a0story\u00a0book\u00a0\u201cTHE\u00a0MOON\u00a0LADY\u00a0and\u00a0THREE\u00a0MAGICAL\u00a0PADDY\u00a0GRAINS\u201d<\/span><\/p>\n<h2><span style=\"color: #0000ff; font-size: 14pt;\">&#8220;LADY G\u1ea0O &#8211; The Moon Lady&#8221; Keychain <\/span><\/h2>\n<p><span style=\"color: #000000;\">\u201cLady G\u1ea1o\u201d exploring the mysteries within the \u201cThree Magical Paddy Grains\u201d is a journey of overcoming mistakes, seeking knowledge through the symbol of the \u201cThe Crescent Moon\u201d. From there, she helped the villagers regain their dignity, break free from the tyranny of the old Cat, and bring a warm and happy life not only to the Mouse village but also to other regions.<\/span><\/p>\n<p><span style=\"color: #000000;\">Please click <span style=\"color: #0000ff;\"><a style=\"color: #0000ff;\" href=\"https:\/\/www.youtube.com\/watch?v=-AbXJeTx9Yk&amp;t=19s\" target=\"_blank\" rel=\"noopener\">here<\/a><\/span> to watch <strong>Book trailer<\/strong><\/span><\/p>\n<p><span style=\"color: #000000;\">Please click <span style=\"color: #0000ff;\"><a style=\"color: #0000ff;\" href=\"https:\/\/bsartstudio.vn\/en\/products-category\/golden-buffalo-world-pig-moon\/lady-gao-collection\/\" target=\"_blank\" rel=\"noopener\">here<\/a><\/span> to see more <strong>Lady Moon (Lay G\u1ea1o)&#8217;s products<\/strong><\/span><\/p>\n<div dir=\"auto\"><span style=\"color: #000000;\"><span class=\"html-span xdj266r x11i5rnm xat24cr x1mh8g0r xexx8yu x4uap5 x18d9i69 xkhd6sd x1hl2dhg x16tdsg8 x1vvkbs\">#bsartstudio<\/span> <span class=\"html-span xdj266r x11i5rnm xat24cr x1mh8g0r xexx8yu x4uap5 x18d9i69 xkhd6sd x1hl2dhg x16tdsg8 x1vvkbs\">#s\u00e1ch_hay<\/span> <span class=\"html-span xdj266r x11i5rnm xat24cr x1mh8g0r xexx8yu x4uap5 x18d9i69 xkhd6sd x1hl2dhg x16tdsg8 x1vvkbs\">#childrenbook<\/span> <span class=\"html-span xdj266r x11i5rnm xat24cr x1mh8g0r xexx8yu x4uap5 x18d9i69 xkhd6sd x1hl2dhg x16tdsg8 x1vvkbs\">#s\u00e1ch_thi\u1ebfu_nhi<\/span> <span class=\"html-span xdj266r x11i5rnm xat24cr x1mh8g0r xexx8yu x4uap5 x18d9i69 xkhd6sd x1hl2dhg x16tdsg8 x1vvkbs\">#n\u00e0ng_G\u1ea1o<\/span><\/span><\/div>\n<div dir=\"auto\"><span class=\"html-span xdj266r x11i5rnm xat24cr x1mh8g0r xexx8yu x4uap5 x18d9i69 xkhd6sd x1hl2dhg x16tdsg8 x1vvkbs\" style=\"color: #000000;\">#N\u00e0ng_Tr\u0103ng_v\u00e0_Ba_H\u1ea1t_L\u00faa_Th\u1ea7n<\/span><\/div>\n","protected":false},"excerpt":{"rendered":"<article class=\"4ever-article\" data-clipboard-cangjie=\"[&quot;root&quot;,{&quot;copyFrom&quot;:788834159},[&quot;p&quot;,{&quot;jc&quot;:&quot;left&quot;,&quot;ind&quot;:{},&quot;spacing&quot;:{}},[&quot;span&quot;,{&quot;data-type&quot;:&quot;text&quot;},[&quot;span&quot;,{&quot;data-type&quot;:&quot;leaf&quot;},&quot;\\&quot;&quot;],[&quot;span&quot;,{&quot;bold&quot;:true,&quot;data-type&quot;:&quot;leaf&quot;},&quot;Lady G\u1ea1o&quot;],[&quot;span&quot;,{&quot;data-type&quot;:&quot;leaf&quot;},&quot;\\&quot; is the main character in the story book \u201cTHE MOON LADY and THREE MAGICAL PADDY GRAINS\u201d&quot;]]],[&quot;p&quot;,{&quot;jc&quot;:&quot;left&quot;,&quot;ind&quot;:{},&quot;spacing&quot;:{}},[&quot;span&quot;,{&quot;data-type&quot;:&quot;text&quot;},[&quot;span&quot;,{&quot;bold&quot;:true,&quot;data-type&quot;:&quot;leaf&quot;},&quot;\u201cLady G\u1ea1o\u201d&quot;],[&quot;span&quot;,{&quot;data-type&quot;:&quot;leaf&quot;},&quot; exploring the mysteries within the &quot;],[&quot;span&quot;,{&quot;bold&quot;:true,&quot;data-type&quot;:&quot;leaf&quot;},&quot;\u201cThree Magical Paddy Grains\u201d&quot;],[&quot;span&quot;,{&quot;data-type&quot;:&quot;leaf&quot;},&quot; is a journey of overcoming mistakes, seeking knowledge through the symbol of the &quot;],[&quot;span&quot;,{&quot;bold&quot;:true,&quot;data-type&quot;:&quot;leaf&quot;},&quot;\u201cThe Crescent Moon\u201d.&quot;],[&quot;span&quot;,{&quot;data-type&quot;:&quot;leaf&quot;},&quot; From there, she helped the villagers regain their dignity, break free from the tyranny of the old Cat, and bring a warm and happy life not only to the Mouse village but also to other regions.&quot;]]]]\"><span style=\"color: #000000;\">Keychain <strong>&#8220;LADY G\u1ea0O &#8211; Be Proud of your culture and Identity&#8221;<\/strong><\/span><\/article>\n<article data-clipboard-cangjie=\"[&quot;root&quot;,{&quot;copyFrom&quot;:788834159},[&quot;p&quot;,{&quot;jc&quot;:&quot;left&quot;,&quot;ind&quot;:{},&quot;spacing&quot;:{}},[&quot;span&quot;,{&quot;data-type&quot;:&quot;text&quot;},[&quot;span&quot;,{&quot;data-type&quot;:&quot;leaf&quot;},&quot;\\&quot;&quot;],[&quot;span&quot;,{&quot;bold&quot;:true,&quot;data-type&quot;:&quot;leaf&quot;},&quot;Lady G\u1ea1o&quot;],[&quot;span&quot;,{&quot;data-type&quot;:&quot;leaf&quot;},&quot;\\&quot; is the main character in the story book \u201cTHE MOON LADY and THREE MAGICAL PADDY GRAINS\u201d&quot;]]],[&quot;p&quot;,{&quot;jc&quot;:&quot;left&quot;,&quot;ind&quot;:{},&quot;spacing&quot;:{}},[&quot;span&quot;,{&quot;data-type&quot;:&quot;text&quot;},[&quot;span&quot;,{&quot;bold&quot;:true,&quot;data-type&quot;:&quot;leaf&quot;},&quot;\u201cLady G\u1ea1o\u201d&quot;],[&quot;span&quot;,{&quot;data-type&quot;:&quot;leaf&quot;},&quot; exploring the mysteries within the &quot;],[&quot;span&quot;,{&quot;bold&quot;:true,&quot;data-type&quot;:&quot;leaf&quot;},&quot;\u201cThree Magical Paddy Grains\u201d&quot;],[&quot;span&quot;,{&quot;data-type&quot;:&quot;leaf&quot;},&quot; is a journey of overcoming mistakes, seeking knowledge through the symbol of the &quot;],[&quot;span&quot;,{&quot;bold&quot;:true,&quot;data-type&quot;:&quot;leaf&quot;},&quot;\u201cThe Crescent Moon\u201d.&quot;],[&quot;span&quot;,{&quot;data-type&quot;:&quot;leaf&quot;},&quot; From there, she helped the villagers regain their dignity, break free from the tyranny of the old Cat, and bring a warm and happy life not only to the Mouse village but also to other regions.&quot;]]]]\"><\/article>\n<article data-clipboard-cangjie=\"[&quot;root&quot;,{&quot;copyFrom&quot;:788834159},[&quot;p&quot;,{&quot;jc&quot;:&quot;left&quot;,&quot;ind&quot;:{},&quot;spacing&quot;:{}},[&quot;span&quot;,{&quot;data-type&quot;:&quot;text&quot;},[&quot;span&quot;,{&quot;data-type&quot;:&quot;leaf&quot;},&quot;\\&quot;&quot;],[&quot;span&quot;,{&quot;bold&quot;:true,&quot;data-type&quot;:&quot;leaf&quot;},&quot;Lady G\u1ea1o&quot;],[&quot;span&quot;,{&quot;data-type&quot;:&quot;leaf&quot;},&quot;\\&quot; is the main character in the story book \u201cTHE MOON LADY and THREE MAGICAL PADDY GRAINS\u201d&quot;]]],[&quot;p&quot;,{&quot;jc&quot;:&quot;left&quot;,&quot;ind&quot;:{},&quot;spacing&quot;:{}},[&quot;span&quot;,{&quot;data-type&quot;:&quot;text&quot;},[&quot;span&quot;,{&quot;bold&quot;:true,&quot;data-type&quot;:&quot;leaf&quot;},&quot;\u201cLady G\u1ea1o\u201d&quot;],[&quot;span&quot;,{&quot;data-type&quot;:&quot;leaf&quot;},&quot; exploring the mysteries within the &quot;],[&quot;span&quot;,{&quot;bold&quot;:true,&quot;data-type&quot;:&quot;leaf&quot;},&quot;\u201cThree Magical Paddy Grains\u201d&quot;],[&quot;span&quot;,{&quot;data-type&quot;:&quot;leaf&quot;},&quot; is a journey of overcoming mistakes, seeking knowledge through the symbol of the &quot;],[&quot;span&quot;,{&quot;bold&quot;:true,&quot;data-type&quot;:&quot;leaf&quot;},&quot;\u201cThe Crescent Moon\u201d.&quot;],[&quot;span&quot;,{&quot;data-type&quot;:&quot;leaf&quot;},&quot; From there, she helped the villagers regain their dignity, break free from the tyranny of the old Cat, and bring a warm and happy life not only to the Mouse village but also to other regions.&quot;]]]]\"><span style=\"color: #000000;\">Material: Mica<\/span><br \/>\n<span style=\"color: #000000;\">Size: 5 cm x 6 cm<\/span><\/article>\n<article data-clipboard-cangjie=\"[&quot;root&quot;,{&quot;copyFrom&quot;:788834159},[&quot;p&quot;,{&quot;jc&quot;:&quot;left&quot;,&quot;ind&quot;:{},&quot;spacing&quot;:{}},[&quot;span&quot;,{&quot;data-type&quot;:&quot;text&quot;},[&quot;span&quot;,{&quot;data-type&quot;:&quot;leaf&quot;},&quot;\\&quot;&quot;],[&quot;span&quot;,{&quot;bold&quot;:true,&quot;data-type&quot;:&quot;leaf&quot;},&quot;Lady G\u1ea1o&quot;],[&quot;span&quot;,{&quot;data-type&quot;:&quot;leaf&quot;},&quot;\\&quot; is the main character in the story book \u201cTHE MOON LADY and THREE MAGICAL PADDY GRAINS\u201d&quot;]]],[&quot;p&quot;,{&quot;jc&quot;:&quot;left&quot;,&quot;ind&quot;:{},&quot;spacing&quot;:{}},[&quot;span&quot;,{&quot;data-type&quot;:&quot;text&quot;},[&quot;span&quot;,{&quot;bold&quot;:true,&quot;data-type&quot;:&quot;leaf&quot;},&quot;\u201cLady G\u1ea1o\u201d&quot;],[&quot;span&quot;,{&quot;data-type&quot;:&quot;leaf&quot;},&quot; exploring the mysteries within the &quot;],[&quot;span&quot;,{&quot;bold&quot;:true,&quot;data-type&quot;:&quot;leaf&quot;},&quot;\u201cThree Magical Paddy Grains\u201d&quot;],[&quot;span&quot;,{&quot;data-type&quot;:&quot;leaf&quot;},&quot; is a journey of overcoming mistakes, seeking knowledge through the symbol of the &quot;],[&quot;span&quot;,{&quot;bold&quot;:true,&quot;data-type&quot;:&quot;leaf&quot;},&quot;\u201cThe Crescent Moon\u201d.&quot;],[&quot;span&quot;,{&quot;data-type&quot;:&quot;leaf&quot;},&quot; From there, she helped the villagers regain their dignity, break free from the tyranny of the old Cat, and bring a warm and happy life not only to the Mouse village but also to other regions.&quot;]]]]\"><span style=\"color: #000000;\">Unique design &#8211; <span class=\"HwtZe\" lang=\"en\"><span class=\"jCAhz ChMk0b\"><span class=\"ryNqvb\">Two-sided design<\/span><\/span><\/span><\/span><\/article>\n","protected":false},"featured_media":6300,"template":"","meta":{"_et_pb_use_builder":"","_et_pb_old_content":"","_et_gb_content_width":""},"product_cat":[187,29,20],"product_tag":[210,208,209,200,150,201,549,149,439],"yoast_head":"<!-- This site is optimized with the Yoast SEO plugin v24.5 - https:\/\/yoast.com\/wordpress\/plugins\/seo\/ -->\n<title>LADY G\u1ea0O - The Moon Lady - Keychain - Unique souvenir - B\/S Art Studio<\/title>\n<meta name=\"description\" content=\"&quot;LADY G\u1ea0O - Be Proud of your culture and Identity&quot; Keychain with cute characters, symbolizing Vietnamese culture, will be a unique souvenir.\" \/>\n<meta name=\"robots\" content=\"index, follow, max-snippet:-1, max-image-preview:large, max-video-preview:-1\" \/>\n<link rel=\"canonical\" href=\"https:\/\/bsartstudio.vn\/en\/products\/keychain-lady-gao\/\" \/>\n<meta property=\"og:locale\" content=\"en_US\" \/>\n<meta property=\"og:type\" content=\"article\" \/>\n<meta property=\"og:title\" content=\"LADY G\u1ea0O - The Moon Lady - Keychain - Unique souvenir - B\/S Art Studio\" \/>\n<meta property=\"og:description\" content=\"&quot;LADY G\u1ea0O - Be Proud of your culture and Identity&quot; Keychain with cute characters, symbolizing Vietnamese culture, will be a unique souvenir.\" \/>\n<meta property=\"og:url\" content=\"https:\/\/bsartstudio.vn\/en\/products\/keychain-lady-gao\/\" \/>\n<meta property=\"og:site_name\" content=\"B\/S Art Studio\" \/>\n<meta property=\"article:modified_time\" content=\"2025-04-10T08:15:22+00:00\" \/>\n<meta property=\"og:image\" content=\"https:\/\/bsartstudio.vn\/wp-content\/uploads\/2023\/10\/Moc-Nang-Gao-3.jpg\" \/>\n\t<meta property=\"og:image:width\" content=\"1920\" \/>\n\t<meta property=\"og:image:height\" content=\"1920\" \/>\n\t<meta property=\"og:image:type\" content=\"image\/jpeg\" \/>\n<meta name=\"twitter:card\" content=\"summary_large_image\" \/>\n<meta name=\"twitter:label1\" content=\"Est. reading time\" \/>\n\t<meta name=\"twitter:data1\" content=\"1 minute\" \/>\n<script type=\"application\/ld+json\" class=\"yoast-schema-graph\">{\"@context\":\"https:\/\/schema.org\",\"@graph\":[{\"@type\":\"WebPage\",\"@id\":\"https:\/\/bsartstudio.vn\/en\/products\/keychain-lady-gao\/\",\"url\":\"https:\/\/bsartstudio.vn\/en\/products\/keychain-lady-gao\/\",\"name\":\"LADY G\u1ea0O - The Moon Lady - Keychain - Unique souvenir - B\/S Art Studio\",\"isPartOf\":{\"@id\":\"https:\/\/bsartstudio.vn\/ja\/#website\"},\"primaryImageOfPage\":{\"@id\":\"https:\/\/bsartstudio.vn\/en\/products\/keychain-lady-gao\/#primaryimage\"},\"image\":{\"@id\":\"https:\/\/bsartstudio.vn\/en\/products\/keychain-lady-gao\/#primaryimage\"},\"thumbnailUrl\":\"https:\/\/bsartstudio.vn\/wp-content\/uploads\/2023\/10\/Moc-Nang-Gao-3.jpg\",\"datePublished\":\"2023-10-20T06:57:39+00:00\",\"dateModified\":\"2025-04-10T08:15:22+00:00\",\"description\":\"\\\"LADY G\u1ea0O - Be Proud of your culture and Identity\\\" Keychain with cute characters, symbolizing Vietnamese culture, will be a unique souvenir.\",\"breadcrumb\":{\"@id\":\"https:\/\/bsartstudio.vn\/en\/products\/keychain-lady-gao\/#breadcrumb\"},\"inLanguage\":\"en-US\",\"potentialAction\":[{\"@type\":\"ReadAction\",\"target\":[\"https:\/\/bsartstudio.vn\/en\/products\/keychain-lady-gao\/\"]}]},{\"@type\":\"ImageObject\",\"inLanguage\":\"en-US\",\"@id\":\"https:\/\/bsartstudio.vn\/en\/products\/keychain-lady-gao\/#primaryimage\",\"url\":\"https:\/\/bsartstudio.vn\/wp-content\/uploads\/2023\/10\/Moc-Nang-Gao-3.jpg\",\"contentUrl\":\"https:\/\/bsartstudio.vn\/wp-content\/uploads\/2023\/10\/Moc-Nang-Gao-3.jpg\",\"width\":1920,\"height\":1920,\"caption\":\"\\\"LADY G\u1ea0O - Be Proud of your culture and Identity\\\" Keychain\"},{\"@type\":\"BreadcrumbList\",\"@id\":\"https:\/\/bsartstudio.vn\/en\/products\/keychain-lady-gao\/#breadcrumb\",\"itemListElement\":[{\"@type\":\"ListItem\",\"position\":1,\"name\":\"Home\",\"item\":\"https:\/\/bsartstudio.vn\/en\/\"},{\"@type\":\"ListItem\",\"position\":2,\"name\":\"Shop\",\"item\":\"https:\/\/bsartstudio.vn\/en\/shop\/\"},{\"@type\":\"ListItem\",\"position\":3,\"name\":\"LADY G\u1ea0O &#8211; The Moon Lady &#8211; Keychain\"}]},{\"@type\":\"WebSite\",\"@id\":\"https:\/\/bsartstudio.vn\/ja\/#website\",\"url\":\"https:\/\/bsartstudio.vn\/ja\/\",\"name\":\"B\/S Art Studio\",\"description\":\"\",\"publisher\":{\"@id\":\"https:\/\/bsartstudio.vn\/ja\/#organization\"},\"potentialAction\":[{\"@type\":\"SearchAction\",\"target\":{\"@type\":\"EntryPoint\",\"urlTemplate\":\"https:\/\/bsartstudio.vn\/ja\/?s={search_term_string}\"},\"query-input\":{\"@type\":\"PropertyValueSpecification\",\"valueRequired\":true,\"valueName\":\"search_term_string\"}}],\"inLanguage\":\"en-US\"},{\"@type\":\"Organization\",\"@id\":\"https:\/\/bsartstudio.vn\/ja\/#organization\",\"name\":\"B\/S Art Studio\",\"url\":\"https:\/\/bsartstudio.vn\/ja\/\",\"logo\":{\"@type\":\"ImageObject\",\"inLanguage\":\"en-US\",\"@id\":\"https:\/\/bsartstudio.vn\/ja\/#\/schema\/logo\/image\/\",\"url\":\"https:\/\/bsartstudio.vn\/wp-content\/uploads\/2020\/03\/54526018_2272576089468053_1525084505319145472_n.jpg\",\"contentUrl\":\"https:\/\/bsartstudio.vn\/wp-content\/uploads\/2020\/03\/54526018_2272576089468053_1525084505319145472_n.jpg\",\"width\":958,\"height\":958,\"caption\":\"B\/S Art Studio\"},\"image\":{\"@id\":\"https:\/\/bsartstudio.vn\/ja\/#\/schema\/logo\/image\/\"}}]}<\/script>\n<!-- \/ Yoast SEO plugin. -->","yoast_head_json":{"title":"LADY G\u1ea0O - The Moon Lady - Keychain - Unique souvenir - B\/S Art Studio","description":"\"LADY G\u1ea0O - Be Proud of your culture and Identity\" Keychain with cute characters, symbolizing Vietnamese culture, will be a unique souvenir.","robots":{"index":"index","follow":"follow","max-snippet":"max-snippet:-1","max-image-preview":"max-image-preview:large","max-video-preview":"max-video-preview:-1"},"canonical":"https:\/\/bsartstudio.vn\/en\/products\/keychain-lady-gao\/","og_locale":"en_US","og_type":"article","og_title":"LADY G\u1ea0O - The Moon Lady - Keychain - Unique souvenir - B\/S Art Studio","og_description":"\"LADY G\u1ea0O - Be Proud of your culture and Identity\" Keychain with cute characters, symbolizing Vietnamese culture, will be a unique souvenir.","og_url":"https:\/\/bsartstudio.vn\/en\/products\/keychain-lady-gao\/","og_site_name":"B\/S Art Studio","article_modified_time":"2025-04-10T08:15:22+00:00","og_image":[{"width":1920,"height":1920,"url":"https:\/\/bsartstudio.vn\/wp-content\/uploads\/2023\/10\/Moc-Nang-Gao-3.jpg","type":"image\/jpeg"}],"twitter_card":"summary_large_image","twitter_misc":{"Est. reading time":"1 minute"},"schema":{"@context":"https:\/\/schema.org","@graph":[{"@type":"WebPage","@id":"https:\/\/bsartstudio.vn\/en\/products\/keychain-lady-gao\/","url":"https:\/\/bsartstudio.vn\/en\/products\/keychain-lady-gao\/","name":"LADY G\u1ea0O - The Moon Lady - Keychain - Unique souvenir - B\/S Art Studio","isPartOf":{"@id":"https:\/\/bsartstudio.vn\/ja\/#website"},"primaryImageOfPage":{"@id":"https:\/\/bsartstudio.vn\/en\/products\/keychain-lady-gao\/#primaryimage"},"image":{"@id":"https:\/\/bsartstudio.vn\/en\/products\/keychain-lady-gao\/#primaryimage"},"thumbnailUrl":"https:\/\/bsartstudio.vn\/wp-content\/uploads\/2023\/10\/Moc-Nang-Gao-3.jpg","datePublished":"2023-10-20T06:57:39+00:00","dateModified":"2025-04-10T08:15:22+00:00","description":"\"LADY G\u1ea0O - Be Proud of your culture and Identity\" Keychain with cute characters, symbolizing Vietnamese culture, will be a unique souvenir.","breadcrumb":{"@id":"https:\/\/bsartstudio.vn\/en\/products\/keychain-lady-gao\/#breadcrumb"},"inLanguage":"en-US","potentialAction":[{"@type":"ReadAction","target":["https:\/\/bsartstudio.vn\/en\/products\/keychain-lady-gao\/"]}]},{"@type":"ImageObject","inLanguage":"en-US","@id":"https:\/\/bsartstudio.vn\/en\/products\/keychain-lady-gao\/#primaryimage","url":"https:\/\/bsartstudio.vn\/wp-content\/uploads\/2023\/10\/Moc-Nang-Gao-3.jpg","contentUrl":"https:\/\/bsartstudio.vn\/wp-content\/uploads\/2023\/10\/Moc-Nang-Gao-3.jpg","width":1920,"height":1920,"caption":"\"LADY G\u1ea0O - Be Proud of your culture and Identity\" Keychain"},{"@type":"BreadcrumbList","@id":"https:\/\/bsartstudio.vn\/en\/products\/keychain-lady-gao\/#breadcrumb","itemListElement":[{"@type":"ListItem","position":1,"name":"Home","item":"https:\/\/bsartstudio.vn\/en\/"},{"@type":"ListItem","position":2,"name":"Shop","item":"https:\/\/bsartstudio.vn\/en\/shop\/"},{"@type":"ListItem","position":3,"name":"LADY G\u1ea0O &#8211; The Moon Lady &#8211; Keychain"}]},{"@type":"WebSite","@id":"https:\/\/bsartstudio.vn\/ja\/#website","url":"https:\/\/bsartstudio.vn\/ja\/","name":"B\/S Art Studio","description":"","publisher":{"@id":"https:\/\/bsartstudio.vn\/ja\/#organization"},"potentialAction":[{"@type":"SearchAction","target":{"@type":"EntryPoint","urlTemplate":"https:\/\/bsartstudio.vn\/ja\/?s={search_term_string}"},"query-input":{"@type":"PropertyValueSpecification","valueRequired":true,"valueName":"search_term_string"}}],"inLanguage":"en-US"},{"@type":"Organization","@id":"https:\/\/bsartstudio.vn\/ja\/#organization","name":"B\/S Art Studio","url":"https:\/\/bsartstudio.vn\/ja\/","logo":{"@type":"ImageObject","inLanguage":"en-US","@id":"https:\/\/bsartstudio.vn\/ja\/#\/schema\/logo\/image\/","url":"https:\/\/bsartstudio.vn\/wp-content\/uploads\/2020\/03\/54526018_2272576089468053_1525084505319145472_n.jpg","contentUrl":"https:\/\/bsartstudio.vn\/wp-content\/uploads\/2020\/03\/54526018_2272576089468053_1525084505319145472_n.jpg","width":958,"height":958,"caption":"B\/S Art Studio"},"image":{"@id":"https:\/\/bsartstudio.vn\/ja\/#\/schema\/logo\/image\/"}}]}},"_links":{"self":[{"href":"https:\/\/bsartstudio.vn\/en\/wp-json\/wp\/v2\/product\/6292"}],"collection":[{"href":"https:\/\/bsartstudio.vn\/en\/wp-json\/wp\/v2\/product"}],"about":[{"href":"https:\/\/bsartstudio.vn\/en\/wp-json\/wp\/v2\/types\/product"}],"wp:featuredmedia":[{"embeddable":true,"href":"https:\/\/bsartstudio.vn\/en\/wp-json\/wp\/v2\/media\/6300"}],"wp:attachment":[{"href":"https:\/\/bsartstudio.vn\/en\/wp-json\/wp\/v2\/media?parent=6292"}],"wp:term":[{"taxonomy":"product_cat","embeddable":true,"href":"https:\/\/bsartstudio.vn\/en\/wp-json\/wp\/v2\/product_cat?post=6292"},{"taxonomy":"product_tag","embeddable":true,"href":"https:\/\/bsartstudio.vn\/en\/wp-json\/wp\/v2\/product_tag?post=6292"}],"curies":[{"name":"wp","href":"https:\/\/api.w.org\/{rel}","templated":true}]}}