{"id":6040,"date":"2023-08-20T13:39:10","date_gmt":"2023-08-20T06:39:10","guid":{"rendered":"https:\/\/bsartstudio.vn\/?post_type=product&#038;p=6040"},"modified":"2026-01-01T14:01:09","modified_gmt":"2026-01-01T07:01:09","slug":"printing-artwork-mid-autumn-lantern","status":"publish","type":"product","link":"https:\/\/bsartstudio.vn\/en\/products\/printing-artwork-mid-autumn-lantern\/","title":{"rendered":"Mid-Autumn Festival Lantern &#8211; Art Print &#8211; Detailed Patterns Art Style"},"content":{"rendered":"<h1><span style=\"color: #000000; font-size: 18pt;\"><strong>Art Print &#8220;Mid-Autumn Festival Lantern&#8221; &#8211; Detailed Patterns Art Style Collection<\/strong><\/span><\/h1>\n<p><span style=\"color: #000000;\">The artworks use the image of a skillful and delicate Vietnamese woman in traditional costume such as Ao Dai, Nhat Binh combined with Vietnamese patterns which represent traditional handicraft professions in Vietnam. <\/span><span style=\"color: #000000;\">Through the Craftswoman artworks, B\/S Art Studio hopes to introduce the \u201ctimeless values\u201d which is the knowledge and techniques will be preserved and developed.<\/span><\/p>\n<p><span style=\"color: #000000;\">This will be the bond between past and future making us to understand more about the past and also become a base for people to be better and head to the future.<\/span><\/p>\n<p><span style=\"color: #000000;\">This collection is drawn in a new style, combining the Vietnam traditional art style with modern style, the details in painting which shows how clever and skillful the craftswoman is.<\/span><\/p>\n<h2><span style=\"font-size: 14pt;\"><strong>Art Print &#8220;Mid-Autumn Festival Lantern&#8221;<\/strong><\/span><\/h2>\n<p><span style=\"color: #000000;\">On the Mid-Autumn Festival, under the gentle glow of the moon, along with the shimmering candlelight radiating from the colorful artistic lanterns, a lively atmosphere envelops the children.<\/span><\/p>\n<p><span style=\"color: #000000;\">\ud83c\udfee The enchanting and mystical light of the candle has etched deep\u00a0 the minds of countless generations of young ones, giving rise to various emotions and dreams.<\/span><\/p>\n<p><span style=\"color: #000000;\">\u2728 With the skillful hands of lantern artisans, the natural world, images of myriad objects, and all kinds of creatures become magical and vivid.<\/span><\/p>\n<p><span style=\"color: #000000;\">Perfect for home decor, transform any reading room or living room, making it more impressive and adding a highlight.<\/span><\/p>\n<p><span style=\"color: #000000;\">Click <span style=\"color: #0000ff;\"><a style=\"color: #0000ff;\" href=\"https:\/\/bsartstudio.vn\/en\/detailed-patterns-art-style-collection-craftswoman-and-religion-gods-in-vietnamese-traditional-culture\/\" target=\"_blank\" rel=\"noopener\">here<\/a> <\/span>for more information about Detailed Patterns Art Style Collection &#8220;Craftswoman and Religion Gods in Vietnamese Traditional Culture&#8221;<\/span><\/p>\n<p><span style=\"color: #000000;\">Click <span style=\"color: #0000ff;\"><a style=\"color: #0000ff;\" href=\"https:\/\/bsartstudio.vn\/en\/products-category\/artwork\/detailed-patterns-art-style\/\" target=\"_blank\" rel=\"noopener\">here<\/a><\/span> for buy all collections.<\/span><\/p>\n<p><span style=\"color: #000000;\">Please feel free to email us at: <span style=\"color: #0000ff;\">bsartstudioworkshop@gmail.com<\/span> for more details or to place an order. We\u2019re happy to assist you!<\/span><\/p>\n<p><span style=\"color: #000000;\">#gift #art #artprint #wallart #artsouvenir #painting #drawing #tranhintrangtr\u00ed #tranhinngh\u1ec7thu\u1eadt #detailedartstyle #Tranh_v\u1ebd #Tranh_in #tranh_trang_tr\u00ed #truy\u1ec1n_th\u1ed1ng #decor #trang_tr\u00ed_nh\u00e0 #v\u0103n_h\u00f3a_Vi\u1ec7t #qu\u00e0_t\u1eb7ng<\/span><\/p>\n","protected":false},"excerpt":{"rendered":"<p><span style=\"color: #000000;\">With cheerful colors and unique character designs, it will be a meaningful and unique gift for you to choose for your relatives and friends.<\/span><br \/>\n<span style=\"color: #000000;\">Unique decorative wall art print decor. Vietnamese Cultural Gifts.<\/span><\/p>\n<p><span style=\"color: #000000;\">Material: High quality printing on Art Paper<\/span><\/p>\n<p><span style=\"color: #000000;\">Frame: industrial wood frame + mica<\/span><\/p>\n<p><span style=\"color: #000000;\"><strong>Price WITHOUT FRAME<\/strong><\/span><\/p>\n<p><span style=\"color: #000000;\">Size: 42cm x 30cm: <strong>500.000 VND (20 $)<\/strong><\/span><\/p>\n<p><span style=\"color: #000000;\"><strong>Price<\/strong><strong> WITH FRAME<\/strong><\/span><\/p>\n<p><span style=\"color: #000000;\">Size: 45cm x 33cm: <strong>800.000 VND (32 $)<\/strong><\/span><\/p>\n<p><span style=\"color: #000000;\">Please feel free to email us at: <span style=\"color: #0000ff;\">bsartstudioworkshop@gmail.com<\/span> for choosing the sizes<\/span><\/p>\n","protected":false},"featured_media":7224,"template":"","meta":{"_et_pb_use_builder":"","_et_pb_old_content":"","_et_gb_content_width":""},"product_cat":[17,33,427],"product_tag":[260,567,261,118,201,216,439,328],"yoast_head":"<!-- This site is optimized with the Yoast SEO plugin v24.5 - https:\/\/yoast.com\/wordpress\/plugins\/seo\/ -->\n<title>&quot;Mid-Autumn Festival Lantern&quot; Detailed Patterns Art Style - Art Print<\/title>\n<meta name=\"description\" content=\"&quot;Mid-Autumn Festival Lantern&quot; Art Print is a harmonious blend of intricate patterns, motifs, and symbols that represent traditional Vietnamese handcrafts.\" \/>\n<meta name=\"robots\" content=\"index, follow, max-snippet:-1, max-image-preview:large, max-video-preview:-1\" \/>\n<link rel=\"canonical\" href=\"https:\/\/bsartstudio.vn\/en\/products\/printing-artwork-mid-autumn-lantern\/\" \/>\n<meta property=\"og:locale\" content=\"en_US\" \/>\n<meta property=\"og:type\" content=\"article\" \/>\n<meta property=\"og:title\" content=\"&quot;Mid-Autumn Festival Lantern&quot; Detailed Patterns Art Style - Art Print\" \/>\n<meta property=\"og:description\" content=\"&quot;Mid-Autumn Festival Lantern&quot; Art Print is a harmonious blend of intricate patterns, motifs, and symbols that represent traditional Vietnamese handcrafts.\" \/>\n<meta property=\"og:url\" content=\"https:\/\/bsartstudio.vn\/en\/products\/printing-artwork-mid-autumn-lantern\/\" \/>\n<meta property=\"og:site_name\" content=\"B\/S Art Studio\" \/>\n<meta property=\"article:modified_time\" content=\"2026-01-01T07:01:09+00:00\" \/>\n<meta property=\"og:image\" content=\"https:\/\/bsartstudio.vn\/wp-content\/uploads\/2023\/08\/Art-Prints-Vietnamese-Craftwoman-8.jpg\" \/>\n\t<meta property=\"og:image:width\" content=\"1920\" \/>\n\t<meta property=\"og:image:height\" content=\"1920\" \/>\n\t<meta property=\"og:image:type\" content=\"image\/jpeg\" \/>\n<meta name=\"twitter:card\" content=\"summary_large_image\" \/>\n<meta name=\"twitter:label1\" content=\"Est. reading time\" \/>\n\t<meta name=\"twitter:data1\" content=\"2 minutes\" \/>\n<script type=\"application\/ld+json\" class=\"yoast-schema-graph\">{\"@context\":\"https:\/\/schema.org\",\"@graph\":[{\"@type\":\"WebPage\",\"@id\":\"https:\/\/bsartstudio.vn\/en\/products\/printing-artwork-mid-autumn-lantern\/\",\"url\":\"https:\/\/bsartstudio.vn\/en\/products\/printing-artwork-mid-autumn-lantern\/\",\"name\":\"\\\"Mid-Autumn Festival Lantern\\\" Detailed Patterns Art Style - Art Print\",\"isPartOf\":{\"@id\":\"https:\/\/bsartstudio.vn\/ja\/#website\"},\"primaryImageOfPage\":{\"@id\":\"https:\/\/bsartstudio.vn\/en\/products\/printing-artwork-mid-autumn-lantern\/#primaryimage\"},\"image\":{\"@id\":\"https:\/\/bsartstudio.vn\/en\/products\/printing-artwork-mid-autumn-lantern\/#primaryimage\"},\"thumbnailUrl\":\"https:\/\/bsartstudio.vn\/wp-content\/uploads\/2023\/08\/Art-Prints-Vietnamese-Craftwoman-8.jpg\",\"datePublished\":\"2023-08-20T06:39:10+00:00\",\"dateModified\":\"2026-01-01T07:01:09+00:00\",\"description\":\"\\\"Mid-Autumn Festival Lantern\\\" Art Print is a harmonious blend of intricate patterns, motifs, and symbols that represent traditional Vietnamese handcrafts.\",\"breadcrumb\":{\"@id\":\"https:\/\/bsartstudio.vn\/en\/products\/printing-artwork-mid-autumn-lantern\/#breadcrumb\"},\"inLanguage\":\"en-US\",\"potentialAction\":[{\"@type\":\"ReadAction\",\"target\":[\"https:\/\/bsartstudio.vn\/en\/products\/printing-artwork-mid-autumn-lantern\/\"]}]},{\"@type\":\"ImageObject\",\"inLanguage\":\"en-US\",\"@id\":\"https:\/\/bsartstudio.vn\/en\/products\/printing-artwork-mid-autumn-lantern\/#primaryimage\",\"url\":\"https:\/\/bsartstudio.vn\/wp-content\/uploads\/2023\/08\/Art-Prints-Vietnamese-Craftwoman-8.jpg\",\"contentUrl\":\"https:\/\/bsartstudio.vn\/wp-content\/uploads\/2023\/08\/Art-Prints-Vietnamese-Craftwoman-8.jpg\",\"width\":1920,\"height\":1920,\"caption\":\"Art Prints Vietnamese Craftwoman\"},{\"@type\":\"BreadcrumbList\",\"@id\":\"https:\/\/bsartstudio.vn\/en\/products\/printing-artwork-mid-autumn-lantern\/#breadcrumb\",\"itemListElement\":[{\"@type\":\"ListItem\",\"position\":1,\"name\":\"Home\",\"item\":\"https:\/\/bsartstudio.vn\/en\/\"},{\"@type\":\"ListItem\",\"position\":2,\"name\":\"Shop\",\"item\":\"https:\/\/bsartstudio.vn\/en\/shop\/\"},{\"@type\":\"ListItem\",\"position\":3,\"name\":\"Mid-Autumn Festival Lantern &#8211; Art Print &#8211; Detailed Patterns Art Style\"}]},{\"@type\":\"WebSite\",\"@id\":\"https:\/\/bsartstudio.vn\/ja\/#website\",\"url\":\"https:\/\/bsartstudio.vn\/ja\/\",\"name\":\"B\/S Art Studio\",\"description\":\"\",\"publisher\":{\"@id\":\"https:\/\/bsartstudio.vn\/ja\/#organization\"},\"potentialAction\":[{\"@type\":\"SearchAction\",\"target\":{\"@type\":\"EntryPoint\",\"urlTemplate\":\"https:\/\/bsartstudio.vn\/ja\/?s={search_term_string}\"},\"query-input\":{\"@type\":\"PropertyValueSpecification\",\"valueRequired\":true,\"valueName\":\"search_term_string\"}}],\"inLanguage\":\"en-US\"},{\"@type\":\"Organization\",\"@id\":\"https:\/\/bsartstudio.vn\/ja\/#organization\",\"name\":\"B\/S Art Studio\",\"url\":\"https:\/\/bsartstudio.vn\/ja\/\",\"logo\":{\"@type\":\"ImageObject\",\"inLanguage\":\"en-US\",\"@id\":\"https:\/\/bsartstudio.vn\/ja\/#\/schema\/logo\/image\/\",\"url\":\"https:\/\/bsartstudio.vn\/wp-content\/uploads\/2020\/03\/54526018_2272576089468053_1525084505319145472_n.jpg\",\"contentUrl\":\"https:\/\/bsartstudio.vn\/wp-content\/uploads\/2020\/03\/54526018_2272576089468053_1525084505319145472_n.jpg\",\"width\":958,\"height\":958,\"caption\":\"B\/S Art Studio\"},\"image\":{\"@id\":\"https:\/\/bsartstudio.vn\/ja\/#\/schema\/logo\/image\/\"}}]}<\/script>\n<!-- \/ Yoast SEO plugin. -->","yoast_head_json":{"title":"\"Mid-Autumn Festival Lantern\" Detailed Patterns Art Style - Art Print","description":"\"Mid-Autumn Festival Lantern\" Art Print is a harmonious blend of intricate patterns, motifs, and symbols that represent traditional Vietnamese handcrafts.","robots":{"index":"index","follow":"follow","max-snippet":"max-snippet:-1","max-image-preview":"max-image-preview:large","max-video-preview":"max-video-preview:-1"},"canonical":"https:\/\/bsartstudio.vn\/en\/products\/printing-artwork-mid-autumn-lantern\/","og_locale":"en_US","og_type":"article","og_title":"\"Mid-Autumn Festival Lantern\" Detailed Patterns Art Style - Art Print","og_description":"\"Mid-Autumn Festival Lantern\" Art Print is a harmonious blend of intricate patterns, motifs, and symbols that represent traditional Vietnamese handcrafts.","og_url":"https:\/\/bsartstudio.vn\/en\/products\/printing-artwork-mid-autumn-lantern\/","og_site_name":"B\/S Art Studio","article_modified_time":"2026-01-01T07:01:09+00:00","og_image":[{"width":1920,"height":1920,"url":"https:\/\/bsartstudio.vn\/wp-content\/uploads\/2023\/08\/Art-Prints-Vietnamese-Craftwoman-8.jpg","type":"image\/jpeg"}],"twitter_card":"summary_large_image","twitter_misc":{"Est. reading time":"2 minutes"},"schema":{"@context":"https:\/\/schema.org","@graph":[{"@type":"WebPage","@id":"https:\/\/bsartstudio.vn\/en\/products\/printing-artwork-mid-autumn-lantern\/","url":"https:\/\/bsartstudio.vn\/en\/products\/printing-artwork-mid-autumn-lantern\/","name":"\"Mid-Autumn Festival Lantern\" Detailed Patterns Art Style - Art Print","isPartOf":{"@id":"https:\/\/bsartstudio.vn\/ja\/#website"},"primaryImageOfPage":{"@id":"https:\/\/bsartstudio.vn\/en\/products\/printing-artwork-mid-autumn-lantern\/#primaryimage"},"image":{"@id":"https:\/\/bsartstudio.vn\/en\/products\/printing-artwork-mid-autumn-lantern\/#primaryimage"},"thumbnailUrl":"https:\/\/bsartstudio.vn\/wp-content\/uploads\/2023\/08\/Art-Prints-Vietnamese-Craftwoman-8.jpg","datePublished":"2023-08-20T06:39:10+00:00","dateModified":"2026-01-01T07:01:09+00:00","description":"\"Mid-Autumn Festival Lantern\" Art Print is a harmonious blend of intricate patterns, motifs, and symbols that represent traditional Vietnamese handcrafts.","breadcrumb":{"@id":"https:\/\/bsartstudio.vn\/en\/products\/printing-artwork-mid-autumn-lantern\/#breadcrumb"},"inLanguage":"en-US","potentialAction":[{"@type":"ReadAction","target":["https:\/\/bsartstudio.vn\/en\/products\/printing-artwork-mid-autumn-lantern\/"]}]},{"@type":"ImageObject","inLanguage":"en-US","@id":"https:\/\/bsartstudio.vn\/en\/products\/printing-artwork-mid-autumn-lantern\/#primaryimage","url":"https:\/\/bsartstudio.vn\/wp-content\/uploads\/2023\/08\/Art-Prints-Vietnamese-Craftwoman-8.jpg","contentUrl":"https:\/\/bsartstudio.vn\/wp-content\/uploads\/2023\/08\/Art-Prints-Vietnamese-Craftwoman-8.jpg","width":1920,"height":1920,"caption":"Art Prints Vietnamese Craftwoman"},{"@type":"BreadcrumbList","@id":"https:\/\/bsartstudio.vn\/en\/products\/printing-artwork-mid-autumn-lantern\/#breadcrumb","itemListElement":[{"@type":"ListItem","position":1,"name":"Home","item":"https:\/\/bsartstudio.vn\/en\/"},{"@type":"ListItem","position":2,"name":"Shop","item":"https:\/\/bsartstudio.vn\/en\/shop\/"},{"@type":"ListItem","position":3,"name":"Mid-Autumn Festival Lantern &#8211; Art Print &#8211; Detailed Patterns Art Style"}]},{"@type":"WebSite","@id":"https:\/\/bsartstudio.vn\/ja\/#website","url":"https:\/\/bsartstudio.vn\/ja\/","name":"B\/S Art Studio","description":"","publisher":{"@id":"https:\/\/bsartstudio.vn\/ja\/#organization"},"potentialAction":[{"@type":"SearchAction","target":{"@type":"EntryPoint","urlTemplate":"https:\/\/bsartstudio.vn\/ja\/?s={search_term_string}"},"query-input":{"@type":"PropertyValueSpecification","valueRequired":true,"valueName":"search_term_string"}}],"inLanguage":"en-US"},{"@type":"Organization","@id":"https:\/\/bsartstudio.vn\/ja\/#organization","name":"B\/S Art Studio","url":"https:\/\/bsartstudio.vn\/ja\/","logo":{"@type":"ImageObject","inLanguage":"en-US","@id":"https:\/\/bsartstudio.vn\/ja\/#\/schema\/logo\/image\/","url":"https:\/\/bsartstudio.vn\/wp-content\/uploads\/2020\/03\/54526018_2272576089468053_1525084505319145472_n.jpg","contentUrl":"https:\/\/bsartstudio.vn\/wp-content\/uploads\/2020\/03\/54526018_2272576089468053_1525084505319145472_n.jpg","width":958,"height":958,"caption":"B\/S Art Studio"},"image":{"@id":"https:\/\/bsartstudio.vn\/ja\/#\/schema\/logo\/image\/"}}]}},"_links":{"self":[{"href":"https:\/\/bsartstudio.vn\/en\/wp-json\/wp\/v2\/product\/6040"}],"collection":[{"href":"https:\/\/bsartstudio.vn\/en\/wp-json\/wp\/v2\/product"}],"about":[{"href":"https:\/\/bsartstudio.vn\/en\/wp-json\/wp\/v2\/types\/product"}],"wp:featuredmedia":[{"embeddable":true,"href":"https:\/\/bsartstudio.vn\/en\/wp-json\/wp\/v2\/media\/7224"}],"wp:attachment":[{"href":"https:\/\/bsartstudio.vn\/en\/wp-json\/wp\/v2\/media?parent=6040"}],"wp:term":[{"taxonomy":"product_cat","embeddable":true,"href":"https:\/\/bsartstudio.vn\/en\/wp-json\/wp\/v2\/product_cat?post=6040"},{"taxonomy":"product_tag","embeddable":true,"href":"https:\/\/bsartstudio.vn\/en\/wp-json\/wp\/v2\/product_tag?post=6040"}],"curies":[{"name":"wp","href":"https:\/\/api.w.org\/{rel}","templated":true}]}}