{"id":2834,"date":"2020-06-16T18:27:28","date_gmt":"2020-06-16T11:27:28","guid":{"rendered":"https:\/\/bsartstudio.vn\/?post_type=product&#038;p=2834"},"modified":"2025-04-23T18:30:30","modified_gmt":"2025-04-23T11:30:30","slug":"craftswoman-embroidering-a-portrait-painting-her-soul","status":"publish","type":"product","link":"https:\/\/bsartstudio.vn\/en\/products\/craftswoman-embroidering-a-portrait-painting-her-soul\/","title":{"rendered":"Art Print &#8211; Embroidering a portrait Painting her soul"},"content":{"rendered":"<div id=\"js_cce\" class=\"_5pbx userContent _3576\" data-testid=\"post_message\" data-ft=\"{&quot;tn&quot;:&quot;K&quot;}\"><span style=\"font-size: 18pt; color: #000000;\"><strong>Art Print &#8220;Embroidering a portrait &#8211; Painting her soul&#8221; \u2013 Detailed Patterns Art Style<\/strong><\/span><\/p>\n<p><span style=\"color: #000000;\">The artworks use the image of a skillful and delicate Vietnamese woman in traditional costume such as Ao Dai, Nhat Binh combined with Vietnamese patterns which represent traditional handicraft professions in Vietnam. Through the Craftswoman artworks, B\/S Art Studio hopes to introduce the \u201ctimeless values\u201d which is the knowledge and techniques will be preserved and developed.<\/span><\/p>\n<p><span style=\"color: #000000;\">This will be the bond between past and future making us to understand more about the past and also become a base for people to be better and head to the future.<\/span><\/p>\n<p><span style=\"color: #000000;\">This collection is drawn in a new style, combining the Vietnam traditional art style with modern style, the details in painting which shows how clever and skillful the craftswoman is.<\/span><\/p>\n<h2><strong><span style=\"font-size: 14pt;\">Art Print &#8220;Embroidering a portrait &#8211; Painting her soul&#8221;<\/span><br \/>\n<\/strong><\/h2>\n<p><span style=\"color: #000000;\">The artwork describes a young lady in traditional clothes &#8211; Ao Nhat Binh is using needle and thread to express her hidden dream and thoughts. Her portrait in the picture seems want to get out of the frame just like her wants to escape from the rules and laws in the imperial dynasty and to be free as the bird freely fly in the big blue sky.<\/span><\/p>\n<p><span style=\"color: #000000;\">Click <a style=\"color: #000000;\" href=\"https:\/\/bsartstudio.vn\/en\/detailed-patterns-art-style-collection-craftswoman-and-religion-gods-in-vietnamese-traditional-culture\/\" target=\"_blank\" rel=\"noopener\"><span style=\"color: #0000ff;\">here<\/span><\/a> for more information about Detailed Patterns Art Style Collection &#8220;Craftswoman and Religion Gods in Vietnamese Traditional Culture&#8221;<\/span><\/p>\n<p><span style=\"color: #000000;\">Click<span style=\"color: #0000ff;\"> <a style=\"color: #0000ff;\" href=\"https:\/\/bsartstudio.vn\/en\/products-category\/artwork\/detailed-patterns-art-style\/\" target=\"_blank\" rel=\"noopener\">here<\/a><\/span> for buy all collections.<\/span><\/p>\n<p><span style=\"color: #000000;\">Please feel free to email us at: <span style=\"color: #0000ff;\">bsartstudioworkshop@gmail.com<\/span> for more details or to place an order. We\u2019re happy to assist you!<\/span><\/p>\n<p><span style=\"color: #000000;\">#gift #art #artprint #wallart #artsouvenir #painting #drawing #tranhintrangtr\u00ed #tranhinngh\u1ec7thu\u1eadt #detailedartstyle #Tranh_v\u1ebd #Tranh_in #tranh_trang_tr\u00ed #truy\u1ec1n_th\u1ed1ng #decor #trang_tr\u00ed_nh\u00e0 #v\u0103n_h\u00f3a_Vi\u1ec7t #qu\u00e0_t\u1eb7ng<\/span><\/p>\n<\/div>\n","protected":false},"excerpt":{"rendered":"<div class=\"et_pb_module et_pb_wc_description et_pb_wc_description_0_tb_body et_pb_bg_layout_light  et_pb_text_align_left\">\n<div class=\"et_pb_module_inner\">\n<p><span style=\"color: #000000;\">With cheerful colors and unique character designs, it will be a meaningful and unique gift for you to choose for your relatives and friends.<\/span><br \/>\n<span style=\"color: #000000;\">Unique decorative wall art print decor. Vietnamese Cultural Gifts.<\/span><\/p>\n<p><span style=\"color: #000000;\">Perfect for home decor, transform any reading room or living room, making it more impressive and adding a highlight.<\/span><\/p>\n<p><span style=\"color: #000000;\">Material: High quality printing on Art Paper<\/span><\/p>\n<p><span style=\"color: #000000;\">Frame: industrial wood frame + mica<\/span><\/p>\n<p><span style=\"color: #000000;\"><strong>Price WITHOUT FRAME<\/strong><\/span><\/p>\n<p><span style=\"color: #000000;\">Size: 30cm x 21cm: <strong>350.000 VND (14 $)<\/strong><\/span><\/p>\n<p><span style=\"color: #000000;\"><strong>Price<\/strong><strong> WITH FRAME<\/strong><\/span><\/p>\n<p><span style=\"color: #000000;\">Size: 33cm x 24cm: <strong>550.000 VND (22 $)<\/strong><\/span><\/p>\n<p><span style=\"color: #000000;\">Please feel free to email us at: <span style=\"color: #0000ff;\">bsartstudioworkshop@gmail.com<\/span> for choosing the sizes<\/span><\/p>\n<\/div>\n<\/div>\n","protected":false},"featured_media":8936,"template":"","meta":{"_et_pb_use_builder":"","_et_pb_old_content":"","_et_gb_content_width":""},"product_cat":[17,33,427],"product_tag":[332,260,567,437,342,438],"yoast_head":"<!-- This site is optimized with the Yoast SEO plugin v24.5 - https:\/\/yoast.com\/wordpress\/plugins\/seo\/ -->\n<title>Art Print - Embroidering a portrait Painting her soul - B\/S Art Studio<\/title>\n<meta name=\"description\" content=\"Art Print Embroidering A Portrait Painting her soul - escape from the rules in the imperial dynasty &amp; to be free as the bird freely fly in the blue sky.\" \/>\n<meta name=\"robots\" content=\"index, follow, max-snippet:-1, max-image-preview:large, max-video-preview:-1\" \/>\n<link rel=\"canonical\" href=\"https:\/\/bsartstudio.vn\/en\/products\/craftswoman-embroidering-a-portrait-painting-her-soul\/\" \/>\n<meta property=\"og:locale\" content=\"en_US\" \/>\n<meta property=\"og:type\" content=\"article\" \/>\n<meta property=\"og:title\" content=\"Art Print - Embroidering a portrait Painting her soul - B\/S Art Studio\" \/>\n<meta property=\"og:description\" content=\"Art Print Embroidering A Portrait Painting her soul - escape from the rules in the imperial dynasty &amp; to be free as the bird freely fly in the blue sky.\" \/>\n<meta property=\"og:url\" content=\"https:\/\/bsartstudio.vn\/en\/products\/craftswoman-embroidering-a-portrait-painting-her-soul\/\" \/>\n<meta property=\"og:site_name\" content=\"B\/S Art Studio\" \/>\n<meta property=\"article:modified_time\" content=\"2025-04-23T11:30:30+00:00\" \/>\n<meta property=\"og:image\" content=\"https:\/\/bsartstudio.vn\/wp-content\/uploads\/2020\/06\/Art-Prints-Vietnamese-Craftwoman-1.jpg\" \/>\n\t<meta property=\"og:image:width\" content=\"1920\" \/>\n\t<meta property=\"og:image:height\" content=\"1920\" \/>\n\t<meta property=\"og:image:type\" content=\"image\/jpeg\" \/>\n<meta name=\"twitter:card\" content=\"summary_large_image\" \/>\n<meta name=\"twitter:label1\" content=\"Est. reading time\" \/>\n\t<meta name=\"twitter:data1\" content=\"2 minutes\" \/>\n<script type=\"application\/ld+json\" class=\"yoast-schema-graph\">{\"@context\":\"https:\/\/schema.org\",\"@graph\":[{\"@type\":\"WebPage\",\"@id\":\"https:\/\/bsartstudio.vn\/en\/products\/craftswoman-embroidering-a-portrait-painting-her-soul\/\",\"url\":\"https:\/\/bsartstudio.vn\/en\/products\/craftswoman-embroidering-a-portrait-painting-her-soul\/\",\"name\":\"Art Print - Embroidering a portrait Painting her soul - B\/S Art Studio\",\"isPartOf\":{\"@id\":\"https:\/\/bsartstudio.vn\/ja\/#website\"},\"primaryImageOfPage\":{\"@id\":\"https:\/\/bsartstudio.vn\/en\/products\/craftswoman-embroidering-a-portrait-painting-her-soul\/#primaryimage\"},\"image\":{\"@id\":\"https:\/\/bsartstudio.vn\/en\/products\/craftswoman-embroidering-a-portrait-painting-her-soul\/#primaryimage\"},\"thumbnailUrl\":\"https:\/\/bsartstudio.vn\/wp-content\/uploads\/2020\/06\/Art-Prints-Vietnamese-Craftwoman-1.jpg\",\"datePublished\":\"2020-06-16T11:27:28+00:00\",\"dateModified\":\"2025-04-23T11:30:30+00:00\",\"description\":\"Art Print Embroidering A Portrait Painting her soul - escape from the rules in the imperial dynasty & to be free as the bird freely fly in the blue sky.\",\"breadcrumb\":{\"@id\":\"https:\/\/bsartstudio.vn\/en\/products\/craftswoman-embroidering-a-portrait-painting-her-soul\/#breadcrumb\"},\"inLanguage\":\"en-US\",\"potentialAction\":[{\"@type\":\"ReadAction\",\"target\":[\"https:\/\/bsartstudio.vn\/en\/products\/craftswoman-embroidering-a-portrait-painting-her-soul\/\"]}]},{\"@type\":\"ImageObject\",\"inLanguage\":\"en-US\",\"@id\":\"https:\/\/bsartstudio.vn\/en\/products\/craftswoman-embroidering-a-portrait-painting-her-soul\/#primaryimage\",\"url\":\"https:\/\/bsartstudio.vn\/wp-content\/uploads\/2020\/06\/Art-Prints-Vietnamese-Craftwoman-1.jpg\",\"contentUrl\":\"https:\/\/bsartstudio.vn\/wp-content\/uploads\/2020\/06\/Art-Prints-Vietnamese-Craftwoman-1.jpg\",\"width\":1920,\"height\":1920,\"caption\":\"Art Prints Vietnamese Craftwoman\"},{\"@type\":\"BreadcrumbList\",\"@id\":\"https:\/\/bsartstudio.vn\/en\/products\/craftswoman-embroidering-a-portrait-painting-her-soul\/#breadcrumb\",\"itemListElement\":[{\"@type\":\"ListItem\",\"position\":1,\"name\":\"Home\",\"item\":\"https:\/\/bsartstudio.vn\/en\/\"},{\"@type\":\"ListItem\",\"position\":2,\"name\":\"Shop\",\"item\":\"https:\/\/bsartstudio.vn\/en\/shop\/\"},{\"@type\":\"ListItem\",\"position\":3,\"name\":\"Art Print &#8211; Embroidering a portrait Painting her soul\"}]},{\"@type\":\"WebSite\",\"@id\":\"https:\/\/bsartstudio.vn\/ja\/#website\",\"url\":\"https:\/\/bsartstudio.vn\/ja\/\",\"name\":\"B\/S Art Studio\",\"description\":\"\",\"publisher\":{\"@id\":\"https:\/\/bsartstudio.vn\/ja\/#organization\"},\"potentialAction\":[{\"@type\":\"SearchAction\",\"target\":{\"@type\":\"EntryPoint\",\"urlTemplate\":\"https:\/\/bsartstudio.vn\/ja\/?s={search_term_string}\"},\"query-input\":{\"@type\":\"PropertyValueSpecification\",\"valueRequired\":true,\"valueName\":\"search_term_string\"}}],\"inLanguage\":\"en-US\"},{\"@type\":\"Organization\",\"@id\":\"https:\/\/bsartstudio.vn\/ja\/#organization\",\"name\":\"B\/S Art Studio\",\"url\":\"https:\/\/bsartstudio.vn\/ja\/\",\"logo\":{\"@type\":\"ImageObject\",\"inLanguage\":\"en-US\",\"@id\":\"https:\/\/bsartstudio.vn\/ja\/#\/schema\/logo\/image\/\",\"url\":\"https:\/\/bsartstudio.vn\/wp-content\/uploads\/2020\/03\/54526018_2272576089468053_1525084505319145472_n.jpg\",\"contentUrl\":\"https:\/\/bsartstudio.vn\/wp-content\/uploads\/2020\/03\/54526018_2272576089468053_1525084505319145472_n.jpg\",\"width\":958,\"height\":958,\"caption\":\"B\/S Art Studio\"},\"image\":{\"@id\":\"https:\/\/bsartstudio.vn\/ja\/#\/schema\/logo\/image\/\"}}]}<\/script>\n<!-- \/ Yoast SEO plugin. -->","yoast_head_json":{"title":"Art Print - Embroidering a portrait Painting her soul - B\/S Art Studio","description":"Art Print Embroidering A Portrait Painting her soul - escape from the rules in the imperial dynasty & to be free as the bird freely fly in the blue sky.","robots":{"index":"index","follow":"follow","max-snippet":"max-snippet:-1","max-image-preview":"max-image-preview:large","max-video-preview":"max-video-preview:-1"},"canonical":"https:\/\/bsartstudio.vn\/en\/products\/craftswoman-embroidering-a-portrait-painting-her-soul\/","og_locale":"en_US","og_type":"article","og_title":"Art Print - Embroidering a portrait Painting her soul - B\/S Art Studio","og_description":"Art Print Embroidering A Portrait Painting her soul - escape from the rules in the imperial dynasty & to be free as the bird freely fly in the blue sky.","og_url":"https:\/\/bsartstudio.vn\/en\/products\/craftswoman-embroidering-a-portrait-painting-her-soul\/","og_site_name":"B\/S Art Studio","article_modified_time":"2025-04-23T11:30:30+00:00","og_image":[{"width":1920,"height":1920,"url":"https:\/\/bsartstudio.vn\/wp-content\/uploads\/2020\/06\/Art-Prints-Vietnamese-Craftwoman-1.jpg","type":"image\/jpeg"}],"twitter_card":"summary_large_image","twitter_misc":{"Est. reading time":"2 minutes"},"schema":{"@context":"https:\/\/schema.org","@graph":[{"@type":"WebPage","@id":"https:\/\/bsartstudio.vn\/en\/products\/craftswoman-embroidering-a-portrait-painting-her-soul\/","url":"https:\/\/bsartstudio.vn\/en\/products\/craftswoman-embroidering-a-portrait-painting-her-soul\/","name":"Art Print - Embroidering a portrait Painting her soul - B\/S Art Studio","isPartOf":{"@id":"https:\/\/bsartstudio.vn\/ja\/#website"},"primaryImageOfPage":{"@id":"https:\/\/bsartstudio.vn\/en\/products\/craftswoman-embroidering-a-portrait-painting-her-soul\/#primaryimage"},"image":{"@id":"https:\/\/bsartstudio.vn\/en\/products\/craftswoman-embroidering-a-portrait-painting-her-soul\/#primaryimage"},"thumbnailUrl":"https:\/\/bsartstudio.vn\/wp-content\/uploads\/2020\/06\/Art-Prints-Vietnamese-Craftwoman-1.jpg","datePublished":"2020-06-16T11:27:28+00:00","dateModified":"2025-04-23T11:30:30+00:00","description":"Art Print Embroidering A Portrait Painting her soul - escape from the rules in the imperial dynasty & to be free as the bird freely fly in the blue sky.","breadcrumb":{"@id":"https:\/\/bsartstudio.vn\/en\/products\/craftswoman-embroidering-a-portrait-painting-her-soul\/#breadcrumb"},"inLanguage":"en-US","potentialAction":[{"@type":"ReadAction","target":["https:\/\/bsartstudio.vn\/en\/products\/craftswoman-embroidering-a-portrait-painting-her-soul\/"]}]},{"@type":"ImageObject","inLanguage":"en-US","@id":"https:\/\/bsartstudio.vn\/en\/products\/craftswoman-embroidering-a-portrait-painting-her-soul\/#primaryimage","url":"https:\/\/bsartstudio.vn\/wp-content\/uploads\/2020\/06\/Art-Prints-Vietnamese-Craftwoman-1.jpg","contentUrl":"https:\/\/bsartstudio.vn\/wp-content\/uploads\/2020\/06\/Art-Prints-Vietnamese-Craftwoman-1.jpg","width":1920,"height":1920,"caption":"Art Prints Vietnamese Craftwoman"},{"@type":"BreadcrumbList","@id":"https:\/\/bsartstudio.vn\/en\/products\/craftswoman-embroidering-a-portrait-painting-her-soul\/#breadcrumb","itemListElement":[{"@type":"ListItem","position":1,"name":"Home","item":"https:\/\/bsartstudio.vn\/en\/"},{"@type":"ListItem","position":2,"name":"Shop","item":"https:\/\/bsartstudio.vn\/en\/shop\/"},{"@type":"ListItem","position":3,"name":"Art Print &#8211; Embroidering a portrait Painting her soul"}]},{"@type":"WebSite","@id":"https:\/\/bsartstudio.vn\/ja\/#website","url":"https:\/\/bsartstudio.vn\/ja\/","name":"B\/S Art Studio","description":"","publisher":{"@id":"https:\/\/bsartstudio.vn\/ja\/#organization"},"potentialAction":[{"@type":"SearchAction","target":{"@type":"EntryPoint","urlTemplate":"https:\/\/bsartstudio.vn\/ja\/?s={search_term_string}"},"query-input":{"@type":"PropertyValueSpecification","valueRequired":true,"valueName":"search_term_string"}}],"inLanguage":"en-US"},{"@type":"Organization","@id":"https:\/\/bsartstudio.vn\/ja\/#organization","name":"B\/S Art Studio","url":"https:\/\/bsartstudio.vn\/ja\/","logo":{"@type":"ImageObject","inLanguage":"en-US","@id":"https:\/\/bsartstudio.vn\/ja\/#\/schema\/logo\/image\/","url":"https:\/\/bsartstudio.vn\/wp-content\/uploads\/2020\/03\/54526018_2272576089468053_1525084505319145472_n.jpg","contentUrl":"https:\/\/bsartstudio.vn\/wp-content\/uploads\/2020\/03\/54526018_2272576089468053_1525084505319145472_n.jpg","width":958,"height":958,"caption":"B\/S Art Studio"},"image":{"@id":"https:\/\/bsartstudio.vn\/ja\/#\/schema\/logo\/image\/"}}]}},"_links":{"self":[{"href":"https:\/\/bsartstudio.vn\/en\/wp-json\/wp\/v2\/product\/2834"}],"collection":[{"href":"https:\/\/bsartstudio.vn\/en\/wp-json\/wp\/v2\/product"}],"about":[{"href":"https:\/\/bsartstudio.vn\/en\/wp-json\/wp\/v2\/types\/product"}],"wp:featuredmedia":[{"embeddable":true,"href":"https:\/\/bsartstudio.vn\/en\/wp-json\/wp\/v2\/media\/8936"}],"wp:attachment":[{"href":"https:\/\/bsartstudio.vn\/en\/wp-json\/wp\/v2\/media?parent=2834"}],"wp:term":[{"taxonomy":"product_cat","embeddable":true,"href":"https:\/\/bsartstudio.vn\/en\/wp-json\/wp\/v2\/product_cat?post=2834"},{"taxonomy":"product_tag","embeddable":true,"href":"https:\/\/bsartstudio.vn\/en\/wp-json\/wp\/v2\/product_tag?post=2834"}],"curies":[{"name":"wp","href":"https:\/\/api.w.org\/{rel}","templated":true}]}}